{"id":26644,"date":"2025-09-05T15:22:27","date_gmt":"2025-09-05T13:22:27","guid":{"rendered":"https:\/\/pl.crmschock.com\/konfigurator\/"},"modified":"2025-11-13T11:11:39","modified_gmt":"2025-11-13T10:11:39","slug":"konfigurator","status":"publish","type":"page","link":"https:\/\/pl.crmschock.com\/pl\/konfigurator\/","title":{"rendered":"Konfigurator"},"content":{"rendered":"<style>.kb-row-layout-id26282_70e975-37 > .kt-row-column-wrap{align-content:start;}:where(.kb-row-layout-id26282_70e975-37 > .kt-row-column-wrap) > .wp-block-kadence-column{justify-content:start;}.kb-row-layout-id26282_70e975-37 > .kt-row-column-wrap{column-gap:var(--global-kb-gap-md, 2rem);row-gap:var(--global-kb-gap-md, 2rem);max-width:var( --global-content-width, 1490px );padding-left:var(--global-content-edge-padding);padding-right:var(--global-content-edge-padding);padding-top:var(--global-kb-spacing-sm, 1.5rem);padding-bottom:var(--global-kb-spacing-sm, 1.5rem);grid-template-columns:minmax(0, 1fr);}.kb-row-layout-id26282_70e975-37 > .kt-row-layout-overlay{opacity:0.30;}@media all and (max-width: 1024px){.kb-row-layout-id26282_70e975-37 > .kt-row-column-wrap{grid-template-columns:minmax(0, 1fr);}}@media all and (max-width: 767px){.kb-row-layout-id26282_70e975-37 > .kt-row-column-wrap{grid-template-columns:minmax(0, 1fr);}}<\/style><div class=\"kb-row-layout-wrap kb-row-layout-id26282_70e975-37 alignnone has-theme-palette1-background-color kt-row-has-bg wp-block-kadence-rowlayout\"><div class=\"kt-row-column-wrap kt-has-1-columns kt-row-layout-equal kt-tab-layout-inherit kt-mobile-layout-row kt-row-valign-top kb-theme-content-width\">\n<style>.kadence-column26282_69cd66-8f > .kt-inside-inner-col,.kadence-column26282_69cd66-8f > .kt-inside-inner-col:before{border-top-left-radius:0px;border-top-right-radius:0px;border-bottom-right-radius:0px;border-bottom-left-radius:0px;}.kadence-column26282_69cd66-8f > .kt-inside-inner-col{column-gap:var(--global-kb-gap-sm, 1rem);}.kadence-column26282_69cd66-8f > .kt-inside-inner-col{flex-direction:column;}.kadence-column26282_69cd66-8f > .kt-inside-inner-col > .aligncenter{width:100%;}.kadence-column26282_69cd66-8f > .kt-inside-inner-col:before{opacity:0.3;}.kadence-column26282_69cd66-8f{position:relative;}@media all and (max-width: 1024px){.kadence-column26282_69cd66-8f > .kt-inside-inner-col{flex-direction:column;justify-content:center;}}@media all and (max-width: 767px){.kadence-column26282_69cd66-8f > .kt-inside-inner-col{flex-direction:column;justify-content:center;}}<\/style>\n<div class=\"wp-block-kadence-column kadence-column26282_69cd66-8f\"><div class=\"kt-inside-inner-col\">\t\t\t<!-- Flexy Breadcrumb -->\r\n\t\t\t<div class=\"fbc fbc-page\">\r\n\r\n\t\t\t\t<!-- Breadcrumb wrapper -->\r\n\t\t\t\t<div class=\"fbc-wrap\">\r\n\r\n\t\t\t\t\t<!-- Ordered list-->\r\n\t\t\t\t\t<ol class=\"fbc-items\" itemscope itemtype=\"https:\/\/schema.org\/BreadcrumbList\">\r\n\t\t\t\t\t\t            <li itemprop=\"itemListElement\" itemscope itemtype=\"https:\/\/schema.org\/ListItem\">\r\n                <span itemprop=\"name\">\r\n                    <!-- Home Link -->\r\n                    <a itemprop=\"item\" href=\"https:\/\/pl.crmschock.com\">\r\n                    \r\n                                                    <i class=\"fa fa-home\" aria-hidden=\"true\"><\/i>Home                    <\/a>\r\n                <\/span>\r\n                <meta itemprop=\"position\" content=\"1\" \/><!-- Meta Position-->\r\n             <\/li><li><span class=\"fbc-separator\">\/<\/span><\/li><li class=\"active\" itemprop=\"itemListElement\" itemscope itemtype=\"https:\/\/schema.org\/ListItem\"><span itemprop=\"name\" title=\"Konfigurator\">Konfigurator<\/span><meta itemprop=\"position\" content=\"2\" \/><\/li>\t\t\t\t\t<\/ol>\r\n\t\t\t\t\t<div class=\"clearfix\"><\/div>\r\n\t\t\t\t<\/div>\r\n\t\t\t<\/div>\r\n\t\t\t\n<\/div><\/div>\n\n<\/div><\/div><style>.kb-row-layout-id26282_4b1c82-89 > .kt-row-column-wrap{align-content:start;}:where(.kb-row-layout-id26282_4b1c82-89 > .kt-row-column-wrap) > .wp-block-kadence-column{justify-content:start;}.kb-row-layout-id26282_4b1c82-89 > .kt-row-column-wrap{column-gap:var(--global-kb-gap-md, 2rem);row-gap:var(--global-kb-gap-md, 2rem);max-width:var( --global-content-width, 1490px );padding-left:var(--global-content-edge-padding);padding-right:var(--global-content-edge-padding);padding-top:var(--global-kb-spacing-sm, 1.5rem);padding-bottom:var(--global-kb-spacing-sm, 1.5rem);grid-template-columns:minmax(0, 1fr);}.kb-row-layout-id26282_4b1c82-89 > .kt-row-layout-overlay{opacity:0.30;}@media all and (max-width: 1024px){.kb-row-layout-id26282_4b1c82-89 > .kt-row-column-wrap{grid-template-columns:minmax(0, 1fr);}}@media all and (max-width: 767px){.kb-row-layout-id26282_4b1c82-89 > .kt-row-column-wrap{grid-template-columns:minmax(0, 1fr);}}<\/style><div class=\"kb-row-layout-wrap kb-row-layout-id26282_4b1c82-89 alignnone has-theme-palette1-background-color kt-row-has-bg wp-block-kadence-rowlayout\"><div class=\"kt-row-column-wrap kt-has-1-columns kt-row-layout-equal kt-tab-layout-inherit kt-mobile-layout-row kt-row-valign-top kb-theme-content-width\">\n<style>.kadence-column26282_20b9b3-4a > .kt-inside-inner-col,.kadence-column26282_20b9b3-4a > .kt-inside-inner-col:before{border-top-left-radius:0px;border-top-right-radius:0px;border-bottom-right-radius:0px;border-bottom-left-radius:0px;}.kadence-column26282_20b9b3-4a > .kt-inside-inner-col{column-gap:var(--global-kb-gap-sm, 1rem);}.kadence-column26282_20b9b3-4a > .kt-inside-inner-col{flex-direction:column;}.kadence-column26282_20b9b3-4a > .kt-inside-inner-col > .aligncenter{width:100%;}.kadence-column26282_20b9b3-4a > .kt-inside-inner-col:before{opacity:0.3;}.kadence-column26282_20b9b3-4a{position:relative;}@media all and (max-width: 1024px){.kadence-column26282_20b9b3-4a > .kt-inside-inner-col{flex-direction:column;justify-content:center;}}@media all and (max-width: 767px){.kadence-column26282_20b9b3-4a > .kt-inside-inner-col{flex-direction:column;justify-content:center;}}<\/style>\n<div class=\"wp-block-kadence-column kadence-column26282_20b9b3-4a\"><div class=\"kt-inside-inner-col\">\n<div class=\"wp-block-columns is-layout-flex wp-container-core-columns-is-layout-9d6595d7 wp-block-columns-is-layout-flex\">\n<div class=\"wp-block-column is-layout-flow wp-block-column-is-layout-flow\" style=\"flex-basis:33.33%\">\n<h2 class=\"wp-block-heading has-theme-palette-9-color has-text-color has-link-color wp-elements-2dbf9bc031cde12784d1ce87035bf8f6\" style=\"font-size:78px;font-style:normal;font-weight:400\">TelescopiX<\/h2>\n\n\n\n<p class=\"has-theme-palette-9-color has-text-color has-link-color wp-elements-9af3677fc74c6e719a3a56fa71fa76ff\" style=\"font-size:23px;font-style:normal;font-weight:400;line-height:1.4\">Konfigurator prowadnic teleskopowych<\/p>\n<\/div>\n\n\n\n<div class=\"wp-block-column is-layout-flow wp-block-column-is-layout-flow\" style=\"flex-basis:66.66%\">\n<p class=\"has-theme-palette-9-color has-text-color has-link-color wp-elements-87457d73d066e23a7ad32bdb24a7b4f6\" style=\"font-size:18px;line-height:1.4\"><strong><strong>TelescopiX &#8211; inteligentny konfigurator prowadnic teleskopowych<\/strong><\/strong><\/p>\n\n\n\n<p class=\"has-theme-palette-9-color has-text-color has-link-color wp-elements-65574cd0211954095eac62f6594f57f5\" style=\"font-size:18px;font-style:normal;font-weight:400;line-height:1.4\"><strong>TelescopiX<\/strong> upraszcza wyszukiwanie idealnej prowadnicy teleskopowej. Wprowadzaj\u0105c parametry, takie jak d\u0142ugo\u015b\u0107 prowadnicy, d\u0142ugo\u015b\u0107 wysuwu, no\u015bno\u015b\u0107, przekr\u00f3j lub funkcja, otrzymasz jeden lub wi\u0119cej wynik\u00f3w wyszukiwania. Ch\u0119tnie jednak doradzimy r\u00f3wnie\u017c osobi\u015bcie. Prosimy o <a href=\"https:\/\/schock-group.com\/en\/contact\/\">kontakt z nami<\/a>.   <\/p>\n\n\n\n<p class=\"has-theme-palette-9-color has-text-color has-link-color wp-elements-b383271eca752135503b5aa203c51488\" style=\"font-size:18px;line-height:1.4\"><strong><strong>Proste zamawianie. Szybka dostawa. Doskonale dopasowany.  <\/strong><\/strong><\/p>\n<\/div>\n<\/div>\n<\/div><\/div>\n\n<\/div><\/div><style>.kb-row-layout-id26282_527810-af > .kt-row-column-wrap{align-content:start;}:where(.kb-row-layout-id26282_527810-af > .kt-row-column-wrap) > .wp-block-kadence-column{justify-content:start;}.kb-row-layout-id26282_527810-af > .kt-row-column-wrap{column-gap:var(--global-kb-gap-md, 2rem);row-gap:var(--global-kb-gap-md, 2rem);max-width:var( --global-content-width, 1490px );padding-left:var(--global-content-edge-padding);padding-right:var(--global-content-edge-padding);padding-top:var(--global-kb-spacing-sm, 1.5rem);padding-bottom:var(--global-kb-spacing-sm, 1.5rem);grid-template-columns:minmax(0, 1fr);}.kb-row-layout-id26282_527810-af > .kt-row-layout-overlay{opacity:0.30;}@media all and (max-width: 1024px){.kb-row-layout-id26282_527810-af > .kt-row-column-wrap{grid-template-columns:minmax(0, 1fr);}}@media all and (max-width: 767px){.kb-row-layout-id26282_527810-af > .kt-row-column-wrap{grid-template-columns:minmax(0, 1fr);}}<\/style><div class=\"kb-row-layout-wrap kb-row-layout-id26282_527810-af alignnone has-theme-palette1-background-color kt-row-has-bg wp-block-kadence-rowlayout\"><div class=\"kt-row-column-wrap kt-has-1-columns kt-row-layout-equal kt-tab-layout-inherit kt-mobile-layout-row kt-row-valign-top kb-theme-content-width\">\n<style>.kadence-column26282_b07cda-82 > .kt-inside-inner-col,.kadence-column26282_b07cda-82 > .kt-inside-inner-col:before{border-top-left-radius:0px;border-top-right-radius:0px;border-bottom-right-radius:0px;border-bottom-left-radius:0px;}.kadence-column26282_b07cda-82 > .kt-inside-inner-col{column-gap:var(--global-kb-gap-sm, 1rem);}.kadence-column26282_b07cda-82 > .kt-inside-inner-col{flex-direction:column;}.kadence-column26282_b07cda-82 > .kt-inside-inner-col > .aligncenter{width:100%;}.kadence-column26282_b07cda-82 > .kt-inside-inner-col:before{opacity:0.3;}.kadence-column26282_b07cda-82{position:relative;}@media all and (max-width: 1024px){.kadence-column26282_b07cda-82 > .kt-inside-inner-col{flex-direction:column;justify-content:center;}}@media all and (max-width: 767px){.kadence-column26282_b07cda-82 > .kt-inside-inner-col{flex-direction:column;justify-content:center;}}<\/style>\n<div class=\"wp-block-kadence-column kadence-column26282_b07cda-82\"><div class=\"kt-inside-inner-col\"><style>.kb-row-layout-id26282_41f935-1c > .kt-row-column-wrap{align-content:start;}:where(.kb-row-layout-id26282_41f935-1c > .kt-row-column-wrap) > .wp-block-kadence-column{justify-content:start;}.kb-row-layout-id26282_41f935-1c > .kt-row-column-wrap{column-gap:var(--global-kb-gap-md, 2rem);row-gap:var(--global-kb-gap-md, 2rem);max-width:var( --global-content-width, 1490px );padding-left:var(--global-content-edge-padding);padding-right:var(--global-content-edge-padding);padding-top:var(--global-kb-spacing-sm, 1.5rem);padding-bottom:var(--global-kb-spacing-sm, 1.5rem);grid-template-columns:minmax(0, 1fr);}.kb-row-layout-id26282_41f935-1c > .kt-row-layout-overlay{opacity:0.30;}@media all and (max-width: 1024px){.kb-row-layout-id26282_41f935-1c > .kt-row-column-wrap{grid-template-columns:minmax(0, 1fr);}}@media all and (max-width: 767px){.kb-row-layout-id26282_41f935-1c > .kt-row-column-wrap{grid-template-columns:minmax(0, 1fr);}}<\/style><div class=\"kb-row-layout-wrap kb-row-layout-id26282_41f935-1c alignnone wp-block-kadence-rowlayout\"><div class=\"kt-row-column-wrap kt-has-1-columns kt-row-layout-equal kt-tab-layout-inherit kt-mobile-layout-row kt-row-valign-top kb-theme-content-width\">\n<style>.kadence-column26282_d63240-98 > .kt-inside-inner-col{border-top:0px solid rgba(0,0,0,0.05);border-right:0px solid rgba(0,0,0,0.05);border-bottom:0px solid rgba(0,0,0,0.05);border-left:0px solid rgba(0,0,0,0.05);}.kadence-column26282_d63240-98 > .kt-inside-inner-col,.kadence-column26282_d63240-98 > .kt-inside-inner-col:before{border-top-left-radius:0px;border-top-right-radius:0px;border-bottom-right-radius:0px;border-bottom-left-radius:0px;}.kadence-column26282_d63240-98 > .kt-inside-inner-col{column-gap:var(--global-kb-gap-sm, 1rem);}.kadence-column26282_d63240-98 > .kt-inside-inner-col{flex-direction:column;}.kadence-column26282_d63240-98 > .kt-inside-inner-col > .aligncenter{width:100%;}.kadence-column26282_d63240-98 > .kt-inside-inner-col{background-color:rgba(0, 0, 0, 0);}.kadence-column26282_d63240-98 > .kt-inside-inner-col:before{opacity:0.3;}.kadence-column26282_d63240-98{position:relative;}@media all and (max-width: 1024px){.kadence-column26282_d63240-98 > .kt-inside-inner-col{border-top:0px solid rgba(0,0,0,0.05);border-right:0px solid rgba(0,0,0,0.05);border-bottom:0px solid rgba(0,0,0,0.05);border-left:0px solid rgba(0,0,0,0.05);flex-direction:column;justify-content:center;}}@media all and (max-width: 767px){.kadence-column26282_d63240-98 > .kt-inside-inner-col{border-top:0px solid rgba(0,0,0,0.05);border-right:0px solid rgba(0,0,0,0.05);border-bottom:0px solid rgba(0,0,0,0.05);border-left:0px solid rgba(0,0,0,0.05);flex-direction:column;justify-content:center;}}<\/style>\n<div class=\"wp-block-kadence-column kadence-column26282_d63240-98\"><div class=\"kt-inside-inner-col\">\n<iframe loading=\"lazy\" src=\"https:\/\/modular.stoxxparts.de\/new_config\/pl\/pl_config.html\" postion=\"absolute\" width=\"100%\" height=\"1200px\" border=\"none\" margin=\"0\" scrolling=\"no\" frameborder=\"0\" sandbox=\"allow-scripts allow-same-origin allow-popups allow-top-navigation-by-user-activation\">\n        <\/iframe>\n<script>\n  window.addEventListener(\"message\", function(event) {\n    if (event.data?.action === \"openPDF\" && event.data.pdfId) {\n      const pdfUrl = `https:\/\/ftp.crmschock.com\/en\/pdf\/en_${event.data.pdfId}.pdf`;\n      window.open(pdfUrl, \"_blank\");\n    }\n  });\n<\/script>\n<\/div><\/div>\n\n<\/div><\/div><\/div><\/div>\n\n<\/div><\/div>","protected":false},"excerpt":{"rendered":"<p>TelescopiX Konfigurator prowadnic teleskopowych TelescopiX &#8211; inteligentny konfigurator prowadnic teleskopowych TelescopiX upraszcza wyszukiwanie idealnej prowadnicy teleskopowej. Wprowadzaj\u0105c parametry, takie jak d\u0142ugo\u015b\u0107 prowadnicy, d\u0142ugo\u015b\u0107 wysuwu, no\u015bno\u015b\u0107, przekr\u00f3j lub funkcja, otrzymasz jeden lub wi\u0119cej wynik\u00f3w wyszukiwania. Ch\u0119tnie jednak doradzimy r\u00f3wnie\u017c osobi\u015bcie. Prosimy o kontakt z nami. Proste zamawianie. Szybka dostawa. Doskonale dopasowany.<\/p>\n","protected":false},"author":2,"featured_media":0,"parent":0,"menu_order":0,"comment_status":"closed","ping_status":"closed","template":"","meta":{"_kadence_starter_templates_imported_post":false,"_kad_post_transparent":"","_kad_post_title":"hide","_kad_post_layout":"fullwidth","_kad_post_sidebar_id":"","_kad_post_content_style":"","_kad_post_vertical_padding":"","_kad_post_feature":"","_kad_post_feature_position":"","_kad_post_header":false,"_kad_post_footer":false,"_kad_post_classname":"","footnotes":""},"class_list":["post-26644","page","type-page","status-publish","hentry"],"yoast_head":"<!-- This site is optimized with the Yoast SEO plugin v27.4 - https:\/\/yoast.com\/product\/yoast-seo-wordpress\/ -->\n<title>Konfigurator - SCHOCK Telescopic slides<\/title>\n<meta name=\"robots\" content=\"noindex, follow, max-snippet:-1, max-image-preview:large, max-video-preview:-1\" \/>\n<meta property=\"og:locale\" content=\"pl_PL\" \/>\n<meta property=\"og:type\" content=\"article\" \/>\n<meta property=\"og:title\" content=\"Konfigurator - SCHOCK Telescopic slides\" \/>\n<meta property=\"og:description\" content=\"TelescopiX Konfigurator prowadnic teleskopowych TelescopiX &#8211; inteligentny konfigurator prowadnic teleskopowych TelescopiX upraszcza wyszukiwanie idealnej prowadnicy teleskopowej. Wprowadzaj\u0105c parametry, takie jak d\u0142ugo\u015b\u0107 prowadnicy, d\u0142ugo\u015b\u0107 wysuwu, no\u015bno\u015b\u0107, przekr\u00f3j lub funkcja, otrzymasz jeden lub wi\u0119cej wynik\u00f3w wyszukiwania. Ch\u0119tnie jednak doradzimy r\u00f3wnie\u017c osobi\u015bcie. Prosimy o kontakt z nami. Proste zamawianie. Szybka dostawa. Doskonale dopasowany.\" \/>\n<meta property=\"og:url\" content=\"https:\/\/pl.crmschock.com\/pl\/konfigurator\/\" \/>\n<meta property=\"og:site_name\" content=\"SCHOCK Telescopic slides\" \/>\n<meta property=\"article:modified_time\" content=\"2025-11-13T10:11:39+00:00\" \/>\n<meta name=\"twitter:card\" content=\"summary_large_image\" \/>\n<meta name=\"twitter:label1\" content=\"Szacowany czas czytania\" \/>\n\t<meta name=\"twitter:data1\" content=\"1 minuta\" \/>\n<script type=\"application\/ld+json\" class=\"yoast-schema-graph\">{\"@context\":\"https:\\\/\\\/schema.org\",\"@graph\":[{\"@type\":\"WebPage\",\"@id\":\"https:\\\/\\\/pl.crmschock.com\\\/pl\\\/konfigurator\\\/\",\"url\":\"https:\\\/\\\/pl.crmschock.com\\\/pl\\\/konfigurator\\\/\",\"name\":\"Konfigurator - SCHOCK Telescopic slides\",\"isPartOf\":{\"@id\":\"https:\\\/\\\/pl.crmschock.com\\\/#website\"},\"datePublished\":\"2025-09-05T13:22:27+00:00\",\"dateModified\":\"2025-11-13T10:11:39+00:00\",\"breadcrumb\":{\"@id\":\"https:\\\/\\\/pl.crmschock.com\\\/pl\\\/konfigurator\\\/#breadcrumb\"},\"inLanguage\":\"pl-PL\",\"potentialAction\":[{\"@type\":\"ReadAction\",\"target\":[\"https:\\\/\\\/pl.crmschock.com\\\/pl\\\/konfigurator\\\/\"]}]},{\"@type\":\"BreadcrumbList\",\"@id\":\"https:\\\/\\\/pl.crmschock.com\\\/pl\\\/konfigurator\\\/#breadcrumb\",\"itemListElement\":[{\"@type\":\"ListItem\",\"position\":1,\"name\":\"Startseite\",\"item\":\"https:\\\/\\\/pl.crmschock.com\\\/pl\\\/\"},{\"@type\":\"ListItem\",\"position\":2,\"name\":\"Konfigurator\"}]},{\"@type\":\"WebSite\",\"@id\":\"https:\\\/\\\/pl.crmschock.com\\\/#website\",\"url\":\"https:\\\/\\\/pl.crmschock.com\\\/\",\"name\":\"SCHOCK Telescopic slides\",\"description\":\"Telescopic slides and linear guides from the manufacturer\",\"publisher\":{\"@id\":\"https:\\\/\\\/pl.crmschock.com\\\/#organization\"},\"potentialAction\":[{\"@type\":\"SearchAction\",\"target\":{\"@type\":\"EntryPoint\",\"urlTemplate\":\"https:\\\/\\\/pl.crmschock.com\\\/?s={search_term_string}\"},\"query-input\":{\"@type\":\"PropertyValueSpecification\",\"valueRequired\":true,\"valueName\":\"search_term_string\"}}],\"inLanguage\":\"pl-PL\"},{\"@type\":\"Organization\",\"@id\":\"https:\\\/\\\/pl.crmschock.com\\\/#organization\",\"name\":\"SCHOCK Telescopic slides\",\"url\":\"https:\\\/\\\/pl.crmschock.com\\\/\",\"logo\":{\"@type\":\"ImageObject\",\"inLanguage\":\"pl-PL\",\"@id\":\"https:\\\/\\\/pl.crmschock.com\\\/#\\\/schema\\\/logo\\\/image\\\/\",\"url\":\"https:\\\/\\\/pl.crmschock.com\\\/wp-content\\\/uploads\\\/2025\\\/09\\\/schock-telescopicslide-600-w.png\",\"contentUrl\":\"https:\\\/\\\/pl.crmschock.com\\\/wp-content\\\/uploads\\\/2025\\\/09\\\/schock-telescopicslide-600-w.png\",\"width\":600,\"height\":206,\"caption\":\"SCHOCK Telescopic slides\"},\"image\":{\"@id\":\"https:\\\/\\\/pl.crmschock.com\\\/#\\\/schema\\\/logo\\\/image\\\/\"}}]}<\/script>\n<!-- \/ Yoast SEO plugin. -->","yoast_head_json":{"title":"Konfigurator - SCHOCK Telescopic slides","robots":{"index":"noindex","follow":"follow","max-snippet":"max-snippet:-1","max-image-preview":"max-image-preview:large","max-video-preview":"max-video-preview:-1"},"og_locale":"pl_PL","og_type":"article","og_title":"Konfigurator - SCHOCK Telescopic slides","og_description":"TelescopiX Konfigurator prowadnic teleskopowych TelescopiX &#8211; inteligentny konfigurator prowadnic teleskopowych TelescopiX upraszcza wyszukiwanie idealnej prowadnicy teleskopowej. Wprowadzaj\u0105c parametry, takie jak d\u0142ugo\u015b\u0107 prowadnicy, d\u0142ugo\u015b\u0107 wysuwu, no\u015bno\u015b\u0107, przekr\u00f3j lub funkcja, otrzymasz jeden lub wi\u0119cej wynik\u00f3w wyszukiwania. Ch\u0119tnie jednak doradzimy r\u00f3wnie\u017c osobi\u015bcie. Prosimy o kontakt z nami. Proste zamawianie. Szybka dostawa. Doskonale dopasowany.","og_url":"https:\/\/pl.crmschock.com\/pl\/konfigurator\/","og_site_name":"SCHOCK Telescopic slides","article_modified_time":"2025-11-13T10:11:39+00:00","twitter_card":"summary_large_image","twitter_misc":{"Szacowany czas czytania":"1 minuta"},"schema":{"@context":"https:\/\/schema.org","@graph":[{"@type":"WebPage","@id":"https:\/\/pl.crmschock.com\/pl\/konfigurator\/","url":"https:\/\/pl.crmschock.com\/pl\/konfigurator\/","name":"Konfigurator - SCHOCK Telescopic slides","isPartOf":{"@id":"https:\/\/pl.crmschock.com\/#website"},"datePublished":"2025-09-05T13:22:27+00:00","dateModified":"2025-11-13T10:11:39+00:00","breadcrumb":{"@id":"https:\/\/pl.crmschock.com\/pl\/konfigurator\/#breadcrumb"},"inLanguage":"pl-PL","potentialAction":[{"@type":"ReadAction","target":["https:\/\/pl.crmschock.com\/pl\/konfigurator\/"]}]},{"@type":"BreadcrumbList","@id":"https:\/\/pl.crmschock.com\/pl\/konfigurator\/#breadcrumb","itemListElement":[{"@type":"ListItem","position":1,"name":"Startseite","item":"https:\/\/pl.crmschock.com\/pl\/"},{"@type":"ListItem","position":2,"name":"Konfigurator"}]},{"@type":"WebSite","@id":"https:\/\/pl.crmschock.com\/#website","url":"https:\/\/pl.crmschock.com\/","name":"SCHOCK Telescopic slides","description":"Telescopic slides and linear guides from the manufacturer","publisher":{"@id":"https:\/\/pl.crmschock.com\/#organization"},"potentialAction":[{"@type":"SearchAction","target":{"@type":"EntryPoint","urlTemplate":"https:\/\/pl.crmschock.com\/?s={search_term_string}"},"query-input":{"@type":"PropertyValueSpecification","valueRequired":true,"valueName":"search_term_string"}}],"inLanguage":"pl-PL"},{"@type":"Organization","@id":"https:\/\/pl.crmschock.com\/#organization","name":"SCHOCK Telescopic slides","url":"https:\/\/pl.crmschock.com\/","logo":{"@type":"ImageObject","inLanguage":"pl-PL","@id":"https:\/\/pl.crmschock.com\/#\/schema\/logo\/image\/","url":"https:\/\/pl.crmschock.com\/wp-content\/uploads\/2025\/09\/schock-telescopicslide-600-w.png","contentUrl":"https:\/\/pl.crmschock.com\/wp-content\/uploads\/2025\/09\/schock-telescopicslide-600-w.png","width":600,"height":206,"caption":"SCHOCK Telescopic slides"},"image":{"@id":"https:\/\/pl.crmschock.com\/#\/schema\/logo\/image\/"}}]}},"_links":{"self":[{"href":"https:\/\/pl.crmschock.com\/pl\/wp-json\/wp\/v2\/pages\/26644","targetHints":{"allow":["GET"]}}],"collection":[{"href":"https:\/\/pl.crmschock.com\/pl\/wp-json\/wp\/v2\/pages"}],"about":[{"href":"https:\/\/pl.crmschock.com\/pl\/wp-json\/wp\/v2\/types\/page"}],"author":[{"embeddable":true,"href":"https:\/\/pl.crmschock.com\/pl\/wp-json\/wp\/v2\/users\/2"}],"replies":[{"embeddable":true,"href":"https:\/\/pl.crmschock.com\/pl\/wp-json\/wp\/v2\/comments?post=26644"}],"version-history":[{"count":5,"href":"https:\/\/pl.crmschock.com\/pl\/wp-json\/wp\/v2\/pages\/26644\/revisions"}],"predecessor-version":[{"id":31195,"href":"https:\/\/pl.crmschock.com\/pl\/wp-json\/wp\/v2\/pages\/26644\/revisions\/31195"}],"wp:attachment":[{"href":"https:\/\/pl.crmschock.com\/pl\/wp-json\/wp\/v2\/media?parent=26644"}],"curies":[{"name":"wp","href":"https:\/\/api.w.org\/{rel}","templated":true}]}}