{"id":27001,"date":"2025-05-30T14:58:41","date_gmt":"2025-05-30T12:58:41","guid":{"rendered":"https:\/\/pl.crmschock.com\/product\/prowadnica-teleskopowa-z-przedluzeniem-038-do-40-kg-z-blokada-wysuwaniem-air-motion-prowadnice-teleskopowe-schock\/"},"modified":"2025-05-30T14:58:41","modified_gmt":"2025-05-30T12:58:41","slug":"prowadnica-teleskopowa-z-przedluzeniem-038-do-40-kg-z-blokada-wysuwaniem-air-motion-prowadnice-teleskopowe-schock","status":"publish","type":"product","link":"https:\/\/pl.crmschock.com\/pl\/product\/prowadnica-teleskopowa-z-przedluzeniem-038-do-40-kg-z-blokada-wysuwaniem-air-motion-prowadnice-teleskopowe-schock\/","title":{"rendered":"Prowadnica teleskopowa z przed\u0142u\u017ceniem 038 | do 40 kg | z blokad\u0105\/wysuwaniem\/Air Motion\u00ae | Prowadnice teleskopowe Schock"},"content":{"rendered":"","protected":false},"excerpt":{"rendered":"","protected":false},"featured_media":30951,"comment_status":"open","ping_status":"closed","template":"","meta":{"_kadence_starter_templates_imported_post":false,"_kad_post_transparent":"","_kad_post_title":"","_kad_post_layout":"","_kad_post_sidebar_id":"","_kad_post_content_style":"","_kad_post_vertical_padding":"","_kad_post_feature":"","_kad_post_feature_position":"","_kad_post_header":false,"_kad_post_footer":false,"_kad_post_classname":""},"product_brand":[],"product_cat":[3894],"product_tag":[],"class_list":{"0":"post-27001","1":"product","2":"type-product","3":"status-publish","4":"has-post-thumbnail","6":"product_cat-rozszerzenie","7":"pa_cross-section-175-x-574-mm","8":"pa_extract-type-rozszerzenie","9":"pa_function-air-motion-plynna-praca","10":"pa_function-zatrzask-w-pozycji-wsunietej","11":"pa_function-zatrzask-w-pozycji-wysunietej","12":"pa_load-capacity-37-kg-pl","13":"pa_load-capacity-38-kg-pl","14":"pa_load-capacity-39-kg-pl","15":"pa_load-capacity-40-kg-pl","16":"pa_material-aluminium-pl","17":"pa_slide-length-300-mm-pl","18":"pa_slide-length-350-mm-pl","19":"pa_slide-length-400-mm-pl","20":"pa_slide-length-450-mm-pl","21":"pa_slide-length-500-mm-pl","22":"pa_slide-length-550-mm-pl","23":"pa_slide-length-600-mm-pl","24":"pa_slide-length-650-mm-pl","25":"pa_slide-length-700-mm-pl","26":"pa_travel-path-340-mm-pl","27":"pa_travel-path-389-mm-pl","28":"pa_travel-path-438-mm-pl","29":"pa_travel-path-487-mm-pl","30":"pa_travel-path-537-mm-pl","31":"pa_travel-path-586-mm-pl","32":"pa_travel-path-635-mm-pl","33":"pa_travel-path-684-mm-pl","34":"pa_travel-path-733-mm-pl","36":"first","37":"instock","38":"shipping-taxable","39":"purchasable","40":"product-type-variable","41":"entry","42":"content-bg","43":"loop-entry"},"yoast_head":"<!-- This site is optimized with the Yoast SEO plugin v27.4 - https:\/\/yoast.com\/product\/yoast-seo-wordpress\/ -->\n<title>Prowadnica teleskopowa z przed\u0142u\u017ceniem 038 | do 40 kg | z blokad\u0105\/wysuwaniem\/Air Motion\u00ae | Prowadnice teleskopowe Schock - SCHOCK Telescopic slides<\/title>\n<meta name=\"robots\" content=\"noindex, follow, max-snippet:-1, max-image-preview:large, max-video-preview:-1\" \/>\n<meta property=\"og:locale\" content=\"pl_PL\" \/>\n<meta property=\"og:type\" content=\"article\" \/>\n<meta property=\"og:title\" content=\"Prowadnica teleskopowa z przed\u0142u\u017ceniem 038 | do 40 kg | z blokad\u0105\/wysuwaniem\/Air Motion\u00ae | Prowadnice teleskopowe Schock - SCHOCK Telescopic slides\" \/>\n<meta property=\"og:url\" content=\"https:\/\/pl.crmschock.com\/pl\/product\/prowadnica-teleskopowa-z-przedluzeniem-038-do-40-kg-z-blokada-wysuwaniem-air-motion-prowadnice-teleskopowe-schock\/\" \/>\n<meta property=\"og:site_name\" content=\"SCHOCK Telescopic slides\" \/>\n<meta name=\"twitter:card\" content=\"summary_large_image\" \/>\n<script type=\"application\/ld+json\" class=\"yoast-schema-graph\">{\"@context\":\"https:\\\/\\\/schema.org\",\"@graph\":[{\"@type\":\"WebPage\",\"@id\":\"https:\\\/\\\/pl.crmschock.com\\\/pl\\\/product\\\/prowadnica-teleskopowa-z-przedluzeniem-038-do-40-kg-z-blokada-wysuwaniem-air-motion-prowadnice-teleskopowe-schock\\\/\",\"url\":\"https:\\\/\\\/pl.crmschock.com\\\/pl\\\/product\\\/prowadnica-teleskopowa-z-przedluzeniem-038-do-40-kg-z-blokada-wysuwaniem-air-motion-prowadnice-teleskopowe-schock\\\/\",\"name\":\"Prowadnica teleskopowa z przed\u0142u\u017ceniem 038 | do 40 kg | z blokad\u0105\\\/wysuwaniem\\\/Air Motion\u00ae | Prowadnice teleskopowe Schock - SCHOCK Telescopic slides\",\"isPartOf\":{\"@id\":\"https:\\\/\\\/pl.crmschock.com\\\/#website\"},\"primaryImageOfPage\":{\"@id\":\"https:\\\/\\\/pl.crmschock.com\\\/pl\\\/product\\\/prowadnica-teleskopowa-z-przedluzeniem-038-do-40-kg-z-blokada-wysuwaniem-air-motion-prowadnice-teleskopowe-schock\\\/#primaryimage\"},\"image\":{\"@id\":\"https:\\\/\\\/pl.crmschock.com\\\/pl\\\/product\\\/prowadnica-teleskopowa-z-przedluzeniem-038-do-40-kg-z-blokada-wysuwaniem-air-motion-prowadnice-teleskopowe-schock\\\/#primaryimage\"},\"thumbnailUrl\":\"https:\\\/\\\/pl.crmschock.com\\\/wp-content\\\/uploads\\\/2025\\\/05\\\/24380000280_01.jpg\",\"datePublished\":\"2025-05-30T12:58:41+00:00\",\"breadcrumb\":{\"@id\":\"https:\\\/\\\/pl.crmschock.com\\\/pl\\\/product\\\/prowadnica-teleskopowa-z-przedluzeniem-038-do-40-kg-z-blokada-wysuwaniem-air-motion-prowadnice-teleskopowe-schock\\\/#breadcrumb\"},\"inLanguage\":\"pl-PL\",\"potentialAction\":[{\"@type\":\"ReadAction\",\"target\":[\"https:\\\/\\\/pl.crmschock.com\\\/pl\\\/product\\\/prowadnica-teleskopowa-z-przedluzeniem-038-do-40-kg-z-blokada-wysuwaniem-air-motion-prowadnice-teleskopowe-schock\\\/\"]}]},{\"@type\":\"ImageObject\",\"inLanguage\":\"pl-PL\",\"@id\":\"https:\\\/\\\/pl.crmschock.com\\\/pl\\\/product\\\/prowadnica-teleskopowa-z-przedluzeniem-038-do-40-kg-z-blokada-wysuwaniem-air-motion-prowadnice-teleskopowe-schock\\\/#primaryimage\",\"url\":\"https:\\\/\\\/pl.crmschock.com\\\/wp-content\\\/uploads\\\/2025\\\/05\\\/24380000280_01.jpg\",\"contentUrl\":\"https:\\\/\\\/pl.crmschock.com\\\/wp-content\\\/uploads\\\/2025\\\/05\\\/24380000280_01.jpg\",\"width\":1920,\"height\":1200},{\"@type\":\"BreadcrumbList\",\"@id\":\"https:\\\/\\\/pl.crmschock.com\\\/pl\\\/product\\\/prowadnica-teleskopowa-z-przedluzeniem-038-do-40-kg-z-blokada-wysuwaniem-air-motion-prowadnice-teleskopowe-schock\\\/#breadcrumb\",\"itemListElement\":[{\"@type\":\"ListItem\",\"position\":1,\"name\":\"Startseite\",\"item\":\"https:\\\/\\\/pl.crmschock.com\\\/pl\\\/\"},{\"@type\":\"ListItem\",\"position\":2,\"name\":\"All telescopic slides-shop-page\",\"item\":\"https:\\\/\\\/pl.crmschock.com\\\/?page_id=26839\"},{\"@type\":\"ListItem\",\"position\":3,\"name\":\"Prowadnica teleskopowa z przed\u0142u\u017ceniem 038 | do 40 kg | z blokad\u0105\\\/wysuwaniem\\\/Air Motion\u00ae | Prowadnice teleskopowe Schock\"}]},{\"@type\":\"WebSite\",\"@id\":\"https:\\\/\\\/pl.crmschock.com\\\/#website\",\"url\":\"https:\\\/\\\/pl.crmschock.com\\\/\",\"name\":\"SCHOCK Telescopic slides\",\"description\":\"Telescopic slides and linear guides from the manufacturer\",\"publisher\":{\"@id\":\"https:\\\/\\\/pl.crmschock.com\\\/#organization\"},\"potentialAction\":[{\"@type\":\"SearchAction\",\"target\":{\"@type\":\"EntryPoint\",\"urlTemplate\":\"https:\\\/\\\/pl.crmschock.com\\\/?s={search_term_string}\"},\"query-input\":{\"@type\":\"PropertyValueSpecification\",\"valueRequired\":true,\"valueName\":\"search_term_string\"}}],\"inLanguage\":\"pl-PL\"},{\"@type\":\"Organization\",\"@id\":\"https:\\\/\\\/pl.crmschock.com\\\/#organization\",\"name\":\"SCHOCK Telescopic slides\",\"url\":\"https:\\\/\\\/pl.crmschock.com\\\/\",\"logo\":{\"@type\":\"ImageObject\",\"inLanguage\":\"pl-PL\",\"@id\":\"https:\\\/\\\/pl.crmschock.com\\\/#\\\/schema\\\/logo\\\/image\\\/\",\"url\":\"https:\\\/\\\/pl.crmschock.com\\\/wp-content\\\/uploads\\\/2025\\\/09\\\/schock-telescopicslide-600-w.png\",\"contentUrl\":\"https:\\\/\\\/pl.crmschock.com\\\/wp-content\\\/uploads\\\/2025\\\/09\\\/schock-telescopicslide-600-w.png\",\"width\":600,\"height\":206,\"caption\":\"SCHOCK Telescopic slides\"},\"image\":{\"@id\":\"https:\\\/\\\/pl.crmschock.com\\\/#\\\/schema\\\/logo\\\/image\\\/\"}}]}<\/script>\n<!-- \/ Yoast SEO plugin. -->","yoast_head_json":{"title":"Prowadnica teleskopowa z przed\u0142u\u017ceniem 038 | do 40 kg | z blokad\u0105\/wysuwaniem\/Air Motion\u00ae | Prowadnice teleskopowe Schock - SCHOCK Telescopic slides","robots":{"index":"noindex","follow":"follow","max-snippet":"max-snippet:-1","max-image-preview":"max-image-preview:large","max-video-preview":"max-video-preview:-1"},"og_locale":"pl_PL","og_type":"article","og_title":"Prowadnica teleskopowa z przed\u0142u\u017ceniem 038 | do 40 kg | z blokad\u0105\/wysuwaniem\/Air Motion\u00ae | Prowadnice teleskopowe Schock - SCHOCK Telescopic slides","og_url":"https:\/\/pl.crmschock.com\/pl\/product\/prowadnica-teleskopowa-z-przedluzeniem-038-do-40-kg-z-blokada-wysuwaniem-air-motion-prowadnice-teleskopowe-schock\/","og_site_name":"SCHOCK Telescopic slides","twitter_card":"summary_large_image","schema":{"@context":"https:\/\/schema.org","@graph":[{"@type":"WebPage","@id":"https:\/\/pl.crmschock.com\/pl\/product\/prowadnica-teleskopowa-z-przedluzeniem-038-do-40-kg-z-blokada-wysuwaniem-air-motion-prowadnice-teleskopowe-schock\/","url":"https:\/\/pl.crmschock.com\/pl\/product\/prowadnica-teleskopowa-z-przedluzeniem-038-do-40-kg-z-blokada-wysuwaniem-air-motion-prowadnice-teleskopowe-schock\/","name":"Prowadnica teleskopowa z przed\u0142u\u017ceniem 038 | do 40 kg | z blokad\u0105\/wysuwaniem\/Air Motion\u00ae | Prowadnice teleskopowe Schock - SCHOCK Telescopic slides","isPartOf":{"@id":"https:\/\/pl.crmschock.com\/#website"},"primaryImageOfPage":{"@id":"https:\/\/pl.crmschock.com\/pl\/product\/prowadnica-teleskopowa-z-przedluzeniem-038-do-40-kg-z-blokada-wysuwaniem-air-motion-prowadnice-teleskopowe-schock\/#primaryimage"},"image":{"@id":"https:\/\/pl.crmschock.com\/pl\/product\/prowadnica-teleskopowa-z-przedluzeniem-038-do-40-kg-z-blokada-wysuwaniem-air-motion-prowadnice-teleskopowe-schock\/#primaryimage"},"thumbnailUrl":"https:\/\/pl.crmschock.com\/wp-content\/uploads\/2025\/05\/24380000280_01.jpg","datePublished":"2025-05-30T12:58:41+00:00","breadcrumb":{"@id":"https:\/\/pl.crmschock.com\/pl\/product\/prowadnica-teleskopowa-z-przedluzeniem-038-do-40-kg-z-blokada-wysuwaniem-air-motion-prowadnice-teleskopowe-schock\/#breadcrumb"},"inLanguage":"pl-PL","potentialAction":[{"@type":"ReadAction","target":["https:\/\/pl.crmschock.com\/pl\/product\/prowadnica-teleskopowa-z-przedluzeniem-038-do-40-kg-z-blokada-wysuwaniem-air-motion-prowadnice-teleskopowe-schock\/"]}]},{"@type":"ImageObject","inLanguage":"pl-PL","@id":"https:\/\/pl.crmschock.com\/pl\/product\/prowadnica-teleskopowa-z-przedluzeniem-038-do-40-kg-z-blokada-wysuwaniem-air-motion-prowadnice-teleskopowe-schock\/#primaryimage","url":"https:\/\/pl.crmschock.com\/wp-content\/uploads\/2025\/05\/24380000280_01.jpg","contentUrl":"https:\/\/pl.crmschock.com\/wp-content\/uploads\/2025\/05\/24380000280_01.jpg","width":1920,"height":1200},{"@type":"BreadcrumbList","@id":"https:\/\/pl.crmschock.com\/pl\/product\/prowadnica-teleskopowa-z-przedluzeniem-038-do-40-kg-z-blokada-wysuwaniem-air-motion-prowadnice-teleskopowe-schock\/#breadcrumb","itemListElement":[{"@type":"ListItem","position":1,"name":"Startseite","item":"https:\/\/pl.crmschock.com\/pl\/"},{"@type":"ListItem","position":2,"name":"All telescopic slides-shop-page","item":"https:\/\/pl.crmschock.com\/?page_id=26839"},{"@type":"ListItem","position":3,"name":"Prowadnica teleskopowa z przed\u0142u\u017ceniem 038 | do 40 kg | z blokad\u0105\/wysuwaniem\/Air Motion\u00ae | Prowadnice teleskopowe Schock"}]},{"@type":"WebSite","@id":"https:\/\/pl.crmschock.com\/#website","url":"https:\/\/pl.crmschock.com\/","name":"SCHOCK Telescopic slides","description":"Telescopic slides and linear guides from the manufacturer","publisher":{"@id":"https:\/\/pl.crmschock.com\/#organization"},"potentialAction":[{"@type":"SearchAction","target":{"@type":"EntryPoint","urlTemplate":"https:\/\/pl.crmschock.com\/?s={search_term_string}"},"query-input":{"@type":"PropertyValueSpecification","valueRequired":true,"valueName":"search_term_string"}}],"inLanguage":"pl-PL"},{"@type":"Organization","@id":"https:\/\/pl.crmschock.com\/#organization","name":"SCHOCK Telescopic slides","url":"https:\/\/pl.crmschock.com\/","logo":{"@type":"ImageObject","inLanguage":"pl-PL","@id":"https:\/\/pl.crmschock.com\/#\/schema\/logo\/image\/","url":"https:\/\/pl.crmschock.com\/wp-content\/uploads\/2025\/09\/schock-telescopicslide-600-w.png","contentUrl":"https:\/\/pl.crmschock.com\/wp-content\/uploads\/2025\/09\/schock-telescopicslide-600-w.png","width":600,"height":206,"caption":"SCHOCK Telescopic slides"},"image":{"@id":"https:\/\/pl.crmschock.com\/#\/schema\/logo\/image\/"}}]}},"_links":{"self":[{"href":"https:\/\/pl.crmschock.com\/pl\/wp-json\/wp\/v2\/product\/27001","targetHints":{"allow":["GET"]}}],"collection":[{"href":"https:\/\/pl.crmschock.com\/pl\/wp-json\/wp\/v2\/product"}],"about":[{"href":"https:\/\/pl.crmschock.com\/pl\/wp-json\/wp\/v2\/types\/product"}],"replies":[{"embeddable":true,"href":"https:\/\/pl.crmschock.com\/pl\/wp-json\/wp\/v2\/comments?post=27001"}],"wp:featuredmedia":[{"embeddable":true,"href":"https:\/\/pl.crmschock.com\/pl\/wp-json\/wp\/v2\/media\/30951"}],"wp:attachment":[{"href":"https:\/\/pl.crmschock.com\/pl\/wp-json\/wp\/v2\/media?parent=27001"}],"wp:term":[{"taxonomy":"product_brand","embeddable":true,"href":"https:\/\/pl.crmschock.com\/pl\/wp-json\/wp\/v2\/product_brand?post=27001"},{"taxonomy":"product_cat","embeddable":true,"href":"https:\/\/pl.crmschock.com\/pl\/wp-json\/wp\/v2\/product_cat?post=27001"},{"taxonomy":"product_tag","embeddable":true,"href":"https:\/\/pl.crmschock.com\/pl\/wp-json\/wp\/v2\/product_tag?post=27001"}],"curies":[{"name":"wp","href":"https:\/\/api.w.org\/{rel}","templated":true}]}}