{"id":27032,"date":"2025-05-28T09:00:04","date_gmt":"2025-05-28T07:00:04","guid":{"rendered":"https:\/\/pl.crmschock.com\/product\/prowadnica-teleskopowa-z-czesciowym-wysuwem-016-do-65-kg-prowadnice-teleskopowe-schock\/"},"modified":"2025-05-28T09:00:04","modified_gmt":"2025-05-28T07:00:04","slug":"prowadnica-teleskopowa-z-czesciowym-wysuwem-016-do-65-kg-prowadnice-teleskopowe-schock","status":"publish","type":"product","link":"https:\/\/pl.crmschock.com\/pl\/product\/prowadnica-teleskopowa-z-czesciowym-wysuwem-016-do-65-kg-prowadnice-teleskopowe-schock\/","title":{"rendered":"Prowadnica teleskopowa z cz\u0119\u015bciowym wysuwem 016 | do 65 kg | Prowadnice teleskopowe Schock"},"content":{"rendered":"<h3>Prowadnice teleskopowe Schock Metall z cz\u0119\u015bciowym wysuwem, seria 016<\/h3>\n<p>Cena artyku\u0142u i sprzeda\u017c za sztuk\u0119<\/p>\n<p>Nr artyku\u0142u. Schock 016.06330Z &#8211; 016.06339Z<\/p>\n<p>Prowadnice teleskopowe serii 016, stal ocynkowana ogniowo, szeroko\u015b\u0107 9,5 mm, cz\u0119\u015bciowe wysuwanie, roz\u0142\u0105czne, do 56 kg przy 100 000 cykli<\/p>\n<p><strong>Opis:<\/strong><\/p>\n<ul>\n<li>Cz\u0119\u015bciowe rozszerzenie<\/li>\n<li>Ud\u017awig do 56 kg na par\u0119<\/li>\n<li>Ogranicznik kra\u0144cowy zamkni\u0119ty<\/li>\n<li>Zatrzask z blokad\u0105 si\u0142ow\u0105 otwarty<\/li>\n<li>Oddzielna szyna wewn\u0119trzna<\/li>\n<\/ul>\n<p><strong>Materia\u0142:<\/strong><\/p>\n<ul>\n<li>Szyny wykonane ze stali ocynkowanej i pasywowanej na niebiesko<\/li>\n<li>Koszyki na kulki wykonane z galwanizowanej stali<\/li>\n<li>Kulki wykonane z hartowanej stali w\u0119glowej<\/li>\n<\/ul>\n<p><strong>Zakres temperatur:<\/strong><\/p>\n<ul>\n<li>Temperatura pracy od 10 C do 40 C<\/li>\n<li>Temperatura przechowywania i transportu -20 C do maks. 80 C<\/li>\n<\/ul>\n<p><strong>Uwagi: <\/strong>Ogranicznik zatrzymuje prowadnic\u0119 kulkow\u0105 w pozycji zamkni\u0119tej. Blokada si\u0142y unieruchamia prowadnic\u0119 z okre\u015blon\u0105 si\u0142\u0105 w pozycji otwartej. Oddzielna szyna wewn\u0119trzna umo\u017cliwia zwolnienie profilu szyny wewn\u0119trznej za pomoc\u0105 zatrzasku. Umo\u017cliwia to oddzielny monta\u017c szyny wewn\u0119trznej do modu\u0142u ruchomego. Podane no\u015bno\u015bci s\u0105 warto\u015bciami maksymalnymi dla zamontowanej pionowo pary szyn<strong> teleskopowych <\/strong> z r\u00f3wnomiernym roz\u0142o\u017ceniem obci\u0105\u017cenia przy wykorzystaniu wszystkich przewidzianych pozycji monta\u017cowych.  <\/p>\n","protected":false},"excerpt":{"rendered":"<ul>\n<li>Przekr\u00f3j 9,5 x 35,2 mm<\/li>\n<li>D\u0142ugo\u015b\u0107 305 &#8211; 660 mm<\/li>\n<li>Z urz\u0105dzeniem blokuj\u0105cym<\/li>\n<li>stop ko\u0144cowy<\/li>\n<li>roz\u0142\u0105czny<\/li>\n<\/ul>\n","protected":false},"featured_media":22709,"comment_status":"open","ping_status":"closed","template":"","meta":{"_kadence_starter_templates_imported_post":false,"_kad_post_transparent":"","_kad_post_title":"","_kad_post_layout":"","_kad_post_sidebar_id":"","_kad_post_content_style":"","_kad_post_vertical_padding":"","_kad_post_feature":"","_kad_post_feature_position":"","_kad_post_header":false,"_kad_post_footer":false,"_kad_post_classname":""},"product_brand":[],"product_cat":[3937],"product_tag":[],"class_list":{"0":"post-27032","1":"product","2":"type-product","3":"status-publish","4":"has-post-thumbnail","6":"product_cat-czesciowe-rozszerzenie","7":"pa_cross-section-95-x-352-mm","8":"pa_extract-type-czesciowe-rozszerzenie","9":"pa_load-capacity-34-kg-pl","10":"pa_load-capacity-38-kg-pl","11":"pa_load-capacity-41-kg-pl","12":"pa_load-capacity-50-kg-pl","13":"pa_load-capacity-56-kg-pl","14":"pa_load-capacity-60-kg-pl","15":"pa_load-capacity-63-kg-pl","16":"pa_load-capacity-65-kg-pl","17":"pa_material-ocynkowana-stal-weglowa","18":"pa_slide-length-305-mm-pl","19":"pa_slide-length-330-mm-pl","20":"pa_slide-length-356-mm-pl","21":"pa_slide-length-406-mm-pl","22":"pa_slide-length-433-mm-pl","23":"pa_slide-length-457-mm-pl","24":"pa_slide-length-508-mm-pl","25":"pa_slide-length-559-mm-pl","26":"pa_slide-length-610-mm-pl","27":"pa_slide-length-660-mm-pl","28":"pa_special-feature-rozdzielny","29":"pa_special-feature-z-urzadzeniem-blokujacym","30":"pa_travel-path-196-mm-pl","31":"pa_travel-path-221-mm-pl","32":"pa_travel-path-247-mm-pl","33":"pa_travel-path-297-mm-pl","34":"pa_travel-path-323-mm-pl","35":"pa_travel-path-374-mm-pl","36":"pa_travel-path-400-mm-pl","37":"pa_travel-path-425-mm-pl","38":"pa_travel-path-476-mm-pl","40":"first","41":"instock","42":"shipping-taxable","43":"purchasable","44":"product-type-variable","45":"entry","46":"content-bg","47":"loop-entry"},"yoast_head":"<!-- This site is optimized with the Yoast SEO plugin v27.4 - https:\/\/yoast.com\/product\/yoast-seo-wordpress\/ -->\n<title>Prowadnica teleskopowa z cz\u0119\u015bciowym wysuwem 016 | do 65 kg | Prowadnice teleskopowe Schock - SCHOCK Telescopic slides<\/title>\n<meta name=\"robots\" content=\"noindex, follow, max-snippet:-1, max-image-preview:large, max-video-preview:-1\" \/>\n<meta property=\"og:locale\" content=\"pl_PL\" \/>\n<meta property=\"og:type\" content=\"article\" \/>\n<meta property=\"og:title\" content=\"Prowadnica teleskopowa z cz\u0119\u015bciowym wysuwem 016 | do 65 kg | Prowadnice teleskopowe Schock - SCHOCK Telescopic slides\" \/>\n<meta property=\"og:description\" content=\"Przekr\u00f3j 9,5 x 35,2 mm  D\u0142ugo\u015b\u0107 305 - 660 mm  Z urz\u0105dzeniem blokuj\u0105cym  stop ko\u0144cowy  roz\u0142\u0105czny\" \/>\n<meta property=\"og:url\" content=\"https:\/\/pl.crmschock.com\/pl\/product\/prowadnica-teleskopowa-z-czesciowym-wysuwem-016-do-65-kg-prowadnice-teleskopowe-schock\/\" \/>\n<meta property=\"og:site_name\" content=\"SCHOCK Telescopic slides\" \/>\n<meta property=\"og:image\" content=\"https:\/\/pl.crmschock.com\/wp-content\/uploads\/2025\/04\/07000053000.jpg\" \/>\n\t<meta property=\"og:image:width\" content=\"1920\" \/>\n\t<meta property=\"og:image:height\" content=\"1200\" \/>\n\t<meta property=\"og:image:type\" content=\"image\/jpeg\" \/>\n<meta name=\"twitter:card\" content=\"summary_large_image\" \/>\n<meta name=\"twitter:label1\" content=\"Szacowany czas czytania\" \/>\n\t<meta name=\"twitter:data1\" content=\"1 minuta\" \/>\n<script type=\"application\/ld+json\" class=\"yoast-schema-graph\">{\"@context\":\"https:\\\/\\\/schema.org\",\"@graph\":[{\"@type\":\"WebPage\",\"@id\":\"https:\\\/\\\/pl.crmschock.com\\\/pl\\\/product\\\/prowadnica-teleskopowa-z-czesciowym-wysuwem-016-do-65-kg-prowadnice-teleskopowe-schock\\\/\",\"url\":\"https:\\\/\\\/pl.crmschock.com\\\/pl\\\/product\\\/prowadnica-teleskopowa-z-czesciowym-wysuwem-016-do-65-kg-prowadnice-teleskopowe-schock\\\/\",\"name\":\"Prowadnica teleskopowa z cz\u0119\u015bciowym wysuwem 016 | do 65 kg | Prowadnice teleskopowe Schock - SCHOCK Telescopic slides\",\"isPartOf\":{\"@id\":\"https:\\\/\\\/pl.crmschock.com\\\/#website\"},\"primaryImageOfPage\":{\"@id\":\"https:\\\/\\\/pl.crmschock.com\\\/pl\\\/product\\\/prowadnica-teleskopowa-z-czesciowym-wysuwem-016-do-65-kg-prowadnice-teleskopowe-schock\\\/#primaryimage\"},\"image\":{\"@id\":\"https:\\\/\\\/pl.crmschock.com\\\/pl\\\/product\\\/prowadnica-teleskopowa-z-czesciowym-wysuwem-016-do-65-kg-prowadnice-teleskopowe-schock\\\/#primaryimage\"},\"thumbnailUrl\":\"https:\\\/\\\/pl.crmschock.com\\\/wp-content\\\/uploads\\\/2025\\\/04\\\/07000053000.jpg\",\"datePublished\":\"2025-05-28T07:00:04+00:00\",\"breadcrumb\":{\"@id\":\"https:\\\/\\\/pl.crmschock.com\\\/pl\\\/product\\\/prowadnica-teleskopowa-z-czesciowym-wysuwem-016-do-65-kg-prowadnice-teleskopowe-schock\\\/#breadcrumb\"},\"inLanguage\":\"pl-PL\",\"potentialAction\":[{\"@type\":\"ReadAction\",\"target\":[\"https:\\\/\\\/pl.crmschock.com\\\/pl\\\/product\\\/prowadnica-teleskopowa-z-czesciowym-wysuwem-016-do-65-kg-prowadnice-teleskopowe-schock\\\/\"]}]},{\"@type\":\"ImageObject\",\"inLanguage\":\"pl-PL\",\"@id\":\"https:\\\/\\\/pl.crmschock.com\\\/pl\\\/product\\\/prowadnica-teleskopowa-z-czesciowym-wysuwem-016-do-65-kg-prowadnice-teleskopowe-schock\\\/#primaryimage\",\"url\":\"https:\\\/\\\/pl.crmschock.com\\\/wp-content\\\/uploads\\\/2025\\\/04\\\/07000053000.jpg\",\"contentUrl\":\"https:\\\/\\\/pl.crmschock.com\\\/wp-content\\\/uploads\\\/2025\\\/04\\\/07000053000.jpg\",\"width\":1920,\"height\":1200},{\"@type\":\"BreadcrumbList\",\"@id\":\"https:\\\/\\\/pl.crmschock.com\\\/pl\\\/product\\\/prowadnica-teleskopowa-z-czesciowym-wysuwem-016-do-65-kg-prowadnice-teleskopowe-schock\\\/#breadcrumb\",\"itemListElement\":[{\"@type\":\"ListItem\",\"position\":1,\"name\":\"Startseite\",\"item\":\"https:\\\/\\\/pl.crmschock.com\\\/pl\\\/\"},{\"@type\":\"ListItem\",\"position\":2,\"name\":\"All telescopic slides-shop-page\",\"item\":\"https:\\\/\\\/pl.crmschock.com\\\/?page_id=26839\"},{\"@type\":\"ListItem\",\"position\":3,\"name\":\"Prowadnica teleskopowa z cz\u0119\u015bciowym wysuwem 016 | do 65 kg | Prowadnice teleskopowe Schock\"}]},{\"@type\":\"WebSite\",\"@id\":\"https:\\\/\\\/pl.crmschock.com\\\/#website\",\"url\":\"https:\\\/\\\/pl.crmschock.com\\\/\",\"name\":\"SCHOCK Telescopic slides\",\"description\":\"Telescopic slides and linear guides from the manufacturer\",\"publisher\":{\"@id\":\"https:\\\/\\\/pl.crmschock.com\\\/#organization\"},\"potentialAction\":[{\"@type\":\"SearchAction\",\"target\":{\"@type\":\"EntryPoint\",\"urlTemplate\":\"https:\\\/\\\/pl.crmschock.com\\\/?s={search_term_string}\"},\"query-input\":{\"@type\":\"PropertyValueSpecification\",\"valueRequired\":true,\"valueName\":\"search_term_string\"}}],\"inLanguage\":\"pl-PL\"},{\"@type\":\"Organization\",\"@id\":\"https:\\\/\\\/pl.crmschock.com\\\/#organization\",\"name\":\"SCHOCK Telescopic slides\",\"url\":\"https:\\\/\\\/pl.crmschock.com\\\/\",\"logo\":{\"@type\":\"ImageObject\",\"inLanguage\":\"pl-PL\",\"@id\":\"https:\\\/\\\/pl.crmschock.com\\\/#\\\/schema\\\/logo\\\/image\\\/\",\"url\":\"https:\\\/\\\/pl.crmschock.com\\\/wp-content\\\/uploads\\\/2025\\\/09\\\/schock-telescopicslide-600-w.png\",\"contentUrl\":\"https:\\\/\\\/pl.crmschock.com\\\/wp-content\\\/uploads\\\/2025\\\/09\\\/schock-telescopicslide-600-w.png\",\"width\":600,\"height\":206,\"caption\":\"SCHOCK Telescopic slides\"},\"image\":{\"@id\":\"https:\\\/\\\/pl.crmschock.com\\\/#\\\/schema\\\/logo\\\/image\\\/\"}}]}<\/script>\n<!-- \/ Yoast SEO plugin. -->","yoast_head_json":{"title":"Prowadnica teleskopowa z cz\u0119\u015bciowym wysuwem 016 | do 65 kg | Prowadnice teleskopowe Schock - SCHOCK Telescopic slides","robots":{"index":"noindex","follow":"follow","max-snippet":"max-snippet:-1","max-image-preview":"max-image-preview:large","max-video-preview":"max-video-preview:-1"},"og_locale":"pl_PL","og_type":"article","og_title":"Prowadnica teleskopowa z cz\u0119\u015bciowym wysuwem 016 | do 65 kg | Prowadnice teleskopowe Schock - SCHOCK Telescopic slides","og_description":"Przekr\u00f3j 9,5 x 35,2 mm  D\u0142ugo\u015b\u0107 305 - 660 mm  Z urz\u0105dzeniem blokuj\u0105cym  stop ko\u0144cowy  roz\u0142\u0105czny","og_url":"https:\/\/pl.crmschock.com\/pl\/product\/prowadnica-teleskopowa-z-czesciowym-wysuwem-016-do-65-kg-prowadnice-teleskopowe-schock\/","og_site_name":"SCHOCK Telescopic slides","og_image":[{"width":1920,"height":1200,"url":"https:\/\/pl.crmschock.com\/wp-content\/uploads\/2025\/04\/07000053000.jpg","type":"image\/jpeg"}],"twitter_card":"summary_large_image","twitter_misc":{"Szacowany czas czytania":"1 minuta"},"schema":{"@context":"https:\/\/schema.org","@graph":[{"@type":"WebPage","@id":"https:\/\/pl.crmschock.com\/pl\/product\/prowadnica-teleskopowa-z-czesciowym-wysuwem-016-do-65-kg-prowadnice-teleskopowe-schock\/","url":"https:\/\/pl.crmschock.com\/pl\/product\/prowadnica-teleskopowa-z-czesciowym-wysuwem-016-do-65-kg-prowadnice-teleskopowe-schock\/","name":"Prowadnica teleskopowa z cz\u0119\u015bciowym wysuwem 016 | do 65 kg | Prowadnice teleskopowe Schock - SCHOCK Telescopic slides","isPartOf":{"@id":"https:\/\/pl.crmschock.com\/#website"},"primaryImageOfPage":{"@id":"https:\/\/pl.crmschock.com\/pl\/product\/prowadnica-teleskopowa-z-czesciowym-wysuwem-016-do-65-kg-prowadnice-teleskopowe-schock\/#primaryimage"},"image":{"@id":"https:\/\/pl.crmschock.com\/pl\/product\/prowadnica-teleskopowa-z-czesciowym-wysuwem-016-do-65-kg-prowadnice-teleskopowe-schock\/#primaryimage"},"thumbnailUrl":"https:\/\/pl.crmschock.com\/wp-content\/uploads\/2025\/04\/07000053000.jpg","datePublished":"2025-05-28T07:00:04+00:00","breadcrumb":{"@id":"https:\/\/pl.crmschock.com\/pl\/product\/prowadnica-teleskopowa-z-czesciowym-wysuwem-016-do-65-kg-prowadnice-teleskopowe-schock\/#breadcrumb"},"inLanguage":"pl-PL","potentialAction":[{"@type":"ReadAction","target":["https:\/\/pl.crmschock.com\/pl\/product\/prowadnica-teleskopowa-z-czesciowym-wysuwem-016-do-65-kg-prowadnice-teleskopowe-schock\/"]}]},{"@type":"ImageObject","inLanguage":"pl-PL","@id":"https:\/\/pl.crmschock.com\/pl\/product\/prowadnica-teleskopowa-z-czesciowym-wysuwem-016-do-65-kg-prowadnice-teleskopowe-schock\/#primaryimage","url":"https:\/\/pl.crmschock.com\/wp-content\/uploads\/2025\/04\/07000053000.jpg","contentUrl":"https:\/\/pl.crmschock.com\/wp-content\/uploads\/2025\/04\/07000053000.jpg","width":1920,"height":1200},{"@type":"BreadcrumbList","@id":"https:\/\/pl.crmschock.com\/pl\/product\/prowadnica-teleskopowa-z-czesciowym-wysuwem-016-do-65-kg-prowadnice-teleskopowe-schock\/#breadcrumb","itemListElement":[{"@type":"ListItem","position":1,"name":"Startseite","item":"https:\/\/pl.crmschock.com\/pl\/"},{"@type":"ListItem","position":2,"name":"All telescopic slides-shop-page","item":"https:\/\/pl.crmschock.com\/?page_id=26839"},{"@type":"ListItem","position":3,"name":"Prowadnica teleskopowa z cz\u0119\u015bciowym wysuwem 016 | do 65 kg | Prowadnice teleskopowe Schock"}]},{"@type":"WebSite","@id":"https:\/\/pl.crmschock.com\/#website","url":"https:\/\/pl.crmschock.com\/","name":"SCHOCK Telescopic slides","description":"Telescopic slides and linear guides from the manufacturer","publisher":{"@id":"https:\/\/pl.crmschock.com\/#organization"},"potentialAction":[{"@type":"SearchAction","target":{"@type":"EntryPoint","urlTemplate":"https:\/\/pl.crmschock.com\/?s={search_term_string}"},"query-input":{"@type":"PropertyValueSpecification","valueRequired":true,"valueName":"search_term_string"}}],"inLanguage":"pl-PL"},{"@type":"Organization","@id":"https:\/\/pl.crmschock.com\/#organization","name":"SCHOCK Telescopic slides","url":"https:\/\/pl.crmschock.com\/","logo":{"@type":"ImageObject","inLanguage":"pl-PL","@id":"https:\/\/pl.crmschock.com\/#\/schema\/logo\/image\/","url":"https:\/\/pl.crmschock.com\/wp-content\/uploads\/2025\/09\/schock-telescopicslide-600-w.png","contentUrl":"https:\/\/pl.crmschock.com\/wp-content\/uploads\/2025\/09\/schock-telescopicslide-600-w.png","width":600,"height":206,"caption":"SCHOCK Telescopic slides"},"image":{"@id":"https:\/\/pl.crmschock.com\/#\/schema\/logo\/image\/"}}]}},"_links":{"self":[{"href":"https:\/\/pl.crmschock.com\/pl\/wp-json\/wp\/v2\/product\/27032","targetHints":{"allow":["GET"]}}],"collection":[{"href":"https:\/\/pl.crmschock.com\/pl\/wp-json\/wp\/v2\/product"}],"about":[{"href":"https:\/\/pl.crmschock.com\/pl\/wp-json\/wp\/v2\/types\/product"}],"replies":[{"embeddable":true,"href":"https:\/\/pl.crmschock.com\/pl\/wp-json\/wp\/v2\/comments?post=27032"}],"wp:featuredmedia":[{"embeddable":true,"href":"https:\/\/pl.crmschock.com\/pl\/wp-json\/wp\/v2\/media\/22709"}],"wp:attachment":[{"href":"https:\/\/pl.crmschock.com\/pl\/wp-json\/wp\/v2\/media?parent=27032"}],"wp:term":[{"taxonomy":"product_brand","embeddable":true,"href":"https:\/\/pl.crmschock.com\/pl\/wp-json\/wp\/v2\/product_brand?post=27032"},{"taxonomy":"product_cat","embeddable":true,"href":"https:\/\/pl.crmschock.com\/pl\/wp-json\/wp\/v2\/product_cat?post=27032"},{"taxonomy":"product_tag","embeddable":true,"href":"https:\/\/pl.crmschock.com\/pl\/wp-json\/wp\/v2\/product_tag?post=27032"}],"curies":[{"name":"wp","href":"https:\/\/api.w.org\/{rel}","templated":true}]}}