{"id":27104,"date":"2025-05-28T08:59:56","date_gmt":"2025-05-28T06:59:56","guid":{"rendered":"https:\/\/pl.crmschock.com\/product\/prowadnica-teleskopowa-wysuwana-seria-038-miekkie-zamykanie-odchylanie-prowadnice-teleskopowe-schock\/"},"modified":"2025-05-28T08:59:56","modified_gmt":"2025-05-28T06:59:56","slug":"prowadnica-teleskopowa-wysuwana-seria-038-miekkie-zamykanie-odchylanie-prowadnice-teleskopowe-schock","status":"publish","type":"product","link":"https:\/\/pl.crmschock.com\/pl\/product\/prowadnica-teleskopowa-wysuwana-seria-038-miekkie-zamykanie-odchylanie-prowadnice-teleskopowe-schock\/","title":{"rendered":"Prowadnica teleskopowa wysuwana Seria 038 | Mi\u0119kkie zamykanie\/odchylanie | Prowadnice teleskopowe Schock"},"content":{"rendered":"<p><meta charset=\"utf-8\"><\/p>\n<p><strong>Funkcje:<\/strong><\/p>\n<ul>\n<li>Mi\u0119kkie zamkni\u0119cie<\/li>\n<li>Wstrzymanie<\/li>\n<li>P\u0142ynnie dzia\u0142aj\u0105ca mieszanka kulkowa Air Motion<\/li>\n<\/ul>\n<p><strong>Prowadnica teleskopowa Schock Pe\u0142ny wysuw Seria 038<\/strong><\/p>\n<p>\n  Prowadnica teleskopowa Schock z pe\u0142nym wysuwem serii 038 jest idealnym rozwi\u0105zaniem dla szerokiego zakresu<br \/>\n zastosowa\u0144, w kt\u00f3rych niezb\u0119dna jest \u0142atwo\u015b\u0107 obs\u0142ugi i bezproblemowy dost\u0119p<br \/>\n.\n<\/p>\n<p>\n  Dzi\u0119ki wymiarom <strong>17,5 x 57,4 mm<\/strong> (w\/h) i dost\u0119pnym d\u0142ugo\u015bciom od <strong>300 mm do 700 mm<\/strong>,<br \/>\n oferuj\u0105 wyj\u0105tkow\u0105 elastyczno\u015b\u0107 i mo\u017cliwo\u015b\u0107 dostosowania do r\u00f3\u017cnych projekt\u00f3w.\n<\/p>\n<p>\n  Te pe\u0142ne przed\u0142u\u017cki s\u0105 wyposa\u017cone w szerok\u0105 gam\u0119 przydatnych funkcji,<br \/>\n w tym mi\u0119kkie zamykanie, blokad\u0119 i p\u0142ynne dzia\u0142anie Air Motion, nasz\u0105 opatentowan\u0105<br \/>\n mieszank\u0119 kulek metalowych i plastikowych.\n<\/p>\n<p>\n  Funkcje te nie tylko zapewniaj\u0105 bezpieczn\u0105 obs\u0142ug\u0119, ale tak\u017ce zapewniaj\u0105<br \/>\n wygodne i niezawodne u\u017cytkowanie.\n<\/p>\n<p>\n  Prowadnice teleskopowe Schock z pe\u0142nym wysuwem serii 038 s\u0105 uniwersalne,<br \/>\n poniewa\u017c nadaj\u0105 si\u0119 zar\u00f3wno do monta\u017cu pionowego, jak i poziomego. Umo\u017cliwia to<br \/>\n ich bezproblemow\u0105 integracj\u0119 z szerok\u0105 gam\u0105 projekt\u00f3w.\n<\/p>\n<p><strong>Dane techniczne:<\/strong><\/p>\n<ul>\n<li>Obci\u0105\u017calno\u015b\u0107 do <strong>60 kg\/para<\/strong> przy 10 000 cykli<\/li>\n<\/ul>\n<p><strong>Materia\u0142:<\/strong><\/p>\n<ul>\n<li>Szyny wykonane ze stali ocynkowanej (ZM100)<\/li>\n<li>Koszyki na kulki wykonane ze stali galwanizowanej (ZM70)<\/li>\n<li>Kulki wykonane z hartowanej stali C<\/li>\n<\/ul>\n<p><strong>Zakres temperatur:<\/strong><\/p>\n<ul>\n<li>Temperatura pracy: od -20 C do +70 C<\/li>\n<li>Temperatura pracy z Soft-Close: +10 C do +40 C<\/li>\n<\/ul>\n<p><strong>Uwagi:<\/strong><\/p>\n<p>\n  Podane no\u015bno\u015bci s\u0105 warto\u015bciami maksymalnymi dla zamontowanej pionowo pary prowadnic teleskopowych<br \/>\n z r\u00f3wnomiernym roz\u0142o\u017ceniem obci\u0105\u017cenia przy u\u017cyciu wszystkich wyznaczonych pozycji monta\u017cowych<br \/>\n.\n<\/p>\n<p><strong>OSTRZE\u017bENIE:<\/strong> W przypadku monta\u017cu p\u0142askiego ud\u017awig jest zmniejszony nawet o 75%.<\/p>\n","protected":false},"excerpt":{"rendered":"<p>Przekr\u00f3j poprzeczny: 17,5 mm x 57,4 mm | D\u0142ugo\u015b\u0107: 400 do 700 mm<\/p>\n","protected":false},"featured_media":22613,"comment_status":"open","ping_status":"closed","template":"","meta":{"_kadence_starter_templates_imported_post":false,"_kad_post_transparent":"","_kad_post_title":"","_kad_post_layout":"","_kad_post_sidebar_id":"","_kad_post_content_style":"","_kad_post_vertical_padding":"","_kad_post_feature":"","_kad_post_feature_position":"","_kad_post_header":false,"_kad_post_footer":false,"_kad_post_classname":""},"product_brand":[],"product_cat":[3996,3894],"product_tag":[],"class_list":{"0":"post-27104","1":"product","2":"type-product","3":"status-publish","4":"has-post-thumbnail","6":"product_cat-program-standardowy","7":"product_cat-rozszerzenie","8":"pa_cross-section-175-x-574-mm","9":"pa_extract-type-rozszerzenie","10":"pa_function-air-motion-plynna-praca","11":"pa_function-amortyzowane-samozamykanie","12":"pa_function-zatrzask-w-pozycji-wysunietej","13":"pa_load-capacity-49-kg-pl","14":"pa_load-capacity-55-kg-pl","15":"pa_load-capacity-58-kg-pl","16":"pa_load-capacity-60-kg-pl","17":"pa_material-ral7016-pl","18":"pa_material-tasma-stalowa-ocynkowana-zm100","19":"pa_slide-length-400-mm-pl","20":"pa_slide-length-450-mm-pl","21":"pa_slide-length-500-mm-pl","22":"pa_slide-length-550-mm-pl","23":"pa_slide-length-600-mm-pl","24":"pa_slide-length-650-mm-pl","25":"pa_slide-length-700-mm-pl","26":"pa_travel-path-400-mm-pl","27":"pa_travel-path-449-mm-pl","28":"pa_travel-path-499-mm-pl","29":"pa_travel-path-548-mm-pl","30":"pa_travel-path-597-mm-pl","31":"pa_travel-path-648-mm-pl","32":"pa_travel-path-695-mm-pl","34":"first","35":"instock","36":"shipping-taxable","37":"purchasable","38":"product-type-variable","39":"entry","40":"content-bg","41":"loop-entry"},"yoast_head":"<!-- This site is optimized with the Yoast SEO plugin v27.4 - https:\/\/yoast.com\/product\/yoast-seo-wordpress\/ -->\n<title>Prowadnica teleskopowa wysuwana Seria 038 | Mi\u0119kkie zamykanie\/odchylanie | Prowadnice teleskopowe Schock - SCHOCK Telescopic slides<\/title>\n<meta name=\"robots\" content=\"noindex, follow, max-snippet:-1, max-image-preview:large, max-video-preview:-1\" \/>\n<meta property=\"og:locale\" content=\"pl_PL\" \/>\n<meta property=\"og:type\" content=\"article\" \/>\n<meta property=\"og:title\" content=\"Prowadnica teleskopowa wysuwana Seria 038 | Mi\u0119kkie zamykanie\/odchylanie | Prowadnice teleskopowe Schock - SCHOCK Telescopic slides\" \/>\n<meta property=\"og:description\" content=\"Przekr\u00f3j poprzeczny: 17,5 mm x 57,4 mm | D\u0142ugo\u015b\u0107: 400 do 700 mm\" \/>\n<meta property=\"og:url\" content=\"https:\/\/pl.crmschock.com\/pl\/product\/prowadnica-teleskopowa-wysuwana-seria-038-miekkie-zamykanie-odchylanie-prowadnice-teleskopowe-schock\/\" \/>\n<meta property=\"og:site_name\" content=\"SCHOCK Telescopic slides\" \/>\n<meta property=\"og:image\" content=\"https:\/\/pl.crmschock.com\/wp-content\/uploads\/2025\/04\/2038_sc.jpg\" \/>\n\t<meta property=\"og:image:width\" content=\"1920\" \/>\n\t<meta property=\"og:image:height\" content=\"1200\" \/>\n\t<meta property=\"og:image:type\" content=\"image\/jpeg\" \/>\n<meta name=\"twitter:card\" content=\"summary_large_image\" \/>\n<meta name=\"twitter:label1\" content=\"Szacowany czas czytania\" \/>\n\t<meta name=\"twitter:data1\" content=\"1 minuta\" \/>\n<script type=\"application\/ld+json\" class=\"yoast-schema-graph\">{\"@context\":\"https:\\\/\\\/schema.org\",\"@graph\":[{\"@type\":\"WebPage\",\"@id\":\"https:\\\/\\\/pl.crmschock.com\\\/pl\\\/product\\\/prowadnica-teleskopowa-wysuwana-seria-038-miekkie-zamykanie-odchylanie-prowadnice-teleskopowe-schock\\\/\",\"url\":\"https:\\\/\\\/pl.crmschock.com\\\/pl\\\/product\\\/prowadnica-teleskopowa-wysuwana-seria-038-miekkie-zamykanie-odchylanie-prowadnice-teleskopowe-schock\\\/\",\"name\":\"Prowadnica teleskopowa wysuwana Seria 038 | Mi\u0119kkie zamykanie\\\/odchylanie | Prowadnice teleskopowe Schock - SCHOCK Telescopic slides\",\"isPartOf\":{\"@id\":\"https:\\\/\\\/pl.crmschock.com\\\/#website\"},\"primaryImageOfPage\":{\"@id\":\"https:\\\/\\\/pl.crmschock.com\\\/pl\\\/product\\\/prowadnica-teleskopowa-wysuwana-seria-038-miekkie-zamykanie-odchylanie-prowadnice-teleskopowe-schock\\\/#primaryimage\"},\"image\":{\"@id\":\"https:\\\/\\\/pl.crmschock.com\\\/pl\\\/product\\\/prowadnica-teleskopowa-wysuwana-seria-038-miekkie-zamykanie-odchylanie-prowadnice-teleskopowe-schock\\\/#primaryimage\"},\"thumbnailUrl\":\"https:\\\/\\\/pl.crmschock.com\\\/wp-content\\\/uploads\\\/2025\\\/04\\\/2038_sc.jpg\",\"datePublished\":\"2025-05-28T06:59:56+00:00\",\"breadcrumb\":{\"@id\":\"https:\\\/\\\/pl.crmschock.com\\\/pl\\\/product\\\/prowadnica-teleskopowa-wysuwana-seria-038-miekkie-zamykanie-odchylanie-prowadnice-teleskopowe-schock\\\/#breadcrumb\"},\"inLanguage\":\"pl-PL\",\"potentialAction\":[{\"@type\":\"ReadAction\",\"target\":[\"https:\\\/\\\/pl.crmschock.com\\\/pl\\\/product\\\/prowadnica-teleskopowa-wysuwana-seria-038-miekkie-zamykanie-odchylanie-prowadnice-teleskopowe-schock\\\/\"]}]},{\"@type\":\"ImageObject\",\"inLanguage\":\"pl-PL\",\"@id\":\"https:\\\/\\\/pl.crmschock.com\\\/pl\\\/product\\\/prowadnica-teleskopowa-wysuwana-seria-038-miekkie-zamykanie-odchylanie-prowadnice-teleskopowe-schock\\\/#primaryimage\",\"url\":\"https:\\\/\\\/pl.crmschock.com\\\/wp-content\\\/uploads\\\/2025\\\/04\\\/2038_sc.jpg\",\"contentUrl\":\"https:\\\/\\\/pl.crmschock.com\\\/wp-content\\\/uploads\\\/2025\\\/04\\\/2038_sc.jpg\",\"width\":1920,\"height\":1200},{\"@type\":\"BreadcrumbList\",\"@id\":\"https:\\\/\\\/pl.crmschock.com\\\/pl\\\/product\\\/prowadnica-teleskopowa-wysuwana-seria-038-miekkie-zamykanie-odchylanie-prowadnice-teleskopowe-schock\\\/#breadcrumb\",\"itemListElement\":[{\"@type\":\"ListItem\",\"position\":1,\"name\":\"Startseite\",\"item\":\"https:\\\/\\\/pl.crmschock.com\\\/pl\\\/\"},{\"@type\":\"ListItem\",\"position\":2,\"name\":\"All telescopic slides-shop-page\",\"item\":\"https:\\\/\\\/pl.crmschock.com\\\/?page_id=26839\"},{\"@type\":\"ListItem\",\"position\":3,\"name\":\"Prowadnica teleskopowa wysuwana Seria 038 | Mi\u0119kkie zamykanie\\\/odchylanie | Prowadnice teleskopowe Schock\"}]},{\"@type\":\"WebSite\",\"@id\":\"https:\\\/\\\/pl.crmschock.com\\\/#website\",\"url\":\"https:\\\/\\\/pl.crmschock.com\\\/\",\"name\":\"SCHOCK Telescopic slides\",\"description\":\"Telescopic slides and linear guides from the manufacturer\",\"publisher\":{\"@id\":\"https:\\\/\\\/pl.crmschock.com\\\/#organization\"},\"potentialAction\":[{\"@type\":\"SearchAction\",\"target\":{\"@type\":\"EntryPoint\",\"urlTemplate\":\"https:\\\/\\\/pl.crmschock.com\\\/?s={search_term_string}\"},\"query-input\":{\"@type\":\"PropertyValueSpecification\",\"valueRequired\":true,\"valueName\":\"search_term_string\"}}],\"inLanguage\":\"pl-PL\"},{\"@type\":\"Organization\",\"@id\":\"https:\\\/\\\/pl.crmschock.com\\\/#organization\",\"name\":\"SCHOCK Telescopic slides\",\"url\":\"https:\\\/\\\/pl.crmschock.com\\\/\",\"logo\":{\"@type\":\"ImageObject\",\"inLanguage\":\"pl-PL\",\"@id\":\"https:\\\/\\\/pl.crmschock.com\\\/#\\\/schema\\\/logo\\\/image\\\/\",\"url\":\"https:\\\/\\\/pl.crmschock.com\\\/wp-content\\\/uploads\\\/2025\\\/09\\\/schock-telescopicslide-600-w.png\",\"contentUrl\":\"https:\\\/\\\/pl.crmschock.com\\\/wp-content\\\/uploads\\\/2025\\\/09\\\/schock-telescopicslide-600-w.png\",\"width\":600,\"height\":206,\"caption\":\"SCHOCK Telescopic slides\"},\"image\":{\"@id\":\"https:\\\/\\\/pl.crmschock.com\\\/#\\\/schema\\\/logo\\\/image\\\/\"}}]}<\/script>\n<!-- \/ Yoast SEO plugin. -->","yoast_head_json":{"title":"Prowadnica teleskopowa wysuwana Seria 038 | Mi\u0119kkie zamykanie\/odchylanie | Prowadnice teleskopowe Schock - SCHOCK Telescopic slides","robots":{"index":"noindex","follow":"follow","max-snippet":"max-snippet:-1","max-image-preview":"max-image-preview:large","max-video-preview":"max-video-preview:-1"},"og_locale":"pl_PL","og_type":"article","og_title":"Prowadnica teleskopowa wysuwana Seria 038 | Mi\u0119kkie zamykanie\/odchylanie | Prowadnice teleskopowe Schock - SCHOCK Telescopic slides","og_description":"Przekr\u00f3j poprzeczny: 17,5 mm x 57,4 mm | D\u0142ugo\u015b\u0107: 400 do 700 mm","og_url":"https:\/\/pl.crmschock.com\/pl\/product\/prowadnica-teleskopowa-wysuwana-seria-038-miekkie-zamykanie-odchylanie-prowadnice-teleskopowe-schock\/","og_site_name":"SCHOCK Telescopic slides","og_image":[{"width":1920,"height":1200,"url":"https:\/\/pl.crmschock.com\/wp-content\/uploads\/2025\/04\/2038_sc.jpg","type":"image\/jpeg"}],"twitter_card":"summary_large_image","twitter_misc":{"Szacowany czas czytania":"1 minuta"},"schema":{"@context":"https:\/\/schema.org","@graph":[{"@type":"WebPage","@id":"https:\/\/pl.crmschock.com\/pl\/product\/prowadnica-teleskopowa-wysuwana-seria-038-miekkie-zamykanie-odchylanie-prowadnice-teleskopowe-schock\/","url":"https:\/\/pl.crmschock.com\/pl\/product\/prowadnica-teleskopowa-wysuwana-seria-038-miekkie-zamykanie-odchylanie-prowadnice-teleskopowe-schock\/","name":"Prowadnica teleskopowa wysuwana Seria 038 | Mi\u0119kkie zamykanie\/odchylanie | Prowadnice teleskopowe Schock - SCHOCK Telescopic slides","isPartOf":{"@id":"https:\/\/pl.crmschock.com\/#website"},"primaryImageOfPage":{"@id":"https:\/\/pl.crmschock.com\/pl\/product\/prowadnica-teleskopowa-wysuwana-seria-038-miekkie-zamykanie-odchylanie-prowadnice-teleskopowe-schock\/#primaryimage"},"image":{"@id":"https:\/\/pl.crmschock.com\/pl\/product\/prowadnica-teleskopowa-wysuwana-seria-038-miekkie-zamykanie-odchylanie-prowadnice-teleskopowe-schock\/#primaryimage"},"thumbnailUrl":"https:\/\/pl.crmschock.com\/wp-content\/uploads\/2025\/04\/2038_sc.jpg","datePublished":"2025-05-28T06:59:56+00:00","breadcrumb":{"@id":"https:\/\/pl.crmschock.com\/pl\/product\/prowadnica-teleskopowa-wysuwana-seria-038-miekkie-zamykanie-odchylanie-prowadnice-teleskopowe-schock\/#breadcrumb"},"inLanguage":"pl-PL","potentialAction":[{"@type":"ReadAction","target":["https:\/\/pl.crmschock.com\/pl\/product\/prowadnica-teleskopowa-wysuwana-seria-038-miekkie-zamykanie-odchylanie-prowadnice-teleskopowe-schock\/"]}]},{"@type":"ImageObject","inLanguage":"pl-PL","@id":"https:\/\/pl.crmschock.com\/pl\/product\/prowadnica-teleskopowa-wysuwana-seria-038-miekkie-zamykanie-odchylanie-prowadnice-teleskopowe-schock\/#primaryimage","url":"https:\/\/pl.crmschock.com\/wp-content\/uploads\/2025\/04\/2038_sc.jpg","contentUrl":"https:\/\/pl.crmschock.com\/wp-content\/uploads\/2025\/04\/2038_sc.jpg","width":1920,"height":1200},{"@type":"BreadcrumbList","@id":"https:\/\/pl.crmschock.com\/pl\/product\/prowadnica-teleskopowa-wysuwana-seria-038-miekkie-zamykanie-odchylanie-prowadnice-teleskopowe-schock\/#breadcrumb","itemListElement":[{"@type":"ListItem","position":1,"name":"Startseite","item":"https:\/\/pl.crmschock.com\/pl\/"},{"@type":"ListItem","position":2,"name":"All telescopic slides-shop-page","item":"https:\/\/pl.crmschock.com\/?page_id=26839"},{"@type":"ListItem","position":3,"name":"Prowadnica teleskopowa wysuwana Seria 038 | Mi\u0119kkie zamykanie\/odchylanie | Prowadnice teleskopowe Schock"}]},{"@type":"WebSite","@id":"https:\/\/pl.crmschock.com\/#website","url":"https:\/\/pl.crmschock.com\/","name":"SCHOCK Telescopic slides","description":"Telescopic slides and linear guides from the manufacturer","publisher":{"@id":"https:\/\/pl.crmschock.com\/#organization"},"potentialAction":[{"@type":"SearchAction","target":{"@type":"EntryPoint","urlTemplate":"https:\/\/pl.crmschock.com\/?s={search_term_string}"},"query-input":{"@type":"PropertyValueSpecification","valueRequired":true,"valueName":"search_term_string"}}],"inLanguage":"pl-PL"},{"@type":"Organization","@id":"https:\/\/pl.crmschock.com\/#organization","name":"SCHOCK Telescopic slides","url":"https:\/\/pl.crmschock.com\/","logo":{"@type":"ImageObject","inLanguage":"pl-PL","@id":"https:\/\/pl.crmschock.com\/#\/schema\/logo\/image\/","url":"https:\/\/pl.crmschock.com\/wp-content\/uploads\/2025\/09\/schock-telescopicslide-600-w.png","contentUrl":"https:\/\/pl.crmschock.com\/wp-content\/uploads\/2025\/09\/schock-telescopicslide-600-w.png","width":600,"height":206,"caption":"SCHOCK Telescopic slides"},"image":{"@id":"https:\/\/pl.crmschock.com\/#\/schema\/logo\/image\/"}}]}},"_links":{"self":[{"href":"https:\/\/pl.crmschock.com\/pl\/wp-json\/wp\/v2\/product\/27104","targetHints":{"allow":["GET"]}}],"collection":[{"href":"https:\/\/pl.crmschock.com\/pl\/wp-json\/wp\/v2\/product"}],"about":[{"href":"https:\/\/pl.crmschock.com\/pl\/wp-json\/wp\/v2\/types\/product"}],"replies":[{"embeddable":true,"href":"https:\/\/pl.crmschock.com\/pl\/wp-json\/wp\/v2\/comments?post=27104"}],"wp:featuredmedia":[{"embeddable":true,"href":"https:\/\/pl.crmschock.com\/pl\/wp-json\/wp\/v2\/media\/22613"}],"wp:attachment":[{"href":"https:\/\/pl.crmschock.com\/pl\/wp-json\/wp\/v2\/media?parent=27104"}],"wp:term":[{"taxonomy":"product_brand","embeddable":true,"href":"https:\/\/pl.crmschock.com\/pl\/wp-json\/wp\/v2\/product_brand?post=27104"},{"taxonomy":"product_cat","embeddable":true,"href":"https:\/\/pl.crmschock.com\/pl\/wp-json\/wp\/v2\/product_cat?post=27104"},{"taxonomy":"product_tag","embeddable":true,"href":"https:\/\/pl.crmschock.com\/pl\/wp-json\/wp\/v2\/product_tag?post=27104"}],"curies":[{"name":"wp","href":"https:\/\/api.w.org\/{rel}","templated":true}]}}