{"id":27316,"date":"2025-05-28T08:59:38","date_gmt":"2025-05-28T06:59:38","guid":{"rendered":"https:\/\/pl.crmschock.com\/product\/prowadnica-teleskopowa-wysuwana-seria-044-rozlaczanie-blokowanie-prowadnice-teleskopowe-schock\/"},"modified":"2025-05-28T08:59:38","modified_gmt":"2025-05-28T06:59:38","slug":"prowadnica-teleskopowa-wysuwana-seria-044-rozlaczanie-blokowanie-prowadnice-teleskopowe-schock","status":"publish","type":"product","link":"https:\/\/pl.crmschock.com\/pl\/product\/prowadnica-teleskopowa-wysuwana-seria-044-rozlaczanie-blokowanie-prowadnice-teleskopowe-schock\/","title":{"rendered":"Prowadnica teleskopowa wysuwana Seria 044 | Roz\u0142\u0105czanie\/blokowanie | Prowadnice teleskopowe Schock"},"content":{"rendered":"<p><meta charset=\"utf-8\"><\/p>\n<p><strong>Funkcje:<\/strong><\/p>\n<ul>\n<li>Blokada<\/li>\n<li>Roz\u0142\u0105czenie<\/li>\n<li>P\u0142ynnie dzia\u0142aj\u0105ca mieszanka kulkowa Air Motion<\/li>\n<\/ul>\n<p><strong>Prowadnica teleskopowa Schock Seria 044<\/strong><\/p>\n<p>\n  Prowadnica teleskopowa Schock serii 044 jest idealnym rozwi\u0105zaniem dla szerokiej gamy<br \/>\n zastosowa\u0144, w kt\u00f3rych \u0142atwo\u015b\u0107 obs\u0142ugi i bezproblemowy dost\u0119p<br \/>\n s\u0105 niezb\u0119dne.\n<\/p>\n<p>\n  Dzi\u0119ki wymiarom <strong>19,0 x 35,2 mm<\/strong> (w\/h) i dost\u0119pnym d\u0142ugo\u015bciom od <strong>305 mm do 711<\/strong> mm,<br \/>\n oferuj\u0105 wyj\u0105tkow\u0105 elastyczno\u015b\u0107 i mo\u017cliwo\u015b\u0107 dostosowania do r\u00f3\u017cnych projekt\u00f3w.\n<\/p>\n<p>\n  Przed\u0142u\u017cacze Over s\u0105 wyposa\u017cone w szereg przydatnych funkcji,<br \/>\n w tym blokad\u0119, od\u0142\u0105czenie i p\u0142ynne dzia\u0142anie Air Motion, naszej opatentowanej mieszanki kulek<br \/>\n z metalu i tworzywa sztucznego.\n<\/p>\n<p>\n  Funkcje te nie tylko zapewniaj\u0105 bezpieczn\u0105 obs\u0142ug\u0119, ale tak\u017ce zapewniaj\u0105<br \/>\n wygodne i niezawodne u\u017cytkowanie.\n<\/p>\n<p>\n  Prowadnice teleskopowe Schock serii 044 s\u0105 uniwersalne,<br \/>\n poniewa\u017c nadaj\u0105 si\u0119 zar\u00f3wno do monta\u017cu pionowego, jak i poziomego. Umo\u017cliwia to<br \/>\n ich bezproblemow\u0105 integracj\u0119 z szerok\u0105 gam\u0105 projekt\u00f3w.\n<\/p>\n<p><strong>Dane techniczne:<\/strong><\/p>\n<ul>\n<li>No\u015bno\u015b\u0107 do <strong>75 kg\/para<\/strong> przy 10 000 cykli<\/li>\n<\/ul>\n<p><strong>Materia\u0142:<\/strong><\/p>\n<ul>\n<li>Szyny wykonane ze stali ocynkowanej (ZM100)<\/li>\n<li>Koszyki na kulki wykonane ze stali galwanizowanej (ZM70)<\/li>\n<li>Kulki wykonane z hartowanej stali C<\/li>\n<\/ul>\n<p><strong>Zakres temperatur:<\/strong><\/p>\n<ul>\n<li>Temperatura pracy: od -20 C do +70 C<\/li>\n<li>Temperatura pracy z Soft-Close: +10 C do +40 C<\/li>\n<\/ul>\n<p><strong>Uwagi:<\/strong><\/p>\n<p>\n  Podane no\u015bno\u015bci s\u0105 warto\u015bciami maksymalnymi dla zamontowanej pionowo pary prowadnic teleskopowych<br \/>\n z r\u00f3wnomiernym roz\u0142o\u017ceniem obci\u0105\u017cenia przy u\u017cyciu wszystkich wyznaczonych pozycji monta\u017cowych<br \/>\n.\n<\/p>\n<p><strong>OSTRZE\u017bENIE:<\/strong> W przypadku monta\u017cu p\u0142askiego ud\u017awig jest zmniejszony nawet o 75%.<\/p>\n","protected":false},"excerpt":{"rendered":"<p>Przekr\u00f3j poprzeczny: 19 x 35,2 mm | D\u0142ugo\u015b\u0107: 350 do 700 mm<\/p>\n","protected":false},"featured_media":22625,"comment_status":"open","ping_status":"closed","template":"","meta":{"_kadence_starter_templates_imported_post":false,"_kad_post_transparent":"","_kad_post_title":"","_kad_post_layout":"","_kad_post_sidebar_id":"","_kad_post_content_style":"","_kad_post_vertical_padding":"","_kad_post_feature":"","_kad_post_feature_position":"","_kad_post_header":false,"_kad_post_footer":false,"_kad_post_classname":""},"product_brand":[],"product_cat":[3996,3894],"product_tag":[],"class_list":{"0":"post-27316","1":"product","2":"type-product","3":"status-publish","4":"has-post-thumbnail","6":"product_cat-program-standardowy","7":"product_cat-rozszerzenie","8":"pa_cross-section-19-x-352-mm","9":"pa_extract-type-rozszerzenie","10":"pa_function-air-motion-plynna-praca","11":"pa_function-blokada-w-pozycji-wysunietej","12":"pa_function-szybkie-rozlaczanie","13":"pa_load-capacity-60-kg-pl","14":"pa_load-capacity-62-kg-pl","15":"pa_load-capacity-65-kg-pl","16":"pa_load-capacity-67-kg-pl","17":"pa_load-capacity-70-kg-pl","18":"pa_load-capacity-75-kg-pl","19":"pa_material-ral7016-pl","20":"pa_material-tasma-stalowa-ocynkowana-zm100","21":"pa_slide-length-305-mm-pl","22":"pa_slide-length-356-mm-pl","23":"pa_slide-length-406-mm-pl","24":"pa_slide-length-457-mm-pl","25":"pa_slide-length-508-mm-pl","26":"pa_slide-length-559-mm-pl","27":"pa_slide-length-610-mm-pl","28":"pa_slide-length-660-mm-pl","29":"pa_slide-length-711-mm-pl","30":"pa_travel-path-312-mm-pl","31":"pa_travel-path-377-mm-pl","32":"pa_travel-path-429-mm-pl","33":"pa_travel-path-480-mm-pl","34":"pa_travel-path-527-mm-pl","35":"pa_travel-path-581-mm-pl","36":"pa_travel-path-632-mm-pl","37":"pa_travel-path-683-mm-pl","38":"pa_travel-path-738-mm-pl","40":"first","41":"instock","42":"shipping-taxable","43":"purchasable","44":"product-type-variable","45":"entry","46":"content-bg","47":"loop-entry"},"yoast_head":"<!-- This site is optimized with the Yoast SEO plugin v27.4 - https:\/\/yoast.com\/product\/yoast-seo-wordpress\/ -->\n<title>Prowadnica teleskopowa wysuwana Seria 044 | Roz\u0142\u0105czanie\/blokowanie | Prowadnice teleskopowe Schock - SCHOCK Telescopic slides<\/title>\n<meta name=\"robots\" content=\"noindex, follow, max-snippet:-1, max-image-preview:large, max-video-preview:-1\" \/>\n<meta property=\"og:locale\" content=\"pl_PL\" \/>\n<meta property=\"og:type\" content=\"article\" \/>\n<meta property=\"og:title\" content=\"Prowadnica teleskopowa wysuwana Seria 044 | Roz\u0142\u0105czanie\/blokowanie | Prowadnice teleskopowe Schock - SCHOCK Telescopic slides\" \/>\n<meta property=\"og:description\" content=\"Przekr\u00f3j poprzeczny: 19 x 35,2 mm | D\u0142ugo\u015b\u0107: 350 do 700 mm\" \/>\n<meta property=\"og:url\" content=\"https:\/\/pl.crmschock.com\/pl\/product\/prowadnica-teleskopowa-wysuwana-seria-044-rozlaczanie-blokowanie-prowadnice-teleskopowe-schock\/\" \/>\n<meta property=\"og:site_name\" content=\"SCHOCK Telescopic slides\" \/>\n<meta property=\"og:image\" content=\"https:\/\/pl.crmschock.com\/wp-content\/uploads\/2025\/04\/2044.jpg\" \/>\n\t<meta property=\"og:image:width\" content=\"1920\" \/>\n\t<meta property=\"og:image:height\" content=\"1200\" \/>\n\t<meta property=\"og:image:type\" content=\"image\/jpeg\" \/>\n<meta name=\"twitter:card\" content=\"summary_large_image\" \/>\n<meta name=\"twitter:label1\" content=\"Szacowany czas czytania\" \/>\n\t<meta name=\"twitter:data1\" content=\"1 minuta\" \/>\n<script type=\"application\/ld+json\" class=\"yoast-schema-graph\">{\"@context\":\"https:\\\/\\\/schema.org\",\"@graph\":[{\"@type\":\"WebPage\",\"@id\":\"https:\\\/\\\/pl.crmschock.com\\\/pl\\\/product\\\/prowadnica-teleskopowa-wysuwana-seria-044-rozlaczanie-blokowanie-prowadnice-teleskopowe-schock\\\/\",\"url\":\"https:\\\/\\\/pl.crmschock.com\\\/pl\\\/product\\\/prowadnica-teleskopowa-wysuwana-seria-044-rozlaczanie-blokowanie-prowadnice-teleskopowe-schock\\\/\",\"name\":\"Prowadnica teleskopowa wysuwana Seria 044 | Roz\u0142\u0105czanie\\\/blokowanie | Prowadnice teleskopowe Schock - SCHOCK Telescopic slides\",\"isPartOf\":{\"@id\":\"https:\\\/\\\/pl.crmschock.com\\\/#website\"},\"primaryImageOfPage\":{\"@id\":\"https:\\\/\\\/pl.crmschock.com\\\/pl\\\/product\\\/prowadnica-teleskopowa-wysuwana-seria-044-rozlaczanie-blokowanie-prowadnice-teleskopowe-schock\\\/#primaryimage\"},\"image\":{\"@id\":\"https:\\\/\\\/pl.crmschock.com\\\/pl\\\/product\\\/prowadnica-teleskopowa-wysuwana-seria-044-rozlaczanie-blokowanie-prowadnice-teleskopowe-schock\\\/#primaryimage\"},\"thumbnailUrl\":\"https:\\\/\\\/pl.crmschock.com\\\/wp-content\\\/uploads\\\/2025\\\/04\\\/2044.jpg\",\"datePublished\":\"2025-05-28T06:59:38+00:00\",\"breadcrumb\":{\"@id\":\"https:\\\/\\\/pl.crmschock.com\\\/pl\\\/product\\\/prowadnica-teleskopowa-wysuwana-seria-044-rozlaczanie-blokowanie-prowadnice-teleskopowe-schock\\\/#breadcrumb\"},\"inLanguage\":\"pl-PL\",\"potentialAction\":[{\"@type\":\"ReadAction\",\"target\":[\"https:\\\/\\\/pl.crmschock.com\\\/pl\\\/product\\\/prowadnica-teleskopowa-wysuwana-seria-044-rozlaczanie-blokowanie-prowadnice-teleskopowe-schock\\\/\"]}]},{\"@type\":\"ImageObject\",\"inLanguage\":\"pl-PL\",\"@id\":\"https:\\\/\\\/pl.crmschock.com\\\/pl\\\/product\\\/prowadnica-teleskopowa-wysuwana-seria-044-rozlaczanie-blokowanie-prowadnice-teleskopowe-schock\\\/#primaryimage\",\"url\":\"https:\\\/\\\/pl.crmschock.com\\\/wp-content\\\/uploads\\\/2025\\\/04\\\/2044.jpg\",\"contentUrl\":\"https:\\\/\\\/pl.crmschock.com\\\/wp-content\\\/uploads\\\/2025\\\/04\\\/2044.jpg\",\"width\":1920,\"height\":1200},{\"@type\":\"BreadcrumbList\",\"@id\":\"https:\\\/\\\/pl.crmschock.com\\\/pl\\\/product\\\/prowadnica-teleskopowa-wysuwana-seria-044-rozlaczanie-blokowanie-prowadnice-teleskopowe-schock\\\/#breadcrumb\",\"itemListElement\":[{\"@type\":\"ListItem\",\"position\":1,\"name\":\"Startseite\",\"item\":\"https:\\\/\\\/pl.crmschock.com\\\/pl\\\/\"},{\"@type\":\"ListItem\",\"position\":2,\"name\":\"All telescopic slides-shop-page\",\"item\":\"https:\\\/\\\/pl.crmschock.com\\\/?page_id=26839\"},{\"@type\":\"ListItem\",\"position\":3,\"name\":\"Prowadnica teleskopowa wysuwana Seria 044 | Roz\u0142\u0105czanie\\\/blokowanie | Prowadnice teleskopowe Schock\"}]},{\"@type\":\"WebSite\",\"@id\":\"https:\\\/\\\/pl.crmschock.com\\\/#website\",\"url\":\"https:\\\/\\\/pl.crmschock.com\\\/\",\"name\":\"SCHOCK Telescopic slides\",\"description\":\"Telescopic slides and linear guides from the manufacturer\",\"publisher\":{\"@id\":\"https:\\\/\\\/pl.crmschock.com\\\/#organization\"},\"potentialAction\":[{\"@type\":\"SearchAction\",\"target\":{\"@type\":\"EntryPoint\",\"urlTemplate\":\"https:\\\/\\\/pl.crmschock.com\\\/?s={search_term_string}\"},\"query-input\":{\"@type\":\"PropertyValueSpecification\",\"valueRequired\":true,\"valueName\":\"search_term_string\"}}],\"inLanguage\":\"pl-PL\"},{\"@type\":\"Organization\",\"@id\":\"https:\\\/\\\/pl.crmschock.com\\\/#organization\",\"name\":\"SCHOCK Telescopic slides\",\"url\":\"https:\\\/\\\/pl.crmschock.com\\\/\",\"logo\":{\"@type\":\"ImageObject\",\"inLanguage\":\"pl-PL\",\"@id\":\"https:\\\/\\\/pl.crmschock.com\\\/#\\\/schema\\\/logo\\\/image\\\/\",\"url\":\"https:\\\/\\\/pl.crmschock.com\\\/wp-content\\\/uploads\\\/2025\\\/09\\\/schock-telescopicslide-600-w.png\",\"contentUrl\":\"https:\\\/\\\/pl.crmschock.com\\\/wp-content\\\/uploads\\\/2025\\\/09\\\/schock-telescopicslide-600-w.png\",\"width\":600,\"height\":206,\"caption\":\"SCHOCK Telescopic slides\"},\"image\":{\"@id\":\"https:\\\/\\\/pl.crmschock.com\\\/#\\\/schema\\\/logo\\\/image\\\/\"}}]}<\/script>\n<!-- \/ Yoast SEO plugin. -->","yoast_head_json":{"title":"Prowadnica teleskopowa wysuwana Seria 044 | Roz\u0142\u0105czanie\/blokowanie | Prowadnice teleskopowe Schock - SCHOCK Telescopic slides","robots":{"index":"noindex","follow":"follow","max-snippet":"max-snippet:-1","max-image-preview":"max-image-preview:large","max-video-preview":"max-video-preview:-1"},"og_locale":"pl_PL","og_type":"article","og_title":"Prowadnica teleskopowa wysuwana Seria 044 | Roz\u0142\u0105czanie\/blokowanie | Prowadnice teleskopowe Schock - SCHOCK Telescopic slides","og_description":"Przekr\u00f3j poprzeczny: 19 x 35,2 mm | D\u0142ugo\u015b\u0107: 350 do 700 mm","og_url":"https:\/\/pl.crmschock.com\/pl\/product\/prowadnica-teleskopowa-wysuwana-seria-044-rozlaczanie-blokowanie-prowadnice-teleskopowe-schock\/","og_site_name":"SCHOCK Telescopic slides","og_image":[{"width":1920,"height":1200,"url":"https:\/\/pl.crmschock.com\/wp-content\/uploads\/2025\/04\/2044.jpg","type":"image\/jpeg"}],"twitter_card":"summary_large_image","twitter_misc":{"Szacowany czas czytania":"1 minuta"},"schema":{"@context":"https:\/\/schema.org","@graph":[{"@type":"WebPage","@id":"https:\/\/pl.crmschock.com\/pl\/product\/prowadnica-teleskopowa-wysuwana-seria-044-rozlaczanie-blokowanie-prowadnice-teleskopowe-schock\/","url":"https:\/\/pl.crmschock.com\/pl\/product\/prowadnica-teleskopowa-wysuwana-seria-044-rozlaczanie-blokowanie-prowadnice-teleskopowe-schock\/","name":"Prowadnica teleskopowa wysuwana Seria 044 | Roz\u0142\u0105czanie\/blokowanie | Prowadnice teleskopowe Schock - SCHOCK Telescopic slides","isPartOf":{"@id":"https:\/\/pl.crmschock.com\/#website"},"primaryImageOfPage":{"@id":"https:\/\/pl.crmschock.com\/pl\/product\/prowadnica-teleskopowa-wysuwana-seria-044-rozlaczanie-blokowanie-prowadnice-teleskopowe-schock\/#primaryimage"},"image":{"@id":"https:\/\/pl.crmschock.com\/pl\/product\/prowadnica-teleskopowa-wysuwana-seria-044-rozlaczanie-blokowanie-prowadnice-teleskopowe-schock\/#primaryimage"},"thumbnailUrl":"https:\/\/pl.crmschock.com\/wp-content\/uploads\/2025\/04\/2044.jpg","datePublished":"2025-05-28T06:59:38+00:00","breadcrumb":{"@id":"https:\/\/pl.crmschock.com\/pl\/product\/prowadnica-teleskopowa-wysuwana-seria-044-rozlaczanie-blokowanie-prowadnice-teleskopowe-schock\/#breadcrumb"},"inLanguage":"pl-PL","potentialAction":[{"@type":"ReadAction","target":["https:\/\/pl.crmschock.com\/pl\/product\/prowadnica-teleskopowa-wysuwana-seria-044-rozlaczanie-blokowanie-prowadnice-teleskopowe-schock\/"]}]},{"@type":"ImageObject","inLanguage":"pl-PL","@id":"https:\/\/pl.crmschock.com\/pl\/product\/prowadnica-teleskopowa-wysuwana-seria-044-rozlaczanie-blokowanie-prowadnice-teleskopowe-schock\/#primaryimage","url":"https:\/\/pl.crmschock.com\/wp-content\/uploads\/2025\/04\/2044.jpg","contentUrl":"https:\/\/pl.crmschock.com\/wp-content\/uploads\/2025\/04\/2044.jpg","width":1920,"height":1200},{"@type":"BreadcrumbList","@id":"https:\/\/pl.crmschock.com\/pl\/product\/prowadnica-teleskopowa-wysuwana-seria-044-rozlaczanie-blokowanie-prowadnice-teleskopowe-schock\/#breadcrumb","itemListElement":[{"@type":"ListItem","position":1,"name":"Startseite","item":"https:\/\/pl.crmschock.com\/pl\/"},{"@type":"ListItem","position":2,"name":"All telescopic slides-shop-page","item":"https:\/\/pl.crmschock.com\/?page_id=26839"},{"@type":"ListItem","position":3,"name":"Prowadnica teleskopowa wysuwana Seria 044 | Roz\u0142\u0105czanie\/blokowanie | Prowadnice teleskopowe Schock"}]},{"@type":"WebSite","@id":"https:\/\/pl.crmschock.com\/#website","url":"https:\/\/pl.crmschock.com\/","name":"SCHOCK Telescopic slides","description":"Telescopic slides and linear guides from the manufacturer","publisher":{"@id":"https:\/\/pl.crmschock.com\/#organization"},"potentialAction":[{"@type":"SearchAction","target":{"@type":"EntryPoint","urlTemplate":"https:\/\/pl.crmschock.com\/?s={search_term_string}"},"query-input":{"@type":"PropertyValueSpecification","valueRequired":true,"valueName":"search_term_string"}}],"inLanguage":"pl-PL"},{"@type":"Organization","@id":"https:\/\/pl.crmschock.com\/#organization","name":"SCHOCK Telescopic slides","url":"https:\/\/pl.crmschock.com\/","logo":{"@type":"ImageObject","inLanguage":"pl-PL","@id":"https:\/\/pl.crmschock.com\/#\/schema\/logo\/image\/","url":"https:\/\/pl.crmschock.com\/wp-content\/uploads\/2025\/09\/schock-telescopicslide-600-w.png","contentUrl":"https:\/\/pl.crmschock.com\/wp-content\/uploads\/2025\/09\/schock-telescopicslide-600-w.png","width":600,"height":206,"caption":"SCHOCK Telescopic slides"},"image":{"@id":"https:\/\/pl.crmschock.com\/#\/schema\/logo\/image\/"}}]}},"_links":{"self":[{"href":"https:\/\/pl.crmschock.com\/pl\/wp-json\/wp\/v2\/product\/27316","targetHints":{"allow":["GET"]}}],"collection":[{"href":"https:\/\/pl.crmschock.com\/pl\/wp-json\/wp\/v2\/product"}],"about":[{"href":"https:\/\/pl.crmschock.com\/pl\/wp-json\/wp\/v2\/types\/product"}],"replies":[{"embeddable":true,"href":"https:\/\/pl.crmschock.com\/pl\/wp-json\/wp\/v2\/comments?post=27316"}],"wp:featuredmedia":[{"embeddable":true,"href":"https:\/\/pl.crmschock.com\/pl\/wp-json\/wp\/v2\/media\/22625"}],"wp:attachment":[{"href":"https:\/\/pl.crmschock.com\/pl\/wp-json\/wp\/v2\/media?parent=27316"}],"wp:term":[{"taxonomy":"product_brand","embeddable":true,"href":"https:\/\/pl.crmschock.com\/pl\/wp-json\/wp\/v2\/product_brand?post=27316"},{"taxonomy":"product_cat","embeddable":true,"href":"https:\/\/pl.crmschock.com\/pl\/wp-json\/wp\/v2\/product_cat?post=27316"},{"taxonomy":"product_tag","embeddable":true,"href":"https:\/\/pl.crmschock.com\/pl\/wp-json\/wp\/v2\/product_tag?post=27316"}],"curies":[{"name":"wp","href":"https:\/\/api.w.org\/{rel}","templated":true}]}}