{"id":27470,"date":"2025-05-28T08:58:55","date_gmt":"2025-05-28T06:58:55","guid":{"rendered":"https:\/\/pl.crmschock.com\/product\/prowadnica-teleskopowa-sddts-50-do-110-kg-prowadnice-teleskopowe-schock\/"},"modified":"2025-05-28T08:58:55","modified_gmt":"2025-05-28T06:58:55","slug":"prowadnica-teleskopowa-sddts-50-do-110-kg-prowadnice-teleskopowe-schock","status":"publish","type":"product","link":"https:\/\/pl.crmschock.com\/pl\/product\/prowadnica-teleskopowa-sddts-50-do-110-kg-prowadnice-teleskopowe-schock\/","title":{"rendered":"Prowadnica teleskopowa SDDTS-50 | do 110 kg | Prowadnice teleskopowe Schock"},"content":{"rendered":"<p>Prowadnice teleskopowe z serii SDDTS oferuj\u0105 standardowy wysuw 200%. Wykonanie element\u00f3w prowadz\u0105cych z litego materia\u0142u zapewnia tej prowadnicy wysok\u0105 sztywno\u015b\u0107, dzi\u0119ki czemu nadaje si\u0119 ona do wymagaj\u0105cych zastosowa\u0144. <\/p>\n<p><strong>Rozszerzenie:<\/strong> 200%<br \/>\n<strong>Materia\u0142:<\/strong> Stal nierdzewna 316L (1.4404)<br \/>\n<strong>D\u0142ugo\u015b\u0107:<\/strong> od 200 mm do 1200 mm<br \/>\n<strong>Przekr\u00f3j poprzeczny:<\/strong> 60 x 50 mm<br \/>\n<strong>\u015acie\u017cka przed\u0142u\u017cenia:<\/strong> 400 mm do 2400 mm<br \/>\n<strong>Ud\u017awig:<\/strong> do 110 kg\/para<br \/>\n<strong>Temperatura pracy:<\/strong> -10 do +150 C<\/p>\n<p>Prowadnice teleskopowe ze stali nierdzewnej serii SDDTS charakteryzuj\u0105 si\u0119 wysok\u0105 precyzj\u0105 i doskona\u0142\u0105 odporno\u015bci\u0105 na wstrz\u0105sy i wibracje. Ruchome belki dwuteowe sprawiaj\u0105, \u017ce prowadnice teleskopowe s\u0105 odporne na obci\u0105\u017cenia w stanie roz\u0142o\u017conym. Dzi\u0119ki temu idealnie nadaj\u0105 si\u0119 do dynamicznych zastosowa\u0144 z du\u017cymi obci\u0105\u017ceniami i momentami obrotowymi, minimalizuj\u0105c jednocze\u015bnie ugi\u0119cie.  <\/p>\n<p>Zastosowania obejmuj\u0105 szuflady ci\u0119\u017car\u00f3wek wojskowych, przechowywanie na morzu i \u015brodowiska rozbryzg\u00f3w wody na statkach. Zastosowanie stali nierdzewnej zapewnia odporno\u015b\u0107 na korozj\u0119. <\/p>\n<p>Prowadnice teleskopowe z serii SDDTS s\u0105 wykonane bez \u017cadnych element\u00f3w z tworzywa sztucznego i dlatego nadaj\u0105 si\u0119 do u\u017cytku w ekstremalnych temperaturach. Ze wzgl\u0119du na zastosowane materia\u0142y, prowadnice te maj\u0105 nisk\u0105 sygnatur\u0119 elektromagnetyczn\u0105, co czyni je idealnymi do zastosowa\u0144 obronnych. <\/p>\n<p>Dodatkowe warianty do specjalnych zastosowa\u0144 mog\u0105 by\u0107 produkowane z alternatywnymi d\u0142ugo\u015bciami zamkni\u0119tymi, przed\u0142u\u017ceniami, systemami monta\u017cowymi, obr\u00f3bk\u0105 powierzchni i \u0142o\u017cyskami.<\/p>\n<p><strong>Ud\u017awig:<\/strong><br \/>\nProwadnice teleskopowe oferuj\u0105 wysoki ud\u017awig i kompaktowe wymiary. Maksymalny ud\u017awig jest okre\u015blony dla w pe\u0142ni wysuni\u0119tych par prowadnic zainstalowanych w kierunku osi g\u0142\u00f3wnej, z obci\u0105\u017ceniem r\u00f3wnomiernie roz\u0142o\u017conym na wewn\u0119trznej prowadnicy. <\/p>\n<p><strong>Uwaga:<br \/>\nPoniewa\u017c te prowadnice teleskopowe s\u0105 wykonywane na zam\u00f3wienie, nie podlegaj\u0105 one zwrotom. Zje\u017cd\u017calnie s\u0105 bezpiecznie dostarczane w wysokiej jako\u015bci drewnianym opakowaniu. <\/strong><\/p>\n","protected":false},"excerpt":{"rendered":"<p>Przekr\u00f3j poprzeczny: 60 x 50 mm | D\u0142ugo\u015b\u0107: 200 do 1200 mm<\/p>\n","protected":false},"featured_media":22224,"comment_status":"open","ping_status":"closed","template":"","meta":{"_kadence_starter_templates_imported_post":false,"_kad_post_transparent":"","_kad_post_title":"","_kad_post_layout":"","_kad_post_sidebar_id":"","_kad_post_content_style":"","_kad_post_vertical_padding":"","_kad_post_feature":"","_kad_post_feature_position":"","_kad_post_header":false,"_kad_post_footer":false,"_kad_post_classname":""},"product_brand":[],"product_cat":[3894,3741],"product_tag":[],"class_list":{"0":"post-27470","1":"product","2":"type-product","3":"status-publish","4":"has-post-thumbnail","6":"product_cat-rozszerzenie","7":"product_cat-wytrzymalosc","8":"pa_cross-section-60-x-50-mm-pl","9":"pa_extract-type-rozszerzenie","10":"pa_load-capacity-100-kg-pl","11":"pa_load-capacity-102-kg-pl","12":"pa_load-capacity-104-kg-pl","13":"pa_load-capacity-105-kg-pl","14":"pa_load-capacity-106-kg-pl","15":"pa_load-capacity-110-kg-pl","16":"pa_load-capacity-40-kg-pl","17":"pa_load-capacity-45-kg-pl","18":"pa_load-capacity-50-kg-pl","19":"pa_load-capacity-55-kg-pl","20":"pa_load-capacity-60-kg-pl","21":"pa_load-capacity-65-kg-pl","22":"pa_load-capacity-70-kg-pl","23":"pa_load-capacity-75-kg-pl","24":"pa_load-capacity-80-kg-pl","25":"pa_load-capacity-85-kg-pl","26":"pa_load-capacity-90-kg-pl","27":"pa_load-capacity-95-kg-pl","28":"pa_load-capacity-96-kg-pl","29":"pa_load-capacity-98-kg-pl","30":"pa_material-stal-nierdzewna-1-4404-316l","31":"pa_slide-length-1000-mm-pl","32":"pa_slide-length-1050-mm-pl","33":"pa_slide-length-1100-mm-pl","34":"pa_slide-length-1150-mm-pl","35":"pa_slide-length-1200-mm-pl","36":"pa_slide-length-200-mm-pl","37":"pa_slide-length-250-mm-pl","38":"pa_slide-length-300-mm-pl","39":"pa_slide-length-350-mm-pl","40":"pa_slide-length-400-mm-pl","41":"pa_slide-length-450-mm-pl","42":"pa_slide-length-500-mm-pl","43":"pa_slide-length-550-mm-pl","44":"pa_slide-length-600-mm-pl","45":"pa_slide-length-650-mm-pl","46":"pa_slide-length-700-mm-pl","47":"pa_slide-length-750-mm-pl","48":"pa_slide-length-800-mm-pl","49":"pa_slide-length-850-mm-pl","50":"pa_slide-length-900-mm-pl","51":"pa_slide-length-950-mm-pl","52":"pa_travel-path-1000-mm-pl","53":"pa_travel-path-1100-mm-pl","54":"pa_travel-path-1200-mm-pl","55":"pa_travel-path-1300-mm-pl","56":"pa_travel-path-1400-mm-pl","57":"pa_travel-path-1500-mm-pl","58":"pa_travel-path-1600-mm-pl","59":"pa_travel-path-1700-mm-pl","60":"pa_travel-path-1800-mm-pl","61":"pa_travel-path-1900-mm-pl","62":"pa_travel-path-2000-mm-pl","63":"pa_travel-path-2100-mm-pl","64":"pa_travel-path-2200-mm-pl","65":"pa_travel-path-2300-mm-pl","66":"pa_travel-path-2400-mm-pl","67":"pa_travel-path-400-mm-pl","68":"pa_travel-path-500-mm-pl","69":"pa_travel-path-600-mm-pl","70":"pa_travel-path-700-mm-pl","71":"pa_travel-path-800-mm-pl","72":"pa_travel-path-900-mm-pl","74":"first","75":"instock","76":"shipping-taxable","77":"purchasable","78":"product-type-variable","79":"entry","80":"content-bg","81":"loop-entry"},"yoast_head":"<!-- This site is optimized with the Yoast SEO plugin v27.4 - https:\/\/yoast.com\/product\/yoast-seo-wordpress\/ -->\n<title>Prowadnica teleskopowa SDDTS-50 | do 110 kg | Prowadnice teleskopowe Schock - SCHOCK Telescopic slides<\/title>\n<meta name=\"robots\" content=\"noindex, follow, max-snippet:-1, max-image-preview:large, max-video-preview:-1\" \/>\n<meta property=\"og:locale\" content=\"pl_PL\" \/>\n<meta property=\"og:type\" content=\"article\" \/>\n<meta property=\"og:title\" content=\"Prowadnica teleskopowa SDDTS-50 | do 110 kg | Prowadnice teleskopowe Schock - SCHOCK Telescopic slides\" \/>\n<meta property=\"og:description\" content=\"Przekr\u00f3j poprzeczny: 60 x 50 mm | D\u0142ugo\u015b\u0107: 200 do 1200 mm\" \/>\n<meta property=\"og:url\" content=\"https:\/\/pl.crmschock.com\/pl\/product\/prowadnica-teleskopowa-sddts-50-do-110-kg-prowadnice-teleskopowe-schock\/\" \/>\n<meta property=\"og:site_name\" content=\"SCHOCK Telescopic slides\" \/>\n<meta property=\"og:image\" content=\"https:\/\/pl.crmschock.com\/wp-content\/uploads\/2025\/04\/sddts50_0.jpg\" \/>\n\t<meta property=\"og:image:width\" content=\"1920\" \/>\n\t<meta property=\"og:image:height\" content=\"1200\" \/>\n\t<meta property=\"og:image:type\" content=\"image\/jpeg\" \/>\n<meta name=\"twitter:card\" content=\"summary_large_image\" \/>\n<meta name=\"twitter:label1\" content=\"Szacowany czas czytania\" \/>\n\t<meta name=\"twitter:data1\" content=\"1 minuta\" \/>\n<script type=\"application\/ld+json\" class=\"yoast-schema-graph\">{\"@context\":\"https:\\\/\\\/schema.org\",\"@graph\":[{\"@type\":\"WebPage\",\"@id\":\"https:\\\/\\\/pl.crmschock.com\\\/pl\\\/product\\\/prowadnica-teleskopowa-sddts-50-do-110-kg-prowadnice-teleskopowe-schock\\\/\",\"url\":\"https:\\\/\\\/pl.crmschock.com\\\/pl\\\/product\\\/prowadnica-teleskopowa-sddts-50-do-110-kg-prowadnice-teleskopowe-schock\\\/\",\"name\":\"Prowadnica teleskopowa SDDTS-50 | do 110 kg | Prowadnice teleskopowe Schock - SCHOCK Telescopic slides\",\"isPartOf\":{\"@id\":\"https:\\\/\\\/pl.crmschock.com\\\/#website\"},\"primaryImageOfPage\":{\"@id\":\"https:\\\/\\\/pl.crmschock.com\\\/pl\\\/product\\\/prowadnica-teleskopowa-sddts-50-do-110-kg-prowadnice-teleskopowe-schock\\\/#primaryimage\"},\"image\":{\"@id\":\"https:\\\/\\\/pl.crmschock.com\\\/pl\\\/product\\\/prowadnica-teleskopowa-sddts-50-do-110-kg-prowadnice-teleskopowe-schock\\\/#primaryimage\"},\"thumbnailUrl\":\"https:\\\/\\\/pl.crmschock.com\\\/wp-content\\\/uploads\\\/2025\\\/04\\\/sddts50_0.jpg\",\"datePublished\":\"2025-05-28T06:58:55+00:00\",\"breadcrumb\":{\"@id\":\"https:\\\/\\\/pl.crmschock.com\\\/pl\\\/product\\\/prowadnica-teleskopowa-sddts-50-do-110-kg-prowadnice-teleskopowe-schock\\\/#breadcrumb\"},\"inLanguage\":\"pl-PL\",\"potentialAction\":[{\"@type\":\"ReadAction\",\"target\":[\"https:\\\/\\\/pl.crmschock.com\\\/pl\\\/product\\\/prowadnica-teleskopowa-sddts-50-do-110-kg-prowadnice-teleskopowe-schock\\\/\"]}]},{\"@type\":\"ImageObject\",\"inLanguage\":\"pl-PL\",\"@id\":\"https:\\\/\\\/pl.crmschock.com\\\/pl\\\/product\\\/prowadnica-teleskopowa-sddts-50-do-110-kg-prowadnice-teleskopowe-schock\\\/#primaryimage\",\"url\":\"https:\\\/\\\/pl.crmschock.com\\\/wp-content\\\/uploads\\\/2025\\\/04\\\/sddts50_0.jpg\",\"contentUrl\":\"https:\\\/\\\/pl.crmschock.com\\\/wp-content\\\/uploads\\\/2025\\\/04\\\/sddts50_0.jpg\",\"width\":1920,\"height\":1200},{\"@type\":\"BreadcrumbList\",\"@id\":\"https:\\\/\\\/pl.crmschock.com\\\/pl\\\/product\\\/prowadnica-teleskopowa-sddts-50-do-110-kg-prowadnice-teleskopowe-schock\\\/#breadcrumb\",\"itemListElement\":[{\"@type\":\"ListItem\",\"position\":1,\"name\":\"Startseite\",\"item\":\"https:\\\/\\\/pl.crmschock.com\\\/pl\\\/\"},{\"@type\":\"ListItem\",\"position\":2,\"name\":\"All telescopic slides-shop-page\",\"item\":\"https:\\\/\\\/pl.crmschock.com\\\/?page_id=26839\"},{\"@type\":\"ListItem\",\"position\":3,\"name\":\"Prowadnica teleskopowa SDDTS-50 | do 110 kg | Prowadnice teleskopowe Schock\"}]},{\"@type\":\"WebSite\",\"@id\":\"https:\\\/\\\/pl.crmschock.com\\\/#website\",\"url\":\"https:\\\/\\\/pl.crmschock.com\\\/\",\"name\":\"SCHOCK Telescopic slides\",\"description\":\"Telescopic slides and linear guides from the manufacturer\",\"publisher\":{\"@id\":\"https:\\\/\\\/pl.crmschock.com\\\/#organization\"},\"potentialAction\":[{\"@type\":\"SearchAction\",\"target\":{\"@type\":\"EntryPoint\",\"urlTemplate\":\"https:\\\/\\\/pl.crmschock.com\\\/?s={search_term_string}\"},\"query-input\":{\"@type\":\"PropertyValueSpecification\",\"valueRequired\":true,\"valueName\":\"search_term_string\"}}],\"inLanguage\":\"pl-PL\"},{\"@type\":\"Organization\",\"@id\":\"https:\\\/\\\/pl.crmschock.com\\\/#organization\",\"name\":\"SCHOCK Telescopic slides\",\"url\":\"https:\\\/\\\/pl.crmschock.com\\\/\",\"logo\":{\"@type\":\"ImageObject\",\"inLanguage\":\"pl-PL\",\"@id\":\"https:\\\/\\\/pl.crmschock.com\\\/#\\\/schema\\\/logo\\\/image\\\/\",\"url\":\"https:\\\/\\\/pl.crmschock.com\\\/wp-content\\\/uploads\\\/2025\\\/09\\\/schock-telescopicslide-600-w.png\",\"contentUrl\":\"https:\\\/\\\/pl.crmschock.com\\\/wp-content\\\/uploads\\\/2025\\\/09\\\/schock-telescopicslide-600-w.png\",\"width\":600,\"height\":206,\"caption\":\"SCHOCK Telescopic slides\"},\"image\":{\"@id\":\"https:\\\/\\\/pl.crmschock.com\\\/#\\\/schema\\\/logo\\\/image\\\/\"}}]}<\/script>\n<!-- \/ Yoast SEO plugin. -->","yoast_head_json":{"title":"Prowadnica teleskopowa SDDTS-50 | do 110 kg | Prowadnice teleskopowe Schock - SCHOCK Telescopic slides","robots":{"index":"noindex","follow":"follow","max-snippet":"max-snippet:-1","max-image-preview":"max-image-preview:large","max-video-preview":"max-video-preview:-1"},"og_locale":"pl_PL","og_type":"article","og_title":"Prowadnica teleskopowa SDDTS-50 | do 110 kg | Prowadnice teleskopowe Schock - SCHOCK Telescopic slides","og_description":"Przekr\u00f3j poprzeczny: 60 x 50 mm | D\u0142ugo\u015b\u0107: 200 do 1200 mm","og_url":"https:\/\/pl.crmschock.com\/pl\/product\/prowadnica-teleskopowa-sddts-50-do-110-kg-prowadnice-teleskopowe-schock\/","og_site_name":"SCHOCK Telescopic slides","og_image":[{"width":1920,"height":1200,"url":"https:\/\/pl.crmschock.com\/wp-content\/uploads\/2025\/04\/sddts50_0.jpg","type":"image\/jpeg"}],"twitter_card":"summary_large_image","twitter_misc":{"Szacowany czas czytania":"1 minuta"},"schema":{"@context":"https:\/\/schema.org","@graph":[{"@type":"WebPage","@id":"https:\/\/pl.crmschock.com\/pl\/product\/prowadnica-teleskopowa-sddts-50-do-110-kg-prowadnice-teleskopowe-schock\/","url":"https:\/\/pl.crmschock.com\/pl\/product\/prowadnica-teleskopowa-sddts-50-do-110-kg-prowadnice-teleskopowe-schock\/","name":"Prowadnica teleskopowa SDDTS-50 | do 110 kg | Prowadnice teleskopowe Schock - SCHOCK Telescopic slides","isPartOf":{"@id":"https:\/\/pl.crmschock.com\/#website"},"primaryImageOfPage":{"@id":"https:\/\/pl.crmschock.com\/pl\/product\/prowadnica-teleskopowa-sddts-50-do-110-kg-prowadnice-teleskopowe-schock\/#primaryimage"},"image":{"@id":"https:\/\/pl.crmschock.com\/pl\/product\/prowadnica-teleskopowa-sddts-50-do-110-kg-prowadnice-teleskopowe-schock\/#primaryimage"},"thumbnailUrl":"https:\/\/pl.crmschock.com\/wp-content\/uploads\/2025\/04\/sddts50_0.jpg","datePublished":"2025-05-28T06:58:55+00:00","breadcrumb":{"@id":"https:\/\/pl.crmschock.com\/pl\/product\/prowadnica-teleskopowa-sddts-50-do-110-kg-prowadnice-teleskopowe-schock\/#breadcrumb"},"inLanguage":"pl-PL","potentialAction":[{"@type":"ReadAction","target":["https:\/\/pl.crmschock.com\/pl\/product\/prowadnica-teleskopowa-sddts-50-do-110-kg-prowadnice-teleskopowe-schock\/"]}]},{"@type":"ImageObject","inLanguage":"pl-PL","@id":"https:\/\/pl.crmschock.com\/pl\/product\/prowadnica-teleskopowa-sddts-50-do-110-kg-prowadnice-teleskopowe-schock\/#primaryimage","url":"https:\/\/pl.crmschock.com\/wp-content\/uploads\/2025\/04\/sddts50_0.jpg","contentUrl":"https:\/\/pl.crmschock.com\/wp-content\/uploads\/2025\/04\/sddts50_0.jpg","width":1920,"height":1200},{"@type":"BreadcrumbList","@id":"https:\/\/pl.crmschock.com\/pl\/product\/prowadnica-teleskopowa-sddts-50-do-110-kg-prowadnice-teleskopowe-schock\/#breadcrumb","itemListElement":[{"@type":"ListItem","position":1,"name":"Startseite","item":"https:\/\/pl.crmschock.com\/pl\/"},{"@type":"ListItem","position":2,"name":"All telescopic slides-shop-page","item":"https:\/\/pl.crmschock.com\/?page_id=26839"},{"@type":"ListItem","position":3,"name":"Prowadnica teleskopowa SDDTS-50 | do 110 kg | Prowadnice teleskopowe Schock"}]},{"@type":"WebSite","@id":"https:\/\/pl.crmschock.com\/#website","url":"https:\/\/pl.crmschock.com\/","name":"SCHOCK Telescopic slides","description":"Telescopic slides and linear guides from the manufacturer","publisher":{"@id":"https:\/\/pl.crmschock.com\/#organization"},"potentialAction":[{"@type":"SearchAction","target":{"@type":"EntryPoint","urlTemplate":"https:\/\/pl.crmschock.com\/?s={search_term_string}"},"query-input":{"@type":"PropertyValueSpecification","valueRequired":true,"valueName":"search_term_string"}}],"inLanguage":"pl-PL"},{"@type":"Organization","@id":"https:\/\/pl.crmschock.com\/#organization","name":"SCHOCK Telescopic slides","url":"https:\/\/pl.crmschock.com\/","logo":{"@type":"ImageObject","inLanguage":"pl-PL","@id":"https:\/\/pl.crmschock.com\/#\/schema\/logo\/image\/","url":"https:\/\/pl.crmschock.com\/wp-content\/uploads\/2025\/09\/schock-telescopicslide-600-w.png","contentUrl":"https:\/\/pl.crmschock.com\/wp-content\/uploads\/2025\/09\/schock-telescopicslide-600-w.png","width":600,"height":206,"caption":"SCHOCK Telescopic slides"},"image":{"@id":"https:\/\/pl.crmschock.com\/#\/schema\/logo\/image\/"}}]}},"_links":{"self":[{"href":"https:\/\/pl.crmschock.com\/pl\/wp-json\/wp\/v2\/product\/27470","targetHints":{"allow":["GET"]}}],"collection":[{"href":"https:\/\/pl.crmschock.com\/pl\/wp-json\/wp\/v2\/product"}],"about":[{"href":"https:\/\/pl.crmschock.com\/pl\/wp-json\/wp\/v2\/types\/product"}],"replies":[{"embeddable":true,"href":"https:\/\/pl.crmschock.com\/pl\/wp-json\/wp\/v2\/comments?post=27470"}],"wp:featuredmedia":[{"embeddable":true,"href":"https:\/\/pl.crmschock.com\/pl\/wp-json\/wp\/v2\/media\/22224"}],"wp:attachment":[{"href":"https:\/\/pl.crmschock.com\/pl\/wp-json\/wp\/v2\/media?parent=27470"}],"wp:term":[{"taxonomy":"product_brand","embeddable":true,"href":"https:\/\/pl.crmschock.com\/pl\/wp-json\/wp\/v2\/product_brand?post=27470"},{"taxonomy":"product_cat","embeddable":true,"href":"https:\/\/pl.crmschock.com\/pl\/wp-json\/wp\/v2\/product_cat?post=27470"},{"taxonomy":"product_tag","embeddable":true,"href":"https:\/\/pl.crmschock.com\/pl\/wp-json\/wp\/v2\/product_tag?post=27470"}],"curies":[{"name":"wp","href":"https:\/\/api.w.org\/{rel}","templated":true}]}}