{"id":27569,"date":"2025-05-28T08:58:39","date_gmt":"2025-05-28T06:58:39","guid":{"rendered":"https:\/\/pl.crmschock.com\/product\/prowadnica-teleskopowa-z-pelnym-wysuwem-sdtsb-70-do-480-kg-prowadnice-teleskopowe-schock\/"},"modified":"2025-09-25T11:42:51","modified_gmt":"2025-09-25T09:42:51","slug":"prowadnica-teleskopowa-z-pelnym-wysuwem-sdtsb-70-do-480-kg-prowadnice-teleskopowe-schock","status":"publish","type":"product","link":"https:\/\/pl.crmschock.com\/pl\/product\/prowadnica-teleskopowa-z-pelnym-wysuwem-sdtsb-70-do-480-kg-prowadnice-teleskopowe-schock\/","title":{"rendered":"Prowadnica teleskopowa z pe\u0142nym wysuwem SDTSB-70 | do 480 kg | Prowadnice teleskopowe Schock"},"content":{"rendered":"<p>Prowadnice teleskopowe z serii SDTSB oferuj\u0105 dwukierunkowy wysuw. Wykonanie element\u00f3w prowadz\u0105cych z litego materia\u0142u zapewnia tej prowadnicy wysok\u0105 sztywno\u015b\u0107, dzi\u0119ki czemu nadaje si\u0119 ona do wymagaj\u0105cych zastosowa\u0144. <\/p>\n<p><strong>Przed\u0142u\u017cenie:<\/strong> 100%, z mo\u017cliwo\u015bci\u0105 przed\u0142u\u017cenia po obu stronach<br \/>\n<strong>Materia\u0142:<\/strong> Stal nierdzewna 316L (1.4404)<br \/>\n<strong>D\u0142ugo\u015b\u0107:<\/strong> od 200 mm do 2000 mm<br \/>\n<strong>Przekr\u00f3j poprzeczny:<\/strong> 32 x 70 mm<br \/>\n<strong>Droga przed\u0142u\u017cenia:<\/strong> od 200 mm do 2000 mm<br \/>\n<strong>Ud\u017awig:<\/strong> do 480 kg\/para<br \/>\n<strong>Temperatura pracy:<\/strong> -40 do +200 C<\/p>\n<p>Prowadnice teleskopowe ze stali nierdzewnej serii SDTSB charakteryzuj\u0105 si\u0119 wysok\u0105 precyzj\u0105 i doskona\u0142\u0105 odporno\u015bci\u0105 na wstrz\u0105sy i wibracje. Ruchome belki dwuteowe sprawiaj\u0105, \u017ce prowadnice teleskopowe s\u0105 odporne na obci\u0105\u017cenia w stanie roz\u0142o\u017conym. Dwukierunkowy wysuw sprawia, \u017ce prowadnice te idealnie nadaj\u0105 si\u0119 do samochod\u00f3w ci\u0119\u017carowych, do kt\u00f3rych dost\u0119p jest ograniczony. Zastosowania obejmuj\u0105 wozy stra\u017cackie\/pojazdy ci\u0119\u017carowe i skrzynie akumulatorowe w poci\u0105gach. Zastosowanie stali nierdzewnej zapewnia odporno\u015b\u0107 na korozj\u0119.    <\/p>\n<p>Prowadnice teleskopowe z serii SDTSB s\u0105 wykonane bez \u017cadnych element\u00f3w z tworzywa sztucznego i dlatego nadaj\u0105 si\u0119 do u\u017cytku w ekstremalnych temperaturach. Ze wzgl\u0119du na zastosowane materia\u0142y, prowadnice te maj\u0105 nisk\u0105 sygnatur\u0119 elektromagnetyczn\u0105, co czyni je idealnymi do zastosowa\u0144 obronnych. Prowadnice teleskopowe SDTSB s\u0105 ograniczone do pr\u0119dko\u015bci roboczych &lt;0,3 m\/s. Dlatego nie zalecamy stosowania tych prowadnic do precyzyjnych robot\u00f3w typu pick-and-place lub szybkich wahad\u0142owc\u00f3w.   <\/p>\n<p><strong>Ud\u017awig:<\/strong><br \/>\nProwadnice teleskopowe oferuj\u0105 wysoki ud\u017awig i kompaktowe wymiary. Maksymalny ud\u017awig jest okre\u015blony dla w pe\u0142ni wysuni\u0119tych par prowadnic zainstalowanych w kierunku osi g\u0142\u00f3wnej, z obci\u0105\u017ceniem r\u00f3wnomiernie roz\u0142o\u017conym na wewn\u0119trznej prowadnicy. <\/p>\n<p><strong>Uwaga:<br \/>\nPoniewa\u017c te prowadnice teleskopowe s\u0105 wykonywane na zam\u00f3wienie, nie podlegaj\u0105 one zwrotom. Zje\u017cd\u017calnie s\u0105 bezpiecznie dostarczane w wysokiej jako\u015bci drewnianym opakowaniu. <\/strong><\/p>\n","protected":false},"excerpt":{"rendered":"<p>Przekr\u00f3j poprzeczny: 32 x 70 mm | D\u0142ugo\u015b\u0107: 200 do 2000 mm<\/p>\n","protected":false},"featured_media":22229,"comment_status":"open","ping_status":"closed","template":"","meta":{"_kadence_starter_templates_imported_post":false,"_kad_post_transparent":"","_kad_post_title":"","_kad_post_layout":"","_kad_post_sidebar_id":"","_kad_post_content_style":"","_kad_post_vertical_padding":"","_kad_post_feature":"","_kad_post_feature_position":"","_kad_post_header":false,"_kad_post_footer":false,"_kad_post_classname":""},"product_brand":[],"product_cat":[3740,3741],"product_tag":[],"class_list":{"0":"post-27569","1":"product","2":"type-product","3":"status-publish","4":"has-post-thumbnail","6":"product_cat-pelne-rozszerzenie","7":"product_cat-wytrzymalosc","8":"pa_cross-section-32-x-70-mm-pl","9":"pa_extract-type-pelne-rozszerzenie","10":"pa_load-capacity-160-kg-pl","11":"pa_load-capacity-165-kg-pl","12":"pa_load-capacity-175-kg-pl","13":"pa_load-capacity-180-kg-pl","14":"pa_load-capacity-185-kg-pl","15":"pa_load-capacity-190-kg-pl","16":"pa_load-capacity-195-kg-pl","17":"pa_load-capacity-200-kg-pl","18":"pa_load-capacity-205-kg-pl","19":"pa_load-capacity-210-kg-pl","20":"pa_load-capacity-220-kg-pl","21":"pa_load-capacity-230-kg-pl","22":"pa_load-capacity-240-kg-pl","23":"pa_load-capacity-250-kg-pl","24":"pa_load-capacity-260-kg-pl","25":"pa_load-capacity-270-kg-pl","26":"pa_load-capacity-280-kg-pl","27":"pa_load-capacity-290-kg-pl","28":"pa_load-capacity-300-kg-pl","29":"pa_load-capacity-310-kg-pl","30":"pa_load-capacity-320-kg-pl","31":"pa_load-capacity-340-kg-pl","32":"pa_load-capacity-360-kg-pl","33":"pa_load-capacity-380-kg-pl","34":"pa_load-capacity-400-kg-pl","35":"pa_load-capacity-410-kg-pl","36":"pa_load-capacity-420-kg-pl","37":"pa_load-capacity-430-kg-pl","38":"pa_load-capacity-440-kg-pl","39":"pa_load-capacity-450-kg-pl","40":"pa_load-capacity-460-kg-pl","41":"pa_load-capacity-470-kg-pl","42":"pa_load-capacity-480-kg-pl","43":"pa_material-stal-nierdzewna-1-4404-316l","44":"pa_slide-length-1000-mm-pl","45":"pa_slide-length-1050-mm-pl","46":"pa_slide-length-1100-mm-pl","47":"pa_slide-length-1150-mm-pl","48":"pa_slide-length-1200-mm-pl","49":"pa_slide-length-1250-mm-pl","50":"pa_slide-length-1300-mm-pl","51":"pa_slide-length-1350-mm-pl","52":"pa_slide-length-1400-mm-pl","53":"pa_slide-length-1450-mm-pl","54":"pa_slide-length-1500-mm-pl","55":"pa_slide-length-1550-mm-pl","56":"pa_slide-length-1600-mm-pl","57":"pa_slide-length-1650-mm-pl","58":"pa_slide-length-1700-mm-pl","59":"pa_slide-length-1750-mm-pl","60":"pa_slide-length-1800-mm-pl","61":"pa_slide-length-1850-mm-pl","62":"pa_slide-length-1900-mm-pl","63":"pa_slide-length-1950-mm-pl","64":"pa_slide-length-200-mm-pl","65":"pa_slide-length-2000-mm-pl","66":"pa_slide-length-250-mm-pl","67":"pa_slide-length-300-mm-pl","68":"pa_slide-length-350-mm-pl","69":"pa_slide-length-400-mm-pl","70":"pa_slide-length-450-mm-pl","71":"pa_slide-length-500-mm-pl","72":"pa_slide-length-550-mm-pl","73":"pa_slide-length-600-mm-pl","74":"pa_slide-length-650-mm-pl","75":"pa_slide-length-700-mm-pl","76":"pa_slide-length-750-mm-pl","77":"pa_slide-length-800-mm-pl","78":"pa_slide-length-850-mm-pl","79":"pa_slide-length-900-mm-pl","80":"pa_slide-length-950-mm-pl","81":"pa_travel-path-1000-mm-pl","82":"pa_travel-path-1050-mm-pl","83":"pa_travel-path-1100-mm-pl","84":"pa_travel-path-1150-mm-pl","85":"pa_travel-path-1200-mm-pl","86":"pa_travel-path-1250-mm-pl","87":"pa_travel-path-1300-mm-pl","88":"pa_travel-path-1350-mm-pl","89":"pa_travel-path-1400-mm-pl","90":"pa_travel-path-1450-mm-pl","91":"pa_travel-path-1500-mm-pl","92":"pa_travel-path-1550-mm-pl","93":"pa_travel-path-1600-mm-pl","94":"pa_travel-path-1650-mm-pl","95":"pa_travel-path-1700-mm-pl","96":"pa_travel-path-1750-mm-pl","97":"pa_travel-path-1800-mm-pl","98":"pa_travel-path-1850-mm-pl","99":"pa_travel-path-1900-mm-pl","100":"pa_travel-path-1950-mm-pl","101":"pa_travel-path-200-mm-pl","102":"pa_travel-path-2000-mm-pl","103":"pa_travel-path-250-mm-pl","104":"pa_travel-path-300-mm-pl","105":"pa_travel-path-350-mm-pl","106":"pa_travel-path-400-mm-pl","107":"pa_travel-path-450-mm-pl","108":"pa_travel-path-500-mm-pl","109":"pa_travel-path-550-mm-pl","110":"pa_travel-path-600-mm-pl","111":"pa_travel-path-650-mm-pl","112":"pa_travel-path-700-mm-pl","113":"pa_travel-path-750-mm-pl","114":"pa_travel-path-800-mm-pl","115":"pa_travel-path-850-mm-pl","116":"pa_travel-path-900-mm-pl","117":"pa_travel-path-950-mm-pl","119":"first","120":"instock","121":"shipping-taxable","122":"purchasable","123":"product-type-variable","124":"entry","125":"content-bg","126":"loop-entry"},"yoast_head":"<!-- This site is optimized with the Yoast SEO plugin v27.4 - https:\/\/yoast.com\/product\/yoast-seo-wordpress\/ -->\n<title>Prowadnica teleskopowa z pe\u0142nym wysuwem SDTSB-70 | do 480 kg | Prowadnice teleskopowe Schock - SCHOCK Telescopic slides<\/title>\n<meta name=\"robots\" content=\"noindex, follow, max-snippet:-1, max-image-preview:large, max-video-preview:-1\" \/>\n<meta property=\"og:locale\" content=\"pl_PL\" \/>\n<meta property=\"og:type\" content=\"article\" \/>\n<meta property=\"og:title\" content=\"Prowadnica teleskopowa z pe\u0142nym wysuwem SDTSB-70 | do 480 kg | Prowadnice teleskopowe Schock - SCHOCK Telescopic slides\" \/>\n<meta property=\"og:description\" content=\"Przekr\u00f3j poprzeczny: 32 x 70 mm | D\u0142ugo\u015b\u0107: 200 do 2000 mm\" \/>\n<meta property=\"og:url\" content=\"https:\/\/pl.crmschock.com\/pl\/product\/prowadnica-teleskopowa-z-pelnym-wysuwem-sdtsb-70-do-480-kg-prowadnice-teleskopowe-schock\/\" \/>\n<meta property=\"og:site_name\" content=\"SCHOCK Telescopic slides\" \/>\n<meta property=\"article:modified_time\" content=\"2025-09-25T09:42:51+00:00\" \/>\n<meta property=\"og:image\" content=\"https:\/\/pl.crmschock.com\/wp-content\/uploads\/2025\/04\/sdtsb70_0.jpg\" \/>\n\t<meta property=\"og:image:width\" content=\"1920\" \/>\n\t<meta property=\"og:image:height\" content=\"1200\" \/>\n\t<meta property=\"og:image:type\" content=\"image\/jpeg\" \/>\n<meta name=\"twitter:card\" content=\"summary_large_image\" \/>\n<meta name=\"twitter:label1\" content=\"Szacowany czas czytania\" \/>\n\t<meta name=\"twitter:data1\" content=\"2 minuty\" \/>\n<script type=\"application\/ld+json\" class=\"yoast-schema-graph\">{\"@context\":\"https:\\\/\\\/schema.org\",\"@graph\":[{\"@type\":\"WebPage\",\"@id\":\"https:\\\/\\\/pl.crmschock.com\\\/pl\\\/product\\\/prowadnica-teleskopowa-z-pelnym-wysuwem-sdtsb-70-do-480-kg-prowadnice-teleskopowe-schock\\\/\",\"url\":\"https:\\\/\\\/pl.crmschock.com\\\/pl\\\/product\\\/prowadnica-teleskopowa-z-pelnym-wysuwem-sdtsb-70-do-480-kg-prowadnice-teleskopowe-schock\\\/\",\"name\":\"Prowadnica teleskopowa z pe\u0142nym wysuwem SDTSB-70 | do 480 kg | Prowadnice teleskopowe Schock - SCHOCK Telescopic slides\",\"isPartOf\":{\"@id\":\"https:\\\/\\\/pl.crmschock.com\\\/#website\"},\"primaryImageOfPage\":{\"@id\":\"https:\\\/\\\/pl.crmschock.com\\\/pl\\\/product\\\/prowadnica-teleskopowa-z-pelnym-wysuwem-sdtsb-70-do-480-kg-prowadnice-teleskopowe-schock\\\/#primaryimage\"},\"image\":{\"@id\":\"https:\\\/\\\/pl.crmschock.com\\\/pl\\\/product\\\/prowadnica-teleskopowa-z-pelnym-wysuwem-sdtsb-70-do-480-kg-prowadnice-teleskopowe-schock\\\/#primaryimage\"},\"thumbnailUrl\":\"https:\\\/\\\/pl.crmschock.com\\\/wp-content\\\/uploads\\\/2025\\\/04\\\/sdtsb70_0.jpg\",\"datePublished\":\"2025-05-28T06:58:39+00:00\",\"dateModified\":\"2025-09-25T09:42:51+00:00\",\"breadcrumb\":{\"@id\":\"https:\\\/\\\/pl.crmschock.com\\\/pl\\\/product\\\/prowadnica-teleskopowa-z-pelnym-wysuwem-sdtsb-70-do-480-kg-prowadnice-teleskopowe-schock\\\/#breadcrumb\"},\"inLanguage\":\"pl-PL\",\"potentialAction\":[{\"@type\":\"ReadAction\",\"target\":[\"https:\\\/\\\/pl.crmschock.com\\\/pl\\\/product\\\/prowadnica-teleskopowa-z-pelnym-wysuwem-sdtsb-70-do-480-kg-prowadnice-teleskopowe-schock\\\/\"]}]},{\"@type\":\"ImageObject\",\"inLanguage\":\"pl-PL\",\"@id\":\"https:\\\/\\\/pl.crmschock.com\\\/pl\\\/product\\\/prowadnica-teleskopowa-z-pelnym-wysuwem-sdtsb-70-do-480-kg-prowadnice-teleskopowe-schock\\\/#primaryimage\",\"url\":\"https:\\\/\\\/pl.crmschock.com\\\/wp-content\\\/uploads\\\/2025\\\/04\\\/sdtsb70_0.jpg\",\"contentUrl\":\"https:\\\/\\\/pl.crmschock.com\\\/wp-content\\\/uploads\\\/2025\\\/04\\\/sdtsb70_0.jpg\",\"width\":1920,\"height\":1200},{\"@type\":\"BreadcrumbList\",\"@id\":\"https:\\\/\\\/pl.crmschock.com\\\/pl\\\/product\\\/prowadnica-teleskopowa-z-pelnym-wysuwem-sdtsb-70-do-480-kg-prowadnice-teleskopowe-schock\\\/#breadcrumb\",\"itemListElement\":[{\"@type\":\"ListItem\",\"position\":1,\"name\":\"Startseite\",\"item\":\"https:\\\/\\\/pl.crmschock.com\\\/pl\\\/\"},{\"@type\":\"ListItem\",\"position\":2,\"name\":\"All telescopic slides-shop-page\",\"item\":\"https:\\\/\\\/pl.crmschock.com\\\/?page_id=26839\"},{\"@type\":\"ListItem\",\"position\":3,\"name\":\"Prowadnica teleskopowa z pe\u0142nym wysuwem SDTSB-70 | do 480 kg | Prowadnice teleskopowe Schock\"}]},{\"@type\":\"WebSite\",\"@id\":\"https:\\\/\\\/pl.crmschock.com\\\/#website\",\"url\":\"https:\\\/\\\/pl.crmschock.com\\\/\",\"name\":\"SCHOCK Telescopic slides\",\"description\":\"Telescopic slides and linear guides from the manufacturer\",\"publisher\":{\"@id\":\"https:\\\/\\\/pl.crmschock.com\\\/#organization\"},\"potentialAction\":[{\"@type\":\"SearchAction\",\"target\":{\"@type\":\"EntryPoint\",\"urlTemplate\":\"https:\\\/\\\/pl.crmschock.com\\\/?s={search_term_string}\"},\"query-input\":{\"@type\":\"PropertyValueSpecification\",\"valueRequired\":true,\"valueName\":\"search_term_string\"}}],\"inLanguage\":\"pl-PL\"},{\"@type\":\"Organization\",\"@id\":\"https:\\\/\\\/pl.crmschock.com\\\/#organization\",\"name\":\"SCHOCK Telescopic slides\",\"url\":\"https:\\\/\\\/pl.crmschock.com\\\/\",\"logo\":{\"@type\":\"ImageObject\",\"inLanguage\":\"pl-PL\",\"@id\":\"https:\\\/\\\/pl.crmschock.com\\\/#\\\/schema\\\/logo\\\/image\\\/\",\"url\":\"https:\\\/\\\/pl.crmschock.com\\\/wp-content\\\/uploads\\\/2025\\\/09\\\/schock-telescopicslide-600-w.png\",\"contentUrl\":\"https:\\\/\\\/pl.crmschock.com\\\/wp-content\\\/uploads\\\/2025\\\/09\\\/schock-telescopicslide-600-w.png\",\"width\":600,\"height\":206,\"caption\":\"SCHOCK Telescopic slides\"},\"image\":{\"@id\":\"https:\\\/\\\/pl.crmschock.com\\\/#\\\/schema\\\/logo\\\/image\\\/\"}}]}<\/script>\n<!-- \/ Yoast SEO plugin. -->","yoast_head_json":{"title":"Prowadnica teleskopowa z pe\u0142nym wysuwem SDTSB-70 | do 480 kg | Prowadnice teleskopowe Schock - SCHOCK Telescopic slides","robots":{"index":"noindex","follow":"follow","max-snippet":"max-snippet:-1","max-image-preview":"max-image-preview:large","max-video-preview":"max-video-preview:-1"},"og_locale":"pl_PL","og_type":"article","og_title":"Prowadnica teleskopowa z pe\u0142nym wysuwem SDTSB-70 | do 480 kg | Prowadnice teleskopowe Schock - SCHOCK Telescopic slides","og_description":"Przekr\u00f3j poprzeczny: 32 x 70 mm | D\u0142ugo\u015b\u0107: 200 do 2000 mm","og_url":"https:\/\/pl.crmschock.com\/pl\/product\/prowadnica-teleskopowa-z-pelnym-wysuwem-sdtsb-70-do-480-kg-prowadnice-teleskopowe-schock\/","og_site_name":"SCHOCK Telescopic slides","article_modified_time":"2025-09-25T09:42:51+00:00","og_image":[{"width":1920,"height":1200,"url":"https:\/\/pl.crmschock.com\/wp-content\/uploads\/2025\/04\/sdtsb70_0.jpg","type":"image\/jpeg"}],"twitter_card":"summary_large_image","twitter_misc":{"Szacowany czas czytania":"2 minuty"},"schema":{"@context":"https:\/\/schema.org","@graph":[{"@type":"WebPage","@id":"https:\/\/pl.crmschock.com\/pl\/product\/prowadnica-teleskopowa-z-pelnym-wysuwem-sdtsb-70-do-480-kg-prowadnice-teleskopowe-schock\/","url":"https:\/\/pl.crmschock.com\/pl\/product\/prowadnica-teleskopowa-z-pelnym-wysuwem-sdtsb-70-do-480-kg-prowadnice-teleskopowe-schock\/","name":"Prowadnica teleskopowa z pe\u0142nym wysuwem SDTSB-70 | do 480 kg | Prowadnice teleskopowe Schock - SCHOCK Telescopic slides","isPartOf":{"@id":"https:\/\/pl.crmschock.com\/#website"},"primaryImageOfPage":{"@id":"https:\/\/pl.crmschock.com\/pl\/product\/prowadnica-teleskopowa-z-pelnym-wysuwem-sdtsb-70-do-480-kg-prowadnice-teleskopowe-schock\/#primaryimage"},"image":{"@id":"https:\/\/pl.crmschock.com\/pl\/product\/prowadnica-teleskopowa-z-pelnym-wysuwem-sdtsb-70-do-480-kg-prowadnice-teleskopowe-schock\/#primaryimage"},"thumbnailUrl":"https:\/\/pl.crmschock.com\/wp-content\/uploads\/2025\/04\/sdtsb70_0.jpg","datePublished":"2025-05-28T06:58:39+00:00","dateModified":"2025-09-25T09:42:51+00:00","breadcrumb":{"@id":"https:\/\/pl.crmschock.com\/pl\/product\/prowadnica-teleskopowa-z-pelnym-wysuwem-sdtsb-70-do-480-kg-prowadnice-teleskopowe-schock\/#breadcrumb"},"inLanguage":"pl-PL","potentialAction":[{"@type":"ReadAction","target":["https:\/\/pl.crmschock.com\/pl\/product\/prowadnica-teleskopowa-z-pelnym-wysuwem-sdtsb-70-do-480-kg-prowadnice-teleskopowe-schock\/"]}]},{"@type":"ImageObject","inLanguage":"pl-PL","@id":"https:\/\/pl.crmschock.com\/pl\/product\/prowadnica-teleskopowa-z-pelnym-wysuwem-sdtsb-70-do-480-kg-prowadnice-teleskopowe-schock\/#primaryimage","url":"https:\/\/pl.crmschock.com\/wp-content\/uploads\/2025\/04\/sdtsb70_0.jpg","contentUrl":"https:\/\/pl.crmschock.com\/wp-content\/uploads\/2025\/04\/sdtsb70_0.jpg","width":1920,"height":1200},{"@type":"BreadcrumbList","@id":"https:\/\/pl.crmschock.com\/pl\/product\/prowadnica-teleskopowa-z-pelnym-wysuwem-sdtsb-70-do-480-kg-prowadnice-teleskopowe-schock\/#breadcrumb","itemListElement":[{"@type":"ListItem","position":1,"name":"Startseite","item":"https:\/\/pl.crmschock.com\/pl\/"},{"@type":"ListItem","position":2,"name":"All telescopic slides-shop-page","item":"https:\/\/pl.crmschock.com\/?page_id=26839"},{"@type":"ListItem","position":3,"name":"Prowadnica teleskopowa z pe\u0142nym wysuwem SDTSB-70 | do 480 kg | Prowadnice teleskopowe Schock"}]},{"@type":"WebSite","@id":"https:\/\/pl.crmschock.com\/#website","url":"https:\/\/pl.crmschock.com\/","name":"SCHOCK Telescopic slides","description":"Telescopic slides and linear guides from the manufacturer","publisher":{"@id":"https:\/\/pl.crmschock.com\/#organization"},"potentialAction":[{"@type":"SearchAction","target":{"@type":"EntryPoint","urlTemplate":"https:\/\/pl.crmschock.com\/?s={search_term_string}"},"query-input":{"@type":"PropertyValueSpecification","valueRequired":true,"valueName":"search_term_string"}}],"inLanguage":"pl-PL"},{"@type":"Organization","@id":"https:\/\/pl.crmschock.com\/#organization","name":"SCHOCK Telescopic slides","url":"https:\/\/pl.crmschock.com\/","logo":{"@type":"ImageObject","inLanguage":"pl-PL","@id":"https:\/\/pl.crmschock.com\/#\/schema\/logo\/image\/","url":"https:\/\/pl.crmschock.com\/wp-content\/uploads\/2025\/09\/schock-telescopicslide-600-w.png","contentUrl":"https:\/\/pl.crmschock.com\/wp-content\/uploads\/2025\/09\/schock-telescopicslide-600-w.png","width":600,"height":206,"caption":"SCHOCK Telescopic slides"},"image":{"@id":"https:\/\/pl.crmschock.com\/#\/schema\/logo\/image\/"}}]}},"_links":{"self":[{"href":"https:\/\/pl.crmschock.com\/pl\/wp-json\/wp\/v2\/product\/27569","targetHints":{"allow":["GET"]}}],"collection":[{"href":"https:\/\/pl.crmschock.com\/pl\/wp-json\/wp\/v2\/product"}],"about":[{"href":"https:\/\/pl.crmschock.com\/pl\/wp-json\/wp\/v2\/types\/product"}],"replies":[{"embeddable":true,"href":"https:\/\/pl.crmschock.com\/pl\/wp-json\/wp\/v2\/comments?post=27569"}],"wp:featuredmedia":[{"embeddable":true,"href":"https:\/\/pl.crmschock.com\/pl\/wp-json\/wp\/v2\/media\/22229"}],"wp:attachment":[{"href":"https:\/\/pl.crmschock.com\/pl\/wp-json\/wp\/v2\/media?parent=27569"}],"wp:term":[{"taxonomy":"product_brand","embeddable":true,"href":"https:\/\/pl.crmschock.com\/pl\/wp-json\/wp\/v2\/product_brand?post=27569"},{"taxonomy":"product_cat","embeddable":true,"href":"https:\/\/pl.crmschock.com\/pl\/wp-json\/wp\/v2\/product_cat?post=27569"},{"taxonomy":"product_tag","embeddable":true,"href":"https:\/\/pl.crmschock.com\/pl\/wp-json\/wp\/v2\/product_tag?post=27569"}],"curies":[{"name":"wp","href":"https:\/\/api.w.org\/{rel}","templated":true}]}}