{"id":27661,"date":"2025-05-28T08:58:29","date_gmt":"2025-05-28T06:58:29","guid":{"rendered":"https:\/\/pl.crmschock.com\/product\/prowadnica-teleskopowa-z-pelnym-wysuwem-sdtsb-50-do-154-kg-prowadnice-teleskopowe-schock\/"},"modified":"2025-05-28T08:58:29","modified_gmt":"2025-05-28T06:58:29","slug":"prowadnica-teleskopowa-z-pelnym-wysuwem-sdtsb-50-do-154-kg-prowadnice-teleskopowe-schock","status":"publish","type":"product","link":"https:\/\/pl.crmschock.com\/pl\/product\/prowadnica-teleskopowa-z-pelnym-wysuwem-sdtsb-50-do-154-kg-prowadnice-teleskopowe-schock\/","title":{"rendered":"Prowadnica teleskopowa z pe\u0142nym wysuwem SDTSB-50 | do 154 kg | Prowadnice teleskopowe Schock"},"content":{"rendered":"<h2>Seria SDTSB-50 z pe\u0142nym przed\u0142u\u017ceniem<\/h2>\n<p>SDTSB-50 oferuje pe\u0142ny wysuw zar\u00f3wno do przodu, jak i do ty\u0142u. Jest to mo\u017cliwe dzi\u0119ki wewn\u0119trznemu mechanizmowi ko\u0142ysz\u0105cemu, kt\u00f3ry zwalnia ka\u017cdy uchwyt po kolei. Idealny do ci\u0105g\u0142ych szuflad, do kt\u00f3rych dost\u0119p z obu stron mo\u017ce by\u0107 ograniczony.  <\/p>\n<h3>Szczeg\u00f3\u0142y techniczne<\/h3>\n<ul>\n<li><strong>Przed\u0142u\u017cenie:<\/strong> 100%, z mo\u017cliwo\u015bci\u0105 przed\u0142u\u017cenia po obu stronach<\/li>\n<li><strong>Materia\u0142:<\/strong> Stal nierdzewna 316L (1.4404)<\/li>\n<li><strong>D\u0142ugo\u015b\u0107:<\/strong> od 200 mm do 1600 mm<\/li>\n<li><strong>Przekr\u00f3j:<\/strong> 24 x 40 mm<\/li>\n<li><strong>Droga przed\u0142u\u017cenia:<\/strong> od 200 mm do 1600 mm<\/li>\n<li><strong>Ud\u017awig:<\/strong> do 154 kg\/para<\/li>\n<li><strong>Temperatura pracy:<\/strong> -40 do +200 C<\/li>\n<\/ul>\n<h3>Cechy<\/h3>\n<p>Prowadnice teleskopowe ze stali nierdzewnej serii SDTSB charakteryzuj\u0105 si\u0119 wysok\u0105 precyzj\u0105 i doskona\u0142\u0105 odporno\u015bci\u0105 na wstrz\u0105sy i wibracje. Ruchome belki dwuteowe sprawiaj\u0105, \u017ce prowadnice s\u0105 odporne na obci\u0105\u017cenia w stanie roz\u0142o\u017conym. <\/p>\n<p>Zje\u017cd\u017calnie idealnie nadaj\u0105 si\u0119 do samochod\u00f3w ci\u0119\u017carowych, magazyn\u00f3w przybrze\u017cnych i pojazd\u00f3w wojskowych. Materia\u0142 zapewnia odporno\u015b\u0107 na korozj\u0119. Ich konstrukcja bez element\u00f3w z tworzywa sztucznego sprawia, \u017ce nadaj\u0105 si\u0119 r\u00f3wnie\u017c do pracy w ekstremalnych temperaturach.  <\/p>\n<p>Prowadnice SDTSB maj\u0105 nisk\u0105 sygnatur\u0119 elektromagnetyczn\u0105 i nadaj\u0105 si\u0119 do zastosowa\u0144 obronnych. Ich pr\u0119dko\u015b\u0107 robocza jest ograniczona do &lt;0,3 m\/s, wi\u0119c nie s\u0105 zalecane do zastosowa\u0144 wymagaj\u0105cych du\u017cej pr\u0119dko\u015bci lub pick-and-place. <\/p>\n<h3>Materia\u0142<\/h3>\n<p>Prowadnice wykonane s\u0105 z obrabianej maszynowo stali nierdzewnej 316L. Koszyki i \u0142o\u017cyska kulkowe s\u0105 r\u00f3wnie\u017c wykonane ze stali nierdzewnej 316\/316L. Pojedyncza prowadnica SDTSB-50 wa\u017cy 8,74 kg na metr.  <\/p>\n<h3>Uwaga<\/h3>\n<p>Poniewa\u017c prowadnice teleskopowe s\u0105 wykonywane na zam\u00f3wienie, nie podlegaj\u0105 one zwrotom. Zje\u017cd\u017calnie s\u0105 bezpiecznie dostarczane w wysokiej jako\u015bci drewnianym opakowaniu. <\/p>\n","protected":false},"excerpt":{"rendered":"<p>Przekr\u00f3j poprzeczny: 30 x 50 mm | D\u0142ugo\u015b\u0107: 200 do 1600 mm<\/p>\n","protected":false},"featured_media":22231,"comment_status":"open","ping_status":"closed","template":"","meta":{"_kadence_starter_templates_imported_post":false,"_kad_post_transparent":"","_kad_post_title":"","_kad_post_layout":"","_kad_post_sidebar_id":"","_kad_post_content_style":"","_kad_post_vertical_padding":"","_kad_post_feature":"","_kad_post_feature_position":"","_kad_post_header":false,"_kad_post_footer":false,"_kad_post_classname":""},"product_brand":[],"product_cat":[3740,3741],"product_tag":[],"class_list":{"0":"post-27661","1":"product","2":"type-product","3":"status-publish","4":"has-post-thumbnail","6":"product_cat-pelne-rozszerzenie","7":"product_cat-wytrzymalosc","8":"pa_cross-section-30-x-50-mm-pl","9":"pa_extract-type-pelne-rozszerzenie","10":"pa_load-capacity-120-kg-pl","11":"pa_load-capacity-125-kg-pl","12":"pa_load-capacity-130-kg-pl","13":"pa_load-capacity-135-kg-pl","14":"pa_load-capacity-140-kg-pl","15":"pa_load-capacity-145-kg-pl","16":"pa_load-capacity-150-kg-pl","17":"pa_load-capacity-155-kg-pl","18":"pa_load-capacity-160-kg-pl","19":"pa_load-capacity-165-kg-pl","20":"pa_load-capacity-170-kg-pl","21":"pa_load-capacity-175-kg-pl","22":"pa_load-capacity-180-kg-pl","23":"pa_load-capacity-190-kg-pl","24":"pa_load-capacity-200-kg-pl","25":"pa_load-capacity-210-kg-pl","26":"pa_load-capacity-220-kg-pl","27":"pa_load-capacity-230-kg-pl","28":"pa_load-capacity-240-kg-pl","29":"pa_load-capacity-250-kg-pl","30":"pa_load-capacity-260-kg-pl","31":"pa_load-capacity-270-kg-pl","32":"pa_load-capacity-280-kg-pl","33":"pa_material-stal-nierdzewna-1-4404-316l","34":"pa_slide-length-1000-mm-pl","35":"pa_slide-length-1050-mm-pl","36":"pa_slide-length-1100-mm-pl","37":"pa_slide-length-1150-mm-pl","38":"pa_slide-length-1200-mm-pl","39":"pa_slide-length-1250-mm-pl","40":"pa_slide-length-1300-mm-pl","41":"pa_slide-length-1350-mm-pl","42":"pa_slide-length-1400-mm-pl","43":"pa_slide-length-1450-mm-pl","44":"pa_slide-length-1500-mm-pl","45":"pa_slide-length-1550-mm-pl","46":"pa_slide-length-1600-mm-pl","47":"pa_slide-length-200-mm-pl","48":"pa_slide-length-250-mm-pl","49":"pa_slide-length-300-mm-pl","50":"pa_slide-length-350-mm-pl","51":"pa_slide-length-400-mm-pl","52":"pa_slide-length-450-mm-pl","53":"pa_slide-length-500-mm-pl","54":"pa_slide-length-550-mm-pl","55":"pa_slide-length-600-mm-pl","56":"pa_slide-length-650-mm-pl","57":"pa_slide-length-700-mm-pl","58":"pa_slide-length-750-mm-pl","59":"pa_slide-length-800-mm-pl","60":"pa_slide-length-850-mm-pl","61":"pa_slide-length-900-mm-pl","62":"pa_slide-length-950-mm-pl","63":"pa_travel-path-1000-mm-pl","64":"pa_travel-path-1050-mm-pl","65":"pa_travel-path-1100-mm-pl","66":"pa_travel-path-1150-mm-pl","67":"pa_travel-path-1200-mm-pl","68":"pa_travel-path-1250-mm-pl","69":"pa_travel-path-1300-mm-pl","70":"pa_travel-path-1350-mm-pl","71":"pa_travel-path-1400-mm-pl","72":"pa_travel-path-1450-mm-pl","73":"pa_travel-path-1500-mm-pl","74":"pa_travel-path-1550-mm-pl","75":"pa_travel-path-1600-mm-pl","76":"pa_travel-path-200-mm-pl","77":"pa_travel-path-250-mm-pl","78":"pa_travel-path-300-mm-pl","79":"pa_travel-path-350-mm-pl","80":"pa_travel-path-400-mm-pl","81":"pa_travel-path-450-mm-pl","82":"pa_travel-path-500-mm-pl","83":"pa_travel-path-550-mm-pl","84":"pa_travel-path-600-mm-pl","85":"pa_travel-path-650-mm-pl","86":"pa_travel-path-700-mm-pl","87":"pa_travel-path-750-mm-pl","88":"pa_travel-path-800-mm-pl","89":"pa_travel-path-850-mm-pl","90":"pa_travel-path-900-mm-pl","91":"pa_travel-path-950-mm-pl","93":"first","94":"instock","95":"shipping-taxable","96":"purchasable","97":"product-type-variable","98":"entry","99":"content-bg","100":"loop-entry"},"yoast_head":"<!-- This site is optimized with the Yoast SEO plugin v27.4 - https:\/\/yoast.com\/product\/yoast-seo-wordpress\/ -->\n<title>Prowadnica teleskopowa z pe\u0142nym wysuwem SDTSB-50 | do 154 kg | Prowadnice teleskopowe Schock - SCHOCK Telescopic slides<\/title>\n<meta name=\"robots\" content=\"noindex, follow, max-snippet:-1, max-image-preview:large, max-video-preview:-1\" \/>\n<meta property=\"og:locale\" content=\"pl_PL\" \/>\n<meta property=\"og:type\" content=\"article\" \/>\n<meta property=\"og:title\" content=\"Prowadnica teleskopowa z pe\u0142nym wysuwem SDTSB-50 | do 154 kg | Prowadnice teleskopowe Schock - SCHOCK Telescopic slides\" \/>\n<meta property=\"og:description\" content=\"Przekr\u00f3j poprzeczny: 30 x 50 mm | D\u0142ugo\u015b\u0107: 200 do 1600 mm\" \/>\n<meta property=\"og:url\" content=\"https:\/\/pl.crmschock.com\/pl\/product\/prowadnica-teleskopowa-z-pelnym-wysuwem-sdtsb-50-do-154-kg-prowadnice-teleskopowe-schock\/\" \/>\n<meta property=\"og:site_name\" content=\"SCHOCK Telescopic slides\" \/>\n<meta property=\"og:image\" content=\"https:\/\/pl.crmschock.com\/wp-content\/uploads\/2025\/04\/sdtsb50_0.jpg\" \/>\n\t<meta property=\"og:image:width\" content=\"1920\" \/>\n\t<meta property=\"og:image:height\" content=\"1200\" \/>\n\t<meta property=\"og:image:type\" content=\"image\/jpeg\" \/>\n<meta name=\"twitter:card\" content=\"summary_large_image\" \/>\n<meta name=\"twitter:label1\" content=\"Szacowany czas czytania\" \/>\n\t<meta name=\"twitter:data1\" content=\"1 minuta\" \/>\n<script type=\"application\/ld+json\" class=\"yoast-schema-graph\">{\"@context\":\"https:\\\/\\\/schema.org\",\"@graph\":[{\"@type\":\"WebPage\",\"@id\":\"https:\\\/\\\/pl.crmschock.com\\\/pl\\\/product\\\/prowadnica-teleskopowa-z-pelnym-wysuwem-sdtsb-50-do-154-kg-prowadnice-teleskopowe-schock\\\/\",\"url\":\"https:\\\/\\\/pl.crmschock.com\\\/pl\\\/product\\\/prowadnica-teleskopowa-z-pelnym-wysuwem-sdtsb-50-do-154-kg-prowadnice-teleskopowe-schock\\\/\",\"name\":\"Prowadnica teleskopowa z pe\u0142nym wysuwem SDTSB-50 | do 154 kg | Prowadnice teleskopowe Schock - SCHOCK Telescopic slides\",\"isPartOf\":{\"@id\":\"https:\\\/\\\/pl.crmschock.com\\\/#website\"},\"primaryImageOfPage\":{\"@id\":\"https:\\\/\\\/pl.crmschock.com\\\/pl\\\/product\\\/prowadnica-teleskopowa-z-pelnym-wysuwem-sdtsb-50-do-154-kg-prowadnice-teleskopowe-schock\\\/#primaryimage\"},\"image\":{\"@id\":\"https:\\\/\\\/pl.crmschock.com\\\/pl\\\/product\\\/prowadnica-teleskopowa-z-pelnym-wysuwem-sdtsb-50-do-154-kg-prowadnice-teleskopowe-schock\\\/#primaryimage\"},\"thumbnailUrl\":\"https:\\\/\\\/pl.crmschock.com\\\/wp-content\\\/uploads\\\/2025\\\/04\\\/sdtsb50_0.jpg\",\"datePublished\":\"2025-05-28T06:58:29+00:00\",\"breadcrumb\":{\"@id\":\"https:\\\/\\\/pl.crmschock.com\\\/pl\\\/product\\\/prowadnica-teleskopowa-z-pelnym-wysuwem-sdtsb-50-do-154-kg-prowadnice-teleskopowe-schock\\\/#breadcrumb\"},\"inLanguage\":\"pl-PL\",\"potentialAction\":[{\"@type\":\"ReadAction\",\"target\":[\"https:\\\/\\\/pl.crmschock.com\\\/pl\\\/product\\\/prowadnica-teleskopowa-z-pelnym-wysuwem-sdtsb-50-do-154-kg-prowadnice-teleskopowe-schock\\\/\"]}]},{\"@type\":\"ImageObject\",\"inLanguage\":\"pl-PL\",\"@id\":\"https:\\\/\\\/pl.crmschock.com\\\/pl\\\/product\\\/prowadnica-teleskopowa-z-pelnym-wysuwem-sdtsb-50-do-154-kg-prowadnice-teleskopowe-schock\\\/#primaryimage\",\"url\":\"https:\\\/\\\/pl.crmschock.com\\\/wp-content\\\/uploads\\\/2025\\\/04\\\/sdtsb50_0.jpg\",\"contentUrl\":\"https:\\\/\\\/pl.crmschock.com\\\/wp-content\\\/uploads\\\/2025\\\/04\\\/sdtsb50_0.jpg\",\"width\":1920,\"height\":1200},{\"@type\":\"BreadcrumbList\",\"@id\":\"https:\\\/\\\/pl.crmschock.com\\\/pl\\\/product\\\/prowadnica-teleskopowa-z-pelnym-wysuwem-sdtsb-50-do-154-kg-prowadnice-teleskopowe-schock\\\/#breadcrumb\",\"itemListElement\":[{\"@type\":\"ListItem\",\"position\":1,\"name\":\"Startseite\",\"item\":\"https:\\\/\\\/pl.crmschock.com\\\/pl\\\/\"},{\"@type\":\"ListItem\",\"position\":2,\"name\":\"All telescopic slides-shop-page\",\"item\":\"https:\\\/\\\/pl.crmschock.com\\\/?page_id=26839\"},{\"@type\":\"ListItem\",\"position\":3,\"name\":\"Prowadnica teleskopowa z pe\u0142nym wysuwem SDTSB-50 | do 154 kg | Prowadnice teleskopowe Schock\"}]},{\"@type\":\"WebSite\",\"@id\":\"https:\\\/\\\/pl.crmschock.com\\\/#website\",\"url\":\"https:\\\/\\\/pl.crmschock.com\\\/\",\"name\":\"SCHOCK Telescopic slides\",\"description\":\"Telescopic slides and linear guides from the manufacturer\",\"publisher\":{\"@id\":\"https:\\\/\\\/pl.crmschock.com\\\/#organization\"},\"potentialAction\":[{\"@type\":\"SearchAction\",\"target\":{\"@type\":\"EntryPoint\",\"urlTemplate\":\"https:\\\/\\\/pl.crmschock.com\\\/?s={search_term_string}\"},\"query-input\":{\"@type\":\"PropertyValueSpecification\",\"valueRequired\":true,\"valueName\":\"search_term_string\"}}],\"inLanguage\":\"pl-PL\"},{\"@type\":\"Organization\",\"@id\":\"https:\\\/\\\/pl.crmschock.com\\\/#organization\",\"name\":\"SCHOCK Telescopic slides\",\"url\":\"https:\\\/\\\/pl.crmschock.com\\\/\",\"logo\":{\"@type\":\"ImageObject\",\"inLanguage\":\"pl-PL\",\"@id\":\"https:\\\/\\\/pl.crmschock.com\\\/#\\\/schema\\\/logo\\\/image\\\/\",\"url\":\"https:\\\/\\\/pl.crmschock.com\\\/wp-content\\\/uploads\\\/2025\\\/09\\\/schock-telescopicslide-600-w.png\",\"contentUrl\":\"https:\\\/\\\/pl.crmschock.com\\\/wp-content\\\/uploads\\\/2025\\\/09\\\/schock-telescopicslide-600-w.png\",\"width\":600,\"height\":206,\"caption\":\"SCHOCK Telescopic slides\"},\"image\":{\"@id\":\"https:\\\/\\\/pl.crmschock.com\\\/#\\\/schema\\\/logo\\\/image\\\/\"}}]}<\/script>\n<!-- \/ Yoast SEO plugin. -->","yoast_head_json":{"title":"Prowadnica teleskopowa z pe\u0142nym wysuwem SDTSB-50 | do 154 kg | Prowadnice teleskopowe Schock - SCHOCK Telescopic slides","robots":{"index":"noindex","follow":"follow","max-snippet":"max-snippet:-1","max-image-preview":"max-image-preview:large","max-video-preview":"max-video-preview:-1"},"og_locale":"pl_PL","og_type":"article","og_title":"Prowadnica teleskopowa z pe\u0142nym wysuwem SDTSB-50 | do 154 kg | Prowadnice teleskopowe Schock - SCHOCK Telescopic slides","og_description":"Przekr\u00f3j poprzeczny: 30 x 50 mm | D\u0142ugo\u015b\u0107: 200 do 1600 mm","og_url":"https:\/\/pl.crmschock.com\/pl\/product\/prowadnica-teleskopowa-z-pelnym-wysuwem-sdtsb-50-do-154-kg-prowadnice-teleskopowe-schock\/","og_site_name":"SCHOCK Telescopic slides","og_image":[{"width":1920,"height":1200,"url":"https:\/\/pl.crmschock.com\/wp-content\/uploads\/2025\/04\/sdtsb50_0.jpg","type":"image\/jpeg"}],"twitter_card":"summary_large_image","twitter_misc":{"Szacowany czas czytania":"1 minuta"},"schema":{"@context":"https:\/\/schema.org","@graph":[{"@type":"WebPage","@id":"https:\/\/pl.crmschock.com\/pl\/product\/prowadnica-teleskopowa-z-pelnym-wysuwem-sdtsb-50-do-154-kg-prowadnice-teleskopowe-schock\/","url":"https:\/\/pl.crmschock.com\/pl\/product\/prowadnica-teleskopowa-z-pelnym-wysuwem-sdtsb-50-do-154-kg-prowadnice-teleskopowe-schock\/","name":"Prowadnica teleskopowa z pe\u0142nym wysuwem SDTSB-50 | do 154 kg | Prowadnice teleskopowe Schock - SCHOCK Telescopic slides","isPartOf":{"@id":"https:\/\/pl.crmschock.com\/#website"},"primaryImageOfPage":{"@id":"https:\/\/pl.crmschock.com\/pl\/product\/prowadnica-teleskopowa-z-pelnym-wysuwem-sdtsb-50-do-154-kg-prowadnice-teleskopowe-schock\/#primaryimage"},"image":{"@id":"https:\/\/pl.crmschock.com\/pl\/product\/prowadnica-teleskopowa-z-pelnym-wysuwem-sdtsb-50-do-154-kg-prowadnice-teleskopowe-schock\/#primaryimage"},"thumbnailUrl":"https:\/\/pl.crmschock.com\/wp-content\/uploads\/2025\/04\/sdtsb50_0.jpg","datePublished":"2025-05-28T06:58:29+00:00","breadcrumb":{"@id":"https:\/\/pl.crmschock.com\/pl\/product\/prowadnica-teleskopowa-z-pelnym-wysuwem-sdtsb-50-do-154-kg-prowadnice-teleskopowe-schock\/#breadcrumb"},"inLanguage":"pl-PL","potentialAction":[{"@type":"ReadAction","target":["https:\/\/pl.crmschock.com\/pl\/product\/prowadnica-teleskopowa-z-pelnym-wysuwem-sdtsb-50-do-154-kg-prowadnice-teleskopowe-schock\/"]}]},{"@type":"ImageObject","inLanguage":"pl-PL","@id":"https:\/\/pl.crmschock.com\/pl\/product\/prowadnica-teleskopowa-z-pelnym-wysuwem-sdtsb-50-do-154-kg-prowadnice-teleskopowe-schock\/#primaryimage","url":"https:\/\/pl.crmschock.com\/wp-content\/uploads\/2025\/04\/sdtsb50_0.jpg","contentUrl":"https:\/\/pl.crmschock.com\/wp-content\/uploads\/2025\/04\/sdtsb50_0.jpg","width":1920,"height":1200},{"@type":"BreadcrumbList","@id":"https:\/\/pl.crmschock.com\/pl\/product\/prowadnica-teleskopowa-z-pelnym-wysuwem-sdtsb-50-do-154-kg-prowadnice-teleskopowe-schock\/#breadcrumb","itemListElement":[{"@type":"ListItem","position":1,"name":"Startseite","item":"https:\/\/pl.crmschock.com\/pl\/"},{"@type":"ListItem","position":2,"name":"All telescopic slides-shop-page","item":"https:\/\/pl.crmschock.com\/?page_id=26839"},{"@type":"ListItem","position":3,"name":"Prowadnica teleskopowa z pe\u0142nym wysuwem SDTSB-50 | do 154 kg | Prowadnice teleskopowe Schock"}]},{"@type":"WebSite","@id":"https:\/\/pl.crmschock.com\/#website","url":"https:\/\/pl.crmschock.com\/","name":"SCHOCK Telescopic slides","description":"Telescopic slides and linear guides from the manufacturer","publisher":{"@id":"https:\/\/pl.crmschock.com\/#organization"},"potentialAction":[{"@type":"SearchAction","target":{"@type":"EntryPoint","urlTemplate":"https:\/\/pl.crmschock.com\/?s={search_term_string}"},"query-input":{"@type":"PropertyValueSpecification","valueRequired":true,"valueName":"search_term_string"}}],"inLanguage":"pl-PL"},{"@type":"Organization","@id":"https:\/\/pl.crmschock.com\/#organization","name":"SCHOCK Telescopic slides","url":"https:\/\/pl.crmschock.com\/","logo":{"@type":"ImageObject","inLanguage":"pl-PL","@id":"https:\/\/pl.crmschock.com\/#\/schema\/logo\/image\/","url":"https:\/\/pl.crmschock.com\/wp-content\/uploads\/2025\/09\/schock-telescopicslide-600-w.png","contentUrl":"https:\/\/pl.crmschock.com\/wp-content\/uploads\/2025\/09\/schock-telescopicslide-600-w.png","width":600,"height":206,"caption":"SCHOCK Telescopic slides"},"image":{"@id":"https:\/\/pl.crmschock.com\/#\/schema\/logo\/image\/"}}]}},"_links":{"self":[{"href":"https:\/\/pl.crmschock.com\/pl\/wp-json\/wp\/v2\/product\/27661","targetHints":{"allow":["GET"]}}],"collection":[{"href":"https:\/\/pl.crmschock.com\/pl\/wp-json\/wp\/v2\/product"}],"about":[{"href":"https:\/\/pl.crmschock.com\/pl\/wp-json\/wp\/v2\/types\/product"}],"replies":[{"embeddable":true,"href":"https:\/\/pl.crmschock.com\/pl\/wp-json\/wp\/v2\/comments?post=27661"}],"wp:featuredmedia":[{"embeddable":true,"href":"https:\/\/pl.crmschock.com\/pl\/wp-json\/wp\/v2\/media\/22231"}],"wp:attachment":[{"href":"https:\/\/pl.crmschock.com\/pl\/wp-json\/wp\/v2\/media?parent=27661"}],"wp:term":[{"taxonomy":"product_brand","embeddable":true,"href":"https:\/\/pl.crmschock.com\/pl\/wp-json\/wp\/v2\/product_brand?post=27661"},{"taxonomy":"product_cat","embeddable":true,"href":"https:\/\/pl.crmschock.com\/pl\/wp-json\/wp\/v2\/product_cat?post=27661"},{"taxonomy":"product_tag","embeddable":true,"href":"https:\/\/pl.crmschock.com\/pl\/wp-json\/wp\/v2\/product_tag?post=27661"}],"curies":[{"name":"wp","href":"https:\/\/api.w.org\/{rel}","templated":true}]}}