{"id":27899,"date":"2025-05-28T08:57:55","date_gmt":"2025-05-28T06:57:55","guid":{"rendered":"https:\/\/pl.crmschock.com\/product\/prowadnica-teleskopowa-ddts-150-do-1540-kg-prowadnice-teleskopowe-schock\/"},"modified":"2025-09-25T11:44:47","modified_gmt":"2025-09-25T09:44:47","slug":"prowadnica-teleskopowa-ddts-150-do-1540-kg-prowadnice-teleskopowe-schock","status":"publish","type":"product","link":"https:\/\/pl.crmschock.com\/pl\/product\/prowadnica-teleskopowa-ddts-150-do-1540-kg-prowadnice-teleskopowe-schock\/","title":{"rendered":"Prowadnica teleskopowa DDTS-150 | do 1540 kg | Prowadnice teleskopowe Schock"},"content":{"rendered":"<p>Prowadnice teleskopowe DDTS oferuj\u0105 standardowy wysuw 200%. Dzi\u0119ki zastosowaniu wysokowytrzyma\u0142ych belek dwuteowych, prowadnica zachowuje sztywno\u015b\u0107 w wymagaj\u0105cych zastosowaniach, w kt\u00f3rych skok dwukrotnie przekracza zamkni\u0119t\u0105 d\u0142ugo\u015b\u0107. <\/p>\n<p><strong>Wyd\u0142u\u017cenie:<\/strong> 200%<br \/><strong>Materia\u0142:<\/strong> Stal C45 E + C<br \/><strong>D\u0142ugo\u015b\u0107:<\/strong> 300 mm do 2500 mm<br \/><strong>Przekr\u00f3j:<\/strong> 110 x 150 mm<br \/><strong>Droga przed\u0142u\u017cenia:<\/strong> 600 mm do 5000 mm<br \/><strong>Ud\u017awig:<\/strong> do 1540 kg\/para<br \/><strong>Temperatura pracy:<\/strong> od -40 do +200 C<\/p>\n<p>Prowadnica teleskopowa na \u0142o\u017cyskach kulkowych, wykonana z 5 profili stalowych ci\u0105gnionych na zimno, charakteryzuje si\u0119 wysok\u0105 precyzj\u0105 i doskona\u0142\u0105 odporno\u015bci\u0105 na wstrz\u0105sy i wibracje podczas przenoszenia obci\u0105\u017cenia statycznego w pozycji zamkni\u0119tej. Z tego wzgl\u0119du prowadnica doskonale nadaje si\u0119 do monta\u017cu w pojazdach i poci\u0105gach. Prowadnica teleskopowa zosta\u0142a zaprojektowana w sprawdzonym formacie dwuteownika, oferuj\u0105c nisk\u0105 wysoko\u015b\u0107 ca\u0142kowit\u0105 przy du\u017cej no\u015bno\u015bci.  <\/p>\n<p>Nawet w stanie wysuni\u0119tym prowadnica ta jest bardzo wytrzyma\u0142a i dlatego doskonale nadaje si\u0119 do dynamicznych zastosowa\u0144 z du\u017cymi obci\u0105\u017ceniami i momentami obrotowymi przy minimalnym ugi\u0119ciu. Inne warianty mog\u0105 by\u0107 produkowane z alternatywnymi zamkni\u0119tymi d\u0142ugo\u015bciami, przed\u0142u\u017ceniami, systemami mocowania, obr\u00f3bk\u0105 powierzchni i \u0142o\u017cyskami kulkowymi. <\/p>\n<p>Prowadnice wykonane s\u0105 z ci\u0105gnionej na zimno stali C45E+C zgodnie z norm\u0105 EN 10277. Standardowe koszyki na kulki wykonane s\u0105 z blachy ocynkowanej, a \u0142o\u017cyska kulkowe ze stali w\u0119glowej C85 G100 zgodnie z norm\u0105 DIN 5401. <\/p>\n<p><strong>Ud\u017awig:<\/strong><br \/>Prowadnice teleskopowe oferuj\u0105 wysoki poziom ud\u017awigu i kompaktowe wymiary. Maksymalny ud\u017awig jest okre\u015blony dla w pe\u0142ni wysuni\u0119tych par prowadnic zainstalowanych w kierunku osi g\u0142\u00f3wnej i z obci\u0105\u017ceniem r\u00f3wnomiernie roz\u0142o\u017conym na wewn\u0119trznej prowadnicy. <\/p>\n<p><strong>Uwaga:<br \/>Poniewa\u017c te prowadnice teleskopowe s\u0105 wykonywane na zam\u00f3wienie, nie podlegaj\u0105 one zwrotom. Prowadnice s\u0105 zabezpieczone na czas transportu wysokiej jako\u015bci drewnianym opakowaniem. <\/strong><\/p>\n","protected":false},"excerpt":{"rendered":"<p>Przekr\u00f3j poprzeczny: 110 x 150 mm | D\u0142ugo\u015b\u0107: 300 do 2500 mm<\/p>\n","protected":false},"featured_media":10961,"comment_status":"open","ping_status":"closed","template":"","meta":{"_kadence_starter_templates_imported_post":false,"_kad_post_transparent":"","_kad_post_title":"","_kad_post_layout":"","_kad_post_sidebar_id":"","_kad_post_content_style":"","_kad_post_vertical_padding":"","_kad_post_feature":"","_kad_post_feature_position":"","_kad_post_header":false,"_kad_post_footer":false,"_kad_post_classname":""},"product_brand":[],"product_cat":[3894,3741],"product_tag":[],"class_list":{"0":"post-27899","1":"product","2":"type-product","3":"status-publish","4":"has-post-thumbnail","6":"product_cat-rozszerzenie","7":"product_cat-wytrzymalosc","8":"pa_cross-section-110-x-150-mm-pl","9":"pa_extract-type-rozszerzenie","10":"pa_load-capacity-1000-kg-pl","11":"pa_load-capacity-1060-kg-pl","12":"pa_load-capacity-1100-kg-pl","13":"pa_load-capacity-1120-kg-pl","14":"pa_load-capacity-1130-kg-pl","15":"pa_load-capacity-1160-kg-pl","16":"pa_load-capacity-1170-kg-pl","17":"pa_load-capacity-1180-kg-pl","18":"pa_load-capacity-1200-kg-pl","19":"pa_load-capacity-1220-kg-pl","20":"pa_load-capacity-1225-kg-pl","21":"pa_load-capacity-1250-kg-pl","22":"pa_load-capacity-1275-kg-pl","23":"pa_load-capacity-1280-kg-pl","24":"pa_load-capacity-1300-kg-pl","25":"pa_load-capacity-1330-kg-pl","26":"pa_load-capacity-1350-kg-pl","27":"pa_load-capacity-1380-kg-pl","28":"pa_load-capacity-1390-kg-pl","29":"pa_load-capacity-1410-kg-pl","30":"pa_load-capacity-1440-kg-pl","31":"pa_load-capacity-1460-kg-pl","32":"pa_load-capacity-1480-kg-pl","33":"pa_load-capacity-1490-kg-pl","34":"pa_load-capacity-1500-kg-pl","35":"pa_load-capacity-1510-kg-pl","36":"pa_load-capacity-1520-kg-pl","37":"pa_load-capacity-1540-kg-pl","38":"pa_load-capacity-160-kg-pl","39":"pa_load-capacity-220-kg-pl","40":"pa_load-capacity-280-kg-pl","41":"pa_load-capacity-340-kg-pl","42":"pa_load-capacity-400-kg-pl","43":"pa_load-capacity-460-kg-pl","44":"pa_load-capacity-520-kg-pl","45":"pa_load-capacity-580-kg-pl","46":"pa_load-capacity-640-kg-pl","47":"pa_load-capacity-700-kg-pl","48":"pa_load-capacity-760-kg-pl","49":"pa_load-capacity-820-kg-pl","50":"pa_load-capacity-880-kg-pl","51":"pa_load-capacity-940-kg-pl","52":"pa_material-ocynkowana-stal-weglowa","53":"pa_slide-length-1000-mm-pl","54":"pa_slide-length-1050-mm-pl","55":"pa_slide-length-1100-mm-pl","56":"pa_slide-length-1150-mm-pl","57":"pa_slide-length-1200-mm-pl","58":"pa_slide-length-1250-mm-pl","59":"pa_slide-length-1300-mm-pl","60":"pa_slide-length-1350-mm-pl","61":"pa_slide-length-1400-mm-pl","62":"pa_slide-length-1450-mm-pl","63":"pa_slide-length-1500-mm-pl","64":"pa_slide-length-1550-mm-pl","65":"pa_slide-length-1600-mm-pl","66":"pa_slide-length-1650-mm-pl","67":"pa_slide-length-1700-mm-pl","68":"pa_slide-length-1750-mm-pl","69":"pa_slide-length-1800-mm-pl","70":"pa_slide-length-1850-mm-pl","71":"pa_slide-length-1900-mm-pl","72":"pa_slide-length-1950-mm-pl","73":"pa_slide-length-2000-mm-pl","74":"pa_slide-length-2050-mm-pl","75":"pa_slide-length-2100-mm-pl","76":"pa_slide-length-2150-mm-pl","77":"pa_slide-length-2200-mm-pl","78":"pa_slide-length-2250-mm-pl","79":"pa_slide-length-2300-mm-pl","80":"pa_slide-length-2350-mm-pl","81":"pa_slide-length-2400-mm-pl","82":"pa_slide-length-2450-mm-pl","83":"pa_slide-length-2500-mm-pl","84":"pa_slide-length-300-mm-pl","85":"pa_slide-length-350-mm-pl","86":"pa_slide-length-400-mm-pl","87":"pa_slide-length-450-mm-pl","88":"pa_slide-length-500-mm-pl","89":"pa_slide-length-550-mm-pl","90":"pa_slide-length-600-mm-pl","91":"pa_slide-length-650-mm-pl","92":"pa_slide-length-700-mm-pl","93":"pa_slide-length-750-mm-pl","94":"pa_slide-length-800-mm-pl","95":"pa_slide-length-850-mm-pl","96":"pa_slide-length-900-mm-pl","97":"pa_slide-length-950-mm-pl","98":"pa_travel-path-1000-mm-pl","99":"pa_travel-path-1100-mm-pl","100":"pa_travel-path-1200-mm-pl","101":"pa_travel-path-1300-mm-pl","102":"pa_travel-path-1400-mm-pl","103":"pa_travel-path-1500-mm-pl","104":"pa_travel-path-1600-mm-pl","105":"pa_travel-path-1700-mm-pl","106":"pa_travel-path-1800-mm-pl","107":"pa_travel-path-1900-mm-pl","108":"pa_travel-path-2000-mm-pl","109":"pa_travel-path-2100-mm-pl","110":"pa_travel-path-2200-mm-pl","111":"pa_travel-path-2300-mm-pl","112":"pa_travel-path-2400-mm-pl","113":"pa_travel-path-2500-mm-pl","114":"pa_travel-path-2600-mm-pl","115":"pa_travel-path-2700-mm-pl","116":"pa_travel-path-2800-mm-pl","117":"pa_travel-path-2900-mm-pl","118":"pa_travel-path-3000-mm-pl","119":"pa_travel-path-3100-mm-pl","120":"pa_travel-path-3200-mm-pl","121":"pa_travel-path-3300-mm-pl","122":"pa_travel-path-3400-mm-pl","123":"pa_travel-path-3500-mm-pl","124":"pa_travel-path-3600-mm-pl","125":"pa_travel-path-3700-mm-pl","126":"pa_travel-path-3800-mm-pl","127":"pa_travel-path-3900-mm-pl","128":"pa_travel-path-4000-mm-pl","129":"pa_travel-path-4100-mm-pl","130":"pa_travel-path-4200-mm-pl","131":"pa_travel-path-4300-mm-pl","132":"pa_travel-path-4400-mm-pl","133":"pa_travel-path-4500-mm-pl","134":"pa_travel-path-4600-mm-pl","135":"pa_travel-path-4700-mm-pl","136":"pa_travel-path-4800-mm-pl","137":"pa_travel-path-4900-mm-pl","138":"pa_travel-path-5000-mm-pl","139":"pa_travel-path-600-mm-pl","140":"pa_travel-path-700-mm-pl","141":"pa_travel-path-800-mm-pl","142":"pa_travel-path-900-mm-pl","144":"first","145":"instock","146":"shipping-taxable","147":"purchasable","148":"product-type-variable","149":"entry","150":"content-bg","151":"loop-entry"},"yoast_head":"<!-- This site is optimized with the Yoast SEO plugin v27.4 - https:\/\/yoast.com\/product\/yoast-seo-wordpress\/ -->\n<title>Prowadnica teleskopowa DDTS-150 | do 1540 kg | Prowadnice teleskopowe Schock - SCHOCK Telescopic slides<\/title>\n<meta name=\"robots\" content=\"noindex, follow, max-snippet:-1, max-image-preview:large, max-video-preview:-1\" \/>\n<meta property=\"og:locale\" content=\"pl_PL\" \/>\n<meta property=\"og:type\" content=\"article\" \/>\n<meta property=\"og:title\" content=\"Prowadnica teleskopowa DDTS-150 | do 1540 kg | Prowadnice teleskopowe Schock - SCHOCK Telescopic slides\" \/>\n<meta property=\"og:description\" content=\"Przekr\u00f3j poprzeczny: 110 x 150 mm | D\u0142ugo\u015b\u0107: 300 do 2500 mm\" \/>\n<meta property=\"og:url\" content=\"https:\/\/pl.crmschock.com\/pl\/product\/prowadnica-teleskopowa-ddts-150-do-1540-kg-prowadnice-teleskopowe-schock\/\" \/>\n<meta property=\"og:site_name\" content=\"SCHOCK Telescopic slides\" \/>\n<meta property=\"article:modified_time\" content=\"2025-09-25T09:44:47+00:00\" \/>\n<meta property=\"og:image\" content=\"https:\/\/pl.crmschock.com\/wp-content\/uploads\/2025\/04\/ddts150_0.jpg\" \/>\n\t<meta property=\"og:image:width\" content=\"1920\" \/>\n\t<meta property=\"og:image:height\" content=\"1200\" \/>\n\t<meta property=\"og:image:type\" content=\"image\/jpeg\" \/>\n<meta name=\"twitter:card\" content=\"summary_large_image\" \/>\n<meta name=\"twitter:label1\" content=\"Szacowany czas czytania\" \/>\n\t<meta name=\"twitter:data1\" content=\"1 minuta\" \/>\n<script type=\"application\/ld+json\" class=\"yoast-schema-graph\">{\"@context\":\"https:\\\/\\\/schema.org\",\"@graph\":[{\"@type\":\"WebPage\",\"@id\":\"https:\\\/\\\/pl.crmschock.com\\\/pl\\\/product\\\/prowadnica-teleskopowa-ddts-150-do-1540-kg-prowadnice-teleskopowe-schock\\\/\",\"url\":\"https:\\\/\\\/pl.crmschock.com\\\/pl\\\/product\\\/prowadnica-teleskopowa-ddts-150-do-1540-kg-prowadnice-teleskopowe-schock\\\/\",\"name\":\"Prowadnica teleskopowa DDTS-150 | do 1540 kg | Prowadnice teleskopowe Schock - SCHOCK Telescopic slides\",\"isPartOf\":{\"@id\":\"https:\\\/\\\/pl.crmschock.com\\\/#website\"},\"primaryImageOfPage\":{\"@id\":\"https:\\\/\\\/pl.crmschock.com\\\/pl\\\/product\\\/prowadnica-teleskopowa-ddts-150-do-1540-kg-prowadnice-teleskopowe-schock\\\/#primaryimage\"},\"image\":{\"@id\":\"https:\\\/\\\/pl.crmschock.com\\\/pl\\\/product\\\/prowadnica-teleskopowa-ddts-150-do-1540-kg-prowadnice-teleskopowe-schock\\\/#primaryimage\"},\"thumbnailUrl\":\"https:\\\/\\\/pl.crmschock.com\\\/wp-content\\\/uploads\\\/2025\\\/04\\\/ddts150_0.jpg\",\"datePublished\":\"2025-05-28T06:57:55+00:00\",\"dateModified\":\"2025-09-25T09:44:47+00:00\",\"breadcrumb\":{\"@id\":\"https:\\\/\\\/pl.crmschock.com\\\/pl\\\/product\\\/prowadnica-teleskopowa-ddts-150-do-1540-kg-prowadnice-teleskopowe-schock\\\/#breadcrumb\"},\"inLanguage\":\"pl-PL\",\"potentialAction\":[{\"@type\":\"ReadAction\",\"target\":[\"https:\\\/\\\/pl.crmschock.com\\\/pl\\\/product\\\/prowadnica-teleskopowa-ddts-150-do-1540-kg-prowadnice-teleskopowe-schock\\\/\"]}]},{\"@type\":\"ImageObject\",\"inLanguage\":\"pl-PL\",\"@id\":\"https:\\\/\\\/pl.crmschock.com\\\/pl\\\/product\\\/prowadnica-teleskopowa-ddts-150-do-1540-kg-prowadnice-teleskopowe-schock\\\/#primaryimage\",\"url\":\"https:\\\/\\\/pl.crmschock.com\\\/wp-content\\\/uploads\\\/2025\\\/04\\\/ddts150_0.jpg\",\"contentUrl\":\"https:\\\/\\\/pl.crmschock.com\\\/wp-content\\\/uploads\\\/2025\\\/04\\\/ddts150_0.jpg\",\"width\":1920,\"height\":1200},{\"@type\":\"BreadcrumbList\",\"@id\":\"https:\\\/\\\/pl.crmschock.com\\\/pl\\\/product\\\/prowadnica-teleskopowa-ddts-150-do-1540-kg-prowadnice-teleskopowe-schock\\\/#breadcrumb\",\"itemListElement\":[{\"@type\":\"ListItem\",\"position\":1,\"name\":\"Startseite\",\"item\":\"https:\\\/\\\/pl.crmschock.com\\\/pl\\\/\"},{\"@type\":\"ListItem\",\"position\":2,\"name\":\"All telescopic slides-shop-page\",\"item\":\"https:\\\/\\\/pl.crmschock.com\\\/?page_id=26839\"},{\"@type\":\"ListItem\",\"position\":3,\"name\":\"Prowadnica teleskopowa DDTS-150 | do 1540 kg | Prowadnice teleskopowe Schock\"}]},{\"@type\":\"WebSite\",\"@id\":\"https:\\\/\\\/pl.crmschock.com\\\/#website\",\"url\":\"https:\\\/\\\/pl.crmschock.com\\\/\",\"name\":\"SCHOCK Telescopic slides\",\"description\":\"Telescopic slides and linear guides from the manufacturer\",\"publisher\":{\"@id\":\"https:\\\/\\\/pl.crmschock.com\\\/#organization\"},\"potentialAction\":[{\"@type\":\"SearchAction\",\"target\":{\"@type\":\"EntryPoint\",\"urlTemplate\":\"https:\\\/\\\/pl.crmschock.com\\\/?s={search_term_string}\"},\"query-input\":{\"@type\":\"PropertyValueSpecification\",\"valueRequired\":true,\"valueName\":\"search_term_string\"}}],\"inLanguage\":\"pl-PL\"},{\"@type\":\"Organization\",\"@id\":\"https:\\\/\\\/pl.crmschock.com\\\/#organization\",\"name\":\"SCHOCK Telescopic slides\",\"url\":\"https:\\\/\\\/pl.crmschock.com\\\/\",\"logo\":{\"@type\":\"ImageObject\",\"inLanguage\":\"pl-PL\",\"@id\":\"https:\\\/\\\/pl.crmschock.com\\\/#\\\/schema\\\/logo\\\/image\\\/\",\"url\":\"https:\\\/\\\/pl.crmschock.com\\\/wp-content\\\/uploads\\\/2025\\\/09\\\/schock-telescopicslide-600-w.png\",\"contentUrl\":\"https:\\\/\\\/pl.crmschock.com\\\/wp-content\\\/uploads\\\/2025\\\/09\\\/schock-telescopicslide-600-w.png\",\"width\":600,\"height\":206,\"caption\":\"SCHOCK Telescopic slides\"},\"image\":{\"@id\":\"https:\\\/\\\/pl.crmschock.com\\\/#\\\/schema\\\/logo\\\/image\\\/\"}}]}<\/script>\n<!-- \/ Yoast SEO plugin. -->","yoast_head_json":{"title":"Prowadnica teleskopowa DDTS-150 | do 1540 kg | Prowadnice teleskopowe Schock - SCHOCK Telescopic slides","robots":{"index":"noindex","follow":"follow","max-snippet":"max-snippet:-1","max-image-preview":"max-image-preview:large","max-video-preview":"max-video-preview:-1"},"og_locale":"pl_PL","og_type":"article","og_title":"Prowadnica teleskopowa DDTS-150 | do 1540 kg | Prowadnice teleskopowe Schock - SCHOCK Telescopic slides","og_description":"Przekr\u00f3j poprzeczny: 110 x 150 mm | D\u0142ugo\u015b\u0107: 300 do 2500 mm","og_url":"https:\/\/pl.crmschock.com\/pl\/product\/prowadnica-teleskopowa-ddts-150-do-1540-kg-prowadnice-teleskopowe-schock\/","og_site_name":"SCHOCK Telescopic slides","article_modified_time":"2025-09-25T09:44:47+00:00","og_image":[{"width":1920,"height":1200,"url":"https:\/\/pl.crmschock.com\/wp-content\/uploads\/2025\/04\/ddts150_0.jpg","type":"image\/jpeg"}],"twitter_card":"summary_large_image","twitter_misc":{"Szacowany czas czytania":"1 minuta"},"schema":{"@context":"https:\/\/schema.org","@graph":[{"@type":"WebPage","@id":"https:\/\/pl.crmschock.com\/pl\/product\/prowadnica-teleskopowa-ddts-150-do-1540-kg-prowadnice-teleskopowe-schock\/","url":"https:\/\/pl.crmschock.com\/pl\/product\/prowadnica-teleskopowa-ddts-150-do-1540-kg-prowadnice-teleskopowe-schock\/","name":"Prowadnica teleskopowa DDTS-150 | do 1540 kg | Prowadnice teleskopowe Schock - SCHOCK Telescopic slides","isPartOf":{"@id":"https:\/\/pl.crmschock.com\/#website"},"primaryImageOfPage":{"@id":"https:\/\/pl.crmschock.com\/pl\/product\/prowadnica-teleskopowa-ddts-150-do-1540-kg-prowadnice-teleskopowe-schock\/#primaryimage"},"image":{"@id":"https:\/\/pl.crmschock.com\/pl\/product\/prowadnica-teleskopowa-ddts-150-do-1540-kg-prowadnice-teleskopowe-schock\/#primaryimage"},"thumbnailUrl":"https:\/\/pl.crmschock.com\/wp-content\/uploads\/2025\/04\/ddts150_0.jpg","datePublished":"2025-05-28T06:57:55+00:00","dateModified":"2025-09-25T09:44:47+00:00","breadcrumb":{"@id":"https:\/\/pl.crmschock.com\/pl\/product\/prowadnica-teleskopowa-ddts-150-do-1540-kg-prowadnice-teleskopowe-schock\/#breadcrumb"},"inLanguage":"pl-PL","potentialAction":[{"@type":"ReadAction","target":["https:\/\/pl.crmschock.com\/pl\/product\/prowadnica-teleskopowa-ddts-150-do-1540-kg-prowadnice-teleskopowe-schock\/"]}]},{"@type":"ImageObject","inLanguage":"pl-PL","@id":"https:\/\/pl.crmschock.com\/pl\/product\/prowadnica-teleskopowa-ddts-150-do-1540-kg-prowadnice-teleskopowe-schock\/#primaryimage","url":"https:\/\/pl.crmschock.com\/wp-content\/uploads\/2025\/04\/ddts150_0.jpg","contentUrl":"https:\/\/pl.crmschock.com\/wp-content\/uploads\/2025\/04\/ddts150_0.jpg","width":1920,"height":1200},{"@type":"BreadcrumbList","@id":"https:\/\/pl.crmschock.com\/pl\/product\/prowadnica-teleskopowa-ddts-150-do-1540-kg-prowadnice-teleskopowe-schock\/#breadcrumb","itemListElement":[{"@type":"ListItem","position":1,"name":"Startseite","item":"https:\/\/pl.crmschock.com\/pl\/"},{"@type":"ListItem","position":2,"name":"All telescopic slides-shop-page","item":"https:\/\/pl.crmschock.com\/?page_id=26839"},{"@type":"ListItem","position":3,"name":"Prowadnica teleskopowa DDTS-150 | do 1540 kg | Prowadnice teleskopowe Schock"}]},{"@type":"WebSite","@id":"https:\/\/pl.crmschock.com\/#website","url":"https:\/\/pl.crmschock.com\/","name":"SCHOCK Telescopic slides","description":"Telescopic slides and linear guides from the manufacturer","publisher":{"@id":"https:\/\/pl.crmschock.com\/#organization"},"potentialAction":[{"@type":"SearchAction","target":{"@type":"EntryPoint","urlTemplate":"https:\/\/pl.crmschock.com\/?s={search_term_string}"},"query-input":{"@type":"PropertyValueSpecification","valueRequired":true,"valueName":"search_term_string"}}],"inLanguage":"pl-PL"},{"@type":"Organization","@id":"https:\/\/pl.crmschock.com\/#organization","name":"SCHOCK Telescopic slides","url":"https:\/\/pl.crmschock.com\/","logo":{"@type":"ImageObject","inLanguage":"pl-PL","@id":"https:\/\/pl.crmschock.com\/#\/schema\/logo\/image\/","url":"https:\/\/pl.crmschock.com\/wp-content\/uploads\/2025\/09\/schock-telescopicslide-600-w.png","contentUrl":"https:\/\/pl.crmschock.com\/wp-content\/uploads\/2025\/09\/schock-telescopicslide-600-w.png","width":600,"height":206,"caption":"SCHOCK Telescopic slides"},"image":{"@id":"https:\/\/pl.crmschock.com\/#\/schema\/logo\/image\/"}}]}},"_links":{"self":[{"href":"https:\/\/pl.crmschock.com\/pl\/wp-json\/wp\/v2\/product\/27899","targetHints":{"allow":["GET"]}}],"collection":[{"href":"https:\/\/pl.crmschock.com\/pl\/wp-json\/wp\/v2\/product"}],"about":[{"href":"https:\/\/pl.crmschock.com\/pl\/wp-json\/wp\/v2\/types\/product"}],"replies":[{"embeddable":true,"href":"https:\/\/pl.crmschock.com\/pl\/wp-json\/wp\/v2\/comments?post=27899"}],"wp:featuredmedia":[{"embeddable":true,"href":"https:\/\/pl.crmschock.com\/pl\/wp-json\/wp\/v2\/media\/10961"}],"wp:attachment":[{"href":"https:\/\/pl.crmschock.com\/pl\/wp-json\/wp\/v2\/media?parent=27899"}],"wp:term":[{"taxonomy":"product_brand","embeddable":true,"href":"https:\/\/pl.crmschock.com\/pl\/wp-json\/wp\/v2\/product_brand?post=27899"},{"taxonomy":"product_cat","embeddable":true,"href":"https:\/\/pl.crmschock.com\/pl\/wp-json\/wp\/v2\/product_cat?post=27899"},{"taxonomy":"product_tag","embeddable":true,"href":"https:\/\/pl.crmschock.com\/pl\/wp-json\/wp\/v2\/product_tag?post=27899"}],"curies":[{"name":"wp","href":"https:\/\/api.w.org\/{rel}","templated":true}]}}