{"id":28019,"date":"2025-05-28T08:57:16","date_gmt":"2025-05-28T06:57:16","guid":{"rendered":"https:\/\/pl.crmschock.com\/product\/prowadnica-teleskopowa-ddts-45-do-80-kg-prowadnice-teleskopowe-schock\/"},"modified":"2025-09-25T11:45:38","modified_gmt":"2025-09-25T09:45:38","slug":"prowadnica-teleskopowa-ddts-45-do-80-kg-prowadnice-teleskopowe-schock","status":"publish","type":"product","link":"https:\/\/pl.crmschock.com\/pl\/product\/prowadnica-teleskopowa-ddts-45-do-80-kg-prowadnice-teleskopowe-schock\/","title":{"rendered":"Prowadnica teleskopowa DDTS-45 | do 80 kg | Prowadnice teleskopowe Schock"},"content":{"rendered":"<h2><strong>Seria DDTS-45 z pe\u0142nym przed\u0142u\u017ceniem<\/strong><\/h2>\n<p>Prowadnice teleskopowe DDTS oferuj\u0105 standardowy wysuw 200%. Dzi\u0119ki zastosowaniu belek dwuteowych o du\u017cym obci\u0105\u017ceniu, prowadnica zachowuje sztywno\u015b\u0107 w wymagaj\u0105cych zastosowaniach, w kt\u00f3rych odleg\u0142o\u015b\u0107 przesuwu dwukrotnie przekracza d\u0142ugo\u015b\u0107 zamkni\u0119t\u0105. <\/p>\n<p><strong>Wyd\u0142u\u017cenie:<\/strong> 200%<br \/><strong>Materia\u0142:<\/strong> Stal C45 E + C<br \/><strong>D\u0142ugo\u015b\u0107:<\/strong> od 150 mm do 1000 mm<br \/><strong>Przekr\u00f3j:<\/strong> 26 x 40 mm<br \/><strong>Droga wysuwu:<\/strong> od 300 mm do 2000 mm<br \/><strong>Ud\u017awig:<\/strong> do 80 kg\/para<br \/><strong>Temperatura pracy:<\/strong> od -40 do +200 C<\/p>\n<p>\u0141o\u017cyskowana szyna teleskopowa wykonana z 5 profili stalowych ci\u0105gnionych na zimno charakteryzuje si\u0119 wysok\u0105 precyzj\u0105 i doskona\u0142\u0105 odporno\u015bci\u0105 na wstrz\u0105sy i wibracje podczas przenoszenia obci\u0105\u017cenia statycznego w pozycji zamkni\u0119tej. Dzi\u0119ki temu szyna doskonale nadaje si\u0119 do monta\u017cu w pojazdach i poci\u0105gach. Szyna teleskopowa zosta\u0142a zaprojektowana w sprawdzonym formacie dwuteownika, oferuj\u0105c wysok\u0105 no\u015bno\u015b\u0107 przy niewielkiej wysoko\u015bci ca\u0142kowitej.  <\/p>\n<p>Nawet w stanie rozci\u0105gni\u0119tym szyna ta jest bardzo wytrzyma\u0142a i dlatego idealnie nadaje si\u0119 do dynamicznych zastosowa\u0144 z du\u017cymi obci\u0105\u017ceniami i momentami obrotowymi przy minimalnym ugi\u0119ciu. Inne warianty mog\u0105 by\u0107 produkowane z alternatywnymi zamkni\u0119tymi d\u0142ugo\u015bciami, przed\u0142u\u017ceniami, systemami monta\u017cowymi, obr\u00f3bk\u0105 powierzchni i \u0142o\u017cyskami kulkowymi. <\/p>\n<p>Szyny wykonane s\u0105 z ci\u0105gnionej na zimno stali C45E+C zgodnie z norm\u0105 EN 10277. Standardowe koszyki na kulki wykonane s\u0105 z blachy ocynkowanej, a \u0142o\u017cyska kulkowe ze stali w\u0119glowej C85 G100 zgodnie z norm\u0105 DIN 5401. <\/p>\n<p><strong>No\u015bno\u015b\u0107:<\/strong><br \/>Szyny teleskopowe oferuj\u0105 wysoki poziom no\u015bno\u015bci i kompaktowe wymiary. Maksymalny ud\u017awig jest okre\u015blony dla w pe\u0142ni roz\u0142o\u017conych par szyn zainstalowanych wzd\u0142u\u017c kierunku osi g\u0142\u00f3wnej, z obci\u0105\u017ceniem r\u00f3wnomiernie roz\u0142o\u017conym na szynie wewn\u0119trznej. <\/p>\n<p><strong>Uwaga:<br \/>Poniewa\u017c te szyny teleskopowe s\u0105 produkowane specjalnie dla Ciebie po z\u0142o\u017ceniu zam\u00f3wienia, nie podlegaj\u0105 one zwrotom. Szyny s\u0105 zabezpieczone na czas transportu wysokiej jako\u015bci drewnianym opakowaniem. <\/strong><\/p>\n","protected":false},"excerpt":{"rendered":"<p>Przekr\u00f3j: 26 x 40 mm | D\u0142ugo\u015b\u0107: 150 do 1000 mm<\/p>\n","protected":false},"featured_media":10971,"comment_status":"open","ping_status":"closed","template":"","meta":{"_kadence_starter_templates_imported_post":false,"_kad_post_transparent":"","_kad_post_title":"","_kad_post_layout":"","_kad_post_sidebar_id":"","_kad_post_content_style":"","_kad_post_vertical_padding":"","_kad_post_feature":"","_kad_post_feature_position":"","_kad_post_header":false,"_kad_post_footer":false,"_kad_post_classname":""},"product_brand":[],"product_cat":[3894,3741],"product_tag":[],"class_list":{"0":"post-28019","1":"product","2":"type-product","3":"status-publish","4":"has-post-thumbnail","6":"product_cat-rozszerzenie","7":"product_cat-wytrzymalosc","8":"pa_cross-section-26-x-60-mm-pl","9":"pa_extract-type-rozszerzenie","10":"pa_load-capacity-15-kg-pl","11":"pa_load-capacity-20-kg-pl","12":"pa_load-capacity-25-kg-pl","13":"pa_load-capacity-30-kg-pl","14":"pa_load-capacity-35-kg-pl","15":"pa_load-capacity-40-kg-pl","16":"pa_load-capacity-45-kg-pl","17":"pa_load-capacity-50-kg-pl","18":"pa_load-capacity-55-kg-pl","19":"pa_load-capacity-60-kg-pl","20":"pa_load-capacity-65-kg-pl","21":"pa_load-capacity-70-kg-pl","22":"pa_load-capacity-75-kg-pl","23":"pa_load-capacity-80-kg-pl","24":"pa_material-ocynkowana-stal-weglowa","25":"pa_slide-length-1000-mm-pl","26":"pa_slide-length-150-mm-pl","27":"pa_slide-length-200-mm-pl","28":"pa_slide-length-250-mm-pl","29":"pa_slide-length-300-mm-pl","30":"pa_slide-length-350-mm-pl","31":"pa_slide-length-400-mm-pl","32":"pa_slide-length-450-mm-pl","33":"pa_slide-length-500-mm-pl","34":"pa_slide-length-550-mm-pl","35":"pa_slide-length-600-mm-pl","36":"pa_slide-length-650-mm-pl","37":"pa_slide-length-700-mm-pl","38":"pa_slide-length-750-mm-pl","39":"pa_slide-length-800-mm-pl","40":"pa_slide-length-850-mm-pl","41":"pa_slide-length-900-mm-pl","42":"pa_slide-length-950-mm-pl","43":"pa_travel-path-1000-mm-pl","44":"pa_travel-path-1100-mm-pl","45":"pa_travel-path-1200-mm-pl","46":"pa_travel-path-1300-mm-pl","47":"pa_travel-path-1400-mm-pl","48":"pa_travel-path-1500-mm-pl","49":"pa_travel-path-1600-mm-pl","50":"pa_travel-path-1700-mm-pl","51":"pa_travel-path-1800-mm-pl","52":"pa_travel-path-1900-mm-pl","53":"pa_travel-path-2000-mm-pl","54":"pa_travel-path-300-mm-pl","55":"pa_travel-path-400-mm-pl","56":"pa_travel-path-500-mm-pl","57":"pa_travel-path-600-mm-pl","58":"pa_travel-path-700-mm-pl","59":"pa_travel-path-800-mm-pl","60":"pa_travel-path-900-mm-pl","62":"first","63":"instock","64":"shipping-taxable","65":"purchasable","66":"product-type-variable","67":"entry","68":"content-bg","69":"loop-entry"},"yoast_head":"<!-- This site is optimized with the Yoast SEO plugin v27.4 - https:\/\/yoast.com\/product\/yoast-seo-wordpress\/ -->\n<title>Prowadnica teleskopowa DDTS-45 | do 80 kg | Prowadnice teleskopowe Schock - SCHOCK Telescopic slides<\/title>\n<meta name=\"robots\" content=\"noindex, follow, max-snippet:-1, max-image-preview:large, max-video-preview:-1\" \/>\n<meta property=\"og:locale\" content=\"pl_PL\" \/>\n<meta property=\"og:type\" content=\"article\" \/>\n<meta property=\"og:title\" content=\"Prowadnica teleskopowa DDTS-45 | do 80 kg | Prowadnice teleskopowe Schock - SCHOCK Telescopic slides\" \/>\n<meta property=\"og:description\" content=\"Przekr\u00f3j: 26 x 40 mm | D\u0142ugo\u015b\u0107: 150 do 1000 mm\" \/>\n<meta property=\"og:url\" content=\"https:\/\/pl.crmschock.com\/pl\/product\/prowadnica-teleskopowa-ddts-45-do-80-kg-prowadnice-teleskopowe-schock\/\" \/>\n<meta property=\"og:site_name\" content=\"SCHOCK Telescopic slides\" \/>\n<meta property=\"article:modified_time\" content=\"2025-09-25T09:45:38+00:00\" \/>\n<meta property=\"og:image\" content=\"https:\/\/pl.crmschock.com\/wp-content\/uploads\/2025\/04\/ddts45_0.jpg\" \/>\n\t<meta property=\"og:image:width\" content=\"1920\" \/>\n\t<meta property=\"og:image:height\" content=\"1200\" \/>\n\t<meta property=\"og:image:type\" content=\"image\/jpeg\" \/>\n<meta name=\"twitter:card\" content=\"summary_large_image\" \/>\n<meta name=\"twitter:label1\" content=\"Szacowany czas czytania\" \/>\n\t<meta name=\"twitter:data1\" content=\"2 minuty\" \/>\n<script type=\"application\/ld+json\" class=\"yoast-schema-graph\">{\"@context\":\"https:\\\/\\\/schema.org\",\"@graph\":[{\"@type\":\"WebPage\",\"@id\":\"https:\\\/\\\/pl.crmschock.com\\\/pl\\\/product\\\/prowadnica-teleskopowa-ddts-45-do-80-kg-prowadnice-teleskopowe-schock\\\/\",\"url\":\"https:\\\/\\\/pl.crmschock.com\\\/pl\\\/product\\\/prowadnica-teleskopowa-ddts-45-do-80-kg-prowadnice-teleskopowe-schock\\\/\",\"name\":\"Prowadnica teleskopowa DDTS-45 | do 80 kg | Prowadnice teleskopowe Schock - SCHOCK Telescopic slides\",\"isPartOf\":{\"@id\":\"https:\\\/\\\/pl.crmschock.com\\\/#website\"},\"primaryImageOfPage\":{\"@id\":\"https:\\\/\\\/pl.crmschock.com\\\/pl\\\/product\\\/prowadnica-teleskopowa-ddts-45-do-80-kg-prowadnice-teleskopowe-schock\\\/#primaryimage\"},\"image\":{\"@id\":\"https:\\\/\\\/pl.crmschock.com\\\/pl\\\/product\\\/prowadnica-teleskopowa-ddts-45-do-80-kg-prowadnice-teleskopowe-schock\\\/#primaryimage\"},\"thumbnailUrl\":\"https:\\\/\\\/pl.crmschock.com\\\/wp-content\\\/uploads\\\/2025\\\/04\\\/ddts45_0.jpg\",\"datePublished\":\"2025-05-28T06:57:16+00:00\",\"dateModified\":\"2025-09-25T09:45:38+00:00\",\"breadcrumb\":{\"@id\":\"https:\\\/\\\/pl.crmschock.com\\\/pl\\\/product\\\/prowadnica-teleskopowa-ddts-45-do-80-kg-prowadnice-teleskopowe-schock\\\/#breadcrumb\"},\"inLanguage\":\"pl-PL\",\"potentialAction\":[{\"@type\":\"ReadAction\",\"target\":[\"https:\\\/\\\/pl.crmschock.com\\\/pl\\\/product\\\/prowadnica-teleskopowa-ddts-45-do-80-kg-prowadnice-teleskopowe-schock\\\/\"]}]},{\"@type\":\"ImageObject\",\"inLanguage\":\"pl-PL\",\"@id\":\"https:\\\/\\\/pl.crmschock.com\\\/pl\\\/product\\\/prowadnica-teleskopowa-ddts-45-do-80-kg-prowadnice-teleskopowe-schock\\\/#primaryimage\",\"url\":\"https:\\\/\\\/pl.crmschock.com\\\/wp-content\\\/uploads\\\/2025\\\/04\\\/ddts45_0.jpg\",\"contentUrl\":\"https:\\\/\\\/pl.crmschock.com\\\/wp-content\\\/uploads\\\/2025\\\/04\\\/ddts45_0.jpg\",\"width\":1920,\"height\":1200},{\"@type\":\"BreadcrumbList\",\"@id\":\"https:\\\/\\\/pl.crmschock.com\\\/pl\\\/product\\\/prowadnica-teleskopowa-ddts-45-do-80-kg-prowadnice-teleskopowe-schock\\\/#breadcrumb\",\"itemListElement\":[{\"@type\":\"ListItem\",\"position\":1,\"name\":\"Startseite\",\"item\":\"https:\\\/\\\/pl.crmschock.com\\\/pl\\\/\"},{\"@type\":\"ListItem\",\"position\":2,\"name\":\"All telescopic slides-shop-page\",\"item\":\"https:\\\/\\\/pl.crmschock.com\\\/?page_id=26839\"},{\"@type\":\"ListItem\",\"position\":3,\"name\":\"Prowadnica teleskopowa DDTS-45 | do 80 kg | Prowadnice teleskopowe Schock\"}]},{\"@type\":\"WebSite\",\"@id\":\"https:\\\/\\\/pl.crmschock.com\\\/#website\",\"url\":\"https:\\\/\\\/pl.crmschock.com\\\/\",\"name\":\"SCHOCK Telescopic slides\",\"description\":\"Telescopic slides and linear guides from the manufacturer\",\"publisher\":{\"@id\":\"https:\\\/\\\/pl.crmschock.com\\\/#organization\"},\"potentialAction\":[{\"@type\":\"SearchAction\",\"target\":{\"@type\":\"EntryPoint\",\"urlTemplate\":\"https:\\\/\\\/pl.crmschock.com\\\/?s={search_term_string}\"},\"query-input\":{\"@type\":\"PropertyValueSpecification\",\"valueRequired\":true,\"valueName\":\"search_term_string\"}}],\"inLanguage\":\"pl-PL\"},{\"@type\":\"Organization\",\"@id\":\"https:\\\/\\\/pl.crmschock.com\\\/#organization\",\"name\":\"SCHOCK Telescopic slides\",\"url\":\"https:\\\/\\\/pl.crmschock.com\\\/\",\"logo\":{\"@type\":\"ImageObject\",\"inLanguage\":\"pl-PL\",\"@id\":\"https:\\\/\\\/pl.crmschock.com\\\/#\\\/schema\\\/logo\\\/image\\\/\",\"url\":\"https:\\\/\\\/pl.crmschock.com\\\/wp-content\\\/uploads\\\/2025\\\/09\\\/schock-telescopicslide-600-w.png\",\"contentUrl\":\"https:\\\/\\\/pl.crmschock.com\\\/wp-content\\\/uploads\\\/2025\\\/09\\\/schock-telescopicslide-600-w.png\",\"width\":600,\"height\":206,\"caption\":\"SCHOCK Telescopic slides\"},\"image\":{\"@id\":\"https:\\\/\\\/pl.crmschock.com\\\/#\\\/schema\\\/logo\\\/image\\\/\"}}]}<\/script>\n<!-- \/ Yoast SEO plugin. -->","yoast_head_json":{"title":"Prowadnica teleskopowa DDTS-45 | do 80 kg | Prowadnice teleskopowe Schock - SCHOCK Telescopic slides","robots":{"index":"noindex","follow":"follow","max-snippet":"max-snippet:-1","max-image-preview":"max-image-preview:large","max-video-preview":"max-video-preview:-1"},"og_locale":"pl_PL","og_type":"article","og_title":"Prowadnica teleskopowa DDTS-45 | do 80 kg | Prowadnice teleskopowe Schock - SCHOCK Telescopic slides","og_description":"Przekr\u00f3j: 26 x 40 mm | D\u0142ugo\u015b\u0107: 150 do 1000 mm","og_url":"https:\/\/pl.crmschock.com\/pl\/product\/prowadnica-teleskopowa-ddts-45-do-80-kg-prowadnice-teleskopowe-schock\/","og_site_name":"SCHOCK Telescopic slides","article_modified_time":"2025-09-25T09:45:38+00:00","og_image":[{"width":1920,"height":1200,"url":"https:\/\/pl.crmschock.com\/wp-content\/uploads\/2025\/04\/ddts45_0.jpg","type":"image\/jpeg"}],"twitter_card":"summary_large_image","twitter_misc":{"Szacowany czas czytania":"2 minuty"},"schema":{"@context":"https:\/\/schema.org","@graph":[{"@type":"WebPage","@id":"https:\/\/pl.crmschock.com\/pl\/product\/prowadnica-teleskopowa-ddts-45-do-80-kg-prowadnice-teleskopowe-schock\/","url":"https:\/\/pl.crmschock.com\/pl\/product\/prowadnica-teleskopowa-ddts-45-do-80-kg-prowadnice-teleskopowe-schock\/","name":"Prowadnica teleskopowa DDTS-45 | do 80 kg | Prowadnice teleskopowe Schock - SCHOCK Telescopic slides","isPartOf":{"@id":"https:\/\/pl.crmschock.com\/#website"},"primaryImageOfPage":{"@id":"https:\/\/pl.crmschock.com\/pl\/product\/prowadnica-teleskopowa-ddts-45-do-80-kg-prowadnice-teleskopowe-schock\/#primaryimage"},"image":{"@id":"https:\/\/pl.crmschock.com\/pl\/product\/prowadnica-teleskopowa-ddts-45-do-80-kg-prowadnice-teleskopowe-schock\/#primaryimage"},"thumbnailUrl":"https:\/\/pl.crmschock.com\/wp-content\/uploads\/2025\/04\/ddts45_0.jpg","datePublished":"2025-05-28T06:57:16+00:00","dateModified":"2025-09-25T09:45:38+00:00","breadcrumb":{"@id":"https:\/\/pl.crmschock.com\/pl\/product\/prowadnica-teleskopowa-ddts-45-do-80-kg-prowadnice-teleskopowe-schock\/#breadcrumb"},"inLanguage":"pl-PL","potentialAction":[{"@type":"ReadAction","target":["https:\/\/pl.crmschock.com\/pl\/product\/prowadnica-teleskopowa-ddts-45-do-80-kg-prowadnice-teleskopowe-schock\/"]}]},{"@type":"ImageObject","inLanguage":"pl-PL","@id":"https:\/\/pl.crmschock.com\/pl\/product\/prowadnica-teleskopowa-ddts-45-do-80-kg-prowadnice-teleskopowe-schock\/#primaryimage","url":"https:\/\/pl.crmschock.com\/wp-content\/uploads\/2025\/04\/ddts45_0.jpg","contentUrl":"https:\/\/pl.crmschock.com\/wp-content\/uploads\/2025\/04\/ddts45_0.jpg","width":1920,"height":1200},{"@type":"BreadcrumbList","@id":"https:\/\/pl.crmschock.com\/pl\/product\/prowadnica-teleskopowa-ddts-45-do-80-kg-prowadnice-teleskopowe-schock\/#breadcrumb","itemListElement":[{"@type":"ListItem","position":1,"name":"Startseite","item":"https:\/\/pl.crmschock.com\/pl\/"},{"@type":"ListItem","position":2,"name":"All telescopic slides-shop-page","item":"https:\/\/pl.crmschock.com\/?page_id=26839"},{"@type":"ListItem","position":3,"name":"Prowadnica teleskopowa DDTS-45 | do 80 kg | Prowadnice teleskopowe Schock"}]},{"@type":"WebSite","@id":"https:\/\/pl.crmschock.com\/#website","url":"https:\/\/pl.crmschock.com\/","name":"SCHOCK Telescopic slides","description":"Telescopic slides and linear guides from the manufacturer","publisher":{"@id":"https:\/\/pl.crmschock.com\/#organization"},"potentialAction":[{"@type":"SearchAction","target":{"@type":"EntryPoint","urlTemplate":"https:\/\/pl.crmschock.com\/?s={search_term_string}"},"query-input":{"@type":"PropertyValueSpecification","valueRequired":true,"valueName":"search_term_string"}}],"inLanguage":"pl-PL"},{"@type":"Organization","@id":"https:\/\/pl.crmschock.com\/#organization","name":"SCHOCK Telescopic slides","url":"https:\/\/pl.crmschock.com\/","logo":{"@type":"ImageObject","inLanguage":"pl-PL","@id":"https:\/\/pl.crmschock.com\/#\/schema\/logo\/image\/","url":"https:\/\/pl.crmschock.com\/wp-content\/uploads\/2025\/09\/schock-telescopicslide-600-w.png","contentUrl":"https:\/\/pl.crmschock.com\/wp-content\/uploads\/2025\/09\/schock-telescopicslide-600-w.png","width":600,"height":206,"caption":"SCHOCK Telescopic slides"},"image":{"@id":"https:\/\/pl.crmschock.com\/#\/schema\/logo\/image\/"}}]}},"_links":{"self":[{"href":"https:\/\/pl.crmschock.com\/pl\/wp-json\/wp\/v2\/product\/28019","targetHints":{"allow":["GET"]}}],"collection":[{"href":"https:\/\/pl.crmschock.com\/pl\/wp-json\/wp\/v2\/product"}],"about":[{"href":"https:\/\/pl.crmschock.com\/pl\/wp-json\/wp\/v2\/types\/product"}],"replies":[{"embeddable":true,"href":"https:\/\/pl.crmschock.com\/pl\/wp-json\/wp\/v2\/comments?post=28019"}],"wp:featuredmedia":[{"embeddable":true,"href":"https:\/\/pl.crmschock.com\/pl\/wp-json\/wp\/v2\/media\/10971"}],"wp:attachment":[{"href":"https:\/\/pl.crmschock.com\/pl\/wp-json\/wp\/v2\/media?parent=28019"}],"wp:term":[{"taxonomy":"product_brand","embeddable":true,"href":"https:\/\/pl.crmschock.com\/pl\/wp-json\/wp\/v2\/product_brand?post=28019"},{"taxonomy":"product_cat","embeddable":true,"href":"https:\/\/pl.crmschock.com\/pl\/wp-json\/wp\/v2\/product_cat?post=28019"},{"taxonomy":"product_tag","embeddable":true,"href":"https:\/\/pl.crmschock.com\/pl\/wp-json\/wp\/v2\/product_tag?post=28019"}],"curies":[{"name":"wp","href":"https:\/\/api.w.org\/{rel}","templated":true}]}}