{"id":28123,"date":"2025-05-28T08:57:16","date_gmt":"2025-05-28T06:57:16","guid":{"rendered":"https:\/\/pl.crmschock.com\/product\/prowadnica-teleskopowa-ddts-40-do-160-kg-prowadnice-teleskopowe-schock\/"},"modified":"2025-09-25T11:46:21","modified_gmt":"2025-09-25T09:46:21","slug":"prowadnica-teleskopowa-ddts-40-do-160-kg-prowadnice-teleskopowe-schock","status":"publish","type":"product","link":"https:\/\/pl.crmschock.com\/pl\/product\/prowadnica-teleskopowa-ddts-40-do-160-kg-prowadnice-teleskopowe-schock\/","title":{"rendered":"Prowadnica teleskopowa DDTS-40 | do 160 kg | Prowadnice teleskopowe Schock"},"content":{"rendered":"<p><strong>Seria DDTS-40<\/strong><\/p>\n<p>Prowadnice z serii DDTS oferuj\u0105 standardowo super wyd\u0142u\u017cenie wynosz\u0105ce 200%. Wykorzystuj\u0105c wytrzyma\u0142e belki dwuteowe, prowadnica mo\u017ce utrzyma\u0107 sztywno\u015b\u0107 w wymagaj\u0105cych zastosowaniach, w kt\u00f3rych skok przekracza dwukrotnie d\u0142ugo\u015b\u0107 zamkni\u0119t\u0105. <\/p>\n<p><strong>Wyd\u0142u\u017cenie:<\/strong> 200%<br \/><strong>Materia\u0142:<\/strong> Stal C45E+C<br \/><strong>D\u0142ugo\u015b\u0107:<\/strong> 200 mm do 1200 mm<br \/><strong>Przekr\u00f3j:<\/strong> 48 x 40 mm<br \/><strong>Odleg\u0142o\u015b\u0107 przesuwu:<\/strong> 400 mm do 2400 mm<br \/><strong>Ud\u017awig:<\/strong> do 160 kg\/para<br \/><strong>Temperatura pracy:<\/strong> od -40 do +200 C<\/p>\n<p>Prowadnica DDTS-40 o d\u0142ugo\u015bci 400 mm w pozycji zamkni\u0119tej i skoku 800 mm (1200 mm w ca\u0142o\u015bci) ma obci\u0105\u017cenie 160 kg na par\u0119. Zbudowana z 5 profili stalowych ci\u0105gnionych na zimno, ta prowadnica kulkowa o pe\u0142nym dzia\u0142aniu charakteryzuje si\u0119 wysok\u0105 precyzj\u0105 i doskona\u0142ym poziomem odporno\u015bci na wstrz\u0105sy i wibracje podczas podtrzymywania obci\u0105\u017cenia statycznego w pozycji zamkni\u0119tej. W zwi\u0105zku z tym, prowadnica jest dobrze przystosowana do monta\u017cu w pojazdach i poci\u0105gach. Zbudowana w wypr\u00f3bowanym i przetestowanym formacie belki teleskopowej, ta prowadnica teleskopowa oferuje nisk\u0105 ca\u0142kowit\u0105 wysoko\u015b\u0107 prowadnicy przy du\u017cej no\u015bno\u015bci.   <\/p>\n<p>Ta prowadnica ma r\u00f3wnie\u017c dobr\u0105 odporno\u015b\u0107 na przy\u0142o\u017cone obci\u0105\u017cenia, gdy znajduje si\u0119 w pozycji wysuni\u0119tej, co czyni j\u0105 doskona\u0142ym wyborem do zastosowa\u0144 dynamicznych nara\u017conych na du\u017ce obci\u0105\u017cenia i moment obrotowy przy minimalnym ugi\u0119ciu. Dodatkowe warianty mog\u0105 by\u0107 produkowane z alternatywnymi zamkni\u0119tymi d\u0142ugo\u015bciami, przed\u0142u\u017ceniami, systemami monta\u017cowymi, obr\u00f3bk\u0105 powierzchni i \u0142o\u017cyskami kulkowymi. <\/p>\n<p>Prowadnice s\u0105 wykonane z ci\u0105gnionej na zimno stali C45E+C zgodnie z norm\u0105 EN 10277. Standardowe koszyki kulkowe wykonane s\u0105 z ocynkowanej blachy, a \u0142o\u017cyska kulkowe ze stali w\u0119glowej C85 G100 zgodnie z norm\u0105 DIN 5401. <\/p>\n<p><strong>Ud\u017awig:<\/strong><br \/>Prowadnice teleskopowe oferuj\u0105 wysoki poziom ud\u017awigu przy kompaktowych wymiarach. Maksymalne obci\u0105\u017cenie jest okre\u015blone dla w pe\u0142ni wysuni\u0119tych par prowadnic zainstalowanych wzd\u0142u\u017c g\u0142\u00f3wnej osi, z obci\u0105\u017ceniem r\u00f3wnomiernie roz\u0142o\u017conym na wewn\u0119trznej belce. <\/p>\n<p><strong>Uwaga:<br \/>Poniewa\u017c te prowadnice teleskopowe s\u0105 wykonywane na zam\u00f3wienie, nie podlegaj\u0105 one zwrotom. Do transportu prowadnice s\u0105 zabezpieczone wysokiej jako\u015bci drewnianym opakowaniem. <\/strong><\/p>\n","protected":false},"excerpt":{"rendered":"<p>Przekr\u00f3j poprzeczny: 48 x 40 mm | D\u0142ugo\u015b\u0107: 200 do 1200 mm<\/p>\n","protected":false},"featured_media":10968,"comment_status":"open","ping_status":"closed","template":"","meta":{"_kadence_starter_templates_imported_post":false,"_kad_post_transparent":"","_kad_post_title":"","_kad_post_layout":"","_kad_post_sidebar_id":"","_kad_post_content_style":"","_kad_post_vertical_padding":"","_kad_post_feature":"","_kad_post_feature_position":"","_kad_post_header":false,"_kad_post_footer":false,"_kad_post_classname":""},"product_brand":[],"product_cat":[3894,3741],"product_tag":[],"class_list":{"0":"post-28123","1":"product","2":"type-product","3":"status-publish","4":"has-post-thumbnail","6":"product_cat-rozszerzenie","7":"product_cat-wytrzymalosc","8":"pa_cross-section-40-x-48-mm-pl","9":"pa_extract-type-rozszerzenie","10":"pa_load-capacity-100-kg-pl","11":"pa_load-capacity-105-kg-pl","12":"pa_load-capacity-110-kg-pl","13":"pa_load-capacity-115-kg-pl","14":"pa_load-capacity-120-kg-pl","15":"pa_load-capacity-125-kg-pl","16":"pa_load-capacity-130-kg-pl","17":"pa_load-capacity-135-kg-pl","18":"pa_load-capacity-138-kg-pl","19":"pa_load-capacity-140-kg-pl","20":"pa_load-capacity-145-kg-pl","21":"pa_load-capacity-150-kg-pl","22":"pa_load-capacity-152-kg-pl","23":"pa_load-capacity-155-kg-pl","24":"pa_load-capacity-160-kg-pl","25":"pa_load-capacity-80-kg-pl","26":"pa_load-capacity-85-kg-pl","27":"pa_load-capacity-90-kg-pl","28":"pa_load-capacity-95-kg-pl","29":"pa_material-ocynkowana-stal-weglowa","30":"pa_slide-length-1000-mm-pl","31":"pa_slide-length-1050-mm-pl","32":"pa_slide-length-1100-mm-pl","33":"pa_slide-length-1150-mm-pl","34":"pa_slide-length-1200-mm-pl","35":"pa_slide-length-200-mm-pl","36":"pa_slide-length-250-mm-pl","37":"pa_slide-length-300-mm-pl","38":"pa_slide-length-350-mm-pl","39":"pa_slide-length-400-mm-pl","40":"pa_slide-length-450-mm-pl","41":"pa_slide-length-500-mm-pl","42":"pa_slide-length-550-mm-pl","43":"pa_slide-length-600-mm-pl","44":"pa_slide-length-650-mm-pl","45":"pa_slide-length-700-mm-pl","46":"pa_slide-length-750-mm-pl","47":"pa_slide-length-800-mm-pl","48":"pa_slide-length-850-mm-pl","49":"pa_slide-length-900-mm-pl","50":"pa_slide-length-950-mm-pl","51":"pa_travel-path-1000-mm-pl","52":"pa_travel-path-1100-mm-pl","53":"pa_travel-path-1200-mm-pl","54":"pa_travel-path-1300-mm-pl","55":"pa_travel-path-1400-mm-pl","56":"pa_travel-path-1500-mm-pl","57":"pa_travel-path-1600-mm-pl","58":"pa_travel-path-1700-mm-pl","59":"pa_travel-path-1800-mm-pl","60":"pa_travel-path-1900-mm-pl","61":"pa_travel-path-2000-mm-pl","62":"pa_travel-path-2100-mm-pl","63":"pa_travel-path-2200-mm-pl","64":"pa_travel-path-2300-mm-pl","65":"pa_travel-path-2400-mm-pl","66":"pa_travel-path-400-mm-pl","67":"pa_travel-path-500-mm-pl","68":"pa_travel-path-600-mm-pl","69":"pa_travel-path-700-mm-pl","70":"pa_travel-path-800-mm-pl","71":"pa_travel-path-900-mm-pl","73":"first","74":"instock","75":"shipping-taxable","76":"purchasable","77":"product-type-variable","78":"entry","79":"content-bg","80":"loop-entry"},"yoast_head":"<!-- This site is optimized with the Yoast SEO plugin v27.4 - https:\/\/yoast.com\/product\/yoast-seo-wordpress\/ -->\n<title>Prowadnica teleskopowa DDTS-40 | do 160 kg | Prowadnice teleskopowe Schock - SCHOCK Telescopic slides<\/title>\n<meta name=\"robots\" content=\"noindex, follow, max-snippet:-1, max-image-preview:large, max-video-preview:-1\" \/>\n<meta property=\"og:locale\" content=\"pl_PL\" \/>\n<meta property=\"og:type\" content=\"article\" \/>\n<meta property=\"og:title\" content=\"Prowadnica teleskopowa DDTS-40 | do 160 kg | Prowadnice teleskopowe Schock - SCHOCK Telescopic slides\" \/>\n<meta property=\"og:description\" content=\"Przekr\u00f3j poprzeczny: 48 x 40 mm | D\u0142ugo\u015b\u0107: 200 do 1200 mm\" \/>\n<meta property=\"og:url\" content=\"https:\/\/pl.crmschock.com\/pl\/product\/prowadnica-teleskopowa-ddts-40-do-160-kg-prowadnice-teleskopowe-schock\/\" \/>\n<meta property=\"og:site_name\" content=\"SCHOCK Telescopic slides\" \/>\n<meta property=\"article:modified_time\" content=\"2025-09-25T09:46:21+00:00\" \/>\n<meta property=\"og:image\" content=\"https:\/\/pl.crmschock.com\/wp-content\/uploads\/2025\/04\/ddts40_0.jpg\" \/>\n\t<meta property=\"og:image:width\" content=\"1920\" \/>\n\t<meta property=\"og:image:height\" content=\"1200\" \/>\n\t<meta property=\"og:image:type\" content=\"image\/jpeg\" \/>\n<meta name=\"twitter:card\" content=\"summary_large_image\" \/>\n<meta name=\"twitter:label1\" content=\"Szacowany czas czytania\" \/>\n\t<meta name=\"twitter:data1\" content=\"2 minuty\" \/>\n<script type=\"application\/ld+json\" class=\"yoast-schema-graph\">{\"@context\":\"https:\\\/\\\/schema.org\",\"@graph\":[{\"@type\":\"WebPage\",\"@id\":\"https:\\\/\\\/pl.crmschock.com\\\/pl\\\/product\\\/prowadnica-teleskopowa-ddts-40-do-160-kg-prowadnice-teleskopowe-schock\\\/\",\"url\":\"https:\\\/\\\/pl.crmschock.com\\\/pl\\\/product\\\/prowadnica-teleskopowa-ddts-40-do-160-kg-prowadnice-teleskopowe-schock\\\/\",\"name\":\"Prowadnica teleskopowa DDTS-40 | do 160 kg | Prowadnice teleskopowe Schock - SCHOCK Telescopic slides\",\"isPartOf\":{\"@id\":\"https:\\\/\\\/pl.crmschock.com\\\/#website\"},\"primaryImageOfPage\":{\"@id\":\"https:\\\/\\\/pl.crmschock.com\\\/pl\\\/product\\\/prowadnica-teleskopowa-ddts-40-do-160-kg-prowadnice-teleskopowe-schock\\\/#primaryimage\"},\"image\":{\"@id\":\"https:\\\/\\\/pl.crmschock.com\\\/pl\\\/product\\\/prowadnica-teleskopowa-ddts-40-do-160-kg-prowadnice-teleskopowe-schock\\\/#primaryimage\"},\"thumbnailUrl\":\"https:\\\/\\\/pl.crmschock.com\\\/wp-content\\\/uploads\\\/2025\\\/04\\\/ddts40_0.jpg\",\"datePublished\":\"2025-05-28T06:57:16+00:00\",\"dateModified\":\"2025-09-25T09:46:21+00:00\",\"breadcrumb\":{\"@id\":\"https:\\\/\\\/pl.crmschock.com\\\/pl\\\/product\\\/prowadnica-teleskopowa-ddts-40-do-160-kg-prowadnice-teleskopowe-schock\\\/#breadcrumb\"},\"inLanguage\":\"pl-PL\",\"potentialAction\":[{\"@type\":\"ReadAction\",\"target\":[\"https:\\\/\\\/pl.crmschock.com\\\/pl\\\/product\\\/prowadnica-teleskopowa-ddts-40-do-160-kg-prowadnice-teleskopowe-schock\\\/\"]}]},{\"@type\":\"ImageObject\",\"inLanguage\":\"pl-PL\",\"@id\":\"https:\\\/\\\/pl.crmschock.com\\\/pl\\\/product\\\/prowadnica-teleskopowa-ddts-40-do-160-kg-prowadnice-teleskopowe-schock\\\/#primaryimage\",\"url\":\"https:\\\/\\\/pl.crmschock.com\\\/wp-content\\\/uploads\\\/2025\\\/04\\\/ddts40_0.jpg\",\"contentUrl\":\"https:\\\/\\\/pl.crmschock.com\\\/wp-content\\\/uploads\\\/2025\\\/04\\\/ddts40_0.jpg\",\"width\":1920,\"height\":1200},{\"@type\":\"BreadcrumbList\",\"@id\":\"https:\\\/\\\/pl.crmschock.com\\\/pl\\\/product\\\/prowadnica-teleskopowa-ddts-40-do-160-kg-prowadnice-teleskopowe-schock\\\/#breadcrumb\",\"itemListElement\":[{\"@type\":\"ListItem\",\"position\":1,\"name\":\"Startseite\",\"item\":\"https:\\\/\\\/pl.crmschock.com\\\/pl\\\/\"},{\"@type\":\"ListItem\",\"position\":2,\"name\":\"All telescopic slides-shop-page\",\"item\":\"https:\\\/\\\/pl.crmschock.com\\\/?page_id=26839\"},{\"@type\":\"ListItem\",\"position\":3,\"name\":\"Prowadnica teleskopowa DDTS-40 | do 160 kg | Prowadnice teleskopowe Schock\"}]},{\"@type\":\"WebSite\",\"@id\":\"https:\\\/\\\/pl.crmschock.com\\\/#website\",\"url\":\"https:\\\/\\\/pl.crmschock.com\\\/\",\"name\":\"SCHOCK Telescopic slides\",\"description\":\"Telescopic slides and linear guides from the manufacturer\",\"publisher\":{\"@id\":\"https:\\\/\\\/pl.crmschock.com\\\/#organization\"},\"potentialAction\":[{\"@type\":\"SearchAction\",\"target\":{\"@type\":\"EntryPoint\",\"urlTemplate\":\"https:\\\/\\\/pl.crmschock.com\\\/?s={search_term_string}\"},\"query-input\":{\"@type\":\"PropertyValueSpecification\",\"valueRequired\":true,\"valueName\":\"search_term_string\"}}],\"inLanguage\":\"pl-PL\"},{\"@type\":\"Organization\",\"@id\":\"https:\\\/\\\/pl.crmschock.com\\\/#organization\",\"name\":\"SCHOCK Telescopic slides\",\"url\":\"https:\\\/\\\/pl.crmschock.com\\\/\",\"logo\":{\"@type\":\"ImageObject\",\"inLanguage\":\"pl-PL\",\"@id\":\"https:\\\/\\\/pl.crmschock.com\\\/#\\\/schema\\\/logo\\\/image\\\/\",\"url\":\"https:\\\/\\\/pl.crmschock.com\\\/wp-content\\\/uploads\\\/2025\\\/09\\\/schock-telescopicslide-600-w.png\",\"contentUrl\":\"https:\\\/\\\/pl.crmschock.com\\\/wp-content\\\/uploads\\\/2025\\\/09\\\/schock-telescopicslide-600-w.png\",\"width\":600,\"height\":206,\"caption\":\"SCHOCK Telescopic slides\"},\"image\":{\"@id\":\"https:\\\/\\\/pl.crmschock.com\\\/#\\\/schema\\\/logo\\\/image\\\/\"}}]}<\/script>\n<!-- \/ Yoast SEO plugin. -->","yoast_head_json":{"title":"Prowadnica teleskopowa DDTS-40 | do 160 kg | Prowadnice teleskopowe Schock - SCHOCK Telescopic slides","robots":{"index":"noindex","follow":"follow","max-snippet":"max-snippet:-1","max-image-preview":"max-image-preview:large","max-video-preview":"max-video-preview:-1"},"og_locale":"pl_PL","og_type":"article","og_title":"Prowadnica teleskopowa DDTS-40 | do 160 kg | Prowadnice teleskopowe Schock - SCHOCK Telescopic slides","og_description":"Przekr\u00f3j poprzeczny: 48 x 40 mm | D\u0142ugo\u015b\u0107: 200 do 1200 mm","og_url":"https:\/\/pl.crmschock.com\/pl\/product\/prowadnica-teleskopowa-ddts-40-do-160-kg-prowadnice-teleskopowe-schock\/","og_site_name":"SCHOCK Telescopic slides","article_modified_time":"2025-09-25T09:46:21+00:00","og_image":[{"width":1920,"height":1200,"url":"https:\/\/pl.crmschock.com\/wp-content\/uploads\/2025\/04\/ddts40_0.jpg","type":"image\/jpeg"}],"twitter_card":"summary_large_image","twitter_misc":{"Szacowany czas czytania":"2 minuty"},"schema":{"@context":"https:\/\/schema.org","@graph":[{"@type":"WebPage","@id":"https:\/\/pl.crmschock.com\/pl\/product\/prowadnica-teleskopowa-ddts-40-do-160-kg-prowadnice-teleskopowe-schock\/","url":"https:\/\/pl.crmschock.com\/pl\/product\/prowadnica-teleskopowa-ddts-40-do-160-kg-prowadnice-teleskopowe-schock\/","name":"Prowadnica teleskopowa DDTS-40 | do 160 kg | Prowadnice teleskopowe Schock - SCHOCK Telescopic slides","isPartOf":{"@id":"https:\/\/pl.crmschock.com\/#website"},"primaryImageOfPage":{"@id":"https:\/\/pl.crmschock.com\/pl\/product\/prowadnica-teleskopowa-ddts-40-do-160-kg-prowadnice-teleskopowe-schock\/#primaryimage"},"image":{"@id":"https:\/\/pl.crmschock.com\/pl\/product\/prowadnica-teleskopowa-ddts-40-do-160-kg-prowadnice-teleskopowe-schock\/#primaryimage"},"thumbnailUrl":"https:\/\/pl.crmschock.com\/wp-content\/uploads\/2025\/04\/ddts40_0.jpg","datePublished":"2025-05-28T06:57:16+00:00","dateModified":"2025-09-25T09:46:21+00:00","breadcrumb":{"@id":"https:\/\/pl.crmschock.com\/pl\/product\/prowadnica-teleskopowa-ddts-40-do-160-kg-prowadnice-teleskopowe-schock\/#breadcrumb"},"inLanguage":"pl-PL","potentialAction":[{"@type":"ReadAction","target":["https:\/\/pl.crmschock.com\/pl\/product\/prowadnica-teleskopowa-ddts-40-do-160-kg-prowadnice-teleskopowe-schock\/"]}]},{"@type":"ImageObject","inLanguage":"pl-PL","@id":"https:\/\/pl.crmschock.com\/pl\/product\/prowadnica-teleskopowa-ddts-40-do-160-kg-prowadnice-teleskopowe-schock\/#primaryimage","url":"https:\/\/pl.crmschock.com\/wp-content\/uploads\/2025\/04\/ddts40_0.jpg","contentUrl":"https:\/\/pl.crmschock.com\/wp-content\/uploads\/2025\/04\/ddts40_0.jpg","width":1920,"height":1200},{"@type":"BreadcrumbList","@id":"https:\/\/pl.crmschock.com\/pl\/product\/prowadnica-teleskopowa-ddts-40-do-160-kg-prowadnice-teleskopowe-schock\/#breadcrumb","itemListElement":[{"@type":"ListItem","position":1,"name":"Startseite","item":"https:\/\/pl.crmschock.com\/pl\/"},{"@type":"ListItem","position":2,"name":"All telescopic slides-shop-page","item":"https:\/\/pl.crmschock.com\/?page_id=26839"},{"@type":"ListItem","position":3,"name":"Prowadnica teleskopowa DDTS-40 | do 160 kg | Prowadnice teleskopowe Schock"}]},{"@type":"WebSite","@id":"https:\/\/pl.crmschock.com\/#website","url":"https:\/\/pl.crmschock.com\/","name":"SCHOCK Telescopic slides","description":"Telescopic slides and linear guides from the manufacturer","publisher":{"@id":"https:\/\/pl.crmschock.com\/#organization"},"potentialAction":[{"@type":"SearchAction","target":{"@type":"EntryPoint","urlTemplate":"https:\/\/pl.crmschock.com\/?s={search_term_string}"},"query-input":{"@type":"PropertyValueSpecification","valueRequired":true,"valueName":"search_term_string"}}],"inLanguage":"pl-PL"},{"@type":"Organization","@id":"https:\/\/pl.crmschock.com\/#organization","name":"SCHOCK Telescopic slides","url":"https:\/\/pl.crmschock.com\/","logo":{"@type":"ImageObject","inLanguage":"pl-PL","@id":"https:\/\/pl.crmschock.com\/#\/schema\/logo\/image\/","url":"https:\/\/pl.crmschock.com\/wp-content\/uploads\/2025\/09\/schock-telescopicslide-600-w.png","contentUrl":"https:\/\/pl.crmschock.com\/wp-content\/uploads\/2025\/09\/schock-telescopicslide-600-w.png","width":600,"height":206,"caption":"SCHOCK Telescopic slides"},"image":{"@id":"https:\/\/pl.crmschock.com\/#\/schema\/logo\/image\/"}}]}},"_links":{"self":[{"href":"https:\/\/pl.crmschock.com\/pl\/wp-json\/wp\/v2\/product\/28123","targetHints":{"allow":["GET"]}}],"collection":[{"href":"https:\/\/pl.crmschock.com\/pl\/wp-json\/wp\/v2\/product"}],"about":[{"href":"https:\/\/pl.crmschock.com\/pl\/wp-json\/wp\/v2\/types\/product"}],"replies":[{"embeddable":true,"href":"https:\/\/pl.crmschock.com\/pl\/wp-json\/wp\/v2\/comments?post=28123"}],"wp:featuredmedia":[{"embeddable":true,"href":"https:\/\/pl.crmschock.com\/pl\/wp-json\/wp\/v2\/media\/10968"}],"wp:attachment":[{"href":"https:\/\/pl.crmschock.com\/pl\/wp-json\/wp\/v2\/media?parent=28123"}],"wp:term":[{"taxonomy":"product_brand","embeddable":true,"href":"https:\/\/pl.crmschock.com\/pl\/wp-json\/wp\/v2\/product_brand?post=28123"},{"taxonomy":"product_cat","embeddable":true,"href":"https:\/\/pl.crmschock.com\/pl\/wp-json\/wp\/v2\/product_cat?post=28123"},{"taxonomy":"product_tag","embeddable":true,"href":"https:\/\/pl.crmschock.com\/pl\/wp-json\/wp\/v2\/product_tag?post=28123"}],"curies":[{"name":"wp","href":"https:\/\/api.w.org\/{rel}","templated":true}]}}