{"id":28351,"date":"2025-05-28T08:56:55","date_gmt":"2025-05-28T06:56:55","guid":{"rendered":"https:\/\/pl.crmschock.com\/product\/prowadnica-teleskopowa-z-czesciowym-przedluzeniem-sows-40-do-280-kg-prowadnice-teleskopowe-schock\/"},"modified":"2025-05-28T08:56:55","modified_gmt":"2025-05-28T06:56:55","slug":"prowadnica-teleskopowa-z-czesciowym-przedluzeniem-sows-40-do-280-kg-prowadnice-teleskopowe-schock","status":"publish","type":"product","link":"https:\/\/pl.crmschock.com\/pl\/product\/prowadnica-teleskopowa-z-czesciowym-przedluzeniem-sows-40-do-280-kg-prowadnice-teleskopowe-schock\/","title":{"rendered":"Prowadnica teleskopowa z cz\u0119\u015bciowym przed\u0142u\u017ceniem SOWS-40 | do 280 kg | Prowadnice teleskopowe Schock"},"content":{"rendered":"<p><strong>SOWS-40 Prowadnica teleskopowa z cz\u0119\u015bciowym przed\u0142u\u017ceniem<\/strong><\/p>\n<p>Prowadnica teleskopowa SOWS-40 jest wykonana ze stali nierdzewnej 316L (1.4404) klasy morskiej, zapewniaj\u0105cej bardzo wysok\u0105 odporno\u015b\u0107 na korozj\u0119. Struktura austenityczna stali nierdzewnej 316L zapewnia doskona\u0142\u0105 wytrzyma\u0142o\u015b\u0107, nawet w temperaturach kriogenicznych. Belki s\u0105 standardowo polerowane do jasnego wyko\u0144czenia na wszystkich powierzchniach.  <\/p>\n<p><strong>Wyd\u0142u\u017cenie: <\/strong>50%<br \/><strong>Materia\u0142: <\/strong>Stal nierdzewna 316L (1.4404)<br \/><strong>D\u0142ugo\u015b\u0107: <\/strong>200 mm do 1600 mm<br \/><strong>Przekr\u00f3j:<\/strong> 16 x 40 mm<br \/><strong>Odleg\u0142o\u015b\u0107 przesuwu:<\/strong> od 100 mm do 800 mm<br \/><strong>Ud\u017awig: <\/strong>do 280 kg\/para<br \/><strong>Temperatura pracy:<\/strong> od -40 do +200 C<\/p>\n<p>SOWS-40 jest szczeg\u00f3lnie odpowiedni do zastosowa\u0144 o wysokiej korozyjno\u015bci i d\u0142ugotrwa\u0142ym nara\u017ceniu na dzia\u0142anie czynnik\u00f3w atmosferycznych. Kompaktowy profil 40 mm sprawia, \u017ce jest to doskona\u0142y wyb\u00f3r do ci\u0119\u017ckich siedze\u0144 morskich lub wojskowych \/ awaryjnych szuflad ci\u0119\u017car\u00f3wek, kt\u00f3re dzia\u0142aj\u0105 w mokrych warunkach. Jest to prowadnica teleskopowa z cz\u0119\u015bciowym wysuwem do ekstremalnych obci\u0105\u017ce\u0144 (800 kg, 280 kg na par\u0119), odpowiednia do szerokiego zakresu zastosowa\u0144.  <\/p>\n<p>Zbudowany z frezowanych sekcji ze stali nierdzewnej, z obrobionymi prowadnicami kulkowymi zapewniaj\u0105cymi dok\u0142adno\u015b\u0107, ma doskona\u0142y poziom odporno\u015bci na wstrz\u0105sy i wibracje. W zwi\u0105zku z tym, produkt ten doskonale nadaje si\u0119 do podpierania siedze\u0144 i w\u0142az\u00f3w morskich oraz os\u0142on maszyn spo\u017cywczych. Belki i \u0142o\u017cyska kulkowe s\u0105 wykonane z austenitycznej stali 316L. \u015aruby ograniczaj\u0105ce s\u0105 klasy 304 z koszykami wykonanymi z ferrytycznej stali nierdzewnej klasy 430, co zapewnia pe\u0142n\u0105 ochron\u0119 przed korozj\u0105.   <\/p>\n<p>Prowadnica ta jest odporna na obci\u0105\u017cenia w pozycji wysuni\u0119tej, co czyni j\u0105 doskona\u0142ym wyborem do dynamicznych zastosowa\u0144, w przeciwie\u0144stwie do wielu innych prowadnic produkowanych z walcowanych stalowych profili C. Prowadnice z tej serii nie zawieraj\u0105 cz\u0119\u015bci z tworzyw sztucznych, dzi\u0119ki czemu idealnie nadaj\u0105 si\u0119 do pracy w wysokich temperaturach. <\/p>\n<p><strong>Ud\u017awig:<\/strong><br \/>Prowadnice teleskopowe oferuj\u0105 wysoki poziom ud\u017awigu przy kompaktowych wymiarach. Maksymalne obci\u0105\u017cenie jest okre\u015blone dla w pe\u0142ni wysuni\u0119tych par prowadnic zainstalowanych wzd\u0142u\u017c g\u0142\u00f3wnej osi, z obci\u0105\u017ceniem r\u00f3wnomiernie roz\u0142o\u017conym na wewn\u0119trznej belce. <\/p>\n<p><strong>Uwaga:<br \/>Poniewa\u017c te prowadnice teleskopowe s\u0105 wykonywane na zam\u00f3wienie, nie podlegaj\u0105 one zwrotom. Do transportu prowadnice s\u0105 zabezpieczone wysokiej jako\u015bci drewnianym opakowaniem. <\/strong><\/p>\n","protected":false},"excerpt":{"rendered":"<p>Przekr\u00f3j poprzeczny: 16 x 40 mm | D\u0142ugo\u015b\u0107: 200 do 1600 mm<\/p>\n","protected":false},"featured_media":22241,"comment_status":"open","ping_status":"closed","template":"","meta":{"_kadence_starter_templates_imported_post":false,"_kad_post_transparent":"","_kad_post_title":"","_kad_post_layout":"","_kad_post_sidebar_id":"","_kad_post_content_style":"","_kad_post_vertical_padding":"","_kad_post_feature":"","_kad_post_feature_position":"","_kad_post_header":false,"_kad_post_footer":false,"_kad_post_classname":""},"product_brand":[],"product_cat":[3937,3741],"product_tag":[],"class_list":{"0":"post-28351","1":"product","2":"type-product","3":"status-publish","4":"has-post-thumbnail","6":"product_cat-czesciowe-rozszerzenie","7":"product_cat-wytrzymalosc","8":"pa_cross-section-16-x-40-mm-pl","9":"pa_extract-type-czesciowe-rozszerzenie","10":"pa_load-capacity-100-kg-pl","11":"pa_load-capacity-110-kg-pl","12":"pa_load-capacity-120-kg-pl","13":"pa_load-capacity-130-kg-pl","14":"pa_load-capacity-140-kg-pl","15":"pa_load-capacity-155-kg-pl","16":"pa_load-capacity-170-kg-pl","17":"pa_load-capacity-185-kg-pl","18":"pa_load-capacity-20-kg-pl","19":"pa_load-capacity-200-kg-pl","20":"pa_load-capacity-220-kg-pl","21":"pa_load-capacity-225-kg-pl","22":"pa_load-capacity-230-kg-pl","23":"pa_load-capacity-240-kg-pl","24":"pa_load-capacity-250-kg-pl","25":"pa_load-capacity-260-kg-pl","26":"pa_load-capacity-270-kg-pl","27":"pa_load-capacity-280-kg-pl","28":"pa_load-capacity-30-kg-pl","29":"pa_load-capacity-40-kg-pl","30":"pa_load-capacity-50-kg-pl","31":"pa_load-capacity-60-kg-pl","32":"pa_load-capacity-70-kg-pl","33":"pa_load-capacity-80-kg-pl","34":"pa_load-capacity-90-kg-pl","35":"pa_material-stal-nierdzewna-1-4404-316l","36":"pa_slide-length-1000-mm-pl","37":"pa_slide-length-1050-mm-pl","38":"pa_slide-length-1100-mm-pl","39":"pa_slide-length-1150-mm-pl","40":"pa_slide-length-1200-mm-pl","41":"pa_slide-length-1250-mm-pl","42":"pa_slide-length-1300-mm-pl","43":"pa_slide-length-1350-mm-pl","44":"pa_slide-length-1400-mm-pl","45":"pa_slide-length-1450-mm-pl","46":"pa_slide-length-1500-mm-pl","47":"pa_slide-length-1550-mm-pl","48":"pa_slide-length-1600-mm-pl","49":"pa_slide-length-200-mm-pl","50":"pa_slide-length-250-mm-pl","51":"pa_slide-length-300-mm-pl","52":"pa_slide-length-350-mm-pl","53":"pa_slide-length-400-mm-pl","54":"pa_slide-length-450-mm-pl","55":"pa_slide-length-500-mm-pl","56":"pa_slide-length-550-mm-pl","57":"pa_slide-length-600-mm-pl","58":"pa_slide-length-650-mm-pl","59":"pa_slide-length-700-mm-pl","60":"pa_slide-length-750-mm-pl","61":"pa_slide-length-800-mm-pl","62":"pa_slide-length-850-mm-pl","63":"pa_slide-length-900-mm-pl","64":"pa_slide-length-950-mm-pl","65":"pa_travel-path-100-mm-pl","66":"pa_travel-path-125-mm-pl","67":"pa_travel-path-150-mm-pl","68":"pa_travel-path-175-mm-pl","69":"pa_travel-path-200-mm-pl","70":"pa_travel-path-225-mm-pl","71":"pa_travel-path-250-mm-pl","72":"pa_travel-path-275-mm-pl","73":"pa_travel-path-300-mm-pl","74":"pa_travel-path-325-mm-pl","75":"pa_travel-path-350-mm-pl","76":"pa_travel-path-375-mm-pl","77":"pa_travel-path-400-mm-pl","78":"pa_travel-path-425-mm-pl","79":"pa_travel-path-450-mm-pl","80":"pa_travel-path-475-mm-pl","81":"pa_travel-path-500-mm-pl","82":"pa_travel-path-525-mm-pl","83":"pa_travel-path-550-mm-pl","84":"pa_travel-path-575-mm-pl","85":"pa_travel-path-600-mm-pl","86":"pa_travel-path-625-mm-pl","87":"pa_travel-path-650-mm-pl","88":"pa_travel-path-675-mm-pl","89":"pa_travel-path-700-mm-pl","90":"pa_travel-path-725-mm-pl","91":"pa_travel-path-750-mm-pl","92":"pa_travel-path-775-mm-pl","93":"pa_travel-path-800-mm-pl","95":"first","96":"instock","97":"shipping-taxable","98":"purchasable","99":"product-type-variable","100":"entry","101":"content-bg","102":"loop-entry"},"yoast_head":"<!-- This site is optimized with the Yoast SEO plugin v27.4 - https:\/\/yoast.com\/product\/yoast-seo-wordpress\/ -->\n<title>Prowadnica teleskopowa z cz\u0119\u015bciowym przed\u0142u\u017ceniem SOWS-40 | do 280 kg | Prowadnice teleskopowe Schock - SCHOCK Telescopic slides<\/title>\n<meta name=\"robots\" content=\"noindex, follow, max-snippet:-1, max-image-preview:large, max-video-preview:-1\" \/>\n<meta property=\"og:locale\" content=\"pl_PL\" \/>\n<meta property=\"og:type\" content=\"article\" \/>\n<meta property=\"og:title\" content=\"Prowadnica teleskopowa z cz\u0119\u015bciowym przed\u0142u\u017ceniem SOWS-40 | do 280 kg | Prowadnice teleskopowe Schock - SCHOCK Telescopic slides\" \/>\n<meta property=\"og:description\" content=\"Przekr\u00f3j poprzeczny: 16 x 40 mm | D\u0142ugo\u015b\u0107: 200 do 1600 mm\" \/>\n<meta property=\"og:url\" content=\"https:\/\/pl.crmschock.com\/pl\/product\/prowadnica-teleskopowa-z-czesciowym-przedluzeniem-sows-40-do-280-kg-prowadnice-teleskopowe-schock\/\" \/>\n<meta property=\"og:site_name\" content=\"SCHOCK Telescopic slides\" \/>\n<meta property=\"og:image\" content=\"https:\/\/pl.crmschock.com\/wp-content\/uploads\/2025\/04\/sows40_0.jpg\" \/>\n\t<meta property=\"og:image:width\" content=\"1920\" \/>\n\t<meta property=\"og:image:height\" content=\"1200\" \/>\n\t<meta property=\"og:image:type\" content=\"image\/jpeg\" \/>\n<meta name=\"twitter:card\" content=\"summary_large_image\" \/>\n<meta name=\"twitter:label1\" content=\"Szacowany czas czytania\" \/>\n\t<meta name=\"twitter:data1\" content=\"2 minuty\" \/>\n<script type=\"application\/ld+json\" class=\"yoast-schema-graph\">{\"@context\":\"https:\\\/\\\/schema.org\",\"@graph\":[{\"@type\":\"WebPage\",\"@id\":\"https:\\\/\\\/pl.crmschock.com\\\/pl\\\/product\\\/prowadnica-teleskopowa-z-czesciowym-przedluzeniem-sows-40-do-280-kg-prowadnice-teleskopowe-schock\\\/\",\"url\":\"https:\\\/\\\/pl.crmschock.com\\\/pl\\\/product\\\/prowadnica-teleskopowa-z-czesciowym-przedluzeniem-sows-40-do-280-kg-prowadnice-teleskopowe-schock\\\/\",\"name\":\"Prowadnica teleskopowa z cz\u0119\u015bciowym przed\u0142u\u017ceniem SOWS-40 | do 280 kg | Prowadnice teleskopowe Schock - SCHOCK Telescopic slides\",\"isPartOf\":{\"@id\":\"https:\\\/\\\/pl.crmschock.com\\\/#website\"},\"primaryImageOfPage\":{\"@id\":\"https:\\\/\\\/pl.crmschock.com\\\/pl\\\/product\\\/prowadnica-teleskopowa-z-czesciowym-przedluzeniem-sows-40-do-280-kg-prowadnice-teleskopowe-schock\\\/#primaryimage\"},\"image\":{\"@id\":\"https:\\\/\\\/pl.crmschock.com\\\/pl\\\/product\\\/prowadnica-teleskopowa-z-czesciowym-przedluzeniem-sows-40-do-280-kg-prowadnice-teleskopowe-schock\\\/#primaryimage\"},\"thumbnailUrl\":\"https:\\\/\\\/pl.crmschock.com\\\/wp-content\\\/uploads\\\/2025\\\/04\\\/sows40_0.jpg\",\"datePublished\":\"2025-05-28T06:56:55+00:00\",\"breadcrumb\":{\"@id\":\"https:\\\/\\\/pl.crmschock.com\\\/pl\\\/product\\\/prowadnica-teleskopowa-z-czesciowym-przedluzeniem-sows-40-do-280-kg-prowadnice-teleskopowe-schock\\\/#breadcrumb\"},\"inLanguage\":\"pl-PL\",\"potentialAction\":[{\"@type\":\"ReadAction\",\"target\":[\"https:\\\/\\\/pl.crmschock.com\\\/pl\\\/product\\\/prowadnica-teleskopowa-z-czesciowym-przedluzeniem-sows-40-do-280-kg-prowadnice-teleskopowe-schock\\\/\"]}]},{\"@type\":\"ImageObject\",\"inLanguage\":\"pl-PL\",\"@id\":\"https:\\\/\\\/pl.crmschock.com\\\/pl\\\/product\\\/prowadnica-teleskopowa-z-czesciowym-przedluzeniem-sows-40-do-280-kg-prowadnice-teleskopowe-schock\\\/#primaryimage\",\"url\":\"https:\\\/\\\/pl.crmschock.com\\\/wp-content\\\/uploads\\\/2025\\\/04\\\/sows40_0.jpg\",\"contentUrl\":\"https:\\\/\\\/pl.crmschock.com\\\/wp-content\\\/uploads\\\/2025\\\/04\\\/sows40_0.jpg\",\"width\":1920,\"height\":1200},{\"@type\":\"BreadcrumbList\",\"@id\":\"https:\\\/\\\/pl.crmschock.com\\\/pl\\\/product\\\/prowadnica-teleskopowa-z-czesciowym-przedluzeniem-sows-40-do-280-kg-prowadnice-teleskopowe-schock\\\/#breadcrumb\",\"itemListElement\":[{\"@type\":\"ListItem\",\"position\":1,\"name\":\"Startseite\",\"item\":\"https:\\\/\\\/pl.crmschock.com\\\/pl\\\/\"},{\"@type\":\"ListItem\",\"position\":2,\"name\":\"All telescopic slides-shop-page\",\"item\":\"https:\\\/\\\/pl.crmschock.com\\\/?page_id=26839\"},{\"@type\":\"ListItem\",\"position\":3,\"name\":\"Prowadnica teleskopowa z cz\u0119\u015bciowym przed\u0142u\u017ceniem SOWS-40 | do 280 kg | Prowadnice teleskopowe Schock\"}]},{\"@type\":\"WebSite\",\"@id\":\"https:\\\/\\\/pl.crmschock.com\\\/#website\",\"url\":\"https:\\\/\\\/pl.crmschock.com\\\/\",\"name\":\"SCHOCK Telescopic slides\",\"description\":\"Telescopic slides and linear guides from the manufacturer\",\"publisher\":{\"@id\":\"https:\\\/\\\/pl.crmschock.com\\\/#organization\"},\"potentialAction\":[{\"@type\":\"SearchAction\",\"target\":{\"@type\":\"EntryPoint\",\"urlTemplate\":\"https:\\\/\\\/pl.crmschock.com\\\/?s={search_term_string}\"},\"query-input\":{\"@type\":\"PropertyValueSpecification\",\"valueRequired\":true,\"valueName\":\"search_term_string\"}}],\"inLanguage\":\"pl-PL\"},{\"@type\":\"Organization\",\"@id\":\"https:\\\/\\\/pl.crmschock.com\\\/#organization\",\"name\":\"SCHOCK Telescopic slides\",\"url\":\"https:\\\/\\\/pl.crmschock.com\\\/\",\"logo\":{\"@type\":\"ImageObject\",\"inLanguage\":\"pl-PL\",\"@id\":\"https:\\\/\\\/pl.crmschock.com\\\/#\\\/schema\\\/logo\\\/image\\\/\",\"url\":\"https:\\\/\\\/pl.crmschock.com\\\/wp-content\\\/uploads\\\/2025\\\/09\\\/schock-telescopicslide-600-w.png\",\"contentUrl\":\"https:\\\/\\\/pl.crmschock.com\\\/wp-content\\\/uploads\\\/2025\\\/09\\\/schock-telescopicslide-600-w.png\",\"width\":600,\"height\":206,\"caption\":\"SCHOCK Telescopic slides\"},\"image\":{\"@id\":\"https:\\\/\\\/pl.crmschock.com\\\/#\\\/schema\\\/logo\\\/image\\\/\"}}]}<\/script>\n<!-- \/ Yoast SEO plugin. -->","yoast_head_json":{"title":"Prowadnica teleskopowa z cz\u0119\u015bciowym przed\u0142u\u017ceniem SOWS-40 | do 280 kg | Prowadnice teleskopowe Schock - SCHOCK Telescopic slides","robots":{"index":"noindex","follow":"follow","max-snippet":"max-snippet:-1","max-image-preview":"max-image-preview:large","max-video-preview":"max-video-preview:-1"},"og_locale":"pl_PL","og_type":"article","og_title":"Prowadnica teleskopowa z cz\u0119\u015bciowym przed\u0142u\u017ceniem SOWS-40 | do 280 kg | Prowadnice teleskopowe Schock - SCHOCK Telescopic slides","og_description":"Przekr\u00f3j poprzeczny: 16 x 40 mm | D\u0142ugo\u015b\u0107: 200 do 1600 mm","og_url":"https:\/\/pl.crmschock.com\/pl\/product\/prowadnica-teleskopowa-z-czesciowym-przedluzeniem-sows-40-do-280-kg-prowadnice-teleskopowe-schock\/","og_site_name":"SCHOCK Telescopic slides","og_image":[{"width":1920,"height":1200,"url":"https:\/\/pl.crmschock.com\/wp-content\/uploads\/2025\/04\/sows40_0.jpg","type":"image\/jpeg"}],"twitter_card":"summary_large_image","twitter_misc":{"Szacowany czas czytania":"2 minuty"},"schema":{"@context":"https:\/\/schema.org","@graph":[{"@type":"WebPage","@id":"https:\/\/pl.crmschock.com\/pl\/product\/prowadnica-teleskopowa-z-czesciowym-przedluzeniem-sows-40-do-280-kg-prowadnice-teleskopowe-schock\/","url":"https:\/\/pl.crmschock.com\/pl\/product\/prowadnica-teleskopowa-z-czesciowym-przedluzeniem-sows-40-do-280-kg-prowadnice-teleskopowe-schock\/","name":"Prowadnica teleskopowa z cz\u0119\u015bciowym przed\u0142u\u017ceniem SOWS-40 | do 280 kg | Prowadnice teleskopowe Schock - SCHOCK Telescopic slides","isPartOf":{"@id":"https:\/\/pl.crmschock.com\/#website"},"primaryImageOfPage":{"@id":"https:\/\/pl.crmschock.com\/pl\/product\/prowadnica-teleskopowa-z-czesciowym-przedluzeniem-sows-40-do-280-kg-prowadnice-teleskopowe-schock\/#primaryimage"},"image":{"@id":"https:\/\/pl.crmschock.com\/pl\/product\/prowadnica-teleskopowa-z-czesciowym-przedluzeniem-sows-40-do-280-kg-prowadnice-teleskopowe-schock\/#primaryimage"},"thumbnailUrl":"https:\/\/pl.crmschock.com\/wp-content\/uploads\/2025\/04\/sows40_0.jpg","datePublished":"2025-05-28T06:56:55+00:00","breadcrumb":{"@id":"https:\/\/pl.crmschock.com\/pl\/product\/prowadnica-teleskopowa-z-czesciowym-przedluzeniem-sows-40-do-280-kg-prowadnice-teleskopowe-schock\/#breadcrumb"},"inLanguage":"pl-PL","potentialAction":[{"@type":"ReadAction","target":["https:\/\/pl.crmschock.com\/pl\/product\/prowadnica-teleskopowa-z-czesciowym-przedluzeniem-sows-40-do-280-kg-prowadnice-teleskopowe-schock\/"]}]},{"@type":"ImageObject","inLanguage":"pl-PL","@id":"https:\/\/pl.crmschock.com\/pl\/product\/prowadnica-teleskopowa-z-czesciowym-przedluzeniem-sows-40-do-280-kg-prowadnice-teleskopowe-schock\/#primaryimage","url":"https:\/\/pl.crmschock.com\/wp-content\/uploads\/2025\/04\/sows40_0.jpg","contentUrl":"https:\/\/pl.crmschock.com\/wp-content\/uploads\/2025\/04\/sows40_0.jpg","width":1920,"height":1200},{"@type":"BreadcrumbList","@id":"https:\/\/pl.crmschock.com\/pl\/product\/prowadnica-teleskopowa-z-czesciowym-przedluzeniem-sows-40-do-280-kg-prowadnice-teleskopowe-schock\/#breadcrumb","itemListElement":[{"@type":"ListItem","position":1,"name":"Startseite","item":"https:\/\/pl.crmschock.com\/pl\/"},{"@type":"ListItem","position":2,"name":"All telescopic slides-shop-page","item":"https:\/\/pl.crmschock.com\/?page_id=26839"},{"@type":"ListItem","position":3,"name":"Prowadnica teleskopowa z cz\u0119\u015bciowym przed\u0142u\u017ceniem SOWS-40 | do 280 kg | Prowadnice teleskopowe Schock"}]},{"@type":"WebSite","@id":"https:\/\/pl.crmschock.com\/#website","url":"https:\/\/pl.crmschock.com\/","name":"SCHOCK Telescopic slides","description":"Telescopic slides and linear guides from the manufacturer","publisher":{"@id":"https:\/\/pl.crmschock.com\/#organization"},"potentialAction":[{"@type":"SearchAction","target":{"@type":"EntryPoint","urlTemplate":"https:\/\/pl.crmschock.com\/?s={search_term_string}"},"query-input":{"@type":"PropertyValueSpecification","valueRequired":true,"valueName":"search_term_string"}}],"inLanguage":"pl-PL"},{"@type":"Organization","@id":"https:\/\/pl.crmschock.com\/#organization","name":"SCHOCK Telescopic slides","url":"https:\/\/pl.crmschock.com\/","logo":{"@type":"ImageObject","inLanguage":"pl-PL","@id":"https:\/\/pl.crmschock.com\/#\/schema\/logo\/image\/","url":"https:\/\/pl.crmschock.com\/wp-content\/uploads\/2025\/09\/schock-telescopicslide-600-w.png","contentUrl":"https:\/\/pl.crmschock.com\/wp-content\/uploads\/2025\/09\/schock-telescopicslide-600-w.png","width":600,"height":206,"caption":"SCHOCK Telescopic slides"},"image":{"@id":"https:\/\/pl.crmschock.com\/#\/schema\/logo\/image\/"}}]}},"_links":{"self":[{"href":"https:\/\/pl.crmschock.com\/pl\/wp-json\/wp\/v2\/product\/28351","targetHints":{"allow":["GET"]}}],"collection":[{"href":"https:\/\/pl.crmschock.com\/pl\/wp-json\/wp\/v2\/product"}],"about":[{"href":"https:\/\/pl.crmschock.com\/pl\/wp-json\/wp\/v2\/types\/product"}],"replies":[{"embeddable":true,"href":"https:\/\/pl.crmschock.com\/pl\/wp-json\/wp\/v2\/comments?post=28351"}],"wp:featuredmedia":[{"embeddable":true,"href":"https:\/\/pl.crmschock.com\/pl\/wp-json\/wp\/v2\/media\/22241"}],"wp:attachment":[{"href":"https:\/\/pl.crmschock.com\/pl\/wp-json\/wp\/v2\/media?parent=28351"}],"wp:term":[{"taxonomy":"product_brand","embeddable":true,"href":"https:\/\/pl.crmschock.com\/pl\/wp-json\/wp\/v2\/product_brand?post=28351"},{"taxonomy":"product_cat","embeddable":true,"href":"https:\/\/pl.crmschock.com\/pl\/wp-json\/wp\/v2\/product_cat?post=28351"},{"taxonomy":"product_tag","embeddable":true,"href":"https:\/\/pl.crmschock.com\/pl\/wp-json\/wp\/v2\/product_tag?post=28351"}],"curies":[{"name":"wp","href":"https:\/\/api.w.org\/{rel}","templated":true}]}}