{"id":28404,"date":"2025-05-28T08:56:44","date_gmt":"2025-05-28T06:56:44","guid":{"rendered":"https:\/\/pl.crmschock.com\/product\/prowadnica-teleskopowa-z-pelnym-wysuwem-adtsb-70-do-330-kg-prowadnice-teleskopowe-schock\/"},"modified":"2025-05-28T08:56:44","modified_gmt":"2025-05-28T06:56:44","slug":"prowadnica-teleskopowa-z-pelnym-wysuwem-adtsb-70-do-330-kg-prowadnice-teleskopowe-schock","status":"publish","type":"product","link":"https:\/\/pl.crmschock.com\/pl\/product\/prowadnica-teleskopowa-z-pelnym-wysuwem-adtsb-70-do-330-kg-prowadnice-teleskopowe-schock\/","title":{"rendered":"Prowadnica teleskopowa z pe\u0142nym wysuwem ADTSB-70 | do 330 kg | Prowadnice teleskopowe Schock"},"content":{"rendered":"<h2><strong>Seria ADTSB-70 z pe\u0142nym wysuwem<\/strong><\/h2>\n<p>Prowadnice teleskopowe z serii ADTSB oferuj\u0105 wysuw w obu kierunkach.<br \/>\nDzi\u0119ki konstrukcji element\u00f3w prowadz\u0105cych z litego materia\u0142u, prowadnice mog\u0105 by\u0107 wykonane z niemal dowolnego aluminium.<\/p>\n<p><strong>Przed\u0142u\u017cenie:<\/strong> 100%, z mo\u017cliwo\u015bci\u0105 przed\u0142u\u017cenia po obu stronach<br \/>\n<strong>Materia\u0142:<\/strong> Aluminium EN-AW 6082 T6<br \/>\n<strong>D\u0142ugo\u015b\u0107:<\/strong> od 200 mm do 2000 mm<br \/>\n<strong>Przekr\u00f3j poprzeczny:<\/strong> 32 x 70 mm<br \/>\n<strong>D\u0142ugo\u015b\u0107 przed\u0142u\u017cenia:<\/strong> od 200 mm do 2000 mm<br \/>\n<strong>Ud\u017awig:<\/strong> do 330 kg\/para<br \/>\n<strong>Temperatura pracy:<\/strong> -40 do +200 C<\/p>\n<p>Aluminiowe prowadnice teleskopowe serii ADTSB to g\u0142adkie i precyzyjne prowadnice o pe\u0142nym wysuwie.<br \/>\nZe wzgl\u0119du na niewielk\u0105 mas\u0119 prowadnice te s\u0105 idealne do zastosowa\u0144 wojskowych i lotniczych. Dodatkowo, prowadnice te s\u0105 wykorzystywane do zastosowa\u0144 obronnych na morzu i w powietrzu.<br \/>\nDzi\u0119ki anodowanym powierzchniom i zastosowaniu \u0142o\u017cysk, koszyk\u00f3w i ogranicznik\u00f3w kra\u0144cowych ze stali nierdzewnej, prowadnice te s\u0105 odporne na korozj\u0119. Dodatkowe wyko\u0144czenia powierzchni mog\u0105 by\u0107 wybrane na \u017cyczenie.<br \/>\nProwadnice teleskopowe ADTSB s\u0105 ograniczone do pr\u0119dko\u015bci roboczych &lt;0,3 m\/s. W zwi\u0105zku z tym nie zalecamy stosowania tych prowadnic teleskopowych do precyzyjnych robot\u00f3w typu pick-and-place lub szybkich w\u00f3zk\u00f3w wahad\u0142owych.   <\/p>\n<p><strong>Ud\u017awig:<\/strong><br \/>\nProwadnice teleskopowe oferuj\u0105 wysoki ud\u017awig i kompaktowe wymiary. Maksymalny ud\u017awig jest okre\u015blony dla w pe\u0142ni wysuni\u0119tych par prowadnic zainstalowanych w kierunku osi g\u0142\u00f3wnej, kt\u00f3rych obci\u0105\u017cenie jest r\u00f3wnomiernie roz\u0142o\u017cone na wewn\u0119trznej prowadnicy. <\/p>\n<p><strong>Uwaga:<br \/>\nPoniewa\u017c te prowadnice teleskopowe s\u0105 wykonywane na zam\u00f3wienie, nie podlegaj\u0105 one zwrotom. Podczas transportu prowadnice s\u0105 zabezpieczone wysokiej jako\u015bci drewnianym opakowaniem. <\/strong><\/p>\n","protected":false},"excerpt":{"rendered":"<p>Przekr\u00f3j poprzeczny: 32 x 70 mm | d\u0142ugo\u015b\u0107: od 200 do 2000 mm | mo\u017cliwo\u015b\u0107 przed\u0142u\u017cenia z obu stron<\/p>\n","protected":false},"featured_media":22206,"comment_status":"open","ping_status":"closed","template":"","meta":{"_kadence_starter_templates_imported_post":false,"_kad_post_transparent":"","_kad_post_title":"","_kad_post_layout":"","_kad_post_sidebar_id":"","_kad_post_content_style":"","_kad_post_vertical_padding":"","_kad_post_feature":"","_kad_post_feature_position":"","_kad_post_header":false,"_kad_post_footer":false,"_kad_post_classname":""},"product_brand":[],"product_cat":[3740,3741],"product_tag":[],"class_list":{"0":"post-28404","1":"product","2":"type-product","3":"status-publish","4":"has-post-thumbnail","6":"product_cat-pelne-rozszerzenie","7":"product_cat-wytrzymalosc","8":"pa_cross-section-32-x-70-mm-pl","9":"pa_extract-type-pelne-rozszerzenie","10":"pa_load-capacity-105-kg-pl","11":"pa_load-capacity-110-kg-pl","12":"pa_load-capacity-115-kg-pl","13":"pa_load-capacity-120-kg-pl","14":"pa_load-capacity-125-kg-pl","15":"pa_load-capacity-130-kg-pl","16":"pa_load-capacity-135-kg-pl","17":"pa_load-capacity-140-kg-pl","18":"pa_load-capacity-145-kg-pl","19":"pa_load-capacity-150-kg-pl","20":"pa_load-capacity-155-kg-pl","21":"pa_load-capacity-160-kg-pl","22":"pa_load-capacity-170-kg-pl","23":"pa_load-capacity-180-kg-pl","24":"pa_load-capacity-190-kg-pl","25":"pa_load-capacity-200-kg-pl","26":"pa_load-capacity-210-kg-pl","27":"pa_load-capacity-220-kg-pl","28":"pa_load-capacity-230-kg-pl","29":"pa_load-capacity-240-kg-pl","30":"pa_load-capacity-250-kg-pl","31":"pa_load-capacity-260-kg-pl","32":"pa_load-capacity-270-kg-pl","33":"pa_load-capacity-280-kg-pl","34":"pa_load-capacity-290-kg-pl","35":"pa_load-capacity-300-kg-pl","36":"pa_load-capacity-310-kg-pl","37":"pa_load-capacity-315-kg-pl","38":"pa_load-capacity-320-kg-pl","39":"pa_load-capacity-330-kg-pl","40":"pa_material-aluminium-pl","41":"pa_slide-length-1000-mm-pl","42":"pa_slide-length-1050-mm-pl","43":"pa_slide-length-1100-mm-pl","44":"pa_slide-length-1150-mm-pl","45":"pa_slide-length-1200-mm-pl","46":"pa_slide-length-1250-mm-pl","47":"pa_slide-length-1300-mm-pl","48":"pa_slide-length-1350-mm-pl","49":"pa_slide-length-1400-mm-pl","50":"pa_slide-length-1450-mm-pl","51":"pa_slide-length-1500-mm-pl","52":"pa_slide-length-1550-mm-pl","53":"pa_slide-length-1600-mm-pl","54":"pa_slide-length-1650-mm-pl","55":"pa_slide-length-1700-mm-pl","56":"pa_slide-length-1750-mm-pl","57":"pa_slide-length-1800-mm-pl","58":"pa_slide-length-1850-mm-pl","59":"pa_slide-length-1900-mm-pl","60":"pa_slide-length-1950-mm-pl","61":"pa_slide-length-200-mm-pl","62":"pa_slide-length-2000-mm-pl","63":"pa_slide-length-250-mm-pl","64":"pa_slide-length-300-mm-pl","65":"pa_slide-length-350-mm-pl","66":"pa_slide-length-400-mm-pl","67":"pa_slide-length-450-mm-pl","68":"pa_slide-length-500-mm-pl","69":"pa_slide-length-550-mm-pl","70":"pa_slide-length-600-mm-pl","71":"pa_slide-length-650-mm-pl","72":"pa_slide-length-700-mm-pl","73":"pa_slide-length-750-mm-pl","74":"pa_slide-length-800-mm-pl","75":"pa_slide-length-850-mm-pl","76":"pa_slide-length-900-mm-pl","77":"pa_slide-length-950-mm-pl","78":"pa_special-feature-wysuwany-dwustronnie","79":"pa_travel-path-1000-mm-pl","80":"pa_travel-path-1050-mm-pl","81":"pa_travel-path-1100-mm-pl","82":"pa_travel-path-1150-mm-pl","83":"pa_travel-path-1200-mm-pl","84":"pa_travel-path-1250-mm-pl","85":"pa_travel-path-1300-mm-pl","86":"pa_travel-path-1350-mm-pl","87":"pa_travel-path-1400-mm-pl","88":"pa_travel-path-1450-mm-pl","89":"pa_travel-path-1500-mm-pl","90":"pa_travel-path-1550-mm-pl","91":"pa_travel-path-1600-mm-pl","92":"pa_travel-path-1650-mm-pl","93":"pa_travel-path-1700-mm-pl","94":"pa_travel-path-1750-mm-pl","95":"pa_travel-path-1800-mm-pl","96":"pa_travel-path-1850-mm-pl","97":"pa_travel-path-1900-mm-pl","98":"pa_travel-path-1950-mm-pl","99":"pa_travel-path-200-mm-pl","100":"pa_travel-path-2000-mm-pl","101":"pa_travel-path-250-mm-pl","102":"pa_travel-path-300-mm-pl","103":"pa_travel-path-350-mm-pl","104":"pa_travel-path-400-mm-pl","105":"pa_travel-path-450-mm-pl","106":"pa_travel-path-500-mm-pl","107":"pa_travel-path-550-mm-pl","108":"pa_travel-path-600-mm-pl","109":"pa_travel-path-650-mm-pl","110":"pa_travel-path-700-mm-pl","111":"pa_travel-path-750-mm-pl","112":"pa_travel-path-800-mm-pl","113":"pa_travel-path-850-mm-pl","114":"pa_travel-path-900-mm-pl","115":"pa_travel-path-950-mm-pl","117":"first","118":"instock","119":"shipping-taxable","120":"purchasable","121":"product-type-variable","122":"entry","123":"content-bg","124":"loop-entry"},"yoast_head":"<!-- This site is optimized with the Yoast SEO plugin v27.4 - https:\/\/yoast.com\/product\/yoast-seo-wordpress\/ -->\n<title>Prowadnica teleskopowa z pe\u0142nym wysuwem ADTSB-70 | do 330 kg | Prowadnice teleskopowe Schock - SCHOCK Telescopic slides<\/title>\n<meta name=\"robots\" content=\"noindex, follow, max-snippet:-1, max-image-preview:large, max-video-preview:-1\" \/>\n<meta property=\"og:locale\" content=\"pl_PL\" \/>\n<meta property=\"og:type\" content=\"article\" \/>\n<meta property=\"og:title\" content=\"Prowadnica teleskopowa z pe\u0142nym wysuwem ADTSB-70 | do 330 kg | Prowadnice teleskopowe Schock - SCHOCK Telescopic slides\" \/>\n<meta property=\"og:description\" content=\"Przekr\u00f3j poprzeczny: 32 x 70 mm | d\u0142ugo\u015b\u0107: od 200 do 2000 mm | mo\u017cliwo\u015b\u0107 przed\u0142u\u017cenia z obu stron\" \/>\n<meta property=\"og:url\" content=\"https:\/\/pl.crmschock.com\/pl\/product\/prowadnica-teleskopowa-z-pelnym-wysuwem-adtsb-70-do-330-kg-prowadnice-teleskopowe-schock\/\" \/>\n<meta property=\"og:site_name\" content=\"SCHOCK Telescopic slides\" \/>\n<meta property=\"og:image\" content=\"https:\/\/pl.crmschock.com\/wp-content\/uploads\/2025\/04\/adtsb70_0.jpg\" \/>\n\t<meta property=\"og:image:width\" content=\"1920\" \/>\n\t<meta property=\"og:image:height\" content=\"1200\" \/>\n\t<meta property=\"og:image:type\" content=\"image\/jpeg\" \/>\n<meta name=\"twitter:card\" content=\"summary_large_image\" \/>\n<meta name=\"twitter:label1\" content=\"Szacowany czas czytania\" \/>\n\t<meta name=\"twitter:data1\" content=\"1 minuta\" \/>\n<script type=\"application\/ld+json\" class=\"yoast-schema-graph\">{\"@context\":\"https:\\\/\\\/schema.org\",\"@graph\":[{\"@type\":\"WebPage\",\"@id\":\"https:\\\/\\\/pl.crmschock.com\\\/pl\\\/product\\\/prowadnica-teleskopowa-z-pelnym-wysuwem-adtsb-70-do-330-kg-prowadnice-teleskopowe-schock\\\/\",\"url\":\"https:\\\/\\\/pl.crmschock.com\\\/pl\\\/product\\\/prowadnica-teleskopowa-z-pelnym-wysuwem-adtsb-70-do-330-kg-prowadnice-teleskopowe-schock\\\/\",\"name\":\"Prowadnica teleskopowa z pe\u0142nym wysuwem ADTSB-70 | do 330 kg | Prowadnice teleskopowe Schock - SCHOCK Telescopic slides\",\"isPartOf\":{\"@id\":\"https:\\\/\\\/pl.crmschock.com\\\/#website\"},\"primaryImageOfPage\":{\"@id\":\"https:\\\/\\\/pl.crmschock.com\\\/pl\\\/product\\\/prowadnica-teleskopowa-z-pelnym-wysuwem-adtsb-70-do-330-kg-prowadnice-teleskopowe-schock\\\/#primaryimage\"},\"image\":{\"@id\":\"https:\\\/\\\/pl.crmschock.com\\\/pl\\\/product\\\/prowadnica-teleskopowa-z-pelnym-wysuwem-adtsb-70-do-330-kg-prowadnice-teleskopowe-schock\\\/#primaryimage\"},\"thumbnailUrl\":\"https:\\\/\\\/pl.crmschock.com\\\/wp-content\\\/uploads\\\/2025\\\/04\\\/adtsb70_0.jpg\",\"datePublished\":\"2025-05-28T06:56:44+00:00\",\"breadcrumb\":{\"@id\":\"https:\\\/\\\/pl.crmschock.com\\\/pl\\\/product\\\/prowadnica-teleskopowa-z-pelnym-wysuwem-adtsb-70-do-330-kg-prowadnice-teleskopowe-schock\\\/#breadcrumb\"},\"inLanguage\":\"pl-PL\",\"potentialAction\":[{\"@type\":\"ReadAction\",\"target\":[\"https:\\\/\\\/pl.crmschock.com\\\/pl\\\/product\\\/prowadnica-teleskopowa-z-pelnym-wysuwem-adtsb-70-do-330-kg-prowadnice-teleskopowe-schock\\\/\"]}]},{\"@type\":\"ImageObject\",\"inLanguage\":\"pl-PL\",\"@id\":\"https:\\\/\\\/pl.crmschock.com\\\/pl\\\/product\\\/prowadnica-teleskopowa-z-pelnym-wysuwem-adtsb-70-do-330-kg-prowadnice-teleskopowe-schock\\\/#primaryimage\",\"url\":\"https:\\\/\\\/pl.crmschock.com\\\/wp-content\\\/uploads\\\/2025\\\/04\\\/adtsb70_0.jpg\",\"contentUrl\":\"https:\\\/\\\/pl.crmschock.com\\\/wp-content\\\/uploads\\\/2025\\\/04\\\/adtsb70_0.jpg\",\"width\":1920,\"height\":1200},{\"@type\":\"BreadcrumbList\",\"@id\":\"https:\\\/\\\/pl.crmschock.com\\\/pl\\\/product\\\/prowadnica-teleskopowa-z-pelnym-wysuwem-adtsb-70-do-330-kg-prowadnice-teleskopowe-schock\\\/#breadcrumb\",\"itemListElement\":[{\"@type\":\"ListItem\",\"position\":1,\"name\":\"Startseite\",\"item\":\"https:\\\/\\\/pl.crmschock.com\\\/pl\\\/\"},{\"@type\":\"ListItem\",\"position\":2,\"name\":\"All telescopic slides-shop-page\",\"item\":\"https:\\\/\\\/pl.crmschock.com\\\/?page_id=26839\"},{\"@type\":\"ListItem\",\"position\":3,\"name\":\"Prowadnica teleskopowa z pe\u0142nym wysuwem ADTSB-70 | do 330 kg | Prowadnice teleskopowe Schock\"}]},{\"@type\":\"WebSite\",\"@id\":\"https:\\\/\\\/pl.crmschock.com\\\/#website\",\"url\":\"https:\\\/\\\/pl.crmschock.com\\\/\",\"name\":\"SCHOCK Telescopic slides\",\"description\":\"Telescopic slides and linear guides from the manufacturer\",\"publisher\":{\"@id\":\"https:\\\/\\\/pl.crmschock.com\\\/#organization\"},\"potentialAction\":[{\"@type\":\"SearchAction\",\"target\":{\"@type\":\"EntryPoint\",\"urlTemplate\":\"https:\\\/\\\/pl.crmschock.com\\\/?s={search_term_string}\"},\"query-input\":{\"@type\":\"PropertyValueSpecification\",\"valueRequired\":true,\"valueName\":\"search_term_string\"}}],\"inLanguage\":\"pl-PL\"},{\"@type\":\"Organization\",\"@id\":\"https:\\\/\\\/pl.crmschock.com\\\/#organization\",\"name\":\"SCHOCK Telescopic slides\",\"url\":\"https:\\\/\\\/pl.crmschock.com\\\/\",\"logo\":{\"@type\":\"ImageObject\",\"inLanguage\":\"pl-PL\",\"@id\":\"https:\\\/\\\/pl.crmschock.com\\\/#\\\/schema\\\/logo\\\/image\\\/\",\"url\":\"https:\\\/\\\/pl.crmschock.com\\\/wp-content\\\/uploads\\\/2025\\\/09\\\/schock-telescopicslide-600-w.png\",\"contentUrl\":\"https:\\\/\\\/pl.crmschock.com\\\/wp-content\\\/uploads\\\/2025\\\/09\\\/schock-telescopicslide-600-w.png\",\"width\":600,\"height\":206,\"caption\":\"SCHOCK Telescopic slides\"},\"image\":{\"@id\":\"https:\\\/\\\/pl.crmschock.com\\\/#\\\/schema\\\/logo\\\/image\\\/\"}}]}<\/script>\n<!-- \/ Yoast SEO plugin. -->","yoast_head_json":{"title":"Prowadnica teleskopowa z pe\u0142nym wysuwem ADTSB-70 | do 330 kg | Prowadnice teleskopowe Schock - SCHOCK Telescopic slides","robots":{"index":"noindex","follow":"follow","max-snippet":"max-snippet:-1","max-image-preview":"max-image-preview:large","max-video-preview":"max-video-preview:-1"},"og_locale":"pl_PL","og_type":"article","og_title":"Prowadnica teleskopowa z pe\u0142nym wysuwem ADTSB-70 | do 330 kg | Prowadnice teleskopowe Schock - SCHOCK Telescopic slides","og_description":"Przekr\u00f3j poprzeczny: 32 x 70 mm | d\u0142ugo\u015b\u0107: od 200 do 2000 mm | mo\u017cliwo\u015b\u0107 przed\u0142u\u017cenia z obu stron","og_url":"https:\/\/pl.crmschock.com\/pl\/product\/prowadnica-teleskopowa-z-pelnym-wysuwem-adtsb-70-do-330-kg-prowadnice-teleskopowe-schock\/","og_site_name":"SCHOCK Telescopic slides","og_image":[{"width":1920,"height":1200,"url":"https:\/\/pl.crmschock.com\/wp-content\/uploads\/2025\/04\/adtsb70_0.jpg","type":"image\/jpeg"}],"twitter_card":"summary_large_image","twitter_misc":{"Szacowany czas czytania":"1 minuta"},"schema":{"@context":"https:\/\/schema.org","@graph":[{"@type":"WebPage","@id":"https:\/\/pl.crmschock.com\/pl\/product\/prowadnica-teleskopowa-z-pelnym-wysuwem-adtsb-70-do-330-kg-prowadnice-teleskopowe-schock\/","url":"https:\/\/pl.crmschock.com\/pl\/product\/prowadnica-teleskopowa-z-pelnym-wysuwem-adtsb-70-do-330-kg-prowadnice-teleskopowe-schock\/","name":"Prowadnica teleskopowa z pe\u0142nym wysuwem ADTSB-70 | do 330 kg | Prowadnice teleskopowe Schock - SCHOCK Telescopic slides","isPartOf":{"@id":"https:\/\/pl.crmschock.com\/#website"},"primaryImageOfPage":{"@id":"https:\/\/pl.crmschock.com\/pl\/product\/prowadnica-teleskopowa-z-pelnym-wysuwem-adtsb-70-do-330-kg-prowadnice-teleskopowe-schock\/#primaryimage"},"image":{"@id":"https:\/\/pl.crmschock.com\/pl\/product\/prowadnica-teleskopowa-z-pelnym-wysuwem-adtsb-70-do-330-kg-prowadnice-teleskopowe-schock\/#primaryimage"},"thumbnailUrl":"https:\/\/pl.crmschock.com\/wp-content\/uploads\/2025\/04\/adtsb70_0.jpg","datePublished":"2025-05-28T06:56:44+00:00","breadcrumb":{"@id":"https:\/\/pl.crmschock.com\/pl\/product\/prowadnica-teleskopowa-z-pelnym-wysuwem-adtsb-70-do-330-kg-prowadnice-teleskopowe-schock\/#breadcrumb"},"inLanguage":"pl-PL","potentialAction":[{"@type":"ReadAction","target":["https:\/\/pl.crmschock.com\/pl\/product\/prowadnica-teleskopowa-z-pelnym-wysuwem-adtsb-70-do-330-kg-prowadnice-teleskopowe-schock\/"]}]},{"@type":"ImageObject","inLanguage":"pl-PL","@id":"https:\/\/pl.crmschock.com\/pl\/product\/prowadnica-teleskopowa-z-pelnym-wysuwem-adtsb-70-do-330-kg-prowadnice-teleskopowe-schock\/#primaryimage","url":"https:\/\/pl.crmschock.com\/wp-content\/uploads\/2025\/04\/adtsb70_0.jpg","contentUrl":"https:\/\/pl.crmschock.com\/wp-content\/uploads\/2025\/04\/adtsb70_0.jpg","width":1920,"height":1200},{"@type":"BreadcrumbList","@id":"https:\/\/pl.crmschock.com\/pl\/product\/prowadnica-teleskopowa-z-pelnym-wysuwem-adtsb-70-do-330-kg-prowadnice-teleskopowe-schock\/#breadcrumb","itemListElement":[{"@type":"ListItem","position":1,"name":"Startseite","item":"https:\/\/pl.crmschock.com\/pl\/"},{"@type":"ListItem","position":2,"name":"All telescopic slides-shop-page","item":"https:\/\/pl.crmschock.com\/?page_id=26839"},{"@type":"ListItem","position":3,"name":"Prowadnica teleskopowa z pe\u0142nym wysuwem ADTSB-70 | do 330 kg | Prowadnice teleskopowe Schock"}]},{"@type":"WebSite","@id":"https:\/\/pl.crmschock.com\/#website","url":"https:\/\/pl.crmschock.com\/","name":"SCHOCK Telescopic slides","description":"Telescopic slides and linear guides from the manufacturer","publisher":{"@id":"https:\/\/pl.crmschock.com\/#organization"},"potentialAction":[{"@type":"SearchAction","target":{"@type":"EntryPoint","urlTemplate":"https:\/\/pl.crmschock.com\/?s={search_term_string}"},"query-input":{"@type":"PropertyValueSpecification","valueRequired":true,"valueName":"search_term_string"}}],"inLanguage":"pl-PL"},{"@type":"Organization","@id":"https:\/\/pl.crmschock.com\/#organization","name":"SCHOCK Telescopic slides","url":"https:\/\/pl.crmschock.com\/","logo":{"@type":"ImageObject","inLanguage":"pl-PL","@id":"https:\/\/pl.crmschock.com\/#\/schema\/logo\/image\/","url":"https:\/\/pl.crmschock.com\/wp-content\/uploads\/2025\/09\/schock-telescopicslide-600-w.png","contentUrl":"https:\/\/pl.crmschock.com\/wp-content\/uploads\/2025\/09\/schock-telescopicslide-600-w.png","width":600,"height":206,"caption":"SCHOCK Telescopic slides"},"image":{"@id":"https:\/\/pl.crmschock.com\/#\/schema\/logo\/image\/"}}]}},"_links":{"self":[{"href":"https:\/\/pl.crmschock.com\/pl\/wp-json\/wp\/v2\/product\/28404","targetHints":{"allow":["GET"]}}],"collection":[{"href":"https:\/\/pl.crmschock.com\/pl\/wp-json\/wp\/v2\/product"}],"about":[{"href":"https:\/\/pl.crmschock.com\/pl\/wp-json\/wp\/v2\/types\/product"}],"replies":[{"embeddable":true,"href":"https:\/\/pl.crmschock.com\/pl\/wp-json\/wp\/v2\/comments?post=28404"}],"wp:featuredmedia":[{"embeddable":true,"href":"https:\/\/pl.crmschock.com\/pl\/wp-json\/wp\/v2\/media\/22206"}],"wp:attachment":[{"href":"https:\/\/pl.crmschock.com\/pl\/wp-json\/wp\/v2\/media?parent=28404"}],"wp:term":[{"taxonomy":"product_brand","embeddable":true,"href":"https:\/\/pl.crmschock.com\/pl\/wp-json\/wp\/v2\/product_brand?post=28404"},{"taxonomy":"product_cat","embeddable":true,"href":"https:\/\/pl.crmschock.com\/pl\/wp-json\/wp\/v2\/product_cat?post=28404"},{"taxonomy":"product_tag","embeddable":true,"href":"https:\/\/pl.crmschock.com\/pl\/wp-json\/wp\/v2\/product_tag?post=28404"}],"curies":[{"name":"wp","href":"https:\/\/api.w.org\/{rel}","templated":true}]}}