{"id":28472,"date":"2025-05-28T08:56:36","date_gmt":"2025-05-28T06:56:36","guid":{"rendered":"https:\/\/pl.crmschock.com\/product\/prowadnica-teleskopowa-z-pelnym-wysuwem-adtsb-40-do-125-kg-prowadnice-teleskopowe-schock\/"},"modified":"2025-05-28T08:56:36","modified_gmt":"2025-05-28T06:56:36","slug":"prowadnica-teleskopowa-z-pelnym-wysuwem-adtsb-40-do-125-kg-prowadnice-teleskopowe-schock","status":"publish","type":"product","link":"https:\/\/pl.crmschock.com\/pl\/product\/prowadnica-teleskopowa-z-pelnym-wysuwem-adtsb-40-do-125-kg-prowadnice-teleskopowe-schock\/","title":{"rendered":"Prowadnica teleskopowa z pe\u0142nym wysuwem ADTSB-40 | do 125 kg | Prowadnice teleskopowe Schock"},"content":{"rendered":"<p>Profesjonalna gama prowadnic do du\u017cych obci\u0105\u017ce\u0144 wykonanych z aluminium 6082 T6 i \u0142o\u017cysk nierdzewnych. Dzi\u0119ki naszemu standardowemu procesowi produkcyjnemu polegaj\u0105cemu na frezowaniu wyt\u0142aczanych belek, mo\u017cemy dostarczy\u0107 te prowadnice w praktycznie ka\u017cdym wymaganym aluminium. Szczeg\u00f3lnie nadaje si\u0119 do zastosowa\u0144 wojskowych i lotniczych, gdzie w\u0142a\u015bciwy dob\u00f3r materia\u0142\u00f3w wp\u0142ywa na wydajno\u015b\u0107.  <\/p>\n<p>Jest to wysokiej jako\u015bci, g\u0142adki, w pe\u0142ni wysuwany suwak z frezowanymi prowadnicami kulkowymi zapewniaj\u0105cymi dok\u0142adno\u015b\u0107 i niewielkie napi\u0119cie wst\u0119pne. Dost\u0119pny jest wyb\u00f3r wyko\u0144cze\u0144 powierzchni. \u0141o\u017cyska, koszyki i ograniczniki ko\u0144cowe s\u0105 wykonane ze stali nierdzewnej, dzi\u0119ki czemu prowadnica jest odporna na korozj\u0119.  <\/p>\n<p>Niska waga prowadnicy ADTSB-40 zapewnia obci\u0105\u017cenie 125 kg przy 600 mm. Prowadnica zosta\u0142a zaprojektowana z my\u015bl\u0105 o pe\u0142nym skoku z przodu i z ty\u0142u. Jest to u\u0142atwione dzi\u0119ki wewn\u0119trznemu systemowi rocker, kt\u00f3ry przytrzymuje i zwalnia belki w sekwencji. Pierwsza belka wysuwa si\u0119 ca\u0142kowicie i dopiero w tym momencie druga belka zostaje zwolniona.   <\/p>\n<p>Nie zalecamy stosowania standardowych prowadnic ADTSB w precyzyjnych robotach typu pick &amp; place lub szybkich w\u00f3zkach wahad\u0142owych, bez adaptacji fabrycznej i test\u00f3w klienta na miejscu, przed rozpocz\u0119ciem produkcji. Pr\u0119dko\u015b\u0107 robocza prowadnic jest ograniczona do &lt;0,3 m\/s. <\/p>\n<p>Wzmocniony przez ruchom\u0105 belk\u0119 I, kt\u00f3ra pozwala na u\u017cycie bardzo kompaktowej konstrukcji w zastosowaniach takich jak siedzenia w samolotach i szuflady dwukierunkowe, gdzie normalnie pasowa\u0142aby tylko prowadnica dwubelkowa. Dostarczane ze standardow\u0105 anodyzacj\u0105. Prosimy o kontakt z naszymi in\u017cynierami w sprawie innych dost\u0119pnych wyko\u0144cze\u0144 powierzchni. Pojedyncza prowadnica ADTSB-40 wa\u017cy 2,23 kg na metr.   <\/p>\n","protected":false},"excerpt":{"rendered":"<p>Przekr\u00f3j poprzeczny: 24 x 40 mm | D\u0142ugo\u015b\u0107: 300 do 1500 mm | z mo\u017cliwo\u015bci\u0105 przed\u0142u\u017cenia po obu stronach<\/p>\n","protected":false},"featured_media":10927,"comment_status":"open","ping_status":"closed","template":"","meta":{"_kadence_starter_templates_imported_post":false,"_kad_post_transparent":"","_kad_post_title":"","_kad_post_layout":"","_kad_post_sidebar_id":"","_kad_post_content_style":"","_kad_post_vertical_padding":"","_kad_post_feature":"","_kad_post_feature_position":"","_kad_post_header":false,"_kad_post_footer":false,"_kad_post_classname":""},"product_brand":[],"product_cat":[3740,3741],"product_tag":[],"class_list":{"0":"post-28472","1":"product","2":"type-product","3":"status-publish","4":"has-post-thumbnail","6":"product_cat-pelne-rozszerzenie","7":"product_cat-wytrzymalosc","8":"pa_cross-section-24-x-40-mm-pl","9":"pa_extract-type-pelne-rozszerzenie","10":"pa_load-capacity-100-kg-pl","11":"pa_load-capacity-105-kg-pl","12":"pa_load-capacity-110-kg-pl","13":"pa_load-capacity-115-kg-pl","14":"pa_load-capacity-120-kg-pl","15":"pa_load-capacity-125-kg-pl","16":"pa_load-capacity-35-kg-pl","17":"pa_load-capacity-40-kg-pl","18":"pa_load-capacity-45-kg-pl","19":"pa_load-capacity-50-kg-pl","20":"pa_load-capacity-55-kg-pl","21":"pa_load-capacity-60-kg-pl","22":"pa_load-capacity-65-kg-pl","23":"pa_load-capacity-70-kg-pl","24":"pa_load-capacity-75-kg-pl","25":"pa_load-capacity-80-kg-pl","26":"pa_load-capacity-85-kg-pl","27":"pa_load-capacity-90-kg-pl","28":"pa_load-capacity-95-kg-pl","29":"pa_material-aluminium-pl","30":"pa_slide-length-1000-mm-pl","31":"pa_slide-length-1050-mm-pl","32":"pa_slide-length-1100-mm-pl","33":"pa_slide-length-1150-mm-pl","34":"pa_slide-length-1200-mm-pl","35":"pa_slide-length-1250-mm-pl","36":"pa_slide-length-1300-mm-pl","37":"pa_slide-length-1350-mm-pl","38":"pa_slide-length-1400-mm-pl","39":"pa_slide-length-1450-mm-pl","40":"pa_slide-length-1500-mm-pl","41":"pa_slide-length-200-mm-pl","42":"pa_slide-length-250-mm-pl","43":"pa_slide-length-300-mm-pl","44":"pa_slide-length-350-mm-pl","45":"pa_slide-length-400-mm-pl","46":"pa_slide-length-450-mm-pl","47":"pa_slide-length-500-mm-pl","48":"pa_slide-length-550-mm-pl","49":"pa_slide-length-600-mm-pl","50":"pa_slide-length-650-mm-pl","51":"pa_slide-length-700-mm-pl","52":"pa_slide-length-750-mm-pl","53":"pa_slide-length-800-mm-pl","54":"pa_slide-length-850-mm-pl","55":"pa_slide-length-900-mm-pl","56":"pa_slide-length-950-mm-pl","57":"pa_special-feature-wysuwany-dwustronnie","58":"pa_travel-path-1000-mm-pl","59":"pa_travel-path-1050-mm-pl","60":"pa_travel-path-1100-mm-pl","61":"pa_travel-path-1150-mm-pl","62":"pa_travel-path-1200-mm-pl","63":"pa_travel-path-1250-mm-pl","64":"pa_travel-path-1300-mm-pl","65":"pa_travel-path-1350-mm-pl","66":"pa_travel-path-1400-mm-pl","67":"pa_travel-path-1450-mm-pl","68":"pa_travel-path-1500-mm-pl","69":"pa_travel-path-200-mm-pl","70":"pa_travel-path-250-mm-pl","71":"pa_travel-path-300-mm-pl","72":"pa_travel-path-350-mm-pl","73":"pa_travel-path-400-mm-pl","74":"pa_travel-path-450-mm-pl","75":"pa_travel-path-500-mm-pl","76":"pa_travel-path-550-mm-pl","77":"pa_travel-path-600-mm-pl","78":"pa_travel-path-650-mm-pl","79":"pa_travel-path-700-mm-pl","80":"pa_travel-path-750-mm-pl","81":"pa_travel-path-800-mm-pl","82":"pa_travel-path-850-mm-pl","83":"pa_travel-path-900-mm-pl","84":"pa_travel-path-950-mm-pl","86":"first","87":"instock","88":"shipping-taxable","89":"purchasable","90":"product-type-variable","91":"entry","92":"content-bg","93":"loop-entry"},"yoast_head":"<!-- This site is optimized with the Yoast SEO plugin v27.4 - https:\/\/yoast.com\/product\/yoast-seo-wordpress\/ -->\n<title>Prowadnica teleskopowa z pe\u0142nym wysuwem ADTSB-40 | do 125 kg | Prowadnice teleskopowe Schock - SCHOCK Telescopic slides<\/title>\n<meta name=\"robots\" content=\"noindex, follow, max-snippet:-1, max-image-preview:large, max-video-preview:-1\" \/>\n<meta property=\"og:locale\" content=\"pl_PL\" \/>\n<meta property=\"og:type\" content=\"article\" \/>\n<meta property=\"og:title\" content=\"Prowadnica teleskopowa z pe\u0142nym wysuwem ADTSB-40 | do 125 kg | Prowadnice teleskopowe Schock - SCHOCK Telescopic slides\" \/>\n<meta property=\"og:description\" content=\"Przekr\u00f3j poprzeczny: 24 x 40 mm | D\u0142ugo\u015b\u0107: 300 do 1500 mm | z mo\u017cliwo\u015bci\u0105 przed\u0142u\u017cenia po obu stronach\" \/>\n<meta property=\"og:url\" content=\"https:\/\/pl.crmschock.com\/pl\/product\/prowadnica-teleskopowa-z-pelnym-wysuwem-adtsb-40-do-125-kg-prowadnice-teleskopowe-schock\/\" \/>\n<meta property=\"og:site_name\" content=\"SCHOCK Telescopic slides\" \/>\n<meta property=\"og:image\" content=\"https:\/\/pl.crmschock.com\/wp-content\/uploads\/2025\/04\/adtsb40_0.jpg\" \/>\n\t<meta property=\"og:image:width\" content=\"1920\" \/>\n\t<meta property=\"og:image:height\" content=\"1200\" \/>\n\t<meta property=\"og:image:type\" content=\"image\/jpeg\" \/>\n<meta name=\"twitter:card\" content=\"summary_large_image\" \/>\n<meta name=\"twitter:label1\" content=\"Szacowany czas czytania\" \/>\n\t<meta name=\"twitter:data1\" content=\"1 minuta\" \/>\n<script type=\"application\/ld+json\" class=\"yoast-schema-graph\">{\"@context\":\"https:\\\/\\\/schema.org\",\"@graph\":[{\"@type\":\"WebPage\",\"@id\":\"https:\\\/\\\/pl.crmschock.com\\\/pl\\\/product\\\/prowadnica-teleskopowa-z-pelnym-wysuwem-adtsb-40-do-125-kg-prowadnice-teleskopowe-schock\\\/\",\"url\":\"https:\\\/\\\/pl.crmschock.com\\\/pl\\\/product\\\/prowadnica-teleskopowa-z-pelnym-wysuwem-adtsb-40-do-125-kg-prowadnice-teleskopowe-schock\\\/\",\"name\":\"Prowadnica teleskopowa z pe\u0142nym wysuwem ADTSB-40 | do 125 kg | Prowadnice teleskopowe Schock - SCHOCK Telescopic slides\",\"isPartOf\":{\"@id\":\"https:\\\/\\\/pl.crmschock.com\\\/#website\"},\"primaryImageOfPage\":{\"@id\":\"https:\\\/\\\/pl.crmschock.com\\\/pl\\\/product\\\/prowadnica-teleskopowa-z-pelnym-wysuwem-adtsb-40-do-125-kg-prowadnice-teleskopowe-schock\\\/#primaryimage\"},\"image\":{\"@id\":\"https:\\\/\\\/pl.crmschock.com\\\/pl\\\/product\\\/prowadnica-teleskopowa-z-pelnym-wysuwem-adtsb-40-do-125-kg-prowadnice-teleskopowe-schock\\\/#primaryimage\"},\"thumbnailUrl\":\"https:\\\/\\\/pl.crmschock.com\\\/wp-content\\\/uploads\\\/2025\\\/04\\\/adtsb40_0.jpg\",\"datePublished\":\"2025-05-28T06:56:36+00:00\",\"breadcrumb\":{\"@id\":\"https:\\\/\\\/pl.crmschock.com\\\/pl\\\/product\\\/prowadnica-teleskopowa-z-pelnym-wysuwem-adtsb-40-do-125-kg-prowadnice-teleskopowe-schock\\\/#breadcrumb\"},\"inLanguage\":\"pl-PL\",\"potentialAction\":[{\"@type\":\"ReadAction\",\"target\":[\"https:\\\/\\\/pl.crmschock.com\\\/pl\\\/product\\\/prowadnica-teleskopowa-z-pelnym-wysuwem-adtsb-40-do-125-kg-prowadnice-teleskopowe-schock\\\/\"]}]},{\"@type\":\"ImageObject\",\"inLanguage\":\"pl-PL\",\"@id\":\"https:\\\/\\\/pl.crmschock.com\\\/pl\\\/product\\\/prowadnica-teleskopowa-z-pelnym-wysuwem-adtsb-40-do-125-kg-prowadnice-teleskopowe-schock\\\/#primaryimage\",\"url\":\"https:\\\/\\\/pl.crmschock.com\\\/wp-content\\\/uploads\\\/2025\\\/04\\\/adtsb40_0.jpg\",\"contentUrl\":\"https:\\\/\\\/pl.crmschock.com\\\/wp-content\\\/uploads\\\/2025\\\/04\\\/adtsb40_0.jpg\",\"width\":1920,\"height\":1200},{\"@type\":\"BreadcrumbList\",\"@id\":\"https:\\\/\\\/pl.crmschock.com\\\/pl\\\/product\\\/prowadnica-teleskopowa-z-pelnym-wysuwem-adtsb-40-do-125-kg-prowadnice-teleskopowe-schock\\\/#breadcrumb\",\"itemListElement\":[{\"@type\":\"ListItem\",\"position\":1,\"name\":\"Startseite\",\"item\":\"https:\\\/\\\/pl.crmschock.com\\\/pl\\\/\"},{\"@type\":\"ListItem\",\"position\":2,\"name\":\"All telescopic slides-shop-page\",\"item\":\"https:\\\/\\\/pl.crmschock.com\\\/?page_id=26839\"},{\"@type\":\"ListItem\",\"position\":3,\"name\":\"Prowadnica teleskopowa z pe\u0142nym wysuwem ADTSB-40 | do 125 kg | Prowadnice teleskopowe Schock\"}]},{\"@type\":\"WebSite\",\"@id\":\"https:\\\/\\\/pl.crmschock.com\\\/#website\",\"url\":\"https:\\\/\\\/pl.crmschock.com\\\/\",\"name\":\"SCHOCK Telescopic slides\",\"description\":\"Telescopic slides and linear guides from the manufacturer\",\"publisher\":{\"@id\":\"https:\\\/\\\/pl.crmschock.com\\\/#organization\"},\"potentialAction\":[{\"@type\":\"SearchAction\",\"target\":{\"@type\":\"EntryPoint\",\"urlTemplate\":\"https:\\\/\\\/pl.crmschock.com\\\/?s={search_term_string}\"},\"query-input\":{\"@type\":\"PropertyValueSpecification\",\"valueRequired\":true,\"valueName\":\"search_term_string\"}}],\"inLanguage\":\"pl-PL\"},{\"@type\":\"Organization\",\"@id\":\"https:\\\/\\\/pl.crmschock.com\\\/#organization\",\"name\":\"SCHOCK Telescopic slides\",\"url\":\"https:\\\/\\\/pl.crmschock.com\\\/\",\"logo\":{\"@type\":\"ImageObject\",\"inLanguage\":\"pl-PL\",\"@id\":\"https:\\\/\\\/pl.crmschock.com\\\/#\\\/schema\\\/logo\\\/image\\\/\",\"url\":\"https:\\\/\\\/pl.crmschock.com\\\/wp-content\\\/uploads\\\/2025\\\/09\\\/schock-telescopicslide-600-w.png\",\"contentUrl\":\"https:\\\/\\\/pl.crmschock.com\\\/wp-content\\\/uploads\\\/2025\\\/09\\\/schock-telescopicslide-600-w.png\",\"width\":600,\"height\":206,\"caption\":\"SCHOCK Telescopic slides\"},\"image\":{\"@id\":\"https:\\\/\\\/pl.crmschock.com\\\/#\\\/schema\\\/logo\\\/image\\\/\"}}]}<\/script>\n<!-- \/ Yoast SEO plugin. -->","yoast_head_json":{"title":"Prowadnica teleskopowa z pe\u0142nym wysuwem ADTSB-40 | do 125 kg | Prowadnice teleskopowe Schock - SCHOCK Telescopic slides","robots":{"index":"noindex","follow":"follow","max-snippet":"max-snippet:-1","max-image-preview":"max-image-preview:large","max-video-preview":"max-video-preview:-1"},"og_locale":"pl_PL","og_type":"article","og_title":"Prowadnica teleskopowa z pe\u0142nym wysuwem ADTSB-40 | do 125 kg | Prowadnice teleskopowe Schock - SCHOCK Telescopic slides","og_description":"Przekr\u00f3j poprzeczny: 24 x 40 mm | D\u0142ugo\u015b\u0107: 300 do 1500 mm | z mo\u017cliwo\u015bci\u0105 przed\u0142u\u017cenia po obu stronach","og_url":"https:\/\/pl.crmschock.com\/pl\/product\/prowadnica-teleskopowa-z-pelnym-wysuwem-adtsb-40-do-125-kg-prowadnice-teleskopowe-schock\/","og_site_name":"SCHOCK Telescopic slides","og_image":[{"width":1920,"height":1200,"url":"https:\/\/pl.crmschock.com\/wp-content\/uploads\/2025\/04\/adtsb40_0.jpg","type":"image\/jpeg"}],"twitter_card":"summary_large_image","twitter_misc":{"Szacowany czas czytania":"1 minuta"},"schema":{"@context":"https:\/\/schema.org","@graph":[{"@type":"WebPage","@id":"https:\/\/pl.crmschock.com\/pl\/product\/prowadnica-teleskopowa-z-pelnym-wysuwem-adtsb-40-do-125-kg-prowadnice-teleskopowe-schock\/","url":"https:\/\/pl.crmschock.com\/pl\/product\/prowadnica-teleskopowa-z-pelnym-wysuwem-adtsb-40-do-125-kg-prowadnice-teleskopowe-schock\/","name":"Prowadnica teleskopowa z pe\u0142nym wysuwem ADTSB-40 | do 125 kg | Prowadnice teleskopowe Schock - SCHOCK Telescopic slides","isPartOf":{"@id":"https:\/\/pl.crmschock.com\/#website"},"primaryImageOfPage":{"@id":"https:\/\/pl.crmschock.com\/pl\/product\/prowadnica-teleskopowa-z-pelnym-wysuwem-adtsb-40-do-125-kg-prowadnice-teleskopowe-schock\/#primaryimage"},"image":{"@id":"https:\/\/pl.crmschock.com\/pl\/product\/prowadnica-teleskopowa-z-pelnym-wysuwem-adtsb-40-do-125-kg-prowadnice-teleskopowe-schock\/#primaryimage"},"thumbnailUrl":"https:\/\/pl.crmschock.com\/wp-content\/uploads\/2025\/04\/adtsb40_0.jpg","datePublished":"2025-05-28T06:56:36+00:00","breadcrumb":{"@id":"https:\/\/pl.crmschock.com\/pl\/product\/prowadnica-teleskopowa-z-pelnym-wysuwem-adtsb-40-do-125-kg-prowadnice-teleskopowe-schock\/#breadcrumb"},"inLanguage":"pl-PL","potentialAction":[{"@type":"ReadAction","target":["https:\/\/pl.crmschock.com\/pl\/product\/prowadnica-teleskopowa-z-pelnym-wysuwem-adtsb-40-do-125-kg-prowadnice-teleskopowe-schock\/"]}]},{"@type":"ImageObject","inLanguage":"pl-PL","@id":"https:\/\/pl.crmschock.com\/pl\/product\/prowadnica-teleskopowa-z-pelnym-wysuwem-adtsb-40-do-125-kg-prowadnice-teleskopowe-schock\/#primaryimage","url":"https:\/\/pl.crmschock.com\/wp-content\/uploads\/2025\/04\/adtsb40_0.jpg","contentUrl":"https:\/\/pl.crmschock.com\/wp-content\/uploads\/2025\/04\/adtsb40_0.jpg","width":1920,"height":1200},{"@type":"BreadcrumbList","@id":"https:\/\/pl.crmschock.com\/pl\/product\/prowadnica-teleskopowa-z-pelnym-wysuwem-adtsb-40-do-125-kg-prowadnice-teleskopowe-schock\/#breadcrumb","itemListElement":[{"@type":"ListItem","position":1,"name":"Startseite","item":"https:\/\/pl.crmschock.com\/pl\/"},{"@type":"ListItem","position":2,"name":"All telescopic slides-shop-page","item":"https:\/\/pl.crmschock.com\/?page_id=26839"},{"@type":"ListItem","position":3,"name":"Prowadnica teleskopowa z pe\u0142nym wysuwem ADTSB-40 | do 125 kg | Prowadnice teleskopowe Schock"}]},{"@type":"WebSite","@id":"https:\/\/pl.crmschock.com\/#website","url":"https:\/\/pl.crmschock.com\/","name":"SCHOCK Telescopic slides","description":"Telescopic slides and linear guides from the manufacturer","publisher":{"@id":"https:\/\/pl.crmschock.com\/#organization"},"potentialAction":[{"@type":"SearchAction","target":{"@type":"EntryPoint","urlTemplate":"https:\/\/pl.crmschock.com\/?s={search_term_string}"},"query-input":{"@type":"PropertyValueSpecification","valueRequired":true,"valueName":"search_term_string"}}],"inLanguage":"pl-PL"},{"@type":"Organization","@id":"https:\/\/pl.crmschock.com\/#organization","name":"SCHOCK Telescopic slides","url":"https:\/\/pl.crmschock.com\/","logo":{"@type":"ImageObject","inLanguage":"pl-PL","@id":"https:\/\/pl.crmschock.com\/#\/schema\/logo\/image\/","url":"https:\/\/pl.crmschock.com\/wp-content\/uploads\/2025\/09\/schock-telescopicslide-600-w.png","contentUrl":"https:\/\/pl.crmschock.com\/wp-content\/uploads\/2025\/09\/schock-telescopicslide-600-w.png","width":600,"height":206,"caption":"SCHOCK Telescopic slides"},"image":{"@id":"https:\/\/pl.crmschock.com\/#\/schema\/logo\/image\/"}}]}},"_links":{"self":[{"href":"https:\/\/pl.crmschock.com\/pl\/wp-json\/wp\/v2\/product\/28472","targetHints":{"allow":["GET"]}}],"collection":[{"href":"https:\/\/pl.crmschock.com\/pl\/wp-json\/wp\/v2\/product"}],"about":[{"href":"https:\/\/pl.crmschock.com\/pl\/wp-json\/wp\/v2\/types\/product"}],"replies":[{"embeddable":true,"href":"https:\/\/pl.crmschock.com\/pl\/wp-json\/wp\/v2\/comments?post=28472"}],"wp:featuredmedia":[{"embeddable":true,"href":"https:\/\/pl.crmschock.com\/pl\/wp-json\/wp\/v2\/media\/10927"}],"wp:attachment":[{"href":"https:\/\/pl.crmschock.com\/pl\/wp-json\/wp\/v2\/media?parent=28472"}],"wp:term":[{"taxonomy":"product_brand","embeddable":true,"href":"https:\/\/pl.crmschock.com\/pl\/wp-json\/wp\/v2\/product_brand?post=28472"},{"taxonomy":"product_cat","embeddable":true,"href":"https:\/\/pl.crmschock.com\/pl\/wp-json\/wp\/v2\/product_cat?post=28472"},{"taxonomy":"product_tag","embeddable":true,"href":"https:\/\/pl.crmschock.com\/pl\/wp-json\/wp\/v2\/product_tag?post=28472"}],"curies":[{"name":"wp","href":"https:\/\/api.w.org\/{rel}","templated":true}]}}