{"id":28605,"date":"2025-05-28T08:56:18","date_gmt":"2025-05-28T06:56:18","guid":{"rendered":"https:\/\/pl.crmschock.com\/product\/prowadnica-teleskopowa-z-pelnym-wysuwem-037-do-100-kg-prowadnice-teleskopowe-schock\/"},"modified":"2025-09-25T11:51:00","modified_gmt":"2025-09-25T09:51:00","slug":"prowadnica-teleskopowa-z-pelnym-wysuwem-037-do-100-kg-prowadnice-teleskopowe-schock","status":"publish","type":"product","link":"https:\/\/pl.crmschock.com\/pl\/product\/prowadnica-teleskopowa-z-pelnym-wysuwem-037-do-100-kg-prowadnice-teleskopowe-schock\/","title":{"rendered":"Prowadnica teleskopowa z pe\u0142nym wysuwem 037 | do 100 kg | Prowadnice teleskopowe Schock"},"content":{"rendered":"<h3>Prowadnice teleskopowe Schock Metall z pe\u0142nym wysuwem serii 037<\/h3>\n<p>Cena i sprzeda\u017c za sztuk\u0119. Jedna para = 2 sztuki. <\/p>\n<p>Artyku\u0142 nr 037.06961 &#8211; 037.06965 oraz 037.11306 &#8211; 037.11308<\/p>\n<p>Prowadnice teleskopowe serii 037, stalowe, szeroko\u015b\u0107 16 mm, pe\u0142ny wysuw, do 100 kg<\/p>\n<p><strong>Opis:<\/strong><\/p>\n<ul>\n<li>Prowadnica z pe\u0142nym wysuwem<\/li>\n<li>Ud\u017awig do 100 kg na par\u0119<\/li>\n<li>Urz\u0105dzenie blokuj\u0105ce<\/li>\n<\/ul>\n<p><strong>Materia\u0142:<\/strong><\/p>\n<ul>\n<li>Szyny wykonane ze stali ocynkowanej ogniowo<\/li>\n<li>Koszyki na kulki wykonane z galwanizowanej stali<\/li>\n<li>Kulki wykonane z hartowanej stali w\u0119glowej<\/li>\n<\/ul>\n<p><strong>Zakres temperatur:<\/strong><\/p>\n<ul>\n<li>Temperatura pracy od 10 C do 40 C<\/li>\n<li>Temperatura przechowywania i transportu -20 C do maks. 80 C <\/li>\n<\/ul>\n<p><strong>Wskazane<\/strong>no\u015bno\u015bci s\u0105 warto\u015bciami maksymalnymi dla zamontowanej pionowo pary prowadnic teleskopowych z r\u00f3wnomiernym rozk\u0142adem obci\u0105\u017cenia przy wykorzystaniu wszystkich przewidzianych pozycji mocowania.<\/p>\n","protected":false},"excerpt":{"rendered":"<ul>\n<li>Przekr\u00f3j 16&#215;57,5 mm<\/li>\n<li>D\u0142ugo\u015b\u0107 400 &#8211; 750 mm<\/li>\n<li>Z urz\u0105dzeniem blokuj\u0105cym<\/li>\n<\/ul>\n","protected":false},"featured_media":21984,"comment_status":"open","ping_status":"closed","template":"","meta":{"_kadence_starter_templates_imported_post":false,"_kad_post_transparent":"","_kad_post_title":"","_kad_post_layout":"","_kad_post_sidebar_id":"","_kad_post_content_style":"","_kad_post_vertical_padding":"","_kad_post_feature":"","_kad_post_feature_position":"","_kad_post_header":false,"_kad_post_footer":false,"_kad_post_classname":""},"product_brand":[],"product_cat":[3740],"product_tag":[],"class_list":{"0":"post-28605","1":"product","2":"type-product","3":"status-publish","4":"has-post-thumbnail","6":"product_cat-pelne-rozszerzenie","7":"pa_cross-section-16-x-575-mm","8":"pa_extract-type-pelne-rozszerzenie","9":"pa_function-zatrzask-w-pozycji-wsunietej","10":"pa_load-capacity-100-kg-pl","11":"pa_material-ocynkowana-stal-weglowa","12":"pa_slide-length-400-mm-pl","13":"pa_slide-length-450-mm-pl","14":"pa_slide-length-500-mm-pl","15":"pa_slide-length-550-mm-pl","16":"pa_slide-length-600-mm-pl","17":"pa_slide-length-650-mm-pl","18":"pa_slide-length-700-mm-pl","19":"pa_slide-length-750-mm-pl","20":"pa_travel-path-402-mm-pl","21":"pa_travel-path-452-mm-pl","22":"pa_travel-path-502-mm-pl","23":"pa_travel-path-552-mm-pl","24":"pa_travel-path-602-mm-pl","25":"pa_travel-path-652-mm-pl","26":"pa_travel-path-702-mm-pl","27":"pa_travel-path-752-mm-pl","29":"first","30":"instock","31":"shipping-taxable","32":"purchasable","33":"product-type-variable","34":"entry","35":"content-bg","36":"loop-entry"},"yoast_head":"<!-- This site is optimized with the Yoast SEO plugin v27.4 - https:\/\/yoast.com\/product\/yoast-seo-wordpress\/ -->\n<title>Prowadnica teleskopowa z pe\u0142nym wysuwem 037 | do 100 kg | Prowadnice teleskopowe Schock - SCHOCK Telescopic slides<\/title>\n<meta name=\"robots\" content=\"noindex, follow, max-snippet:-1, max-image-preview:large, max-video-preview:-1\" \/>\n<meta property=\"og:locale\" content=\"pl_PL\" \/>\n<meta property=\"og:type\" content=\"article\" \/>\n<meta property=\"og:title\" content=\"Prowadnica teleskopowa z pe\u0142nym wysuwem 037 | do 100 kg | Prowadnice teleskopowe Schock - SCHOCK Telescopic slides\" \/>\n<meta property=\"og:description\" content=\"Przekr\u00f3j 16x57,5 mm  D\u0142ugo\u015b\u0107 400 - 750 mm  Z urz\u0105dzeniem blokuj\u0105cym\" \/>\n<meta property=\"og:url\" content=\"https:\/\/pl.crmschock.com\/pl\/product\/prowadnica-teleskopowa-z-pelnym-wysuwem-037-do-100-kg-prowadnice-teleskopowe-schock\/\" \/>\n<meta property=\"og:site_name\" content=\"SCHOCK Telescopic slides\" \/>\n<meta property=\"article:modified_time\" content=\"2025-09-25T09:51:00+00:00\" \/>\n<meta property=\"og:image\" content=\"https:\/\/pl.crmschock.com\/wp-content\/uploads\/2024\/12\/07000062000_0.jpg\" \/>\n\t<meta property=\"og:image:width\" content=\"1600\" \/>\n\t<meta property=\"og:image:height\" content=\"1000\" \/>\n\t<meta property=\"og:image:type\" content=\"image\/jpeg\" \/>\n<meta name=\"twitter:card\" content=\"summary_large_image\" \/>\n<meta name=\"twitter:label1\" content=\"Szacowany czas czytania\" \/>\n\t<meta name=\"twitter:data1\" content=\"1 minuta\" \/>\n<script type=\"application\/ld+json\" class=\"yoast-schema-graph\">{\"@context\":\"https:\\\/\\\/schema.org\",\"@graph\":[{\"@type\":\"WebPage\",\"@id\":\"https:\\\/\\\/pl.crmschock.com\\\/pl\\\/product\\\/prowadnica-teleskopowa-z-pelnym-wysuwem-037-do-100-kg-prowadnice-teleskopowe-schock\\\/\",\"url\":\"https:\\\/\\\/pl.crmschock.com\\\/pl\\\/product\\\/prowadnica-teleskopowa-z-pelnym-wysuwem-037-do-100-kg-prowadnice-teleskopowe-schock\\\/\",\"name\":\"Prowadnica teleskopowa z pe\u0142nym wysuwem 037 | do 100 kg | Prowadnice teleskopowe Schock - SCHOCK Telescopic slides\",\"isPartOf\":{\"@id\":\"https:\\\/\\\/pl.crmschock.com\\\/#website\"},\"primaryImageOfPage\":{\"@id\":\"https:\\\/\\\/pl.crmschock.com\\\/pl\\\/product\\\/prowadnica-teleskopowa-z-pelnym-wysuwem-037-do-100-kg-prowadnice-teleskopowe-schock\\\/#primaryimage\"},\"image\":{\"@id\":\"https:\\\/\\\/pl.crmschock.com\\\/pl\\\/product\\\/prowadnica-teleskopowa-z-pelnym-wysuwem-037-do-100-kg-prowadnice-teleskopowe-schock\\\/#primaryimage\"},\"thumbnailUrl\":\"https:\\\/\\\/pl.crmschock.com\\\/wp-content\\\/uploads\\\/2024\\\/12\\\/07000062000_0.jpg\",\"datePublished\":\"2025-05-28T06:56:18+00:00\",\"dateModified\":\"2025-09-25T09:51:00+00:00\",\"breadcrumb\":{\"@id\":\"https:\\\/\\\/pl.crmschock.com\\\/pl\\\/product\\\/prowadnica-teleskopowa-z-pelnym-wysuwem-037-do-100-kg-prowadnice-teleskopowe-schock\\\/#breadcrumb\"},\"inLanguage\":\"pl-PL\",\"potentialAction\":[{\"@type\":\"ReadAction\",\"target\":[\"https:\\\/\\\/pl.crmschock.com\\\/pl\\\/product\\\/prowadnica-teleskopowa-z-pelnym-wysuwem-037-do-100-kg-prowadnice-teleskopowe-schock\\\/\"]}]},{\"@type\":\"ImageObject\",\"inLanguage\":\"pl-PL\",\"@id\":\"https:\\\/\\\/pl.crmschock.com\\\/pl\\\/product\\\/prowadnica-teleskopowa-z-pelnym-wysuwem-037-do-100-kg-prowadnice-teleskopowe-schock\\\/#primaryimage\",\"url\":\"https:\\\/\\\/pl.crmschock.com\\\/wp-content\\\/uploads\\\/2024\\\/12\\\/07000062000_0.jpg\",\"contentUrl\":\"https:\\\/\\\/pl.crmschock.com\\\/wp-content\\\/uploads\\\/2024\\\/12\\\/07000062000_0.jpg\",\"width\":1600,\"height\":1000},{\"@type\":\"BreadcrumbList\",\"@id\":\"https:\\\/\\\/pl.crmschock.com\\\/pl\\\/product\\\/prowadnica-teleskopowa-z-pelnym-wysuwem-037-do-100-kg-prowadnice-teleskopowe-schock\\\/#breadcrumb\",\"itemListElement\":[{\"@type\":\"ListItem\",\"position\":1,\"name\":\"Startseite\",\"item\":\"https:\\\/\\\/pl.crmschock.com\\\/pl\\\/\"},{\"@type\":\"ListItem\",\"position\":2,\"name\":\"All telescopic slides-shop-page\",\"item\":\"https:\\\/\\\/pl.crmschock.com\\\/?page_id=26839\"},{\"@type\":\"ListItem\",\"position\":3,\"name\":\"Prowadnica teleskopowa z pe\u0142nym wysuwem 037 | do 100 kg | Prowadnice teleskopowe Schock\"}]},{\"@type\":\"WebSite\",\"@id\":\"https:\\\/\\\/pl.crmschock.com\\\/#website\",\"url\":\"https:\\\/\\\/pl.crmschock.com\\\/\",\"name\":\"SCHOCK Telescopic slides\",\"description\":\"Telescopic slides and linear guides from the manufacturer\",\"publisher\":{\"@id\":\"https:\\\/\\\/pl.crmschock.com\\\/#organization\"},\"potentialAction\":[{\"@type\":\"SearchAction\",\"target\":{\"@type\":\"EntryPoint\",\"urlTemplate\":\"https:\\\/\\\/pl.crmschock.com\\\/?s={search_term_string}\"},\"query-input\":{\"@type\":\"PropertyValueSpecification\",\"valueRequired\":true,\"valueName\":\"search_term_string\"}}],\"inLanguage\":\"pl-PL\"},{\"@type\":\"Organization\",\"@id\":\"https:\\\/\\\/pl.crmschock.com\\\/#organization\",\"name\":\"SCHOCK Telescopic slides\",\"url\":\"https:\\\/\\\/pl.crmschock.com\\\/\",\"logo\":{\"@type\":\"ImageObject\",\"inLanguage\":\"pl-PL\",\"@id\":\"https:\\\/\\\/pl.crmschock.com\\\/#\\\/schema\\\/logo\\\/image\\\/\",\"url\":\"https:\\\/\\\/pl.crmschock.com\\\/wp-content\\\/uploads\\\/2025\\\/09\\\/schock-telescopicslide-600-w.png\",\"contentUrl\":\"https:\\\/\\\/pl.crmschock.com\\\/wp-content\\\/uploads\\\/2025\\\/09\\\/schock-telescopicslide-600-w.png\",\"width\":600,\"height\":206,\"caption\":\"SCHOCK Telescopic slides\"},\"image\":{\"@id\":\"https:\\\/\\\/pl.crmschock.com\\\/#\\\/schema\\\/logo\\\/image\\\/\"}}]}<\/script>\n<!-- \/ Yoast SEO plugin. -->","yoast_head_json":{"title":"Prowadnica teleskopowa z pe\u0142nym wysuwem 037 | do 100 kg | Prowadnice teleskopowe Schock - SCHOCK Telescopic slides","robots":{"index":"noindex","follow":"follow","max-snippet":"max-snippet:-1","max-image-preview":"max-image-preview:large","max-video-preview":"max-video-preview:-1"},"og_locale":"pl_PL","og_type":"article","og_title":"Prowadnica teleskopowa z pe\u0142nym wysuwem 037 | do 100 kg | Prowadnice teleskopowe Schock - SCHOCK Telescopic slides","og_description":"Przekr\u00f3j 16x57,5 mm  D\u0142ugo\u015b\u0107 400 - 750 mm  Z urz\u0105dzeniem blokuj\u0105cym","og_url":"https:\/\/pl.crmschock.com\/pl\/product\/prowadnica-teleskopowa-z-pelnym-wysuwem-037-do-100-kg-prowadnice-teleskopowe-schock\/","og_site_name":"SCHOCK Telescopic slides","article_modified_time":"2025-09-25T09:51:00+00:00","og_image":[{"width":1600,"height":1000,"url":"https:\/\/pl.crmschock.com\/wp-content\/uploads\/2024\/12\/07000062000_0.jpg","type":"image\/jpeg"}],"twitter_card":"summary_large_image","twitter_misc":{"Szacowany czas czytania":"1 minuta"},"schema":{"@context":"https:\/\/schema.org","@graph":[{"@type":"WebPage","@id":"https:\/\/pl.crmschock.com\/pl\/product\/prowadnica-teleskopowa-z-pelnym-wysuwem-037-do-100-kg-prowadnice-teleskopowe-schock\/","url":"https:\/\/pl.crmschock.com\/pl\/product\/prowadnica-teleskopowa-z-pelnym-wysuwem-037-do-100-kg-prowadnice-teleskopowe-schock\/","name":"Prowadnica teleskopowa z pe\u0142nym wysuwem 037 | do 100 kg | Prowadnice teleskopowe Schock - SCHOCK Telescopic slides","isPartOf":{"@id":"https:\/\/pl.crmschock.com\/#website"},"primaryImageOfPage":{"@id":"https:\/\/pl.crmschock.com\/pl\/product\/prowadnica-teleskopowa-z-pelnym-wysuwem-037-do-100-kg-prowadnice-teleskopowe-schock\/#primaryimage"},"image":{"@id":"https:\/\/pl.crmschock.com\/pl\/product\/prowadnica-teleskopowa-z-pelnym-wysuwem-037-do-100-kg-prowadnice-teleskopowe-schock\/#primaryimage"},"thumbnailUrl":"https:\/\/pl.crmschock.com\/wp-content\/uploads\/2024\/12\/07000062000_0.jpg","datePublished":"2025-05-28T06:56:18+00:00","dateModified":"2025-09-25T09:51:00+00:00","breadcrumb":{"@id":"https:\/\/pl.crmschock.com\/pl\/product\/prowadnica-teleskopowa-z-pelnym-wysuwem-037-do-100-kg-prowadnice-teleskopowe-schock\/#breadcrumb"},"inLanguage":"pl-PL","potentialAction":[{"@type":"ReadAction","target":["https:\/\/pl.crmschock.com\/pl\/product\/prowadnica-teleskopowa-z-pelnym-wysuwem-037-do-100-kg-prowadnice-teleskopowe-schock\/"]}]},{"@type":"ImageObject","inLanguage":"pl-PL","@id":"https:\/\/pl.crmschock.com\/pl\/product\/prowadnica-teleskopowa-z-pelnym-wysuwem-037-do-100-kg-prowadnice-teleskopowe-schock\/#primaryimage","url":"https:\/\/pl.crmschock.com\/wp-content\/uploads\/2024\/12\/07000062000_0.jpg","contentUrl":"https:\/\/pl.crmschock.com\/wp-content\/uploads\/2024\/12\/07000062000_0.jpg","width":1600,"height":1000},{"@type":"BreadcrumbList","@id":"https:\/\/pl.crmschock.com\/pl\/product\/prowadnica-teleskopowa-z-pelnym-wysuwem-037-do-100-kg-prowadnice-teleskopowe-schock\/#breadcrumb","itemListElement":[{"@type":"ListItem","position":1,"name":"Startseite","item":"https:\/\/pl.crmschock.com\/pl\/"},{"@type":"ListItem","position":2,"name":"All telescopic slides-shop-page","item":"https:\/\/pl.crmschock.com\/?page_id=26839"},{"@type":"ListItem","position":3,"name":"Prowadnica teleskopowa z pe\u0142nym wysuwem 037 | do 100 kg | Prowadnice teleskopowe Schock"}]},{"@type":"WebSite","@id":"https:\/\/pl.crmschock.com\/#website","url":"https:\/\/pl.crmschock.com\/","name":"SCHOCK Telescopic slides","description":"Telescopic slides and linear guides from the manufacturer","publisher":{"@id":"https:\/\/pl.crmschock.com\/#organization"},"potentialAction":[{"@type":"SearchAction","target":{"@type":"EntryPoint","urlTemplate":"https:\/\/pl.crmschock.com\/?s={search_term_string}"},"query-input":{"@type":"PropertyValueSpecification","valueRequired":true,"valueName":"search_term_string"}}],"inLanguage":"pl-PL"},{"@type":"Organization","@id":"https:\/\/pl.crmschock.com\/#organization","name":"SCHOCK Telescopic slides","url":"https:\/\/pl.crmschock.com\/","logo":{"@type":"ImageObject","inLanguage":"pl-PL","@id":"https:\/\/pl.crmschock.com\/#\/schema\/logo\/image\/","url":"https:\/\/pl.crmschock.com\/wp-content\/uploads\/2025\/09\/schock-telescopicslide-600-w.png","contentUrl":"https:\/\/pl.crmschock.com\/wp-content\/uploads\/2025\/09\/schock-telescopicslide-600-w.png","width":600,"height":206,"caption":"SCHOCK Telescopic slides"},"image":{"@id":"https:\/\/pl.crmschock.com\/#\/schema\/logo\/image\/"}}]}},"_links":{"self":[{"href":"https:\/\/pl.crmschock.com\/pl\/wp-json\/wp\/v2\/product\/28605","targetHints":{"allow":["GET"]}}],"collection":[{"href":"https:\/\/pl.crmschock.com\/pl\/wp-json\/wp\/v2\/product"}],"about":[{"href":"https:\/\/pl.crmschock.com\/pl\/wp-json\/wp\/v2\/types\/product"}],"replies":[{"embeddable":true,"href":"https:\/\/pl.crmschock.com\/pl\/wp-json\/wp\/v2\/comments?post=28605"}],"wp:featuredmedia":[{"embeddable":true,"href":"https:\/\/pl.crmschock.com\/pl\/wp-json\/wp\/v2\/media\/21984"}],"wp:attachment":[{"href":"https:\/\/pl.crmschock.com\/pl\/wp-json\/wp\/v2\/media?parent=28605"}],"wp:term":[{"taxonomy":"product_brand","embeddable":true,"href":"https:\/\/pl.crmschock.com\/pl\/wp-json\/wp\/v2\/product_brand?post=28605"},{"taxonomy":"product_cat","embeddable":true,"href":"https:\/\/pl.crmschock.com\/pl\/wp-json\/wp\/v2\/product_cat?post=28605"},{"taxonomy":"product_tag","embeddable":true,"href":"https:\/\/pl.crmschock.com\/pl\/wp-json\/wp\/v2\/product_tag?post=28605"}],"curies":[{"name":"wp","href":"https:\/\/api.w.org\/{rel}","templated":true}]}}