{"id":28794,"date":"2025-05-28T08:55:46","date_gmt":"2025-05-28T06:55:46","guid":{"rendered":"https:\/\/pl.crmschock.com\/product\/prowadnica-teleskopowa-z-pelnym-wysuwem-dtsb-90-do-880-kg-prowadnice-teleskopowe-schock\/"},"modified":"2025-05-28T08:55:46","modified_gmt":"2025-05-28T06:55:46","slug":"prowadnica-teleskopowa-z-pelnym-wysuwem-dtsb-90-do-880-kg-prowadnice-teleskopowe-schock","status":"publish","type":"product","link":"https:\/\/pl.crmschock.com\/pl\/product\/prowadnica-teleskopowa-z-pelnym-wysuwem-dtsb-90-do-880-kg-prowadnice-teleskopowe-schock\/","title":{"rendered":"Prowadnica teleskopowa z pe\u0142nym wysuwem DTSB-90 | do 880 kg | Prowadnice teleskopowe Schock"},"content":{"rendered":"<h2><strong>Seria DTSB-90 z pe\u0142nym przed\u0142u\u017ceniem<\/strong><\/h2>\n<p>DTSB-90 oferuje pe\u0142ny wysuw zar\u00f3wno do przodu, jak i do ty\u0142u. Jest to mo\u017cliwe dzi\u0119ki wewn\u0119trznemu mechanizmowi ko\u0142ysz\u0105cemu, kt\u00f3ry zwalnia ka\u017cd\u0105 belk\u0119 po kolei. Idealna do szuflad, do kt\u00f3rych dost\u0119p mo\u017ce by\u0107 ograniczony z obu stron.<br \/>\nJest to prowadnica teleskopowa z pe\u0142nym wysuwem do du\u017cych obci\u0105\u017ce\u0144, odpowiednia do r\u00f3\u017cnych zastosowa\u0144.  <\/p>\n<p><strong>Przed\u0142u\u017cenie:<\/strong> 100%, z mo\u017cliwo\u015bci\u0105 przed\u0142u\u017cenia po obu stronach<br \/>\n<strong>Materia\u0142:<\/strong> Stal C45 E + C<br \/>\n<strong>D\u0142ugo\u015b\u0107:<\/strong> od 200 mm do 2000 mm<br \/>\n<strong>Przekr\u00f3j poprzeczny:<\/strong> 36 x 90 mm<br \/>\n<strong>D\u0142ugo\u015b\u0107 przed\u0142u\u017cenia:<\/strong> od 200 mm do 2000 mm<br \/>\n<strong>Ud\u017awig:<\/strong> do 1050 kg\/para<br \/>\n<strong>Temperatura pracy:<\/strong> -40 do +200 C<\/p>\n<p>Prowadnice wykonane z ci\u0105gnionych na zimno profili stalowych z obrobionymi prowadnicami kulkowymi zapewniaj\u0105 doskona\u0142\u0105 odporno\u015b\u0107 na wstrz\u0105sy i wibracje. W zwi\u0105zku z tym produkt ten doskonale nadaje si\u0119 do podparcia szuflad ci\u0119\u017car\u00f3wek i siedze\u0144 poci\u0105g\u00f3w. <\/p>\n<p>Ze wzgl\u0119du na ekstremaln\u0105 wytrzyma\u0142o\u015b\u0107 ruchomej belki dwuteowej, prowadnica ta jest odporna na przy\u0142o\u017cone obci\u0105\u017cenia w stanie roz\u0142o\u017conym, co czyni j\u0105 doskona\u0142ym wyborem do zastosowa\u0144 dynamicznych. Do produkcji tej serii nie u\u017cyto \u017cadnych plastikowych cz\u0119\u015bci, co czyni j\u0105 idealn\u0105 do u\u017cytku w \u015brodowiskach o wysokiej temperaturze. <\/p>\n<p>Prowadnice wykonane s\u0105 z ci\u0105gnionej na zimno stali C45E+C zgodnie z norm\u0105 EN 10277. Standardowe koszyki na kulki wykonane s\u0105 z blachy ocynkowanej, a \u0142o\u017cyska kulkowe ze stali w\u0119glowej C85 G100 zgodnie z norm\u0105 DIN 5401. <\/p>\n<p><strong>Ud\u017awig:<\/strong><br \/>\nProwadnice teleskopowe oferuj\u0105 wysoki ud\u017awig i kompaktowe wymiary. Maksymalny ud\u017awig jest okre\u015blony dla w pe\u0142ni wysuni\u0119tych par prowadnic zainstalowanych w kierunku osi g\u0142\u00f3wnej, z obci\u0105\u017ceniem r\u00f3wnomiernie roz\u0142o\u017conym na wewn\u0119trznej prowadnicy. <\/p>\n<p><strong>Uwaga:<br \/>\nPoniewa\u017c te prowadnice teleskopowe s\u0105 wykonywane na zam\u00f3wienie, nie podlegaj\u0105 one zwrotom. Podczas transportu prowadnice s\u0105 zabezpieczone wysokiej jako\u015bci drewnianym opakowaniem. <\/strong><\/p>\n","protected":false},"excerpt":{"rendered":"<p>Przekr\u00f3j poprzeczny: 36 x 90 mm | d\u0142ugo\u015b\u0107: od 200 do 3000 mm | mo\u017cliwo\u015b\u0107 przed\u0142u\u017cenia z obu stron<\/p>\n","protected":false},"featured_media":10982,"comment_status":"open","ping_status":"closed","template":"","meta":{"_kadence_starter_templates_imported_post":false,"_kad_post_transparent":"","_kad_post_title":"","_kad_post_layout":"","_kad_post_sidebar_id":"","_kad_post_content_style":"","_kad_post_vertical_padding":"","_kad_post_feature":"","_kad_post_feature_position":"","_kad_post_header":false,"_kad_post_footer":false,"_kad_post_classname":""},"product_brand":[],"product_cat":[3740,3741],"product_tag":[],"class_list":{"0":"post-28794","1":"product","2":"type-product","3":"status-publish","4":"has-post-thumbnail","6":"product_cat-pelne-rozszerzenie","7":"product_cat-wytrzymalosc","8":"pa_cross-section-36-x-90-mm-pl","9":"pa_extract-type-pelne-rozszerzenie","10":"pa_load-capacity-1000-kg-pl","11":"pa_load-capacity-1015-kg-pl","12":"pa_load-capacity-1030-kg-pl","13":"pa_load-capacity-1040-kg-pl","14":"pa_load-capacity-1045-kg-pl","15":"pa_load-capacity-1050-kg-pl","16":"pa_load-capacity-650-kg-pl","17":"pa_load-capacity-660-kg-pl","18":"pa_load-capacity-690-kg-pl","19":"pa_load-capacity-710-kg-pl","20":"pa_load-capacity-720-kg-pl","21":"pa_load-capacity-740-kg-pl","22":"pa_load-capacity-780-kg-pl","23":"pa_load-capacity-790-kg-pl","24":"pa_load-capacity-820-kg-pl","25":"pa_load-capacity-830-kg-pl","26":"pa_load-capacity-850-kg-pl","27":"pa_load-capacity-860-kg-pl","28":"pa_load-capacity-880-kg-pl","29":"pa_load-capacity-890-kg-pl","30":"pa_load-capacity-900-kg-pl","31":"pa_load-capacity-920-kg-pl","32":"pa_load-capacity-940-kg-pl","33":"pa_load-capacity-950-kg-pl","34":"pa_load-capacity-960-kg-pl","35":"pa_load-capacity-980-kg-pl","36":"pa_load-capacity-995-kg-pl","37":"pa_material-ocynkowana-stal-weglowa","38":"pa_slide-length-1000-mm-pl","39":"pa_slide-length-1050-mm-pl","40":"pa_slide-length-1100-mm-pl","41":"pa_slide-length-1150-mm-pl","42":"pa_slide-length-1200-mm-pl","43":"pa_slide-length-1250-mm-pl","44":"pa_slide-length-1300-mm-pl","45":"pa_slide-length-1350-mm-pl","46":"pa_slide-length-1400-mm-pl","47":"pa_slide-length-1450-mm-pl","48":"pa_slide-length-1500-mm-pl","49":"pa_slide-length-1550-mm-pl","50":"pa_slide-length-1600-mm-pl","51":"pa_slide-length-200-mm-pl","52":"pa_slide-length-250-mm-pl","53":"pa_slide-length-300-mm-pl","54":"pa_slide-length-350-mm-pl","55":"pa_slide-length-400-mm-pl","56":"pa_slide-length-450-mm-pl","57":"pa_slide-length-500-mm-pl","58":"pa_slide-length-550-mm-pl","59":"pa_slide-length-600-mm-pl","60":"pa_slide-length-650-mm-pl","61":"pa_slide-length-700-mm-pl","62":"pa_slide-length-750-mm-pl","63":"pa_slide-length-800-mm-pl","64":"pa_slide-length-850-mm-pl","65":"pa_slide-length-900-mm-pl","66":"pa_slide-length-950-mm-pl","67":"pa_special-feature-wysuwany-dwustronnie","68":"pa_travel-path-1000-mm-pl","69":"pa_travel-path-1050-mm-pl","70":"pa_travel-path-1100-mm-pl","71":"pa_travel-path-1150-mm-pl","72":"pa_travel-path-1200-mm-pl","73":"pa_travel-path-1250-mm-pl","74":"pa_travel-path-1300-mm-pl","75":"pa_travel-path-1350-mm-pl","76":"pa_travel-path-1400-mm-pl","77":"pa_travel-path-1450-mm-pl","78":"pa_travel-path-1500-mm-pl","79":"pa_travel-path-1550-mm-pl","80":"pa_travel-path-1600-mm-pl","81":"pa_travel-path-200-mm-pl","82":"pa_travel-path-250-mm-pl","83":"pa_travel-path-300-mm-pl","84":"pa_travel-path-350-mm-pl","85":"pa_travel-path-400-mm-pl","86":"pa_travel-path-450-mm-pl","87":"pa_travel-path-500-mm-pl","88":"pa_travel-path-550-mm-pl","89":"pa_travel-path-600-mm-pl","90":"pa_travel-path-650-mm-pl","91":"pa_travel-path-700-mm-pl","92":"pa_travel-path-750-mm-pl","93":"pa_travel-path-800-mm-pl","94":"pa_travel-path-850-mm-pl","95":"pa_travel-path-900-mm-pl","96":"pa_travel-path-950-mm-pl","98":"first","99":"instock","100":"shipping-taxable","101":"purchasable","102":"product-type-variable","103":"entry","104":"content-bg","105":"loop-entry"},"yoast_head":"<!-- This site is optimized with the Yoast SEO plugin v27.4 - https:\/\/yoast.com\/product\/yoast-seo-wordpress\/ -->\n<title>Prowadnica teleskopowa z pe\u0142nym wysuwem DTSB-90 | do 880 kg | Prowadnice teleskopowe Schock - SCHOCK Telescopic slides<\/title>\n<meta name=\"robots\" content=\"noindex, follow, max-snippet:-1, max-image-preview:large, max-video-preview:-1\" \/>\n<meta property=\"og:locale\" content=\"pl_PL\" \/>\n<meta property=\"og:type\" content=\"article\" \/>\n<meta property=\"og:title\" content=\"Prowadnica teleskopowa z pe\u0142nym wysuwem DTSB-90 | do 880 kg | Prowadnice teleskopowe Schock - SCHOCK Telescopic slides\" \/>\n<meta property=\"og:description\" content=\"Przekr\u00f3j poprzeczny: 36 x 90 mm | d\u0142ugo\u015b\u0107: od 200 do 3000 mm | mo\u017cliwo\u015b\u0107 przed\u0142u\u017cenia z obu stron\" \/>\n<meta property=\"og:url\" content=\"https:\/\/pl.crmschock.com\/pl\/product\/prowadnica-teleskopowa-z-pelnym-wysuwem-dtsb-90-do-880-kg-prowadnice-teleskopowe-schock\/\" \/>\n<meta property=\"og:site_name\" content=\"SCHOCK Telescopic slides\" \/>\n<meta property=\"og:image\" content=\"https:\/\/pl.crmschock.com\/wp-content\/uploads\/2025\/04\/dtsb90_0.jpg\" \/>\n\t<meta property=\"og:image:width\" content=\"1920\" \/>\n\t<meta property=\"og:image:height\" content=\"1200\" \/>\n\t<meta property=\"og:image:type\" content=\"image\/jpeg\" \/>\n<meta name=\"twitter:card\" content=\"summary_large_image\" \/>\n<meta name=\"twitter:label1\" content=\"Szacowany czas czytania\" \/>\n\t<meta name=\"twitter:data1\" content=\"2 minuty\" \/>\n<script type=\"application\/ld+json\" class=\"yoast-schema-graph\">{\"@context\":\"https:\\\/\\\/schema.org\",\"@graph\":[{\"@type\":\"WebPage\",\"@id\":\"https:\\\/\\\/pl.crmschock.com\\\/pl\\\/product\\\/prowadnica-teleskopowa-z-pelnym-wysuwem-dtsb-90-do-880-kg-prowadnice-teleskopowe-schock\\\/\",\"url\":\"https:\\\/\\\/pl.crmschock.com\\\/pl\\\/product\\\/prowadnica-teleskopowa-z-pelnym-wysuwem-dtsb-90-do-880-kg-prowadnice-teleskopowe-schock\\\/\",\"name\":\"Prowadnica teleskopowa z pe\u0142nym wysuwem DTSB-90 | do 880 kg | Prowadnice teleskopowe Schock - SCHOCK Telescopic slides\",\"isPartOf\":{\"@id\":\"https:\\\/\\\/pl.crmschock.com\\\/#website\"},\"primaryImageOfPage\":{\"@id\":\"https:\\\/\\\/pl.crmschock.com\\\/pl\\\/product\\\/prowadnica-teleskopowa-z-pelnym-wysuwem-dtsb-90-do-880-kg-prowadnice-teleskopowe-schock\\\/#primaryimage\"},\"image\":{\"@id\":\"https:\\\/\\\/pl.crmschock.com\\\/pl\\\/product\\\/prowadnica-teleskopowa-z-pelnym-wysuwem-dtsb-90-do-880-kg-prowadnice-teleskopowe-schock\\\/#primaryimage\"},\"thumbnailUrl\":\"https:\\\/\\\/pl.crmschock.com\\\/wp-content\\\/uploads\\\/2025\\\/04\\\/dtsb90_0.jpg\",\"datePublished\":\"2025-05-28T06:55:46+00:00\",\"breadcrumb\":{\"@id\":\"https:\\\/\\\/pl.crmschock.com\\\/pl\\\/product\\\/prowadnica-teleskopowa-z-pelnym-wysuwem-dtsb-90-do-880-kg-prowadnice-teleskopowe-schock\\\/#breadcrumb\"},\"inLanguage\":\"pl-PL\",\"potentialAction\":[{\"@type\":\"ReadAction\",\"target\":[\"https:\\\/\\\/pl.crmschock.com\\\/pl\\\/product\\\/prowadnica-teleskopowa-z-pelnym-wysuwem-dtsb-90-do-880-kg-prowadnice-teleskopowe-schock\\\/\"]}]},{\"@type\":\"ImageObject\",\"inLanguage\":\"pl-PL\",\"@id\":\"https:\\\/\\\/pl.crmschock.com\\\/pl\\\/product\\\/prowadnica-teleskopowa-z-pelnym-wysuwem-dtsb-90-do-880-kg-prowadnice-teleskopowe-schock\\\/#primaryimage\",\"url\":\"https:\\\/\\\/pl.crmschock.com\\\/wp-content\\\/uploads\\\/2025\\\/04\\\/dtsb90_0.jpg\",\"contentUrl\":\"https:\\\/\\\/pl.crmschock.com\\\/wp-content\\\/uploads\\\/2025\\\/04\\\/dtsb90_0.jpg\",\"width\":1920,\"height\":1200},{\"@type\":\"BreadcrumbList\",\"@id\":\"https:\\\/\\\/pl.crmschock.com\\\/pl\\\/product\\\/prowadnica-teleskopowa-z-pelnym-wysuwem-dtsb-90-do-880-kg-prowadnice-teleskopowe-schock\\\/#breadcrumb\",\"itemListElement\":[{\"@type\":\"ListItem\",\"position\":1,\"name\":\"Startseite\",\"item\":\"https:\\\/\\\/pl.crmschock.com\\\/pl\\\/\"},{\"@type\":\"ListItem\",\"position\":2,\"name\":\"All telescopic slides-shop-page\",\"item\":\"https:\\\/\\\/pl.crmschock.com\\\/?page_id=26839\"},{\"@type\":\"ListItem\",\"position\":3,\"name\":\"Prowadnica teleskopowa z pe\u0142nym wysuwem DTSB-90 | do 880 kg | Prowadnice teleskopowe Schock\"}]},{\"@type\":\"WebSite\",\"@id\":\"https:\\\/\\\/pl.crmschock.com\\\/#website\",\"url\":\"https:\\\/\\\/pl.crmschock.com\\\/\",\"name\":\"SCHOCK Telescopic slides\",\"description\":\"Telescopic slides and linear guides from the manufacturer\",\"publisher\":{\"@id\":\"https:\\\/\\\/pl.crmschock.com\\\/#organization\"},\"potentialAction\":[{\"@type\":\"SearchAction\",\"target\":{\"@type\":\"EntryPoint\",\"urlTemplate\":\"https:\\\/\\\/pl.crmschock.com\\\/?s={search_term_string}\"},\"query-input\":{\"@type\":\"PropertyValueSpecification\",\"valueRequired\":true,\"valueName\":\"search_term_string\"}}],\"inLanguage\":\"pl-PL\"},{\"@type\":\"Organization\",\"@id\":\"https:\\\/\\\/pl.crmschock.com\\\/#organization\",\"name\":\"SCHOCK Telescopic slides\",\"url\":\"https:\\\/\\\/pl.crmschock.com\\\/\",\"logo\":{\"@type\":\"ImageObject\",\"inLanguage\":\"pl-PL\",\"@id\":\"https:\\\/\\\/pl.crmschock.com\\\/#\\\/schema\\\/logo\\\/image\\\/\",\"url\":\"https:\\\/\\\/pl.crmschock.com\\\/wp-content\\\/uploads\\\/2025\\\/09\\\/schock-telescopicslide-600-w.png\",\"contentUrl\":\"https:\\\/\\\/pl.crmschock.com\\\/wp-content\\\/uploads\\\/2025\\\/09\\\/schock-telescopicslide-600-w.png\",\"width\":600,\"height\":206,\"caption\":\"SCHOCK Telescopic slides\"},\"image\":{\"@id\":\"https:\\\/\\\/pl.crmschock.com\\\/#\\\/schema\\\/logo\\\/image\\\/\"}}]}<\/script>\n<!-- \/ Yoast SEO plugin. -->","yoast_head_json":{"title":"Prowadnica teleskopowa z pe\u0142nym wysuwem DTSB-90 | do 880 kg | Prowadnice teleskopowe Schock - SCHOCK Telescopic slides","robots":{"index":"noindex","follow":"follow","max-snippet":"max-snippet:-1","max-image-preview":"max-image-preview:large","max-video-preview":"max-video-preview:-1"},"og_locale":"pl_PL","og_type":"article","og_title":"Prowadnica teleskopowa z pe\u0142nym wysuwem DTSB-90 | do 880 kg | Prowadnice teleskopowe Schock - SCHOCK Telescopic slides","og_description":"Przekr\u00f3j poprzeczny: 36 x 90 mm | d\u0142ugo\u015b\u0107: od 200 do 3000 mm | mo\u017cliwo\u015b\u0107 przed\u0142u\u017cenia z obu stron","og_url":"https:\/\/pl.crmschock.com\/pl\/product\/prowadnica-teleskopowa-z-pelnym-wysuwem-dtsb-90-do-880-kg-prowadnice-teleskopowe-schock\/","og_site_name":"SCHOCK Telescopic slides","og_image":[{"width":1920,"height":1200,"url":"https:\/\/pl.crmschock.com\/wp-content\/uploads\/2025\/04\/dtsb90_0.jpg","type":"image\/jpeg"}],"twitter_card":"summary_large_image","twitter_misc":{"Szacowany czas czytania":"2 minuty"},"schema":{"@context":"https:\/\/schema.org","@graph":[{"@type":"WebPage","@id":"https:\/\/pl.crmschock.com\/pl\/product\/prowadnica-teleskopowa-z-pelnym-wysuwem-dtsb-90-do-880-kg-prowadnice-teleskopowe-schock\/","url":"https:\/\/pl.crmschock.com\/pl\/product\/prowadnica-teleskopowa-z-pelnym-wysuwem-dtsb-90-do-880-kg-prowadnice-teleskopowe-schock\/","name":"Prowadnica teleskopowa z pe\u0142nym wysuwem DTSB-90 | do 880 kg | Prowadnice teleskopowe Schock - SCHOCK Telescopic slides","isPartOf":{"@id":"https:\/\/pl.crmschock.com\/#website"},"primaryImageOfPage":{"@id":"https:\/\/pl.crmschock.com\/pl\/product\/prowadnica-teleskopowa-z-pelnym-wysuwem-dtsb-90-do-880-kg-prowadnice-teleskopowe-schock\/#primaryimage"},"image":{"@id":"https:\/\/pl.crmschock.com\/pl\/product\/prowadnica-teleskopowa-z-pelnym-wysuwem-dtsb-90-do-880-kg-prowadnice-teleskopowe-schock\/#primaryimage"},"thumbnailUrl":"https:\/\/pl.crmschock.com\/wp-content\/uploads\/2025\/04\/dtsb90_0.jpg","datePublished":"2025-05-28T06:55:46+00:00","breadcrumb":{"@id":"https:\/\/pl.crmschock.com\/pl\/product\/prowadnica-teleskopowa-z-pelnym-wysuwem-dtsb-90-do-880-kg-prowadnice-teleskopowe-schock\/#breadcrumb"},"inLanguage":"pl-PL","potentialAction":[{"@type":"ReadAction","target":["https:\/\/pl.crmschock.com\/pl\/product\/prowadnica-teleskopowa-z-pelnym-wysuwem-dtsb-90-do-880-kg-prowadnice-teleskopowe-schock\/"]}]},{"@type":"ImageObject","inLanguage":"pl-PL","@id":"https:\/\/pl.crmschock.com\/pl\/product\/prowadnica-teleskopowa-z-pelnym-wysuwem-dtsb-90-do-880-kg-prowadnice-teleskopowe-schock\/#primaryimage","url":"https:\/\/pl.crmschock.com\/wp-content\/uploads\/2025\/04\/dtsb90_0.jpg","contentUrl":"https:\/\/pl.crmschock.com\/wp-content\/uploads\/2025\/04\/dtsb90_0.jpg","width":1920,"height":1200},{"@type":"BreadcrumbList","@id":"https:\/\/pl.crmschock.com\/pl\/product\/prowadnica-teleskopowa-z-pelnym-wysuwem-dtsb-90-do-880-kg-prowadnice-teleskopowe-schock\/#breadcrumb","itemListElement":[{"@type":"ListItem","position":1,"name":"Startseite","item":"https:\/\/pl.crmschock.com\/pl\/"},{"@type":"ListItem","position":2,"name":"All telescopic slides-shop-page","item":"https:\/\/pl.crmschock.com\/?page_id=26839"},{"@type":"ListItem","position":3,"name":"Prowadnica teleskopowa z pe\u0142nym wysuwem DTSB-90 | do 880 kg | Prowadnice teleskopowe Schock"}]},{"@type":"WebSite","@id":"https:\/\/pl.crmschock.com\/#website","url":"https:\/\/pl.crmschock.com\/","name":"SCHOCK Telescopic slides","description":"Telescopic slides and linear guides from the manufacturer","publisher":{"@id":"https:\/\/pl.crmschock.com\/#organization"},"potentialAction":[{"@type":"SearchAction","target":{"@type":"EntryPoint","urlTemplate":"https:\/\/pl.crmschock.com\/?s={search_term_string}"},"query-input":{"@type":"PropertyValueSpecification","valueRequired":true,"valueName":"search_term_string"}}],"inLanguage":"pl-PL"},{"@type":"Organization","@id":"https:\/\/pl.crmschock.com\/#organization","name":"SCHOCK Telescopic slides","url":"https:\/\/pl.crmschock.com\/","logo":{"@type":"ImageObject","inLanguage":"pl-PL","@id":"https:\/\/pl.crmschock.com\/#\/schema\/logo\/image\/","url":"https:\/\/pl.crmschock.com\/wp-content\/uploads\/2025\/09\/schock-telescopicslide-600-w.png","contentUrl":"https:\/\/pl.crmschock.com\/wp-content\/uploads\/2025\/09\/schock-telescopicslide-600-w.png","width":600,"height":206,"caption":"SCHOCK Telescopic slides"},"image":{"@id":"https:\/\/pl.crmschock.com\/#\/schema\/logo\/image\/"}}]}},"_links":{"self":[{"href":"https:\/\/pl.crmschock.com\/pl\/wp-json\/wp\/v2\/product\/28794","targetHints":{"allow":["GET"]}}],"collection":[{"href":"https:\/\/pl.crmschock.com\/pl\/wp-json\/wp\/v2\/product"}],"about":[{"href":"https:\/\/pl.crmschock.com\/pl\/wp-json\/wp\/v2\/types\/product"}],"replies":[{"embeddable":true,"href":"https:\/\/pl.crmschock.com\/pl\/wp-json\/wp\/v2\/comments?post=28794"}],"wp:featuredmedia":[{"embeddable":true,"href":"https:\/\/pl.crmschock.com\/pl\/wp-json\/wp\/v2\/media\/10982"}],"wp:attachment":[{"href":"https:\/\/pl.crmschock.com\/pl\/wp-json\/wp\/v2\/media?parent=28794"}],"wp:term":[{"taxonomy":"product_brand","embeddable":true,"href":"https:\/\/pl.crmschock.com\/pl\/wp-json\/wp\/v2\/product_brand?post=28794"},{"taxonomy":"product_cat","embeddable":true,"href":"https:\/\/pl.crmschock.com\/pl\/wp-json\/wp\/v2\/product_cat?post=28794"},{"taxonomy":"product_tag","embeddable":true,"href":"https:\/\/pl.crmschock.com\/pl\/wp-json\/wp\/v2\/product_tag?post=28794"}],"curies":[{"name":"wp","href":"https:\/\/api.w.org\/{rel}","templated":true}]}}