{"id":28843,"date":"2025-05-28T08:55:26","date_gmt":"2025-05-28T06:55:26","guid":{"rendered":"https:\/\/pl.crmschock.com\/product\/prowadnica-teleskopowa-z-czesciowym-wysuwem-012-do-70-kg-prowadnice-teleskopowe-schock\/"},"modified":"2025-05-28T08:55:26","modified_gmt":"2025-05-28T06:55:26","slug":"prowadnica-teleskopowa-z-czesciowym-wysuwem-012-do-70-kg-prowadnice-teleskopowe-schock","status":"publish","type":"product","link":"https:\/\/pl.crmschock.com\/pl\/product\/prowadnica-teleskopowa-z-czesciowym-wysuwem-012-do-70-kg-prowadnice-teleskopowe-schock\/","title":{"rendered":"Prowadnica teleskopowa z cz\u0119\u015bciowym wysuwem 012 | do 70 kg | Prowadnice teleskopowe Schock"},"content":{"rendered":"<h3>Prowadnice teleskopowe Schock Metal z cz\u0119\u015bciowym przed\u0142u\u017ceniem seria 012<\/h3>\n<p>Cena artyku\u0142u i sprzeda\u017c za sztuk\u0119<\/p>\n<p>Nr art. 012.10367, 012.10370, 012.10373, 012.10375 Prowadnice teleskopowe serii 012, stal ocynkowana ogniowo, szeroko\u015b\u0107 13 mm, cz\u0119\u015bciowe wysuni\u0119cie, do 35 kg przy 100.000 cykli.<\/p>\n<p><strong>Opis prowadnicy teleskopowej SM-012A<\/strong><\/p>\n<ul>\n<li>Cz\u0119\u015bciowe rozszerzenie<\/li>\n<li>Ud\u017awig do 35 kg na par\u0119<\/li>\n<li>Mo\u017cliwo\u015b\u0107 przed\u0142u\u017cenia po obu stronach<\/li>\n<\/ul>\n<p><strong>Materia\u0142:<\/strong><\/p>\n<ul>\n<li>Szyny wykonane ze stali ocynkowanej ogniowo<\/li>\n<li>Koszyki na pi\u0142ki wykonane z tworzywa sztucznego<\/li>\n<li>Kulki wykonane z hartowanej stali w\u0119glowej<\/li>\n<\/ul>\n<p><strong>Zakres temperatur:<\/strong><\/p>\n<ul>\n<li>Temperatura pracy od 10 C do 40 C (od 50 F do 104 F)<\/li>\n<li>Temperatura przechowywania i transportu -20 C do maks. 80 C (-4 F do 176 F)<\/li>\n<\/ul>\n<p><strong>Uwagi: <\/strong>Prowadnice teleskopowe wysuwane z obu stron s\u0105 odpowiednie dla r\u00f3\u017cnych g\u0142\u0119boko\u015bci szuflad. Podane no\u015bno\u015bci s\u0105 warto\u015bciami maksymalnymi dla zamontowanej pionowo pary prowadnic teleskopowych o r\u00f3wnomiernym roz\u0142o\u017ceniu obci\u0105\u017cenia przy wykorzystaniu wszystkich przewidzianych pozycji monta\u017cowych. W przypadku poziomo zamontowanych szyn wysuwnych no\u015bno\u015b\u0107 jest mniejsza o ok.   70%.<\/p>\n","protected":false},"excerpt":{"rendered":"<ul>\n<li>Przekr\u00f3j 13&#215;37,5 mm<\/li>\n<li>D\u0142ugo\u015b\u0107 242-473 mm<\/li>\n<li>Mo\u017cliwo\u015b\u0107 przed\u0142u\u017cenia po obu stronach<\/li>\n<\/ul>\n","protected":false},"featured_media":22718,"comment_status":"open","ping_status":"closed","template":"","meta":{"_kadence_starter_templates_imported_post":false,"_kad_post_transparent":"","_kad_post_title":"","_kad_post_layout":"","_kad_post_sidebar_id":"","_kad_post_content_style":"","_kad_post_vertical_padding":"","_kad_post_feature":"","_kad_post_feature_position":"","_kad_post_header":false,"_kad_post_footer":false,"_kad_post_classname":""},"product_brand":[],"product_cat":[3937],"product_tag":[],"class_list":{"0":"post-28843","1":"product","2":"type-product","3":"status-publish","4":"has-post-thumbnail","6":"product_cat-czesciowe-rozszerzenie","7":"pa_cross-section-13-x-375-mm","8":"pa_extract-type-czesciowe-rozszerzenie","9":"pa_load-capacity-45-kg-pl","10":"pa_load-capacity-48-kg-pl","11":"pa_load-capacity-50-kg-pl","12":"pa_material-ocynkowana-stal-weglowa","13":"pa_slide-length-242-mm-pl","14":"pa_slide-length-317-mm-pl","15":"pa_slide-length-398-mm-pl","16":"pa_slide-length-473-mm-pl","17":"pa_special-feature-wysuwany-dwustronnie","18":"pa_travel-path-154-mm-pl","19":"pa_travel-path-229-mm-pl","20":"pa_travel-path-298-mm-pl","21":"pa_travel-path-373-mm-pl","23":"first","24":"instock","25":"shipping-taxable","26":"purchasable","27":"product-type-variable","28":"entry","29":"content-bg","30":"loop-entry"},"yoast_head":"<!-- This site is optimized with the Yoast SEO plugin v27.4 - https:\/\/yoast.com\/product\/yoast-seo-wordpress\/ -->\n<title>Prowadnica teleskopowa z cz\u0119\u015bciowym wysuwem 012 | do 70 kg | Prowadnice teleskopowe Schock - SCHOCK Telescopic slides<\/title>\n<meta name=\"robots\" content=\"noindex, follow, max-snippet:-1, max-image-preview:large, max-video-preview:-1\" \/>\n<meta property=\"og:locale\" content=\"pl_PL\" \/>\n<meta property=\"og:type\" content=\"article\" \/>\n<meta property=\"og:title\" content=\"Prowadnica teleskopowa z cz\u0119\u015bciowym wysuwem 012 | do 70 kg | Prowadnice teleskopowe Schock - SCHOCK Telescopic slides\" \/>\n<meta property=\"og:description\" content=\"Przekr\u00f3j 13x37,5 mm  D\u0142ugo\u015b\u0107 242-473 mm  Mo\u017cliwo\u015b\u0107 przed\u0142u\u017cenia po obu stronach\" \/>\n<meta property=\"og:url\" content=\"https:\/\/pl.crmschock.com\/pl\/product\/prowadnica-teleskopowa-z-czesciowym-wysuwem-012-do-70-kg-prowadnice-teleskopowe-schock\/\" \/>\n<meta property=\"og:site_name\" content=\"SCHOCK Telescopic slides\" \/>\n<meta property=\"og:image\" content=\"https:\/\/pl.crmschock.com\/wp-content\/uploads\/2025\/04\/07000052000.jpg\" \/>\n\t<meta property=\"og:image:width\" content=\"1920\" \/>\n\t<meta property=\"og:image:height\" content=\"1200\" \/>\n\t<meta property=\"og:image:type\" content=\"image\/jpeg\" \/>\n<meta name=\"twitter:card\" content=\"summary_large_image\" \/>\n<meta name=\"twitter:label1\" content=\"Szacowany czas czytania\" \/>\n\t<meta name=\"twitter:data1\" content=\"1 minuta\" \/>\n<script type=\"application\/ld+json\" class=\"yoast-schema-graph\">{\"@context\":\"https:\\\/\\\/schema.org\",\"@graph\":[{\"@type\":\"WebPage\",\"@id\":\"https:\\\/\\\/pl.crmschock.com\\\/pl\\\/product\\\/prowadnica-teleskopowa-z-czesciowym-wysuwem-012-do-70-kg-prowadnice-teleskopowe-schock\\\/\",\"url\":\"https:\\\/\\\/pl.crmschock.com\\\/pl\\\/product\\\/prowadnica-teleskopowa-z-czesciowym-wysuwem-012-do-70-kg-prowadnice-teleskopowe-schock\\\/\",\"name\":\"Prowadnica teleskopowa z cz\u0119\u015bciowym wysuwem 012 | do 70 kg | Prowadnice teleskopowe Schock - SCHOCK Telescopic slides\",\"isPartOf\":{\"@id\":\"https:\\\/\\\/pl.crmschock.com\\\/#website\"},\"primaryImageOfPage\":{\"@id\":\"https:\\\/\\\/pl.crmschock.com\\\/pl\\\/product\\\/prowadnica-teleskopowa-z-czesciowym-wysuwem-012-do-70-kg-prowadnice-teleskopowe-schock\\\/#primaryimage\"},\"image\":{\"@id\":\"https:\\\/\\\/pl.crmschock.com\\\/pl\\\/product\\\/prowadnica-teleskopowa-z-czesciowym-wysuwem-012-do-70-kg-prowadnice-teleskopowe-schock\\\/#primaryimage\"},\"thumbnailUrl\":\"https:\\\/\\\/pl.crmschock.com\\\/wp-content\\\/uploads\\\/2025\\\/04\\\/07000052000.jpg\",\"datePublished\":\"2025-05-28T06:55:26+00:00\",\"breadcrumb\":{\"@id\":\"https:\\\/\\\/pl.crmschock.com\\\/pl\\\/product\\\/prowadnica-teleskopowa-z-czesciowym-wysuwem-012-do-70-kg-prowadnice-teleskopowe-schock\\\/#breadcrumb\"},\"inLanguage\":\"pl-PL\",\"potentialAction\":[{\"@type\":\"ReadAction\",\"target\":[\"https:\\\/\\\/pl.crmschock.com\\\/pl\\\/product\\\/prowadnica-teleskopowa-z-czesciowym-wysuwem-012-do-70-kg-prowadnice-teleskopowe-schock\\\/\"]}]},{\"@type\":\"ImageObject\",\"inLanguage\":\"pl-PL\",\"@id\":\"https:\\\/\\\/pl.crmschock.com\\\/pl\\\/product\\\/prowadnica-teleskopowa-z-czesciowym-wysuwem-012-do-70-kg-prowadnice-teleskopowe-schock\\\/#primaryimage\",\"url\":\"https:\\\/\\\/pl.crmschock.com\\\/wp-content\\\/uploads\\\/2025\\\/04\\\/07000052000.jpg\",\"contentUrl\":\"https:\\\/\\\/pl.crmschock.com\\\/wp-content\\\/uploads\\\/2025\\\/04\\\/07000052000.jpg\",\"width\":1920,\"height\":1200},{\"@type\":\"BreadcrumbList\",\"@id\":\"https:\\\/\\\/pl.crmschock.com\\\/pl\\\/product\\\/prowadnica-teleskopowa-z-czesciowym-wysuwem-012-do-70-kg-prowadnice-teleskopowe-schock\\\/#breadcrumb\",\"itemListElement\":[{\"@type\":\"ListItem\",\"position\":1,\"name\":\"Startseite\",\"item\":\"https:\\\/\\\/pl.crmschock.com\\\/pl\\\/\"},{\"@type\":\"ListItem\",\"position\":2,\"name\":\"All telescopic slides-shop-page\",\"item\":\"https:\\\/\\\/pl.crmschock.com\\\/?page_id=26839\"},{\"@type\":\"ListItem\",\"position\":3,\"name\":\"Prowadnica teleskopowa z cz\u0119\u015bciowym wysuwem 012 | do 70 kg | Prowadnice teleskopowe Schock\"}]},{\"@type\":\"WebSite\",\"@id\":\"https:\\\/\\\/pl.crmschock.com\\\/#website\",\"url\":\"https:\\\/\\\/pl.crmschock.com\\\/\",\"name\":\"SCHOCK Telescopic slides\",\"description\":\"Telescopic slides and linear guides from the manufacturer\",\"publisher\":{\"@id\":\"https:\\\/\\\/pl.crmschock.com\\\/#organization\"},\"potentialAction\":[{\"@type\":\"SearchAction\",\"target\":{\"@type\":\"EntryPoint\",\"urlTemplate\":\"https:\\\/\\\/pl.crmschock.com\\\/?s={search_term_string}\"},\"query-input\":{\"@type\":\"PropertyValueSpecification\",\"valueRequired\":true,\"valueName\":\"search_term_string\"}}],\"inLanguage\":\"pl-PL\"},{\"@type\":\"Organization\",\"@id\":\"https:\\\/\\\/pl.crmschock.com\\\/#organization\",\"name\":\"SCHOCK Telescopic slides\",\"url\":\"https:\\\/\\\/pl.crmschock.com\\\/\",\"logo\":{\"@type\":\"ImageObject\",\"inLanguage\":\"pl-PL\",\"@id\":\"https:\\\/\\\/pl.crmschock.com\\\/#\\\/schema\\\/logo\\\/image\\\/\",\"url\":\"https:\\\/\\\/pl.crmschock.com\\\/wp-content\\\/uploads\\\/2025\\\/09\\\/schock-telescopicslide-600-w.png\",\"contentUrl\":\"https:\\\/\\\/pl.crmschock.com\\\/wp-content\\\/uploads\\\/2025\\\/09\\\/schock-telescopicslide-600-w.png\",\"width\":600,\"height\":206,\"caption\":\"SCHOCK Telescopic slides\"},\"image\":{\"@id\":\"https:\\\/\\\/pl.crmschock.com\\\/#\\\/schema\\\/logo\\\/image\\\/\"}}]}<\/script>\n<!-- \/ Yoast SEO plugin. -->","yoast_head_json":{"title":"Prowadnica teleskopowa z cz\u0119\u015bciowym wysuwem 012 | do 70 kg | Prowadnice teleskopowe Schock - SCHOCK Telescopic slides","robots":{"index":"noindex","follow":"follow","max-snippet":"max-snippet:-1","max-image-preview":"max-image-preview:large","max-video-preview":"max-video-preview:-1"},"og_locale":"pl_PL","og_type":"article","og_title":"Prowadnica teleskopowa z cz\u0119\u015bciowym wysuwem 012 | do 70 kg | Prowadnice teleskopowe Schock - SCHOCK Telescopic slides","og_description":"Przekr\u00f3j 13x37,5 mm  D\u0142ugo\u015b\u0107 242-473 mm  Mo\u017cliwo\u015b\u0107 przed\u0142u\u017cenia po obu stronach","og_url":"https:\/\/pl.crmschock.com\/pl\/product\/prowadnica-teleskopowa-z-czesciowym-wysuwem-012-do-70-kg-prowadnice-teleskopowe-schock\/","og_site_name":"SCHOCK Telescopic slides","og_image":[{"width":1920,"height":1200,"url":"https:\/\/pl.crmschock.com\/wp-content\/uploads\/2025\/04\/07000052000.jpg","type":"image\/jpeg"}],"twitter_card":"summary_large_image","twitter_misc":{"Szacowany czas czytania":"1 minuta"},"schema":{"@context":"https:\/\/schema.org","@graph":[{"@type":"WebPage","@id":"https:\/\/pl.crmschock.com\/pl\/product\/prowadnica-teleskopowa-z-czesciowym-wysuwem-012-do-70-kg-prowadnice-teleskopowe-schock\/","url":"https:\/\/pl.crmschock.com\/pl\/product\/prowadnica-teleskopowa-z-czesciowym-wysuwem-012-do-70-kg-prowadnice-teleskopowe-schock\/","name":"Prowadnica teleskopowa z cz\u0119\u015bciowym wysuwem 012 | do 70 kg | Prowadnice teleskopowe Schock - SCHOCK Telescopic slides","isPartOf":{"@id":"https:\/\/pl.crmschock.com\/#website"},"primaryImageOfPage":{"@id":"https:\/\/pl.crmschock.com\/pl\/product\/prowadnica-teleskopowa-z-czesciowym-wysuwem-012-do-70-kg-prowadnice-teleskopowe-schock\/#primaryimage"},"image":{"@id":"https:\/\/pl.crmschock.com\/pl\/product\/prowadnica-teleskopowa-z-czesciowym-wysuwem-012-do-70-kg-prowadnice-teleskopowe-schock\/#primaryimage"},"thumbnailUrl":"https:\/\/pl.crmschock.com\/wp-content\/uploads\/2025\/04\/07000052000.jpg","datePublished":"2025-05-28T06:55:26+00:00","breadcrumb":{"@id":"https:\/\/pl.crmschock.com\/pl\/product\/prowadnica-teleskopowa-z-czesciowym-wysuwem-012-do-70-kg-prowadnice-teleskopowe-schock\/#breadcrumb"},"inLanguage":"pl-PL","potentialAction":[{"@type":"ReadAction","target":["https:\/\/pl.crmschock.com\/pl\/product\/prowadnica-teleskopowa-z-czesciowym-wysuwem-012-do-70-kg-prowadnice-teleskopowe-schock\/"]}]},{"@type":"ImageObject","inLanguage":"pl-PL","@id":"https:\/\/pl.crmschock.com\/pl\/product\/prowadnica-teleskopowa-z-czesciowym-wysuwem-012-do-70-kg-prowadnice-teleskopowe-schock\/#primaryimage","url":"https:\/\/pl.crmschock.com\/wp-content\/uploads\/2025\/04\/07000052000.jpg","contentUrl":"https:\/\/pl.crmschock.com\/wp-content\/uploads\/2025\/04\/07000052000.jpg","width":1920,"height":1200},{"@type":"BreadcrumbList","@id":"https:\/\/pl.crmschock.com\/pl\/product\/prowadnica-teleskopowa-z-czesciowym-wysuwem-012-do-70-kg-prowadnice-teleskopowe-schock\/#breadcrumb","itemListElement":[{"@type":"ListItem","position":1,"name":"Startseite","item":"https:\/\/pl.crmschock.com\/pl\/"},{"@type":"ListItem","position":2,"name":"All telescopic slides-shop-page","item":"https:\/\/pl.crmschock.com\/?page_id=26839"},{"@type":"ListItem","position":3,"name":"Prowadnica teleskopowa z cz\u0119\u015bciowym wysuwem 012 | do 70 kg | Prowadnice teleskopowe Schock"}]},{"@type":"WebSite","@id":"https:\/\/pl.crmschock.com\/#website","url":"https:\/\/pl.crmschock.com\/","name":"SCHOCK Telescopic slides","description":"Telescopic slides and linear guides from the manufacturer","publisher":{"@id":"https:\/\/pl.crmschock.com\/#organization"},"potentialAction":[{"@type":"SearchAction","target":{"@type":"EntryPoint","urlTemplate":"https:\/\/pl.crmschock.com\/?s={search_term_string}"},"query-input":{"@type":"PropertyValueSpecification","valueRequired":true,"valueName":"search_term_string"}}],"inLanguage":"pl-PL"},{"@type":"Organization","@id":"https:\/\/pl.crmschock.com\/#organization","name":"SCHOCK Telescopic slides","url":"https:\/\/pl.crmschock.com\/","logo":{"@type":"ImageObject","inLanguage":"pl-PL","@id":"https:\/\/pl.crmschock.com\/#\/schema\/logo\/image\/","url":"https:\/\/pl.crmschock.com\/wp-content\/uploads\/2025\/09\/schock-telescopicslide-600-w.png","contentUrl":"https:\/\/pl.crmschock.com\/wp-content\/uploads\/2025\/09\/schock-telescopicslide-600-w.png","width":600,"height":206,"caption":"SCHOCK Telescopic slides"},"image":{"@id":"https:\/\/pl.crmschock.com\/#\/schema\/logo\/image\/"}}]}},"_links":{"self":[{"href":"https:\/\/pl.crmschock.com\/pl\/wp-json\/wp\/v2\/product\/28843","targetHints":{"allow":["GET"]}}],"collection":[{"href":"https:\/\/pl.crmschock.com\/pl\/wp-json\/wp\/v2\/product"}],"about":[{"href":"https:\/\/pl.crmschock.com\/pl\/wp-json\/wp\/v2\/types\/product"}],"replies":[{"embeddable":true,"href":"https:\/\/pl.crmschock.com\/pl\/wp-json\/wp\/v2\/comments?post=28843"}],"wp:featuredmedia":[{"embeddable":true,"href":"https:\/\/pl.crmschock.com\/pl\/wp-json\/wp\/v2\/media\/22718"}],"wp:attachment":[{"href":"https:\/\/pl.crmschock.com\/pl\/wp-json\/wp\/v2\/media?parent=28843"}],"wp:term":[{"taxonomy":"product_brand","embeddable":true,"href":"https:\/\/pl.crmschock.com\/pl\/wp-json\/wp\/v2\/product_brand?post=28843"},{"taxonomy":"product_cat","embeddable":true,"href":"https:\/\/pl.crmschock.com\/pl\/wp-json\/wp\/v2\/product_cat?post=28843"},{"taxonomy":"product_tag","embeddable":true,"href":"https:\/\/pl.crmschock.com\/pl\/wp-json\/wp\/v2\/product_tag?post=28843"}],"curies":[{"name":"wp","href":"https:\/\/api.w.org\/{rel}","templated":true}]}}