{"id":30239,"date":"2025-05-28T08:53:32","date_gmt":"2025-05-28T06:53:32","guid":{"rendered":"https:\/\/pl.crmschock.com\/product\/prowadnica-teleskopowa-z-pelnym-wysuwem-076-do-227-kg-z-blokada-prowadnice-teleskopowe-schock\/"},"modified":"2025-05-28T08:53:32","modified_gmt":"2025-05-28T06:53:32","slug":"prowadnica-teleskopowa-z-pelnym-wysuwem-076-do-227-kg-z-blokada-prowadnice-teleskopowe-schock","status":"publish","type":"product","link":"https:\/\/pl.crmschock.com\/pl\/product\/prowadnica-teleskopowa-z-pelnym-wysuwem-076-do-227-kg-z-blokada-prowadnice-teleskopowe-schock\/","title":{"rendered":"Prowadnica teleskopowa z pe\u0142nym wysuwem 076 | do 227 kg | z blokad\u0105 | Prowadnice teleskopowe Schock"},"content":{"rendered":"<h3><strong>Prowadnica kulkowa z pe\u0142nym wysuwem i blokad\u0105, ud\u017awig do 227 kg<\/strong><\/h3>\n<p>Przesuwne szyny z funkcj\u0105 blokady sprawiaj\u0105, \u017ce szuflada jest bezpieczniejsza, gdy pojazd jest w ruchu. Dzi\u0119ki funkcji blokady szuflad\u0119 mo\u017cna zablokowa\u0107 po jej ca\u0142kowitym otwarciu lub zamkni\u0119ciu, co sprawia, \u017ce instalacja jest wygodniejsza i bezpieczniejsza, a szuflada nie otwiera si\u0119 automatycznie. <\/p>\n<ul>\n<li>Grubo\u015b\u0107 blachy stalowej poszczeg\u00f3lnych element\u00f3w wynosz\u0105ca 2,5 mm zapewnia wysok\u0105 no\u015bno\u015b\u0107 prowadnic szuflad.<\/li>\n<li>Prowadnice s\u0105 wyposa\u017cone w t\u0142umi\u0105ce d\u017awi\u0119k amortyzatory, zapewniaj\u0105ce p\u0142ynne i ciche zamykanie.<\/li>\n<li>Przyjazna dla \u015brodowiska galwanizacja pozwala prowadnicom szuflad przej\u015b\u0107 test 5% mg\u0142y solnej przez ponad 48 godzin.<\/li>\n<li>Trzy elementy mog\u0105 by\u0107 w pe\u0142ni wysuni\u0119te, 100% wysuni\u0119cie szyn \u015blizgowych.<\/li>\n<li>Precyzyjnie \u0142o\u017cyskowane prowadnice teleskopowe zapewniaj\u0105 p\u0142ynny i cichy ruch szuflady.<\/li>\n<\/ul>\n<p><strong>Informacje:<\/strong><\/p>\n<ul>\n<li>Seria HA7613 do 227 kg. Pe\u0142ny wysuw z blokad\u0105, 19 mm x 76 mm. <\/li>\n<li>Sprzeda\u017c i cena za par\u0119. <strong>\u015aruby nie s\u0105 do\u0142\u0105czone<\/strong>.<\/li>\n<li>(\u015aruby M6 do prowadnicy zewn\u0119trznej)<\/li>\n<li>\n<\/li>\n<\/ul>\n<p>Idealny do stosowania w szufladach i schowkach w pojazdach ratowniczych, wozach stra\u017cackich, luksusowych kamperach, ci\u0119\u017ckich magazynach, miejscach pracy, magazynach narz\u0119dzi, kamperach, przyczepach kempingowych, samochodach, ci\u0119\u017car\u00f3wkach l\u0105dowych, automatach sprzedaj\u0105cych, a tak\u017ce w ci\u0119\u017ckich urz\u0105dzeniach i urz\u0105dzeniach w gospodarstwie domowym.<\/p>\n<p><strong>Cechy:<\/strong><\/p>\n<ul>\n<li>Ud\u017awig: do 227 kg \/ para<\/li>\n<li>Rozszerzenie: 100% pe\u0142nego rozszerzenia<\/li>\n<li>Wysoko\u015b\u0107: 76 mm<\/li>\n<li>Szeroko\u015b\u0107: 19,1 mm<\/li>\n<li>Materia\u0142: hartowana stal walcowana na zimno<\/li>\n<li>Grubo\u015b\u0107 blachy stalowej: 2,5*2,5*2,5 mm<\/li>\n<li>Monta\u017c: Monta\u017c boczny lub p\u0142aski<\/li>\n<li>Rysowanie: 2D, CAD, 3D<\/li>\n<\/ul>\n","protected":false},"excerpt":{"rendered":"<p>Przekr\u00f3j poprzeczny: 19,5 x 76,0 mm | D\u0142ugo\u015b\u0107: 500 do 1500 mm | Blokada, Blokada, Soft-stop<\/p>\n","protected":false},"featured_media":22028,"comment_status":"open","ping_status":"closed","template":"","meta":{"_kadence_starter_templates_imported_post":false,"_kad_post_transparent":"","_kad_post_title":"","_kad_post_layout":"","_kad_post_sidebar_id":"","_kad_post_content_style":"","_kad_post_vertical_padding":"","_kad_post_feature":"","_kad_post_feature_position":"","_kad_post_header":false,"_kad_post_footer":false,"_kad_post_classname":""},"product_brand":[],"product_cat":[3740],"product_tag":[],"class_list":{"0":"post-30239","1":"product","2":"type-product","3":"status-publish","4":"has-post-thumbnail","6":"product_cat-pelne-rozszerzenie","7":"pa_cross-section-19-1-x-76-mm-pl","8":"pa_extract-type-pelne-rozszerzenie","9":"pa_function-blokada-w-pozycji-wsunietej","10":"pa_function-blokada-w-pozycji-wysunietej","11":"pa_function-miekkie-zatrzymanie","12":"pa_load-capacity-130-kg-pl","13":"pa_load-capacity-135-kg-pl","14":"pa_load-capacity-140-kg-pl","15":"pa_load-capacity-160-kg-pl","16":"pa_load-capacity-180-kg-pl","17":"pa_load-capacity-190-kg-pl","18":"pa_load-capacity-200-kg-pl","19":"pa_load-capacity-215-kg-pl","20":"pa_load-capacity-227-kg-pl","21":"pa_material-ocynkowana-stal-weglowa","22":"pa_slide-length-1000-mm-pl","23":"pa_slide-length-1100-mm-pl","24":"pa_slide-length-1200-mm-pl","25":"pa_slide-length-1300-mm-pl","26":"pa_slide-length-1400-mm-pl","27":"pa_slide-length-1500-mm-pl","28":"pa_slide-length-500-mm-pl","29":"pa_slide-length-550-mm-pl","30":"pa_slide-length-600-mm-pl","31":"pa_slide-length-650-mm-pl","32":"pa_slide-length-700-mm-pl","33":"pa_slide-length-750-mm-pl","34":"pa_slide-length-800-mm-pl","35":"pa_slide-length-900-mm-pl","36":"pa_travel-path-1000-mm-pl","37":"pa_travel-path-1100-mm-pl","38":"pa_travel-path-1200-mm-pl","39":"pa_travel-path-1300-mm-pl","40":"pa_travel-path-1400-mm-pl","41":"pa_travel-path-1500-mm-pl","42":"pa_travel-path-500-mm-pl","43":"pa_travel-path-550-mm-pl","44":"pa_travel-path-600-mm-pl","45":"pa_travel-path-650-mm-pl","46":"pa_travel-path-700-mm-pl","47":"pa_travel-path-750-mm-pl","48":"pa_travel-path-800-mm-pl","49":"pa_travel-path-900-mm-pl","51":"first","52":"instock","53":"shipping-taxable","54":"purchasable","55":"product-type-variable","56":"entry","57":"content-bg","58":"loop-entry"},"yoast_head":"<!-- This site is optimized with the Yoast SEO plugin v27.4 - https:\/\/yoast.com\/product\/yoast-seo-wordpress\/ -->\n<title>Prowadnica teleskopowa z pe\u0142nym wysuwem 076 | do 227 kg | z blokad\u0105 | Prowadnice teleskopowe Schock - SCHOCK Telescopic slides<\/title>\n<meta name=\"robots\" content=\"noindex, follow, max-snippet:-1, max-image-preview:large, max-video-preview:-1\" \/>\n<meta property=\"og:locale\" content=\"pl_PL\" \/>\n<meta property=\"og:type\" content=\"article\" \/>\n<meta property=\"og:title\" content=\"Prowadnica teleskopowa z pe\u0142nym wysuwem 076 | do 227 kg | z blokad\u0105 | Prowadnice teleskopowe Schock - SCHOCK Telescopic slides\" \/>\n<meta property=\"og:description\" content=\"Przekr\u00f3j poprzeczny: 19,5 x 76,0 mm | D\u0142ugo\u015b\u0107: 500 do 1500 mm | Blokada, Blokada, Soft-stop\" \/>\n<meta property=\"og:url\" content=\"https:\/\/pl.crmschock.com\/pl\/product\/prowadnica-teleskopowa-z-pelnym-wysuwem-076-do-227-kg-z-blokada-prowadnice-teleskopowe-schock\/\" \/>\n<meta property=\"og:site_name\" content=\"SCHOCK Telescopic slides\" \/>\n<meta property=\"og:image\" content=\"https:\/\/pl.crmschock.com\/wp-content\/uploads\/2024\/12\/07000454000_0.jpg\" \/>\n\t<meta property=\"og:image:width\" content=\"1600\" \/>\n\t<meta property=\"og:image:height\" content=\"1000\" \/>\n\t<meta property=\"og:image:type\" content=\"image\/jpeg\" \/>\n<meta name=\"twitter:card\" content=\"summary_large_image\" \/>\n<meta name=\"twitter:label1\" content=\"Szacowany czas czytania\" \/>\n\t<meta name=\"twitter:data1\" content=\"1 minuta\" \/>\n<script type=\"application\/ld+json\" class=\"yoast-schema-graph\">{\"@context\":\"https:\\\/\\\/schema.org\",\"@graph\":[{\"@type\":\"WebPage\",\"@id\":\"https:\\\/\\\/pl.crmschock.com\\\/pl\\\/product\\\/prowadnica-teleskopowa-z-pelnym-wysuwem-076-do-227-kg-z-blokada-prowadnice-teleskopowe-schock\\\/\",\"url\":\"https:\\\/\\\/pl.crmschock.com\\\/pl\\\/product\\\/prowadnica-teleskopowa-z-pelnym-wysuwem-076-do-227-kg-z-blokada-prowadnice-teleskopowe-schock\\\/\",\"name\":\"Prowadnica teleskopowa z pe\u0142nym wysuwem 076 | do 227 kg | z blokad\u0105 | Prowadnice teleskopowe Schock - SCHOCK Telescopic slides\",\"isPartOf\":{\"@id\":\"https:\\\/\\\/pl.crmschock.com\\\/#website\"},\"primaryImageOfPage\":{\"@id\":\"https:\\\/\\\/pl.crmschock.com\\\/pl\\\/product\\\/prowadnica-teleskopowa-z-pelnym-wysuwem-076-do-227-kg-z-blokada-prowadnice-teleskopowe-schock\\\/#primaryimage\"},\"image\":{\"@id\":\"https:\\\/\\\/pl.crmschock.com\\\/pl\\\/product\\\/prowadnica-teleskopowa-z-pelnym-wysuwem-076-do-227-kg-z-blokada-prowadnice-teleskopowe-schock\\\/#primaryimage\"},\"thumbnailUrl\":\"https:\\\/\\\/pl.crmschock.com\\\/wp-content\\\/uploads\\\/2024\\\/12\\\/07000454000_0.jpg\",\"datePublished\":\"2025-05-28T06:53:32+00:00\",\"breadcrumb\":{\"@id\":\"https:\\\/\\\/pl.crmschock.com\\\/pl\\\/product\\\/prowadnica-teleskopowa-z-pelnym-wysuwem-076-do-227-kg-z-blokada-prowadnice-teleskopowe-schock\\\/#breadcrumb\"},\"inLanguage\":\"pl-PL\",\"potentialAction\":[{\"@type\":\"ReadAction\",\"target\":[\"https:\\\/\\\/pl.crmschock.com\\\/pl\\\/product\\\/prowadnica-teleskopowa-z-pelnym-wysuwem-076-do-227-kg-z-blokada-prowadnice-teleskopowe-schock\\\/\"]}]},{\"@type\":\"ImageObject\",\"inLanguage\":\"pl-PL\",\"@id\":\"https:\\\/\\\/pl.crmschock.com\\\/pl\\\/product\\\/prowadnica-teleskopowa-z-pelnym-wysuwem-076-do-227-kg-z-blokada-prowadnice-teleskopowe-schock\\\/#primaryimage\",\"url\":\"https:\\\/\\\/pl.crmschock.com\\\/wp-content\\\/uploads\\\/2024\\\/12\\\/07000454000_0.jpg\",\"contentUrl\":\"https:\\\/\\\/pl.crmschock.com\\\/wp-content\\\/uploads\\\/2024\\\/12\\\/07000454000_0.jpg\",\"width\":1600,\"height\":1000},{\"@type\":\"BreadcrumbList\",\"@id\":\"https:\\\/\\\/pl.crmschock.com\\\/pl\\\/product\\\/prowadnica-teleskopowa-z-pelnym-wysuwem-076-do-227-kg-z-blokada-prowadnice-teleskopowe-schock\\\/#breadcrumb\",\"itemListElement\":[{\"@type\":\"ListItem\",\"position\":1,\"name\":\"Startseite\",\"item\":\"https:\\\/\\\/pl.crmschock.com\\\/pl\\\/\"},{\"@type\":\"ListItem\",\"position\":2,\"name\":\"All telescopic slides-shop-page\",\"item\":\"https:\\\/\\\/pl.crmschock.com\\\/?page_id=26839\"},{\"@type\":\"ListItem\",\"position\":3,\"name\":\"Prowadnica teleskopowa z pe\u0142nym wysuwem 076 | do 227 kg | z blokad\u0105 | Prowadnice teleskopowe Schock\"}]},{\"@type\":\"WebSite\",\"@id\":\"https:\\\/\\\/pl.crmschock.com\\\/#website\",\"url\":\"https:\\\/\\\/pl.crmschock.com\\\/\",\"name\":\"SCHOCK Telescopic slides\",\"description\":\"Telescopic slides and linear guides from the manufacturer\",\"publisher\":{\"@id\":\"https:\\\/\\\/pl.crmschock.com\\\/#organization\"},\"potentialAction\":[{\"@type\":\"SearchAction\",\"target\":{\"@type\":\"EntryPoint\",\"urlTemplate\":\"https:\\\/\\\/pl.crmschock.com\\\/?s={search_term_string}\"},\"query-input\":{\"@type\":\"PropertyValueSpecification\",\"valueRequired\":true,\"valueName\":\"search_term_string\"}}],\"inLanguage\":\"pl-PL\"},{\"@type\":\"Organization\",\"@id\":\"https:\\\/\\\/pl.crmschock.com\\\/#organization\",\"name\":\"SCHOCK Telescopic slides\",\"url\":\"https:\\\/\\\/pl.crmschock.com\\\/\",\"logo\":{\"@type\":\"ImageObject\",\"inLanguage\":\"pl-PL\",\"@id\":\"https:\\\/\\\/pl.crmschock.com\\\/#\\\/schema\\\/logo\\\/image\\\/\",\"url\":\"https:\\\/\\\/pl.crmschock.com\\\/wp-content\\\/uploads\\\/2025\\\/09\\\/schock-telescopicslide-600-w.png\",\"contentUrl\":\"https:\\\/\\\/pl.crmschock.com\\\/wp-content\\\/uploads\\\/2025\\\/09\\\/schock-telescopicslide-600-w.png\",\"width\":600,\"height\":206,\"caption\":\"SCHOCK Telescopic slides\"},\"image\":{\"@id\":\"https:\\\/\\\/pl.crmschock.com\\\/#\\\/schema\\\/logo\\\/image\\\/\"}}]}<\/script>\n<!-- \/ Yoast SEO plugin. -->","yoast_head_json":{"title":"Prowadnica teleskopowa z pe\u0142nym wysuwem 076 | do 227 kg | z blokad\u0105 | Prowadnice teleskopowe Schock - SCHOCK Telescopic slides","robots":{"index":"noindex","follow":"follow","max-snippet":"max-snippet:-1","max-image-preview":"max-image-preview:large","max-video-preview":"max-video-preview:-1"},"og_locale":"pl_PL","og_type":"article","og_title":"Prowadnica teleskopowa z pe\u0142nym wysuwem 076 | do 227 kg | z blokad\u0105 | Prowadnice teleskopowe Schock - SCHOCK Telescopic slides","og_description":"Przekr\u00f3j poprzeczny: 19,5 x 76,0 mm | D\u0142ugo\u015b\u0107: 500 do 1500 mm | Blokada, Blokada, Soft-stop","og_url":"https:\/\/pl.crmschock.com\/pl\/product\/prowadnica-teleskopowa-z-pelnym-wysuwem-076-do-227-kg-z-blokada-prowadnice-teleskopowe-schock\/","og_site_name":"SCHOCK Telescopic slides","og_image":[{"width":1600,"height":1000,"url":"https:\/\/pl.crmschock.com\/wp-content\/uploads\/2024\/12\/07000454000_0.jpg","type":"image\/jpeg"}],"twitter_card":"summary_large_image","twitter_misc":{"Szacowany czas czytania":"1 minuta"},"schema":{"@context":"https:\/\/schema.org","@graph":[{"@type":"WebPage","@id":"https:\/\/pl.crmschock.com\/pl\/product\/prowadnica-teleskopowa-z-pelnym-wysuwem-076-do-227-kg-z-blokada-prowadnice-teleskopowe-schock\/","url":"https:\/\/pl.crmschock.com\/pl\/product\/prowadnica-teleskopowa-z-pelnym-wysuwem-076-do-227-kg-z-blokada-prowadnice-teleskopowe-schock\/","name":"Prowadnica teleskopowa z pe\u0142nym wysuwem 076 | do 227 kg | z blokad\u0105 | Prowadnice teleskopowe Schock - SCHOCK Telescopic slides","isPartOf":{"@id":"https:\/\/pl.crmschock.com\/#website"},"primaryImageOfPage":{"@id":"https:\/\/pl.crmschock.com\/pl\/product\/prowadnica-teleskopowa-z-pelnym-wysuwem-076-do-227-kg-z-blokada-prowadnice-teleskopowe-schock\/#primaryimage"},"image":{"@id":"https:\/\/pl.crmschock.com\/pl\/product\/prowadnica-teleskopowa-z-pelnym-wysuwem-076-do-227-kg-z-blokada-prowadnice-teleskopowe-schock\/#primaryimage"},"thumbnailUrl":"https:\/\/pl.crmschock.com\/wp-content\/uploads\/2024\/12\/07000454000_0.jpg","datePublished":"2025-05-28T06:53:32+00:00","breadcrumb":{"@id":"https:\/\/pl.crmschock.com\/pl\/product\/prowadnica-teleskopowa-z-pelnym-wysuwem-076-do-227-kg-z-blokada-prowadnice-teleskopowe-schock\/#breadcrumb"},"inLanguage":"pl-PL","potentialAction":[{"@type":"ReadAction","target":["https:\/\/pl.crmschock.com\/pl\/product\/prowadnica-teleskopowa-z-pelnym-wysuwem-076-do-227-kg-z-blokada-prowadnice-teleskopowe-schock\/"]}]},{"@type":"ImageObject","inLanguage":"pl-PL","@id":"https:\/\/pl.crmschock.com\/pl\/product\/prowadnica-teleskopowa-z-pelnym-wysuwem-076-do-227-kg-z-blokada-prowadnice-teleskopowe-schock\/#primaryimage","url":"https:\/\/pl.crmschock.com\/wp-content\/uploads\/2024\/12\/07000454000_0.jpg","contentUrl":"https:\/\/pl.crmschock.com\/wp-content\/uploads\/2024\/12\/07000454000_0.jpg","width":1600,"height":1000},{"@type":"BreadcrumbList","@id":"https:\/\/pl.crmschock.com\/pl\/product\/prowadnica-teleskopowa-z-pelnym-wysuwem-076-do-227-kg-z-blokada-prowadnice-teleskopowe-schock\/#breadcrumb","itemListElement":[{"@type":"ListItem","position":1,"name":"Startseite","item":"https:\/\/pl.crmschock.com\/pl\/"},{"@type":"ListItem","position":2,"name":"All telescopic slides-shop-page","item":"https:\/\/pl.crmschock.com\/?page_id=26839"},{"@type":"ListItem","position":3,"name":"Prowadnica teleskopowa z pe\u0142nym wysuwem 076 | do 227 kg | z blokad\u0105 | Prowadnice teleskopowe Schock"}]},{"@type":"WebSite","@id":"https:\/\/pl.crmschock.com\/#website","url":"https:\/\/pl.crmschock.com\/","name":"SCHOCK Telescopic slides","description":"Telescopic slides and linear guides from the manufacturer","publisher":{"@id":"https:\/\/pl.crmschock.com\/#organization"},"potentialAction":[{"@type":"SearchAction","target":{"@type":"EntryPoint","urlTemplate":"https:\/\/pl.crmschock.com\/?s={search_term_string}"},"query-input":{"@type":"PropertyValueSpecification","valueRequired":true,"valueName":"search_term_string"}}],"inLanguage":"pl-PL"},{"@type":"Organization","@id":"https:\/\/pl.crmschock.com\/#organization","name":"SCHOCK Telescopic slides","url":"https:\/\/pl.crmschock.com\/","logo":{"@type":"ImageObject","inLanguage":"pl-PL","@id":"https:\/\/pl.crmschock.com\/#\/schema\/logo\/image\/","url":"https:\/\/pl.crmschock.com\/wp-content\/uploads\/2025\/09\/schock-telescopicslide-600-w.png","contentUrl":"https:\/\/pl.crmschock.com\/wp-content\/uploads\/2025\/09\/schock-telescopicslide-600-w.png","width":600,"height":206,"caption":"SCHOCK Telescopic slides"},"image":{"@id":"https:\/\/pl.crmschock.com\/#\/schema\/logo\/image\/"}}]}},"_links":{"self":[{"href":"https:\/\/pl.crmschock.com\/pl\/wp-json\/wp\/v2\/product\/30239","targetHints":{"allow":["GET"]}}],"collection":[{"href":"https:\/\/pl.crmschock.com\/pl\/wp-json\/wp\/v2\/product"}],"about":[{"href":"https:\/\/pl.crmschock.com\/pl\/wp-json\/wp\/v2\/types\/product"}],"replies":[{"embeddable":true,"href":"https:\/\/pl.crmschock.com\/pl\/wp-json\/wp\/v2\/comments?post=30239"}],"wp:featuredmedia":[{"embeddable":true,"href":"https:\/\/pl.crmschock.com\/pl\/wp-json\/wp\/v2\/media\/22028"}],"wp:attachment":[{"href":"https:\/\/pl.crmschock.com\/pl\/wp-json\/wp\/v2\/media?parent=30239"}],"wp:term":[{"taxonomy":"product_brand","embeddable":true,"href":"https:\/\/pl.crmschock.com\/pl\/wp-json\/wp\/v2\/product_brand?post=30239"},{"taxonomy":"product_cat","embeddable":true,"href":"https:\/\/pl.crmschock.com\/pl\/wp-json\/wp\/v2\/product_cat?post=30239"},{"taxonomy":"product_tag","embeddable":true,"href":"https:\/\/pl.crmschock.com\/pl\/wp-json\/wp\/v2\/product_tag?post=30239"}],"curies":[{"name":"wp","href":"https:\/\/api.w.org\/{rel}","templated":true}]}}