{"id":30474,"date":"2025-05-28T08:52:59","date_gmt":"2025-05-28T06:52:59","guid":{"rendered":"https:\/\/pl.crmschock.com\/product\/prowadnica-teleskopowa-air-motion-z-pelnym-wysuwem-038-do-100-kg-prowadnice-teleskopowe-schock\/"},"modified":"2025-05-28T08:52:59","modified_gmt":"2025-05-28T06:52:59","slug":"prowadnica-teleskopowa-air-motion-z-pelnym-wysuwem-038-do-100-kg-prowadnice-teleskopowe-schock","status":"publish","type":"product","link":"https:\/\/pl.crmschock.com\/pl\/product\/prowadnica-teleskopowa-air-motion-z-pelnym-wysuwem-038-do-100-kg-prowadnice-teleskopowe-schock\/","title":{"rendered":"Prowadnica teleskopowa AIR MOTION z pe\u0142nym wysuwem 038 | do 100 kg | Prowadnice teleskopowe Schock"},"content":{"rendered":"<h3>Prowadnica teleskopowa AIR MOTION z pe\u0142nym wysuwem 038 | do 100 kg<\/h3>\n<p>Prowadnice kulkowe <strong>AIR MOTION\u00ae <\/strong>charakteryzuj\u0105 si\u0119 wyj\u0105tkowo p\u0142ynn\u0105 i cich\u0105 prac\u0105. Niezale\u017cnie od obci\u0105\u017cenia, rezultatem jest p\u0142ynny ruch wysuwania z wyczuwaln\u0105 wysok\u0105 jako\u015bci\u0105. <\/p>\n<p>Amortyzator cofania o d\u0142ugo\u015bci 50 mm automatycznie przesuwa szyny wysuwne do pozycji zamkni\u0119tej i zapewnia automatyczny, cichy proces zamykania.<\/p>\n<p><strong>Materia\u0142:<\/strong><\/p>\n<ul>\n<li>Szyny wykonane ze stali ocynkowanej ogniowo<\/li>\n<li>Koszyki na kulki wykonane z galwanizowanej stali<\/li>\n<li>Kulki wykonane z hartowanej stali w\u0119glowejZakres temperatur:<\/li>\n<li>Temperatura pracy od 10\u00b0C do 40\u00b0C<\/li>\n<li>Temperatura przechowywania i transportu -20\u00b0C do maks. 60\u00b0C <\/li>\n<\/ul>\n<p>Podane no\u015bno\u015bci s\u0105 warto\u015bciami maksymalnymi dla zamontowanej pionowo pary prowadnic teleskopowych o r\u00f3wnomiernym roz\u0142o\u017ceniu obci\u0105\u017cenia przy wykorzystaniu wszystkich przewidzianych pozycji monta\u017cowych.<\/p>\n","protected":false},"excerpt":{"rendered":"<ul>\n<li>Przekr\u00f3j 17,5 x 57,4 mm<\/li>\n<li>D\u0142ugo\u015b\u0107 350 &#8211; 550 mm<\/li>\n<li>Z mi\u0119kkim zamkni\u0119ciem<\/li>\n<li>precyzyjna lufa \u015bwietlna<\/li>\n<\/ul>\n","protected":false},"featured_media":22031,"comment_status":"open","ping_status":"closed","template":"","meta":{"_kadence_starter_templates_imported_post":false,"_kad_post_transparent":"","_kad_post_title":"","_kad_post_layout":"","_kad_post_sidebar_id":"","_kad_post_content_style":"","_kad_post_vertical_padding":"","_kad_post_feature":"","_kad_post_feature_position":"","_kad_post_header":false,"_kad_post_footer":false,"_kad_post_classname":""},"product_brand":[],"product_cat":[3740],"product_tag":[],"class_list":{"0":"post-30474","1":"product","2":"type-product","3":"status-publish","4":"has-post-thumbnail","6":"product_cat-pelne-rozszerzenie","7":"pa_cross-section-10-x-17-mm-pl","8":"pa_extract-type-pelne-rozszerzenie","9":"pa_function-air-motion-plynna-praca","10":"pa_function-amortyzowane-samozamykanie","11":"pa_load-capacity-100-kg-pl","12":"pa_material-ocynkowana-stal-weglowa","13":"pa_slide-length-350-mm-pl","14":"pa_slide-length-400-mm-pl","15":"pa_slide-length-450-mm-pl","16":"pa_slide-length-500-mm-pl","17":"pa_slide-length-550-mm-pl","18":"pa_travel-path-350-mm-pl","19":"pa_travel-path-400-mm-pl","20":"pa_travel-path-450-mm-pl","21":"pa_travel-path-500-mm-pl","22":"pa_travel-path-550-mm-pl","24":"first","25":"instock","26":"shipping-taxable","27":"purchasable","28":"product-type-variable","29":"entry","30":"content-bg","31":"loop-entry"},"yoast_head":"<!-- This site is optimized with the Yoast SEO plugin v27.4 - https:\/\/yoast.com\/product\/yoast-seo-wordpress\/ -->\n<title>Prowadnica teleskopowa AIR MOTION z pe\u0142nym wysuwem 038 | do 100 kg | Prowadnice teleskopowe Schock - SCHOCK Telescopic slides<\/title>\n<meta name=\"robots\" content=\"noindex, follow, max-snippet:-1, max-image-preview:large, max-video-preview:-1\" \/>\n<meta property=\"og:locale\" content=\"pl_PL\" \/>\n<meta property=\"og:type\" content=\"article\" \/>\n<meta property=\"og:title\" content=\"Prowadnica teleskopowa AIR MOTION z pe\u0142nym wysuwem 038 | do 100 kg | Prowadnice teleskopowe Schock - SCHOCK Telescopic slides\" \/>\n<meta property=\"og:description\" content=\"Przekr\u00f3j 17,5 x 57,4 mm  D\u0142ugo\u015b\u0107 350 - 550 mm  Z mi\u0119kkim zamkni\u0119ciem  precyzyjna lufa \u015bwietlna\" \/>\n<meta property=\"og:url\" content=\"https:\/\/pl.crmschock.com\/pl\/product\/prowadnica-teleskopowa-air-motion-z-pelnym-wysuwem-038-do-100-kg-prowadnice-teleskopowe-schock\/\" \/>\n<meta property=\"og:site_name\" content=\"SCHOCK Telescopic slides\" \/>\n<meta property=\"og:image\" content=\"https:\/\/pl.crmschock.com\/wp-content\/uploads\/2024\/12\/07000920000_0.jpg\" \/>\n\t<meta property=\"og:image:width\" content=\"1600\" \/>\n\t<meta property=\"og:image:height\" content=\"1000\" \/>\n\t<meta property=\"og:image:type\" content=\"image\/jpeg\" \/>\n<meta name=\"twitter:card\" content=\"summary_large_image\" \/>\n<meta name=\"twitter:label1\" content=\"Szacowany czas czytania\" \/>\n\t<meta name=\"twitter:data1\" content=\"1 minuta\" \/>\n<script type=\"application\/ld+json\" class=\"yoast-schema-graph\">{\"@context\":\"https:\\\/\\\/schema.org\",\"@graph\":[{\"@type\":\"WebPage\",\"@id\":\"https:\\\/\\\/pl.crmschock.com\\\/pl\\\/product\\\/prowadnica-teleskopowa-air-motion-z-pelnym-wysuwem-038-do-100-kg-prowadnice-teleskopowe-schock\\\/\",\"url\":\"https:\\\/\\\/pl.crmschock.com\\\/pl\\\/product\\\/prowadnica-teleskopowa-air-motion-z-pelnym-wysuwem-038-do-100-kg-prowadnice-teleskopowe-schock\\\/\",\"name\":\"Prowadnica teleskopowa AIR MOTION z pe\u0142nym wysuwem 038 | do 100 kg | Prowadnice teleskopowe Schock - SCHOCK Telescopic slides\",\"isPartOf\":{\"@id\":\"https:\\\/\\\/pl.crmschock.com\\\/#website\"},\"primaryImageOfPage\":{\"@id\":\"https:\\\/\\\/pl.crmschock.com\\\/pl\\\/product\\\/prowadnica-teleskopowa-air-motion-z-pelnym-wysuwem-038-do-100-kg-prowadnice-teleskopowe-schock\\\/#primaryimage\"},\"image\":{\"@id\":\"https:\\\/\\\/pl.crmschock.com\\\/pl\\\/product\\\/prowadnica-teleskopowa-air-motion-z-pelnym-wysuwem-038-do-100-kg-prowadnice-teleskopowe-schock\\\/#primaryimage\"},\"thumbnailUrl\":\"https:\\\/\\\/pl.crmschock.com\\\/wp-content\\\/uploads\\\/2024\\\/12\\\/07000920000_0.jpg\",\"datePublished\":\"2025-05-28T06:52:59+00:00\",\"breadcrumb\":{\"@id\":\"https:\\\/\\\/pl.crmschock.com\\\/pl\\\/product\\\/prowadnica-teleskopowa-air-motion-z-pelnym-wysuwem-038-do-100-kg-prowadnice-teleskopowe-schock\\\/#breadcrumb\"},\"inLanguage\":\"pl-PL\",\"potentialAction\":[{\"@type\":\"ReadAction\",\"target\":[\"https:\\\/\\\/pl.crmschock.com\\\/pl\\\/product\\\/prowadnica-teleskopowa-air-motion-z-pelnym-wysuwem-038-do-100-kg-prowadnice-teleskopowe-schock\\\/\"]}]},{\"@type\":\"ImageObject\",\"inLanguage\":\"pl-PL\",\"@id\":\"https:\\\/\\\/pl.crmschock.com\\\/pl\\\/product\\\/prowadnica-teleskopowa-air-motion-z-pelnym-wysuwem-038-do-100-kg-prowadnice-teleskopowe-schock\\\/#primaryimage\",\"url\":\"https:\\\/\\\/pl.crmschock.com\\\/wp-content\\\/uploads\\\/2024\\\/12\\\/07000920000_0.jpg\",\"contentUrl\":\"https:\\\/\\\/pl.crmschock.com\\\/wp-content\\\/uploads\\\/2024\\\/12\\\/07000920000_0.jpg\",\"width\":1600,\"height\":1000},{\"@type\":\"BreadcrumbList\",\"@id\":\"https:\\\/\\\/pl.crmschock.com\\\/pl\\\/product\\\/prowadnica-teleskopowa-air-motion-z-pelnym-wysuwem-038-do-100-kg-prowadnice-teleskopowe-schock\\\/#breadcrumb\",\"itemListElement\":[{\"@type\":\"ListItem\",\"position\":1,\"name\":\"Startseite\",\"item\":\"https:\\\/\\\/pl.crmschock.com\\\/pl\\\/\"},{\"@type\":\"ListItem\",\"position\":2,\"name\":\"All telescopic slides-shop-page\",\"item\":\"https:\\\/\\\/pl.crmschock.com\\\/?page_id=26839\"},{\"@type\":\"ListItem\",\"position\":3,\"name\":\"Prowadnica teleskopowa AIR MOTION z pe\u0142nym wysuwem 038 | do 100 kg | Prowadnice teleskopowe Schock\"}]},{\"@type\":\"WebSite\",\"@id\":\"https:\\\/\\\/pl.crmschock.com\\\/#website\",\"url\":\"https:\\\/\\\/pl.crmschock.com\\\/\",\"name\":\"SCHOCK Telescopic slides\",\"description\":\"Telescopic slides and linear guides from the manufacturer\",\"publisher\":{\"@id\":\"https:\\\/\\\/pl.crmschock.com\\\/#organization\"},\"potentialAction\":[{\"@type\":\"SearchAction\",\"target\":{\"@type\":\"EntryPoint\",\"urlTemplate\":\"https:\\\/\\\/pl.crmschock.com\\\/?s={search_term_string}\"},\"query-input\":{\"@type\":\"PropertyValueSpecification\",\"valueRequired\":true,\"valueName\":\"search_term_string\"}}],\"inLanguage\":\"pl-PL\"},{\"@type\":\"Organization\",\"@id\":\"https:\\\/\\\/pl.crmschock.com\\\/#organization\",\"name\":\"SCHOCK Telescopic slides\",\"url\":\"https:\\\/\\\/pl.crmschock.com\\\/\",\"logo\":{\"@type\":\"ImageObject\",\"inLanguage\":\"pl-PL\",\"@id\":\"https:\\\/\\\/pl.crmschock.com\\\/#\\\/schema\\\/logo\\\/image\\\/\",\"url\":\"https:\\\/\\\/pl.crmschock.com\\\/wp-content\\\/uploads\\\/2025\\\/09\\\/schock-telescopicslide-600-w.png\",\"contentUrl\":\"https:\\\/\\\/pl.crmschock.com\\\/wp-content\\\/uploads\\\/2025\\\/09\\\/schock-telescopicslide-600-w.png\",\"width\":600,\"height\":206,\"caption\":\"SCHOCK Telescopic slides\"},\"image\":{\"@id\":\"https:\\\/\\\/pl.crmschock.com\\\/#\\\/schema\\\/logo\\\/image\\\/\"}}]}<\/script>\n<!-- \/ Yoast SEO plugin. -->","yoast_head_json":{"title":"Prowadnica teleskopowa AIR MOTION z pe\u0142nym wysuwem 038 | do 100 kg | Prowadnice teleskopowe Schock - SCHOCK Telescopic slides","robots":{"index":"noindex","follow":"follow","max-snippet":"max-snippet:-1","max-image-preview":"max-image-preview:large","max-video-preview":"max-video-preview:-1"},"og_locale":"pl_PL","og_type":"article","og_title":"Prowadnica teleskopowa AIR MOTION z pe\u0142nym wysuwem 038 | do 100 kg | Prowadnice teleskopowe Schock - SCHOCK Telescopic slides","og_description":"Przekr\u00f3j 17,5 x 57,4 mm  D\u0142ugo\u015b\u0107 350 - 550 mm  Z mi\u0119kkim zamkni\u0119ciem  precyzyjna lufa \u015bwietlna","og_url":"https:\/\/pl.crmschock.com\/pl\/product\/prowadnica-teleskopowa-air-motion-z-pelnym-wysuwem-038-do-100-kg-prowadnice-teleskopowe-schock\/","og_site_name":"SCHOCK Telescopic slides","og_image":[{"width":1600,"height":1000,"url":"https:\/\/pl.crmschock.com\/wp-content\/uploads\/2024\/12\/07000920000_0.jpg","type":"image\/jpeg"}],"twitter_card":"summary_large_image","twitter_misc":{"Szacowany czas czytania":"1 minuta"},"schema":{"@context":"https:\/\/schema.org","@graph":[{"@type":"WebPage","@id":"https:\/\/pl.crmschock.com\/pl\/product\/prowadnica-teleskopowa-air-motion-z-pelnym-wysuwem-038-do-100-kg-prowadnice-teleskopowe-schock\/","url":"https:\/\/pl.crmschock.com\/pl\/product\/prowadnica-teleskopowa-air-motion-z-pelnym-wysuwem-038-do-100-kg-prowadnice-teleskopowe-schock\/","name":"Prowadnica teleskopowa AIR MOTION z pe\u0142nym wysuwem 038 | do 100 kg | Prowadnice teleskopowe Schock - SCHOCK Telescopic slides","isPartOf":{"@id":"https:\/\/pl.crmschock.com\/#website"},"primaryImageOfPage":{"@id":"https:\/\/pl.crmschock.com\/pl\/product\/prowadnica-teleskopowa-air-motion-z-pelnym-wysuwem-038-do-100-kg-prowadnice-teleskopowe-schock\/#primaryimage"},"image":{"@id":"https:\/\/pl.crmschock.com\/pl\/product\/prowadnica-teleskopowa-air-motion-z-pelnym-wysuwem-038-do-100-kg-prowadnice-teleskopowe-schock\/#primaryimage"},"thumbnailUrl":"https:\/\/pl.crmschock.com\/wp-content\/uploads\/2024\/12\/07000920000_0.jpg","datePublished":"2025-05-28T06:52:59+00:00","breadcrumb":{"@id":"https:\/\/pl.crmschock.com\/pl\/product\/prowadnica-teleskopowa-air-motion-z-pelnym-wysuwem-038-do-100-kg-prowadnice-teleskopowe-schock\/#breadcrumb"},"inLanguage":"pl-PL","potentialAction":[{"@type":"ReadAction","target":["https:\/\/pl.crmschock.com\/pl\/product\/prowadnica-teleskopowa-air-motion-z-pelnym-wysuwem-038-do-100-kg-prowadnice-teleskopowe-schock\/"]}]},{"@type":"ImageObject","inLanguage":"pl-PL","@id":"https:\/\/pl.crmschock.com\/pl\/product\/prowadnica-teleskopowa-air-motion-z-pelnym-wysuwem-038-do-100-kg-prowadnice-teleskopowe-schock\/#primaryimage","url":"https:\/\/pl.crmschock.com\/wp-content\/uploads\/2024\/12\/07000920000_0.jpg","contentUrl":"https:\/\/pl.crmschock.com\/wp-content\/uploads\/2024\/12\/07000920000_0.jpg","width":1600,"height":1000},{"@type":"BreadcrumbList","@id":"https:\/\/pl.crmschock.com\/pl\/product\/prowadnica-teleskopowa-air-motion-z-pelnym-wysuwem-038-do-100-kg-prowadnice-teleskopowe-schock\/#breadcrumb","itemListElement":[{"@type":"ListItem","position":1,"name":"Startseite","item":"https:\/\/pl.crmschock.com\/pl\/"},{"@type":"ListItem","position":2,"name":"All telescopic slides-shop-page","item":"https:\/\/pl.crmschock.com\/?page_id=26839"},{"@type":"ListItem","position":3,"name":"Prowadnica teleskopowa AIR MOTION z pe\u0142nym wysuwem 038 | do 100 kg | Prowadnice teleskopowe Schock"}]},{"@type":"WebSite","@id":"https:\/\/pl.crmschock.com\/#website","url":"https:\/\/pl.crmschock.com\/","name":"SCHOCK Telescopic slides","description":"Telescopic slides and linear guides from the manufacturer","publisher":{"@id":"https:\/\/pl.crmschock.com\/#organization"},"potentialAction":[{"@type":"SearchAction","target":{"@type":"EntryPoint","urlTemplate":"https:\/\/pl.crmschock.com\/?s={search_term_string}"},"query-input":{"@type":"PropertyValueSpecification","valueRequired":true,"valueName":"search_term_string"}}],"inLanguage":"pl-PL"},{"@type":"Organization","@id":"https:\/\/pl.crmschock.com\/#organization","name":"SCHOCK Telescopic slides","url":"https:\/\/pl.crmschock.com\/","logo":{"@type":"ImageObject","inLanguage":"pl-PL","@id":"https:\/\/pl.crmschock.com\/#\/schema\/logo\/image\/","url":"https:\/\/pl.crmschock.com\/wp-content\/uploads\/2025\/09\/schock-telescopicslide-600-w.png","contentUrl":"https:\/\/pl.crmschock.com\/wp-content\/uploads\/2025\/09\/schock-telescopicslide-600-w.png","width":600,"height":206,"caption":"SCHOCK Telescopic slides"},"image":{"@id":"https:\/\/pl.crmschock.com\/#\/schema\/logo\/image\/"}}]}},"_links":{"self":[{"href":"https:\/\/pl.crmschock.com\/pl\/wp-json\/wp\/v2\/product\/30474","targetHints":{"allow":["GET"]}}],"collection":[{"href":"https:\/\/pl.crmschock.com\/pl\/wp-json\/wp\/v2\/product"}],"about":[{"href":"https:\/\/pl.crmschock.com\/pl\/wp-json\/wp\/v2\/types\/product"}],"replies":[{"embeddable":true,"href":"https:\/\/pl.crmschock.com\/pl\/wp-json\/wp\/v2\/comments?post=30474"}],"wp:featuredmedia":[{"embeddable":true,"href":"https:\/\/pl.crmschock.com\/pl\/wp-json\/wp\/v2\/media\/22031"}],"wp:attachment":[{"href":"https:\/\/pl.crmschock.com\/pl\/wp-json\/wp\/v2\/media?parent=30474"}],"wp:term":[{"taxonomy":"product_brand","embeddable":true,"href":"https:\/\/pl.crmschock.com\/pl\/wp-json\/wp\/v2\/product_brand?post=30474"},{"taxonomy":"product_cat","embeddable":true,"href":"https:\/\/pl.crmschock.com\/pl\/wp-json\/wp\/v2\/product_cat?post=30474"},{"taxonomy":"product_tag","embeddable":true,"href":"https:\/\/pl.crmschock.com\/pl\/wp-json\/wp\/v2\/product_tag?post=30474"}],"curies":[{"name":"wp","href":"https:\/\/api.w.org\/{rel}","templated":true}]}}