{"id":30839,"date":"2025-05-28T08:53:41","date_gmt":"2025-05-28T06:53:41","guid":{"rendered":"https:\/\/pl.crmschock.com\/product\/prowadnica-teleskopowa-z-czesciowym-wysuwem-owst-40-do-360-kg-prowadnice-teleskopowe-schock\/"},"modified":"2025-05-28T08:53:41","modified_gmt":"2025-05-28T06:53:41","slug":"prowadnica-teleskopowa-z-czesciowym-wysuwem-owst-40-do-360-kg-prowadnice-teleskopowe-schock","status":"publish","type":"product","link":"https:\/\/pl.crmschock.com\/pl\/product\/prowadnica-teleskopowa-z-czesciowym-wysuwem-owst-40-do-360-kg-prowadnice-teleskopowe-schock\/","title":{"rendered":"Prowadnica teleskopowa z cz\u0119\u015bciowym wysuwem OWST-40 | do 360 kg | Prowadnice teleskopowe Schock"},"content":{"rendered":"<p><strong>Materia\u0142:<\/strong><\/p>\n<p>Prowadnice teleskopowe s\u0105 produkowane przez frezowanie z ci\u0105gnionego na zimno materia\u0142u o jako\u015bci C45E + C zgodnie z norm\u0105 EN 10277.<br \/>\nStandardowe koszyki na kulki s\u0105 wykonane z blachy ocynkowanej.<br \/>\nJako standardowe kulki stosuje si\u0119 stal w\u0119glow\u0105 C85, G100 zgodnie z norm\u0105 DIN 5401.<\/p>\n<p><strong>Tolerancje:<\/strong><\/p>\n<p>Og\u00f3lne tolerancje produkcyjne prowadnic teleskopowych s\u0105 zgodne z norm\u0105 js13 dla otwor\u00f3w i wymiar\u00f3w liniowych. Prostoliniowo\u015b\u0107 wynosi 1 mm\/m, a skr\u0119cenie 1 stopie\u0144\/m. <\/p>\n<p>Standardowa obr\u00f3bka powierzchniowa to pow\u0142oka cynkowa nak\u0142adana elektrolitycznie zgodnie z norm\u0105 ISO 2081, kt\u00f3ra spe\u0142nia wymagania europejskiej dyrektywy RoHS, zapewniaj\u0105c pow\u0142ok\u0119 cynkow\u0105 o grubo\u015bci co najmniej 8 i \u015brednio 12 mikron\u00f3w.<\/p>\n<p>Na \u017cyczenie dost\u0119pna jest r\u00f3wnie\u017c pow\u0142oka z \u017c\u00f3\u0142tego cynku.<\/p>\n<p><strong>Temperatury robocze:<\/strong><\/p>\n<p>Standardowe temperatury robocze wynosz\u0105 od -30 do +110 stopni Celsjusza. Poza tym zakresem temperatur nale\u017cy wprowadzi\u0107 specjalne dostosowania, aby zapewni\u0107 p\u0142ynn\u0105 prac\u0119, np. zastosowa\u0107 specjalny smar do wysokich lub niskich temperatur. <\/p>\n<p><strong>No\u015bno\u015b\u0107:<\/strong><\/p>\n<p>Prowadnice teleskopowe charakteryzuj\u0105 si\u0119 du\u017c\u0105 no\u015bno\u015bci\u0105 i kompaktowymi wymiarami. Maksymalna no\u015bno\u015b\u0107 podana jest dla ca\u0142kowicie wysuni\u0119tych par szyn, zamontowanych w kierunku osi g\u0142\u00f3wnej i przy r\u00f3wnomiernym roz\u0142o\u017ceniu obci\u0105\u017cenia na szynie wewn\u0119trznej. <\/p>\n<p>Podane w niniejszym katalogu bezpieczne obci\u0105\u017cenia robocze na par\u0119 obejmuj\u0105 tak wysoki margines bezpiecze\u0144stwa, \u017ce szyny nadaj\u0105 si\u0119 do wielu zastosowa\u0144. Bezpieczne obci\u0105\u017cenie robocze zale\u017cy od wysuwu, typu w\u00f3zka i monta\u017cu oraz cz\u0119stotliwo\u015bci u\u017cytkowania\/liczby cykli. Oznacza to, \u017ce wi\u0119kszy wysuw ogranicza bezpieczne obci\u0105\u017cenie. W przypadku monta\u017cu prowadnic w uk\u0142adzie osi pomocniczej bezpieczne obci\u0105\u017cenie robocze zmniejsza si\u0119 o oko\u0142o 40% w zale\u017cno\u015bci od prowadnicy.   <\/p>\n<p><strong>Instalacja:<\/strong><\/p>\n<p>Zobacz nasze szkice produkt\u00f3w i tabele rodzin produkt\u00f3w, aby zapozna\u0107 si\u0119 z kluczowymi wymiarami, w tym schematami wiercenia.<\/p>\n<p><strong>Konserwacja:<\/strong><\/p>\n<p>Konstrukcja suwaka pozwala na minimaln\u0105 konserwacj\u0119 w wi\u0119kszo\u015bci \u015brodowisk. Dodatkowa konserwacja b\u0119dzie wymagana tylko w ekstremalnych warunkach pracy. <\/p>\n<p><strong>Monta\u017c w zanieczyszczonym \u015brodowisku:<\/strong><\/p>\n<p>Prowadnice teleskopowe s\u0105 dostarczane bez zabezpieczenia przed kurzem. Istnieje ryzyko, \u017ce obecno\u015b\u0107 zanieczyszcze\u0144 w szynach spowoduje szybkie zaci\u0119cie lub przedwczesne zu\u017cycie element\u00f3w szyny. Dlatego wa\u017cne jest, aby monta\u017c odbywa\u0142 si\u0119 w \u015brodowisku w znacznym stopniu wolnym od kurzu i cz\u0105stek sta\u0142ych. W przeciwnym razie u\u017cytkownik musi zapewni\u0107 zewn\u0119trzne \u015brodki ochrony zgodnie z projektem.   <\/p>\n<p><strong>Odchylenie:<\/strong><\/p>\n<p>Ugi\u0119cie to odkszta\u0142cenie spr\u0119\u017cyste mierzone w milimetrach, gdy szyny s\u0105 r\u00f3wnomiernie obci\u0105\u017cone, ca\u0142kowicie wysuni\u0119te i zamontowane na osi g\u0142\u00f3wnej.<br \/>\nUgi\u0119cie zwi\u0119ksza si\u0119 w przypadku monta\u017cu na osi pomocniczej.<br \/>\nMaksymalne ugi\u0119cie szyn teleskopowych wynosi 1% d\u0142ugo\u015bci zamkni\u0119tej.<\/p>\n<p><strong>Pr\u0119dko\u015bci:<\/strong><\/p>\n<p>Ograniczenia pr\u0119dko\u015bci s\u0105 okre\u015blane przez mas\u0119 elementu po\u015bredniego, kt\u00f3ry musi by\u0107 ci\u0105gni\u0119ty przez element ruchomy. Pr\u0119dko\u015b\u0107 maleje wraz ze wzrostem d\u0142ugo\u015bci prowadnicy. Zalecana pr\u0119dko\u015b\u0107 u\u017cytkowania prowadnic teleskopowych wynosi 0,3 m\/s.  <\/p>\n<p><strong>Zasady prawid\u0142owego monta\u017cu:<\/strong><br \/>\n1. Upewnij si\u0119, \u017ce prowadnice s\u0105 ustawione r\u00f3wnolegle i zamontowane na osi g\u0142\u00f3wnej.<br \/>\n2. Wykorzystaj wszystkie dostarczone opcje monta\u017cu na szynie.<br \/>\n3. Upewnij si\u0119, \u017ce powierzchnie monta\u017cowe s\u0105 p\u0142askie i wypoziomowane.<br \/>\n4. Roz\u0142\u00f3\u017c obci\u0105\u017cenie r\u00f3wnomiernie.<br \/>\n5. Wyr\u00f3wnaj przednie cz\u0119\u015bci prowadnic.<\/p>\n<p>Przestrzeganie zasad monta\u017cu zapewni p\u0142ynn\u0105 i r\u00f3wnomiern\u0105 prac\u0119 suwak\u00f3w oraz ich jak najd\u0142u\u017csz\u0105 \u017cywotno\u015b\u0107.<br \/>\nW przypadku monta\u017cu na osi pomocniczej no\u015bno\u015b\u0107 zmniejsza si\u0119 o 40% w por\u00f3wnaniu z obci\u0105\u017ceniem podstawowym.<\/p>\n<p>Prowadnice teleskopowe nie mog\u0105 by\u0107 stosowane do monta\u017cu pionowego (w g\u00f3r\u0119 i w d\u00f3\u0142), nawisu, w warunkach nadmiernego ciep\u0142a, \u015brodowiska korozyjnego lub zapylenia.<\/p>\n<p><strong>Konserwacja i smarowanie:<\/strong><\/p>\n<p>Prowadnice teleskopowe s\u0105 dostarczane z niewielk\u0105 ilo\u015bci\u0105 smaru. W razie potrzeby mo\u017cna doda\u0107 dodatkow\u0105 ilo\u015b\u0107 smaru, aby zapewni\u0107 optymaln\u0105 \u017cywotno\u015b\u0107.<br \/>\nW normalnych warunkach pracy zaleca si\u0119 smarowanie prowadnic co najmniej co 20 000 cykli, chocia\u017c zale\u017cy to w du\u017cej mierze od rzeczywistych warunk\u00f3w i atmosfery zastosowania. <\/p>\n<p>W krytycznych warunkach pracy suwaki musz\u0105 by\u0107 smarowane cz\u0119\u015bciej.<\/p>\n<p>Przed smarowaniem nale\u017cy oczy\u015bci\u0107 bie\u017cnie z brudu i zanieczyszcze\u0144. Przy otwartym w\u00f3zku nale\u017cy na\u0142o\u017cy\u0107 odpowiedni\u0105 ilo\u015b\u0107 smaru litowego o \u015bredniej konsystencji na bie\u017cnie mi\u0119dzy belkami wewn\u0119trznymi i zewn\u0119trznymi, a nast\u0119pnie w przestrzeni mi\u0119dzy \u0142o\u017cyskami kulkowymi. <\/p>\n<p>W przypadku u\u017cytkowania w agresywnych warunkach (wilgo\u0107, kurz, materia\u0142y \u015bcierne itp.) nale\u017cy zapewni\u0107 regularn\u0105 konserwacj\u0119 poprzez ca\u0142kowite czyszczenie prowadnic teleskopowych, a nast\u0119pnie smarowanie.<\/p>\n","protected":false},"excerpt":{"rendered":"<p>Przekr\u00f3j poprzeczny: 16 x 40 mm | D\u0142ugo\u015b\u0107: od 200 do 1600 mm | mo\u017cliwo\u015b\u0107 przed\u0142u\u017cenia z obu stron<\/p>\n","protected":false},"featured_media":11019,"comment_status":"open","ping_status":"closed","template":"","meta":{"_kadence_starter_templates_imported_post":false,"_kad_post_transparent":"","_kad_post_title":"","_kad_post_layout":"","_kad_post_sidebar_id":"","_kad_post_content_style":"","_kad_post_vertical_padding":"","_kad_post_feature":"","_kad_post_feature_position":"","_kad_post_header":false,"_kad_post_footer":false,"_kad_post_classname":""},"product_brand":[],"product_cat":[3937,3741],"product_tag":[],"class_list":{"0":"post-30839","1":"product","2":"type-product","3":"status-publish","4":"has-post-thumbnail","6":"product_cat-czesciowe-rozszerzenie","7":"product_cat-wytrzymalosc","8":"pa_cross-section-16-x-40-mm-pl","9":"pa_extract-type-czesciowe-rozszerzenie","10":"pa_load-capacity-140-kg-pl","11":"pa_load-capacity-160-kg-pl","12":"pa_load-capacity-180-kg-pl","13":"pa_load-capacity-200-kg-pl","14":"pa_load-capacity-220-kg-pl","15":"pa_load-capacity-230-kg-pl","16":"pa_load-capacity-240-kg-pl","17":"pa_load-capacity-250-kg-pl","18":"pa_load-capacity-260-kg-pl","19":"pa_load-capacity-265-kg-pl","20":"pa_load-capacity-280-kg-pl","21":"pa_load-capacity-300-kg-pl","22":"pa_load-capacity-305-kg-pl","23":"pa_load-capacity-315-kg-pl","24":"pa_load-capacity-320-kg-pl","25":"pa_load-capacity-330-kg-pl","26":"pa_load-capacity-335-kg-pl","27":"pa_load-capacity-340-kg-pl","28":"pa_load-capacity-345-kg-pl","29":"pa_load-capacity-350-kg-pl","30":"pa_load-capacity-355-kg-pl","31":"pa_load-capacity-360-kg-pl","32":"pa_material-ocynkowana-stal-weglowa","33":"pa_slide-length-1000-mm-pl","34":"pa_slide-length-1050-mm-pl","35":"pa_slide-length-1100-mm-pl","36":"pa_slide-length-1150-mm-pl","37":"pa_slide-length-1200-mm-pl","38":"pa_slide-length-1250-mm-pl","39":"pa_slide-length-1300-mm-pl","40":"pa_slide-length-1350-mm-pl","41":"pa_slide-length-1400-mm-pl","42":"pa_slide-length-200-mm-pl","43":"pa_slide-length-250-mm-pl","44":"pa_slide-length-300-mm-pl","45":"pa_slide-length-350-mm-pl","46":"pa_slide-length-400-mm-pl","47":"pa_slide-length-450-mm-pl","48":"pa_slide-length-500-mm-pl","49":"pa_slide-length-550-mm-pl","50":"pa_slide-length-600-mm-pl","51":"pa_slide-length-650-mm-pl","52":"pa_slide-length-700-mm-pl","53":"pa_slide-length-750-mm-pl","54":"pa_slide-length-800-mm-pl","55":"pa_slide-length-850-mm-pl","56":"pa_slide-length-900-mm-pl","57":"pa_slide-length-950-mm-pl","58":"pa_special-feature-wysuwany-dwustronnie","59":"pa_travel-path-100-mm-pl","60":"pa_travel-path-125-mm-pl","61":"pa_travel-path-150-mm-pl","62":"pa_travel-path-175-mm-pl","63":"pa_travel-path-200-mm-pl","64":"pa_travel-path-225-mm-pl","65":"pa_travel-path-250-mm-pl","66":"pa_travel-path-275-mm-pl","67":"pa_travel-path-300-mm-pl","68":"pa_travel-path-325-mm-pl","69":"pa_travel-path-350-mm-pl","70":"pa_travel-path-375-mm-pl","71":"pa_travel-path-400-mm-pl","72":"pa_travel-path-425-mm-pl","73":"pa_travel-path-450-mm-pl","74":"pa_travel-path-475-mm-pl","75":"pa_travel-path-500-mm-pl","76":"pa_travel-path-525-mm-pl","77":"pa_travel-path-550-mm-pl","78":"pa_travel-path-575-mm-pl","79":"pa_travel-path-600-mm-pl","80":"pa_travel-path-625-mm-pl","81":"pa_travel-path-650-mm-pl","82":"pa_travel-path-675-mm-pl","83":"pa_travel-path-700-mm-pl","85":"first","86":"instock","87":"shipping-taxable","88":"purchasable","89":"product-type-variable","90":"entry","91":"content-bg","92":"loop-entry"},"yoast_head":"<!-- This site is optimized with the Yoast SEO plugin v27.4 - https:\/\/yoast.com\/product\/yoast-seo-wordpress\/ -->\n<title>Prowadnica teleskopowa z cz\u0119\u015bciowym wysuwem OWST-40 | do 360 kg | Prowadnice teleskopowe Schock - SCHOCK Telescopic slides<\/title>\n<meta name=\"robots\" content=\"noindex, follow, max-snippet:-1, max-image-preview:large, max-video-preview:-1\" \/>\n<meta property=\"og:locale\" content=\"pl_PL\" \/>\n<meta property=\"og:type\" content=\"article\" \/>\n<meta property=\"og:title\" content=\"Prowadnica teleskopowa z cz\u0119\u015bciowym wysuwem OWST-40 | do 360 kg | Prowadnice teleskopowe Schock - SCHOCK Telescopic slides\" \/>\n<meta property=\"og:description\" content=\"Przekr\u00f3j poprzeczny: 16 x 40 mm | D\u0142ugo\u015b\u0107: od 200 do 1600 mm | mo\u017cliwo\u015b\u0107 przed\u0142u\u017cenia z obu stron\" \/>\n<meta property=\"og:url\" content=\"https:\/\/pl.crmschock.com\/pl\/product\/prowadnica-teleskopowa-z-czesciowym-wysuwem-owst-40-do-360-kg-prowadnice-teleskopowe-schock\/\" \/>\n<meta property=\"og:site_name\" content=\"SCHOCK Telescopic slides\" \/>\n<meta property=\"og:image\" content=\"https:\/\/pl.crmschock.com\/wp-content\/uploads\/2025\/04\/owst40_0.jpg\" \/>\n\t<meta property=\"og:image:width\" content=\"1920\" \/>\n\t<meta property=\"og:image:height\" content=\"1200\" \/>\n\t<meta property=\"og:image:type\" content=\"image\/jpeg\" \/>\n<meta name=\"twitter:card\" content=\"summary_large_image\" \/>\n<meta name=\"twitter:label1\" content=\"Szacowany czas czytania\" \/>\n\t<meta name=\"twitter:data1\" content=\"4 minuty\" \/>\n<script type=\"application\/ld+json\" class=\"yoast-schema-graph\">{\"@context\":\"https:\\\/\\\/schema.org\",\"@graph\":[{\"@type\":\"WebPage\",\"@id\":\"https:\\\/\\\/pl.crmschock.com\\\/pl\\\/product\\\/prowadnica-teleskopowa-z-czesciowym-wysuwem-owst-40-do-360-kg-prowadnice-teleskopowe-schock\\\/\",\"url\":\"https:\\\/\\\/pl.crmschock.com\\\/pl\\\/product\\\/prowadnica-teleskopowa-z-czesciowym-wysuwem-owst-40-do-360-kg-prowadnice-teleskopowe-schock\\\/\",\"name\":\"Prowadnica teleskopowa z cz\u0119\u015bciowym wysuwem OWST-40 | do 360 kg | Prowadnice teleskopowe Schock - SCHOCK Telescopic slides\",\"isPartOf\":{\"@id\":\"https:\\\/\\\/pl.crmschock.com\\\/#website\"},\"primaryImageOfPage\":{\"@id\":\"https:\\\/\\\/pl.crmschock.com\\\/pl\\\/product\\\/prowadnica-teleskopowa-z-czesciowym-wysuwem-owst-40-do-360-kg-prowadnice-teleskopowe-schock\\\/#primaryimage\"},\"image\":{\"@id\":\"https:\\\/\\\/pl.crmschock.com\\\/pl\\\/product\\\/prowadnica-teleskopowa-z-czesciowym-wysuwem-owst-40-do-360-kg-prowadnice-teleskopowe-schock\\\/#primaryimage\"},\"thumbnailUrl\":\"https:\\\/\\\/pl.crmschock.com\\\/wp-content\\\/uploads\\\/2025\\\/04\\\/owst40_0.jpg\",\"datePublished\":\"2025-05-28T06:53:41+00:00\",\"breadcrumb\":{\"@id\":\"https:\\\/\\\/pl.crmschock.com\\\/pl\\\/product\\\/prowadnica-teleskopowa-z-czesciowym-wysuwem-owst-40-do-360-kg-prowadnice-teleskopowe-schock\\\/#breadcrumb\"},\"inLanguage\":\"pl-PL\",\"potentialAction\":[{\"@type\":\"ReadAction\",\"target\":[\"https:\\\/\\\/pl.crmschock.com\\\/pl\\\/product\\\/prowadnica-teleskopowa-z-czesciowym-wysuwem-owst-40-do-360-kg-prowadnice-teleskopowe-schock\\\/\"]}]},{\"@type\":\"ImageObject\",\"inLanguage\":\"pl-PL\",\"@id\":\"https:\\\/\\\/pl.crmschock.com\\\/pl\\\/product\\\/prowadnica-teleskopowa-z-czesciowym-wysuwem-owst-40-do-360-kg-prowadnice-teleskopowe-schock\\\/#primaryimage\",\"url\":\"https:\\\/\\\/pl.crmschock.com\\\/wp-content\\\/uploads\\\/2025\\\/04\\\/owst40_0.jpg\",\"contentUrl\":\"https:\\\/\\\/pl.crmschock.com\\\/wp-content\\\/uploads\\\/2025\\\/04\\\/owst40_0.jpg\",\"width\":1920,\"height\":1200},{\"@type\":\"BreadcrumbList\",\"@id\":\"https:\\\/\\\/pl.crmschock.com\\\/pl\\\/product\\\/prowadnica-teleskopowa-z-czesciowym-wysuwem-owst-40-do-360-kg-prowadnice-teleskopowe-schock\\\/#breadcrumb\",\"itemListElement\":[{\"@type\":\"ListItem\",\"position\":1,\"name\":\"Startseite\",\"item\":\"https:\\\/\\\/pl.crmschock.com\\\/pl\\\/\"},{\"@type\":\"ListItem\",\"position\":2,\"name\":\"All telescopic slides-shop-page\",\"item\":\"https:\\\/\\\/pl.crmschock.com\\\/?page_id=26839\"},{\"@type\":\"ListItem\",\"position\":3,\"name\":\"Prowadnica teleskopowa z cz\u0119\u015bciowym wysuwem OWST-40 | do 360 kg | Prowadnice teleskopowe Schock\"}]},{\"@type\":\"WebSite\",\"@id\":\"https:\\\/\\\/pl.crmschock.com\\\/#website\",\"url\":\"https:\\\/\\\/pl.crmschock.com\\\/\",\"name\":\"SCHOCK Telescopic slides\",\"description\":\"Telescopic slides and linear guides from the manufacturer\",\"publisher\":{\"@id\":\"https:\\\/\\\/pl.crmschock.com\\\/#organization\"},\"potentialAction\":[{\"@type\":\"SearchAction\",\"target\":{\"@type\":\"EntryPoint\",\"urlTemplate\":\"https:\\\/\\\/pl.crmschock.com\\\/?s={search_term_string}\"},\"query-input\":{\"@type\":\"PropertyValueSpecification\",\"valueRequired\":true,\"valueName\":\"search_term_string\"}}],\"inLanguage\":\"pl-PL\"},{\"@type\":\"Organization\",\"@id\":\"https:\\\/\\\/pl.crmschock.com\\\/#organization\",\"name\":\"SCHOCK Telescopic slides\",\"url\":\"https:\\\/\\\/pl.crmschock.com\\\/\",\"logo\":{\"@type\":\"ImageObject\",\"inLanguage\":\"pl-PL\",\"@id\":\"https:\\\/\\\/pl.crmschock.com\\\/#\\\/schema\\\/logo\\\/image\\\/\",\"url\":\"https:\\\/\\\/pl.crmschock.com\\\/wp-content\\\/uploads\\\/2025\\\/09\\\/schock-telescopicslide-600-w.png\",\"contentUrl\":\"https:\\\/\\\/pl.crmschock.com\\\/wp-content\\\/uploads\\\/2025\\\/09\\\/schock-telescopicslide-600-w.png\",\"width\":600,\"height\":206,\"caption\":\"SCHOCK Telescopic slides\"},\"image\":{\"@id\":\"https:\\\/\\\/pl.crmschock.com\\\/#\\\/schema\\\/logo\\\/image\\\/\"}}]}<\/script>\n<!-- \/ Yoast SEO plugin. -->","yoast_head_json":{"title":"Prowadnica teleskopowa z cz\u0119\u015bciowym wysuwem OWST-40 | do 360 kg | Prowadnice teleskopowe Schock - SCHOCK Telescopic slides","robots":{"index":"noindex","follow":"follow","max-snippet":"max-snippet:-1","max-image-preview":"max-image-preview:large","max-video-preview":"max-video-preview:-1"},"og_locale":"pl_PL","og_type":"article","og_title":"Prowadnica teleskopowa z cz\u0119\u015bciowym wysuwem OWST-40 | do 360 kg | Prowadnice teleskopowe Schock - SCHOCK Telescopic slides","og_description":"Przekr\u00f3j poprzeczny: 16 x 40 mm | D\u0142ugo\u015b\u0107: od 200 do 1600 mm | mo\u017cliwo\u015b\u0107 przed\u0142u\u017cenia z obu stron","og_url":"https:\/\/pl.crmschock.com\/pl\/product\/prowadnica-teleskopowa-z-czesciowym-wysuwem-owst-40-do-360-kg-prowadnice-teleskopowe-schock\/","og_site_name":"SCHOCK Telescopic slides","og_image":[{"width":1920,"height":1200,"url":"https:\/\/pl.crmschock.com\/wp-content\/uploads\/2025\/04\/owst40_0.jpg","type":"image\/jpeg"}],"twitter_card":"summary_large_image","twitter_misc":{"Szacowany czas czytania":"4 minuty"},"schema":{"@context":"https:\/\/schema.org","@graph":[{"@type":"WebPage","@id":"https:\/\/pl.crmschock.com\/pl\/product\/prowadnica-teleskopowa-z-czesciowym-wysuwem-owst-40-do-360-kg-prowadnice-teleskopowe-schock\/","url":"https:\/\/pl.crmschock.com\/pl\/product\/prowadnica-teleskopowa-z-czesciowym-wysuwem-owst-40-do-360-kg-prowadnice-teleskopowe-schock\/","name":"Prowadnica teleskopowa z cz\u0119\u015bciowym wysuwem OWST-40 | do 360 kg | Prowadnice teleskopowe Schock - SCHOCK Telescopic slides","isPartOf":{"@id":"https:\/\/pl.crmschock.com\/#website"},"primaryImageOfPage":{"@id":"https:\/\/pl.crmschock.com\/pl\/product\/prowadnica-teleskopowa-z-czesciowym-wysuwem-owst-40-do-360-kg-prowadnice-teleskopowe-schock\/#primaryimage"},"image":{"@id":"https:\/\/pl.crmschock.com\/pl\/product\/prowadnica-teleskopowa-z-czesciowym-wysuwem-owst-40-do-360-kg-prowadnice-teleskopowe-schock\/#primaryimage"},"thumbnailUrl":"https:\/\/pl.crmschock.com\/wp-content\/uploads\/2025\/04\/owst40_0.jpg","datePublished":"2025-05-28T06:53:41+00:00","breadcrumb":{"@id":"https:\/\/pl.crmschock.com\/pl\/product\/prowadnica-teleskopowa-z-czesciowym-wysuwem-owst-40-do-360-kg-prowadnice-teleskopowe-schock\/#breadcrumb"},"inLanguage":"pl-PL","potentialAction":[{"@type":"ReadAction","target":["https:\/\/pl.crmschock.com\/pl\/product\/prowadnica-teleskopowa-z-czesciowym-wysuwem-owst-40-do-360-kg-prowadnice-teleskopowe-schock\/"]}]},{"@type":"ImageObject","inLanguage":"pl-PL","@id":"https:\/\/pl.crmschock.com\/pl\/product\/prowadnica-teleskopowa-z-czesciowym-wysuwem-owst-40-do-360-kg-prowadnice-teleskopowe-schock\/#primaryimage","url":"https:\/\/pl.crmschock.com\/wp-content\/uploads\/2025\/04\/owst40_0.jpg","contentUrl":"https:\/\/pl.crmschock.com\/wp-content\/uploads\/2025\/04\/owst40_0.jpg","width":1920,"height":1200},{"@type":"BreadcrumbList","@id":"https:\/\/pl.crmschock.com\/pl\/product\/prowadnica-teleskopowa-z-czesciowym-wysuwem-owst-40-do-360-kg-prowadnice-teleskopowe-schock\/#breadcrumb","itemListElement":[{"@type":"ListItem","position":1,"name":"Startseite","item":"https:\/\/pl.crmschock.com\/pl\/"},{"@type":"ListItem","position":2,"name":"All telescopic slides-shop-page","item":"https:\/\/pl.crmschock.com\/?page_id=26839"},{"@type":"ListItem","position":3,"name":"Prowadnica teleskopowa z cz\u0119\u015bciowym wysuwem OWST-40 | do 360 kg | Prowadnice teleskopowe Schock"}]},{"@type":"WebSite","@id":"https:\/\/pl.crmschock.com\/#website","url":"https:\/\/pl.crmschock.com\/","name":"SCHOCK Telescopic slides","description":"Telescopic slides and linear guides from the manufacturer","publisher":{"@id":"https:\/\/pl.crmschock.com\/#organization"},"potentialAction":[{"@type":"SearchAction","target":{"@type":"EntryPoint","urlTemplate":"https:\/\/pl.crmschock.com\/?s={search_term_string}"},"query-input":{"@type":"PropertyValueSpecification","valueRequired":true,"valueName":"search_term_string"}}],"inLanguage":"pl-PL"},{"@type":"Organization","@id":"https:\/\/pl.crmschock.com\/#organization","name":"SCHOCK Telescopic slides","url":"https:\/\/pl.crmschock.com\/","logo":{"@type":"ImageObject","inLanguage":"pl-PL","@id":"https:\/\/pl.crmschock.com\/#\/schema\/logo\/image\/","url":"https:\/\/pl.crmschock.com\/wp-content\/uploads\/2025\/09\/schock-telescopicslide-600-w.png","contentUrl":"https:\/\/pl.crmschock.com\/wp-content\/uploads\/2025\/09\/schock-telescopicslide-600-w.png","width":600,"height":206,"caption":"SCHOCK Telescopic slides"},"image":{"@id":"https:\/\/pl.crmschock.com\/#\/schema\/logo\/image\/"}}]}},"_links":{"self":[{"href":"https:\/\/pl.crmschock.com\/pl\/wp-json\/wp\/v2\/product\/30839","targetHints":{"allow":["GET"]}}],"collection":[{"href":"https:\/\/pl.crmschock.com\/pl\/wp-json\/wp\/v2\/product"}],"about":[{"href":"https:\/\/pl.crmschock.com\/pl\/wp-json\/wp\/v2\/types\/product"}],"replies":[{"embeddable":true,"href":"https:\/\/pl.crmschock.com\/pl\/wp-json\/wp\/v2\/comments?post=30839"}],"wp:featuredmedia":[{"embeddable":true,"href":"https:\/\/pl.crmschock.com\/pl\/wp-json\/wp\/v2\/media\/11019"}],"wp:attachment":[{"href":"https:\/\/pl.crmschock.com\/pl\/wp-json\/wp\/v2\/media?parent=30839"}],"wp:term":[{"taxonomy":"product_brand","embeddable":true,"href":"https:\/\/pl.crmschock.com\/pl\/wp-json\/wp\/v2\/product_brand?post=30839"},{"taxonomy":"product_cat","embeddable":true,"href":"https:\/\/pl.crmschock.com\/pl\/wp-json\/wp\/v2\/product_cat?post=30839"},{"taxonomy":"product_tag","embeddable":true,"href":"https:\/\/pl.crmschock.com\/pl\/wp-json\/wp\/v2\/product_tag?post=30839"}],"curies":[{"name":"wp","href":"https:\/\/api.w.org\/{rel}","templated":true}]}}